{"id":1983,"date":"2021-12-27T13:33:05","date_gmt":"2021-12-27T13:33:05","guid":{"rendered":"http:\/\/saborealapalma.es\/?page_id=1983"},"modified":"2022-05-09T13:15:27","modified_gmt":"2022-05-09T12:15:27","slug":"salinas-de-la-palma","status":"publish","type":"page","link":"https:\/\/saborealapalma.es\/de\/salinas-de-la-palma\/","title":{"rendered":"Salinas de La Palma"},"content":{"rendered":"<div      class=\"vc_row wpb_row section vc_row-fluid  grid_section\" style='background-image:url(https:\/\/saborealapalma.es\/wp-content\/uploads\/2020\/10\/contactosaborea.jpg); text-align:left;'><div class=\"section_inner clearfix\"><div class='section_inner_margin clearfix'><div class=\"wpb_column vc_column_container vc_col-sm-12\"><div class=\"vc_column-inner\"><div class=\"wpb_wrapper\"><div      class=\"vc_row wpb_row section vc_row-fluid vc_inner\" style=' text-align:left;'><div class=\"full_section_inner clearfix\"><div class=\"wpb_column vc_column_container vc_col-sm-12\"><div class=\"vc_column-inner\"><div class=\"wpb_wrapper\">\t<div class=\"vc_empty_space\"  style=\"height: 50px\" ><span\r\n\t\t\tclass=\"vc_empty_space_inner\">\r\n\t\t\t<span class=\"empty_space_image\"  ><\/span>\r\n\t\t<\/span><\/div>\r\n\n\r\n\t<div class=\"wpb_raw_code wpb_content_element wpb_raw_html\" >\r\n\t\t<div class=\"wpb_wrapper\">\r\n\t\t\t<h1 align=\"center\">SALINEN VON LA PALMA<\/h1>\r\n\t\t<\/div>\r\n\t<\/div>\r\n\t<div class=\"vc_empty_space\"  style=\"height: 50px\" ><span\r\n\t\t\tclass=\"vc_empty_space_inner\">\r\n\t\t\t<span class=\"empty_space_image\"  ><\/span>\r\n\t\t<\/span><\/div>\r\n\n<\/div><\/div><\/div><\/div><\/div><div      class=\"vc_row wpb_row section vc_row-fluid vc_inner  grid_section\" style=' text-align:left;'><div class=\"section_inner clearfix\"><div class='section_inner_margin clearfix'><div class=\"wpb_column vc_column_container vc_col-sm-12\"><div class=\"vc_column-inner\"><div class=\"wpb_wrapper\">\r\n\t<div class=\"wpb_single_image wpb_content_element vc_align_center\">\r\n\t\t<div class=\"wpb_wrapper\">\r\n\t\t\t\r\n\t\t\t<div class=\"vc_single_image-wrapper   vc_box_border_grey\"><img fetchpriority=\"high\" decoding=\"async\" class=\"vc_single_image-img\" src=\"https:\/\/saborealapalma.es\/wp-content\/uploads\/2022\/01\/cocinero_sal-800x513.png\" width=\"800\" height=\"513\" alt=\"cocinero_sal\" title=\"Salz_kochen\" \/><\/div>\r\n\t\t<\/div>\r\n\t<\/div>\r\n\t<div class=\"vc_empty_space\"  style=\"height: 50px\" ><span\r\n\t\t\tclass=\"vc_empty_space_inner\">\r\n\t\t\t<span class=\"empty_space_image\"  ><\/span>\r\n\t\t<\/span><\/div>\r\n\n\r\n\t<div class=\"wpb_video_widget wpb_content_element vc_clearfix   vc_video-aspect-ratio-169 vc_video-el-width-100 vc_video-align-center\" >\r\n\t\t<div class=\"wpb_wrapper\">\r\n\t\t\t\r\n\t\t\t<div class=\"wpb_video_wrapper\"><iframe title=\"Geschmack Salinas\" width=\"1060\" height=\"596\" src=\"https:\/\/www.youtube.com\/embed\/Im9iM7QBRbU?feature=oembed\" frameborder=\"0\" allow=\"accelerometer; autoplay; clipboard-write; encrypted-media; gyroscope; picture-in-picture\" allowfullscreen><\/iframe><\/div>\r\n\t\t<\/div>\r\n\t<\/div>\r\n\t<div class=\"vc_empty_space\"  style=\"height: 30px\" ><span\r\n\t\t\tclass=\"vc_empty_space_inner\">\r\n\t\t\t<span class=\"empty_space_image\"  ><\/span>\r\n\t\t<\/span><\/div>\r\n\n\n\t<div class=\"wpb_text_column wpb_content_element\">\n\t\t<div class=\"wpb_wrapper\">\n\t\t\t<p>Eine Saline ist ein Ort, an dem Salzwasser verdunstet und nur das Salz zur\u00fcckbleibt, das getrocknet und dann f\u00fcr die Vermarktung gesammelt wird. Es gibt zwei Arten von Salinen: K\u00fcstensalinen, die an der K\u00fcste liegen und Meerwasser verwenden, und Salinen im Landesinneren, wo Salzwasserquellen genutzt werden. Auf der Insel La Palma haben wir K\u00fcstensalinen.<\/p>\n\n\t\t<\/div> \n\t<\/div> \t<div class=\"vc_empty_space\"  style=\"height: 20px\" ><span\r\n\t\t\tclass=\"vc_empty_space_inner\">\r\n\t\t\t<span class=\"empty_space_image\"  ><\/span>\r\n\t\t<\/span><\/div>\r\n\n\r\n\t<div class=\"wpb_single_image wpb_content_element vc_align_center\">\r\n\t\t<div class=\"wpb_wrapper\">\r\n\t\t\t\r\n\t\t\t<div class=\"vc_single_image-wrapper   vc_box_border_grey\"><img decoding=\"async\" class=\"vc_single_image-img\" src=\"https:\/\/saborealapalma.es\/wp-content\/uploads\/2021\/12\/salinas3-1-800x480.jpg\" width=\"800\" height=\"480\" alt=\"salinas3\" title=\"Salzpfannen3\" \/><\/div>\r\n\t\t<\/div>\r\n\t<\/div>\r\n\t<div class=\"vc_empty_space\"  style=\"height: 20px\" ><span\r\n\t\t\tclass=\"vc_empty_space_inner\">\r\n\t\t\t<span class=\"empty_space_image\"  ><\/span>\r\n\t\t<\/span><\/div>\r\n\n\n\t<div class=\"wpb_text_column wpb_content_element\">\n\t\t<div class=\"wpb_wrapper\">\n\t\t\t<p>Im S\u00fcden der Insel befinden sich Las Salinas de Fuencaliente, die als Rastplatz f\u00fcr viele Zugv\u00f6gel zu einem Ort von wissenschaftlichem Interesse erkl\u00e4rt wurden. Es ist einer der meistbesuchten Orte auf der Insel. Hier verbinden sich Erde, Wasser und Luft und machen die Salinen von Fuencaliente zu einer \u00e4u\u00dferst wertvollen menschlichen Landschaft, in der die Kontraste zwischen dem Wei\u00df des Salzes, dem Schwarz der vulkanischen Erde und dem Blau des Meeres ein Bild von gro\u00dfer Sch\u00f6nheit ergeben.<\/p>\n\n\t\t<\/div> \n\t<\/div> \t<div class=\"vc_empty_space\"  style=\"height: 20px\" ><span\r\n\t\t\tclass=\"vc_empty_space_inner\">\r\n\t\t\t<span class=\"empty_space_image\"  ><\/span>\r\n\t\t<\/span><\/div>\r\n\n\r\n\t<div class=\"wpb_single_image wpb_content_element vc_align_center\">\r\n\t\t<div class=\"wpb_wrapper\">\r\n\t\t\t\r\n\t\t\t<div class=\"vc_single_image-wrapper   vc_box_border_grey\"><img decoding=\"async\" class=\"vc_single_image-img\" src=\"https:\/\/saborealapalma.es\/wp-content\/uploads\/2021\/12\/LaPalma_FaroFuencaliente_AbianSanGil-800x533.jpg\" width=\"800\" height=\"533\" alt=\"LaPalma_FaroFuencaliente_Abi\u00e1nSanGil\" title=\"LaPalma_LeuchtturmFuencaliente_Abi\u00e1nSanGil\" \/><\/div>\r\n\t\t<\/div>\r\n\t<\/div>\r\n\t<div class=\"vc_empty_space\"  style=\"height: 20px\" ><span\r\n\t\t\tclass=\"vc_empty_space_inner\">\r\n\t\t\t<span class=\"empty_space_image\"  ><\/span>\r\n\t\t<\/span><\/div>\r\n\n\n\t<div class=\"wpb_text_column wpb_content_element\">\n\t\t<div class=\"wpb_wrapper\">\n\t\t\t<p>Sie wurde 1967 gegr\u00fcndet und ist derzeit das einzige Salzbergwerk in der Provinz Santa Cruz de Tenerife, das noch produziert. Dieser Salzkomplex ist ein Bezugspunkt f\u00fcr nat\u00fcrliche, landschaftliche und wissenschaftliche Besuche auf der Insel.<\/p>\n\n\t\t<\/div> \n\t<\/div> \t<div class=\"vc_empty_space\"  style=\"height: 20px\" ><span\r\n\t\t\tclass=\"vc_empty_space_inner\">\r\n\t\t\t<span class=\"empty_space_image\"  ><\/span>\r\n\t\t<\/span><\/div>\r\n\n\r\n\t<div class=\"wpb_single_image wpb_content_element vc_align_center\">\r\n\t\t<div class=\"wpb_wrapper\">\r\n\t\t\t\r\n\t\t\t<div class=\"vc_single_image-wrapper   vc_box_border_grey\"><img loading=\"lazy\" decoding=\"async\" class=\"vc_single_image-img\" src=\"https:\/\/saborealapalma.es\/wp-content\/uploads\/2021\/12\/La-Palma_Salinas-Fuencaliente_Saul-Santos-800x533.jpg\" width=\"800\" height=\"533\" alt=\"Salinas de Fuencaliente, Isla de La Palma. Canarias\" title=\"INSEL LA PALMA\" \/><\/div>\r\n\t\t<\/div>\r\n\t<\/div>\r\n\t<div class=\"vc_empty_space\"  style=\"height: 20px\" ><span\r\n\t\t\tclass=\"vc_empty_space_inner\">\r\n\t\t\t<span class=\"empty_space_image\"  ><\/span>\r\n\t\t<\/span><\/div>\r\n\n\n\t<div class=\"wpb_text_column wpb_content_element\">\n\t\t<div class=\"wpb_wrapper\">\n\t\t\t<p>Ein schwarzer Mantel und der Fluss der Lavastr\u00f6me erinnern an die vergangenen Ausbr\u00fcche der Insel. Wenn die Verzerrung der Fabrik minimal ist, ist der Kontrast extrem, das blendende Wei\u00df des Salzes in den Salzpfannen, die rosafarbenen Becken und Gruben, die Palette der Gr\u00fcnt\u00f6ne in Form von kleinen Pinselstrichen, all das ist in Form einer gro\u00dfen Leinwand mit schwarzem Hintergrund eingefangen, die Frucht der launischen Natur. An diesem Ort kommen alle Elemente zusammen, die f\u00fcr die Salzproduktion notwendig sind: ein m\u00e4\u00dfiger Wind, geringe Niederschl\u00e4ge und eine ausreichende Anzahl von Sonnenstunden.<\/p>\n\n\t\t<\/div> \n\t<\/div> \t<div class=\"vc_empty_space\"  style=\"height: 20px\" ><span\r\n\t\t\tclass=\"vc_empty_space_inner\">\r\n\t\t\t<span class=\"empty_space_image\"  ><\/span>\r\n\t\t<\/span><\/div>\r\n\n<a  itemprop=\"url\" href=\"http:\/\/saborealapalma.es\/de\/localizacion-de-salinas-de-la-palma\/\" target=\"_self\" data-hover-background-color='#dd2d34' data-hover-border-color='#ffffff' data-hover-color='#ffffff' class=\"qbutton  large center default boton_centro2\" style=\"color: #ffffff; border-color: #ffffff; margin: auto 0px auto 0px; border-radius: 4px;-moz-border-radius: 4px;-webkit-border-radius: 4px; background-color: #009cde;\">Standort von Salinas de La Palma<i class=\"qode_icon_font_awesome fa fa-map-marker qode_button_icon_element\" style=\"\" ><\/i><\/a>\t<div class=\"vc_empty_space\"  style=\"height: 40px\" ><span\r\n\t\t\tclass=\"vc_empty_space_inner\">\r\n\t\t\t<span class=\"empty_space_image\"  ><\/span>\r\n\t\t<\/span><\/div>\r\n\n<div class=\"separator  normal\" style=\"\"><\/div>\n\t<div class=\"vc_empty_space\"  style=\"height: 40px\" ><span\r\n\t\t\tclass=\"vc_empty_space_inner\">\r\n\t\t\t<span class=\"empty_space_image\"  ><\/span>\r\n\t\t<\/span><\/div>\r\n\n\n\t<div class=\"wpb_text_column wpb_content_element\">\n\t\t<div class=\"wpb_wrapper\">\n\t\t\t<h3 style=\"text-align: center;\">BROSCH\u00dcRE SALINEN<\/h3>\n\n\t\t<\/div> \n\t<\/div> \t<div class=\"vc_empty_space\"  style=\"height: 10px\" ><span\r\n\t\t\tclass=\"vc_empty_space_inner\">\r\n\t\t\t<span class=\"empty_space_image\"  ><\/span>\r\n\t\t<\/span><\/div>\r\n\n\r\n\t<div class=\"wpb_single_image wpb_content_element vc_align_center\">\r\n\t\t<div class=\"wpb_wrapper\">\r\n\t\t\t\r\n\t\t\t<div class=\"vc_single_image-wrapper   vc_box_border_grey\"><img loading=\"lazy\" decoding=\"async\" class=\"vc_single_image-img\" src=\"https:\/\/saborealapalma.es\/wp-content\/uploads\/2022\/03\/folleto_sal-300x372.jpg\" width=\"300\" height=\"372\" alt=\"folleto_sal\" title=\"salz_brosch\u00fcre\" \/><\/div>\r\n\t\t<\/div>\r\n\t<\/div>\r\n\t<div class=\"vc_empty_space\"  style=\"height: 40px\" ><span\r\n\t\t\tclass=\"vc_empty_space_inner\">\r\n\t\t\t<span class=\"empty_space_image\"  ><\/span>\r\n\t\t<\/span><\/div>\r\n\n<a  itemprop=\"url\" href=\"http:\/\/saborealapalma.es\/de\/folleto-de-salinas\/\" target=\"_self\" data-hover-background-color='#dd2d34' data-hover-border-color='#ffffff' data-hover-color='#ffffff' class=\"qbutton  large center default boton_centro2\" style=\"color: #ffffff; border-color: #ffffff; margin: auto 0px auto 0px; border-radius: 4px;-moz-border-radius: 4px;-webkit-border-radius: 4px; background-color: #009cde;\">siehe Salinas Brosch\u00fcre<i class=\"qode_icon_font_awesome fa fa-external-link qode_button_icon_element\" style=\"color: #ffffff;\" ><\/i><\/a>\t<div class=\"vc_empty_space\"  style=\"height: 100px\" ><span\r\n\t\t\tclass=\"vc_empty_space_inner\">\r\n\t\t\t<span class=\"empty_space_image\"  ><\/span>\r\n\t\t<\/span><\/div>\r\n\n<\/div><\/div><\/div><\/div><\/div><\/div><\/div><\/div><\/div><\/div><\/div><\/div><div      class=\"vc_row wpb_row section vc_row-fluid\" style=' text-align:left;'><div class=\"full_section_inner clearfix\"><div class=\"wpb_column vc_column_container vc_col-sm-12\"><div class=\"vc_column-inner\"><div class=\"wpb_wrapper\"><\/div><\/div><\/div><\/div><\/div>","protected":false},"excerpt":{"rendered":"SALINAS DE LA PALMA Eine Saline ist ein Ort, an dem Salzwasser verdunstet und nur das Salz zur\u00fcckbleibt, das getrocknet und dann zum Verkauf gesammelt wird. Es gibt zwei Arten von Salinen: K\u00fcsten-Salinen, die an der K\u00fcste liegen und Meerwasser nutzen, und Salinen im Landesinneren, wo das Salzwasser verdampft....","protected":false},"author":4,"featured_media":0,"parent":0,"menu_order":0,"comment_status":"closed","ping_status":"closed","template":"full_width.php","meta":{"footnotes":""},"class_list":["post-1983","page","type-page","status-publish","hentry"],"yoast_head":"<!-- This site is optimized with the Yoast SEO plugin v27.0 - https:\/\/yoast.com\/product\/yoast-seo-wordpress\/ -->\n<title>Salinas de La Palma - Saborea La Palma<\/title>\n<meta name=\"robots\" content=\"index, follow, max-snippet:-1, max-image-preview:large, max-video-preview:-1\" \/>\n<link rel=\"canonical\" href=\"https:\/\/saborealapalma.es\/de\/salinas-de-la-palma\/\" \/>\n<meta property=\"og:locale\" content=\"de_DE\" \/>\n<meta property=\"og:type\" content=\"article\" \/>\n<meta property=\"og:title\" content=\"Salinas de La Palma - Saborea La Palma\" \/>\n<meta property=\"og:url\" content=\"https:\/\/saborealapalma.es\/de\/salinas-de-la-palma\/\" \/>\n<meta property=\"og:site_name\" content=\"Saborea La Palma\" \/>\n<meta property=\"article:modified_time\" content=\"2022-05-09T12:15:27+00:00\" \/>\n<meta name=\"twitter:card\" content=\"summary_large_image\" \/>\n<meta name=\"twitter:label1\" content=\"Gesch\u00e4tzte Lesezeit\" \/>\n\t<meta name=\"twitter:data1\" content=\"2\u00a0Minuten\" \/>\n<script type=\"application\/ld+json\" class=\"yoast-schema-graph\">{\"@context\":\"https:\/\/schema.org\",\"@graph\":[{\"@type\":\"WebPage\",\"@id\":\"https:\/\/saborealapalma.es\/salinas-de-la-palma\/\",\"url\":\"https:\/\/saborealapalma.es\/salinas-de-la-palma\/\",\"name\":\"Salinas de La Palma - Saborea La Palma\",\"isPartOf\":{\"@id\":\"https:\/\/saborealapalma.es\/#website\"},\"datePublished\":\"2021-12-27T13:33:05+00:00\",\"dateModified\":\"2022-05-09T12:15:27+00:00\",\"breadcrumb\":{\"@id\":\"https:\/\/saborealapalma.es\/salinas-de-la-palma\/#breadcrumb\"},\"inLanguage\":\"de\",\"potentialAction\":[{\"@type\":\"ReadAction\",\"target\":[\"https:\/\/saborealapalma.es\/salinas-de-la-palma\/\"]}]},{\"@type\":\"BreadcrumbList\",\"@id\":\"https:\/\/saborealapalma.es\/salinas-de-la-palma\/#breadcrumb\",\"itemListElement\":[{\"@type\":\"ListItem\",\"position\":1,\"name\":\"Portada\",\"item\":\"https:\/\/saborealapalma.es\/\"},{\"@type\":\"ListItem\",\"position\":2,\"name\":\"Salinas de La Palma\"}]},{\"@type\":\"WebSite\",\"@id\":\"https:\/\/saborealapalma.es\/#website\",\"url\":\"https:\/\/saborealapalma.es\/\",\"name\":\"Saborea La Palma\",\"description\":\"Saborea La Palma es el proyecto que lidera la Sociedad de Promoci\u00f3n Econ\u00f3mica de La Palma (SODEPAL S.A.U.M.P), empresa p\u00fablica dependiente de Cabildo Insular de La Palma, para la revalorizaci\u00f3n y el posicionamiento de la gastronom\u00eda palmera en los mercados regionales, nacionales e internacionales.\",\"potentialAction\":[{\"@type\":\"SearchAction\",\"target\":{\"@type\":\"EntryPoint\",\"urlTemplate\":\"https:\/\/saborealapalma.es\/?s={search_term_string}\"},\"query-input\":{\"@type\":\"PropertyValueSpecification\",\"valueRequired\":true,\"valueName\":\"search_term_string\"}}],\"inLanguage\":\"de\"}]}<\/script>\n<!-- \/ Yoast SEO plugin. -->","yoast_head_json":{"title":"Salinas de La Palma - Saborea La Palma","robots":{"index":"index","follow":"follow","max-snippet":"max-snippet:-1","max-image-preview":"max-image-preview:large","max-video-preview":"max-video-preview:-1"},"canonical":"https:\/\/saborealapalma.es\/de\/salinas-de-la-palma\/","og_locale":"de_DE","og_type":"article","og_title":"Salinas de La Palma - Saborea La Palma","og_url":"https:\/\/saborealapalma.es\/de\/salinas-de-la-palma\/","og_site_name":"Saborea La Palma","article_modified_time":"2022-05-09T12:15:27+00:00","twitter_card":"summary_large_image","twitter_misc":{"Gesch\u00e4tzte Lesezeit":"2\u00a0Minuten"},"schema":{"@context":"https:\/\/schema.org","@graph":[{"@type":"WebPage","@id":"https:\/\/saborealapalma.es\/salinas-de-la-palma\/","url":"https:\/\/saborealapalma.es\/salinas-de-la-palma\/","name":"Salinas de La Palma - Saborea La Palma","isPartOf":{"@id":"https:\/\/saborealapalma.es\/#website"},"datePublished":"2021-12-27T13:33:05+00:00","dateModified":"2022-05-09T12:15:27+00:00","breadcrumb":{"@id":"https:\/\/saborealapalma.es\/salinas-de-la-palma\/#breadcrumb"},"inLanguage":"de","potentialAction":[{"@type":"ReadAction","target":["https:\/\/saborealapalma.es\/salinas-de-la-palma\/"]}]},{"@type":"BreadcrumbList","@id":"https:\/\/saborealapalma.es\/salinas-de-la-palma\/#breadcrumb","itemListElement":[{"@type":"ListItem","position":1,"name":"Portada","item":"https:\/\/saborealapalma.es\/"},{"@type":"ListItem","position":2,"name":"Salinas de La Palma"}]},{"@type":"WebSite","@id":"https:\/\/saborealapalma.es\/#website","url":"https:\/\/saborealapalma.es\/","name":"Schmecken Sie La Palma","description":"Saborea La Palma ist das von der Sociedad de Promoci\u00f3n Econ\u00f3mica de La Palma (SODEPAL S.A.U.M.P), einem vom Cabildo Insular de La Palma abh\u00e4ngigen \u00f6ffentlichen Unternehmen, geleitete Projekt zur Aufwertung und Positionierung der Gastronomie La Palmas auf regionalen, nationalen und internationalen M\u00e4rkten.","potentialAction":[{"@type":"SearchAction","target":{"@type":"EntryPoint","urlTemplate":"https:\/\/saborealapalma.es\/?s={search_term_string}"},"query-input":{"@type":"PropertyValueSpecification","valueRequired":true,"valueName":"search_term_string"}}],"inLanguage":"de"}]}},"_links":{"self":[{"href":"https:\/\/saborealapalma.es\/de\/wp-json\/wp\/v2\/pages\/1983","targetHints":{"allow":["GET"]}}],"collection":[{"href":"https:\/\/saborealapalma.es\/de\/wp-json\/wp\/v2\/pages"}],"about":[{"href":"https:\/\/saborealapalma.es\/de\/wp-json\/wp\/v2\/types\/page"}],"author":[{"embeddable":true,"href":"https:\/\/saborealapalma.es\/de\/wp-json\/wp\/v2\/users\/4"}],"replies":[{"embeddable":true,"href":"https:\/\/saborealapalma.es\/de\/wp-json\/wp\/v2\/comments?post=1983"}],"version-history":[{"count":0,"href":"https:\/\/saborealapalma.es\/de\/wp-json\/wp\/v2\/pages\/1983\/revisions"}],"wp:attachment":[{"href":"https:\/\/saborealapalma.es\/de\/wp-json\/wp\/v2\/media?parent=1983"}],"curies":[{"name":"wp","href":"https:\/\/api.w.org\/{rel}","templated":true}]}}