{"id":2005,"date":"2021-12-28T08:57:37","date_gmt":"2021-12-28T08:57:37","guid":{"rendered":"http:\/\/saborealapalma.es\/?page_id=2005"},"modified":"2022-05-16T14:19:34","modified_gmt":"2022-05-16T13:19:34","slug":"ron-de-la-palma","status":"publish","type":"page","link":"https:\/\/saborealapalma.es\/de\/ron-de-la-palma\/","title":{"rendered":"Rum aus La Palma"},"content":{"rendered":"<div      class=\"vc_row wpb_row section vc_row-fluid  grid_section\" style='background-image:url(https:\/\/saborealapalma.es\/wp-content\/uploads\/2020\/10\/contactosaborea.jpg); text-align:left;'><div class=\"section_inner clearfix\"><div class='section_inner_margin clearfix'><div class=\"wpb_column vc_column_container vc_col-sm-12\"><div class=\"vc_column-inner\"><div class=\"wpb_wrapper\"><div      class=\"vc_row wpb_row section vc_row-fluid vc_inner\" style=' text-align:left;'><div class=\"full_section_inner clearfix\"><div class=\"wpb_column vc_column_container vc_col-sm-12\"><div class=\"vc_column-inner\"><div class=\"wpb_wrapper\">\t<div class=\"vc_empty_space\"  style=\"height: 50px\" ><span\r\n\t\t\tclass=\"vc_empty_space_inner\">\r\n\t\t\t<span class=\"empty_space_image\"  ><\/span>\r\n\t\t<\/span><\/div>\r\n\n\r\n\t<div class=\"wpb_raw_code wpb_content_element wpb_raw_html\" >\r\n\t\t<div class=\"wpb_wrapper\">\r\n\t\t\t<h1 align=\"center\">RUM DE LA PALMA<\/h1>\r\n\t\t<\/div>\r\n\t<\/div>\r\n\t<div class=\"vc_empty_space\"  style=\"height: 30px\" ><span\r\n\t\t\tclass=\"vc_empty_space_inner\">\r\n\t\t\t<span class=\"empty_space_image\"  ><\/span>\r\n\t\t<\/span><\/div>\r\n\n<\/div><\/div><\/div><\/div><\/div><div      class=\"vc_row wpb_row section vc_row-fluid vc_inner  grid_section\" style=' text-align:left;'><div class=\"section_inner clearfix\"><div class='section_inner_margin clearfix'><div class=\"wpb_column vc_column_container vc_col-sm-12\"><div class=\"vc_column-inner\"><div class=\"wpb_wrapper\">\r\n\t<div class=\"wpb_single_image wpb_content_element vc_align_center\">\r\n\t\t<div class=\"wpb_wrapper\">\r\n\t\t\t\r\n\t\t\t<div class=\"vc_single_image-wrapper   vc_box_border_grey\"><img fetchpriority=\"high\" decoding=\"async\" class=\"vc_single_image-img\" src=\"https:\/\/saborealapalma.es\/wp-content\/uploads\/2022\/01\/cocinero_ron-800x513.png\" width=\"800\" height=\"513\" alt=\"cocinero_ron\" title=\"cook_ron\" \/><\/div>\r\n\t\t<\/div>\r\n\t<\/div>\r\n\t<div class=\"vc_empty_space\"  style=\"height: 50px\" ><span\r\n\t\t\tclass=\"vc_empty_space_inner\">\r\n\t\t\t<span class=\"empty_space_image\"  ><\/span>\r\n\t\t<\/span><\/div>\r\n\n\r\n\t<div class=\"wpb_video_widget wpb_content_element vc_clearfix   vc_video-aspect-ratio-169 vc_video-el-width-100 vc_video-align-center\" >\r\n\t\t<div class=\"wpb_wrapper\">\r\n\t\t\t\r\n\t\t\t<div class=\"wpb_video_wrapper\"><iframe title=\"Geschmack Rum\" width=\"1060\" height=\"596\" src=\"https:\/\/www.youtube.com\/embed\/5HUJSl_44DA?feature=oembed\" frameborder=\"0\" allow=\"accelerometer; autoplay; clipboard-write; encrypted-media; gyroscope; picture-in-picture\" allowfullscreen><\/iframe><\/div>\r\n\t\t<\/div>\r\n\t<\/div>\r\n\t<div class=\"vc_empty_space\"  style=\"height: 30px\" ><span\r\n\t\t\tclass=\"vc_empty_space_inner\">\r\n\t\t\t<span class=\"empty_space_image\"  ><\/span>\r\n\t\t<\/span><\/div>\r\n\n\n\t<div class=\"wpb_text_column wpb_content_element\">\n\t\t<div class=\"wpb_wrapper\">\n\t\t\t<p>Rum ist ein alkoholisches Getr\u00e4nk, das durch die Destillation von Zuckerrohrsaft oder dessen Derivaten, Honig (konzentrierter Saft) und Melasse (ein Nebenprodukt der Zuckerverarbeitung) gewonnen wird. Dieses Destillat wird f\u00fcr verschiedene Zeitr\u00e4ume in F\u00e4ssern gereift. Jede Marke unterscheidet sich in den Noten und Qualit\u00e4ten der von ihr hergestellten Zuckerrohrbr\u00e4nde.<\/p>\n\n\t\t<\/div> \n\t<\/div> \t<div class=\"vc_empty_space\"  style=\"height: 20px\" ><span\r\n\t\t\tclass=\"vc_empty_space_inner\">\r\n\t\t\t<span class=\"empty_space_image\"  ><\/span>\r\n\t\t<\/span><\/div>\r\n\n\r\n\t<div class=\"wpb_single_image wpb_content_element vc_align_center\">\r\n\t\t<div class=\"wpb_wrapper\">\r\n\t\t\t\r\n\t\t\t<div class=\"vc_single_image-wrapper   vc_box_border_grey\"><img decoding=\"async\" class=\"vc_single_image-img\" src=\"https:\/\/saborealapalma.es\/wp-content\/uploads\/2021\/12\/Destileria-Ron-Aldea-2-800x477.jpg\" width=\"800\" height=\"477\" alt=\"Destiler\u00eda Ron Aldea 2\" title=\"Ron Aldea 2 Brennerei\" \/><\/div>\r\n\t\t<\/div>\r\n\t<\/div>\r\n\t<div class=\"vc_empty_space\"  style=\"height: 20px\" ><span\r\n\t\t\tclass=\"vc_empty_space_inner\">\r\n\t\t\t<span class=\"empty_space_image\"  ><\/span>\r\n\t\t<\/span><\/div>\r\n\n\n\t<div class=\"wpb_text_column wpb_content_element\">\n\t\t<div class=\"wpb_wrapper\">\n\t\t\t<p>Die Umweltbedingungen spielen bei der G\u00e4rung und Destillation eine geringe Rolle. Andererseits spielt das Klima eine entscheidende Rolle bei der Reifung und die Reife des Getr\u00e4nks ist in tropischen Klimazonen anders als in gem\u00e4\u00dfigten Klimazonen.<\/p>\n\n\t\t<\/div> \n\t<\/div> \t<div class=\"vc_empty_space\"  style=\"height: 20px\" ><span\r\n\t\t\tclass=\"vc_empty_space_inner\">\r\n\t\t\t<span class=\"empty_space_image\"  ><\/span>\r\n\t\t<\/span><\/div>\r\n\n<\/div><\/div><\/div><\/div><\/div><\/div><div      class=\"vc_row wpb_row section vc_row-fluid vc_inner  grid_section\" style=' text-align:center;'><div class=\"section_inner clearfix\"><div class='section_inner_margin clearfix'><div class=\"wpb_column vc_column_container vc_col-sm-6\"><div class=\"vc_column-inner\"><div class=\"wpb_wrapper\">\r\n\t<div class=\"wpb_single_image wpb_content_element vc_align_center\">\r\n\t\t<div class=\"wpb_wrapper\">\r\n\t\t\t\r\n\t\t\t<div class=\"vc_single_image-wrapper   vc_box_border_grey\"><img decoding=\"async\" class=\"vc_single_image-img\" src=\"https:\/\/saborealapalma.es\/wp-content\/uploads\/2021\/12\/ron2.jpg\" width=\"450\" height=\"450\" alt=\"ron2\" title=\"ron2\" \/><\/div>\r\n\t\t<\/div>\r\n\t<\/div>\r\n<\/div><\/div><\/div><div class=\"wpb_column vc_column_container vc_col-sm-6\"><div class=\"vc_column-inner\"><div class=\"wpb_wrapper\">\r\n\t<div class=\"wpb_single_image wpb_content_element vc_align_center\">\r\n\t\t<div class=\"wpb_wrapper\">\r\n\t\t\t\r\n\t\t\t<div class=\"vc_single_image-wrapper   vc_box_border_grey\"><img loading=\"lazy\" decoding=\"async\" class=\"vc_single_image-img\" src=\"https:\/\/saborealapalma.es\/wp-content\/uploads\/2021\/12\/photo2jpg.jpg\" width=\"450\" height=\"450\" alt=\"photo2jpg\" title=\"photo2jpg\" \/><\/div>\r\n\t\t<\/div>\r\n\t<\/div>\r\n<\/div><\/div><\/div><\/div><\/div><\/div>\t<div class=\"vc_empty_space\"  style=\"height: 20px\" ><span\r\n\t\t\tclass=\"vc_empty_space_inner\">\r\n\t\t\t<span class=\"empty_space_image\"  ><\/span>\r\n\t\t<\/span><\/div>\r\n\n<div      class=\"vc_row wpb_row section vc_row-fluid vc_inner  grid_section\" style=' text-align:left;'><div class=\"section_inner clearfix\"><div class='section_inner_margin clearfix'><div class=\"wpb_column vc_column_container vc_col-sm-12\"><div class=\"vc_column-inner\"><div class=\"wpb_wrapper\">\n\t<div class=\"wpb_text_column wpb_content_element\">\n\t\t<div class=\"wpb_wrapper\">\n\t\t\t<p>Ron Aldea wird seit 1969 auf der Insel La Palma hergestellt, obwohl seine Urspr\u00fcnge auf das Jahr 1936 in dem Dorf San Nicol\u00e1s auf Gran Canaria zur\u00fcckgehen. Der Familie Quevedo ist es gelungen, den Geist einer jahrhundertealten Tradition am Leben zu erhalten, die sie von ihren Rummachermeistern geerbt hat. Heute, vier Generationen sp\u00e4ter, ist diese Spirituose immer noch lebendig und ein Symbol f\u00fcr unbestreitbare Qualit\u00e4t. Die Herstellung dieses Rums durchl\u00e4uft die folgenden Prozesse:<br \/>\n- <strong>Zafra oder Zuckerrohrernte:<\/strong> Ab M\u00e4rz wird das auf La Palma angebaute Zuckerrohr von den \u00f6rtlichen Bauern von Hand geerntet.<br \/>\n- <strong>Schleifen<\/strong>Das Zuckerrohr wird f\u00fcr das Mahlen in der Reihenfolge seines Eintreffens sortiert, wodurch die Zeit zwischen dem Schneiden des Rohrs und der Gewinnung des Saftes oder \"Guarapo\" auf ein Minimum reduziert wird. Der beim Mahlen anfallende R\u00fcckstand, die \"Bagasse\", wird von den Erntearbeitern der Region aufgefangen und als nat\u00fcrlicher D\u00fcnger f\u00fcr die lokale Landwirtschaft verwendet, wodurch sich der Erntezyklus schlie\u00dft.<br \/>\n- <strong>G\u00e4rung<\/strong>Der Saft oder \"Guarapo\" wird direkt fermentiert, ohne dass vorher ein anderes Verfahren zur Extraktion des Zuckers und ohne chemische Zus\u00e4tze angewandt wird, wodurch alle nat\u00fcrlichen Eigenschaften erhalten bleiben. Der G\u00e4rungsprozess wird auf nat\u00fcrliche Weise durch die Aussaat von einheimischen Hefen unter Temperaturkontrolle gesteuert und kann etwa 30 Stunden dauern.<br \/>\n- <strong>Destillation<\/strong>Bei der Destillation wird die Spirituose direkt aus dem Guarapo gewonnen, wodurch der Rum den Geschmack, das Aroma und die G\u00fcte des frisch geschnittenen Zuckerrohrs beh\u00e4lt. Heute, fast ein Jahrhundert sp\u00e4ter, wird die direkte Destillation als wesentliche Methode zur Herstellung von Rum beibehalten, wobei die urspr\u00fcngliche Brennblase von Don Manuel Quevedo verwendet wird. Eine der ersten in Europa von Egrott (Frankreich) hergestellten Destillierkolonnen, die auch heute noch Jahr f\u00fcr Jahr f\u00fcr die Herstellung ihrer aromatischen Spirituosen verwendet wird.<br \/>\n- <strong>Reifung und Vermischung<\/strong>Der Reifungsprozess erfordert gro\u00dfes Geschick und Geduld. Die Spirituosen werden in Eichenholz unterschiedlicher Herkunft gereift, um komplexe Rums von h\u00f6chster Qualit\u00e4t zu erhalten.<br \/>\n- <strong>Fl\u00fcssigkeitszufuhr und Ruhe:<\/strong> Alle Rumsorten werden mit reinem Wasser aus den Quellen von Marcos y Cordero hydratisiert, einer der wichtigsten nat\u00fcrlichen Wasserquellen der Kanarischen Inseln. Nach der Hydratisierung ruht der Rum mindestens zwei Monate lang in Edelstahltanks, damit sich alle Bestandteile richtig integrieren und zusammensetzen k\u00f6nnen.<\/p>\n\n\t\t<\/div> \n\t<\/div> \t<div class=\"vc_empty_space\"  style=\"height: 20px\" ><span\r\n\t\t\tclass=\"vc_empty_space_inner\">\r\n\t\t\t<span class=\"empty_space_image\"  ><\/span>\r\n\t\t<\/span><\/div>\r\n\n<a  itemprop=\"url\" href=\"http:\/\/saborealapalma.es\/de\/localizacion-de-rones-de-la-palma\/\" target=\"_self\" data-hover-background-color='#dd2d34' data-hover-border-color='#ffffff' data-hover-color='#ffffff' class=\"qbutton  large center default boton_centro2\" style=\"color: #ffffff; border-color: #ffffff; margin: auto 0px auto 0px; border-radius: 4px;-moz-border-radius: 4px;-webkit-border-radius: 4px; background-color: #009cde;\">Standort von Rones de La Palma<i class=\"qode_icon_font_awesome fa fa-map-marker qode_button_icon_element\" style=\"\" ><\/i><\/a>\t<div class=\"vc_empty_space\"  style=\"height: 20px\" ><span\r\n\t\t\tclass=\"vc_empty_space_inner\">\r\n\t\t\t<span class=\"empty_space_image\"  ><\/span>\r\n\t\t<\/span><\/div>\r\n\n<\/div><\/div><\/div><\/div><\/div><\/div><div      class=\"vc_row wpb_row section vc_row-fluid vc_inner  grid_section\" style=' text-align:center;'><div class=\"section_inner clearfix\"><div class='section_inner_margin clearfix'><div class=\"wpb_column vc_column_container vc_col-sm-6\"><div class=\"vc_column-inner\"><div class=\"wpb_wrapper\">\r\n\t<div class=\"wpb_single_image wpb_content_element vc_align_center\">\r\n\t\t<div class=\"wpb_wrapper\">\r\n\t\t\t\r\n\t\t\t<div class=\"vc_single_image-wrapper   vc_box_border_grey\"><img loading=\"lazy\" decoding=\"async\" class=\"vc_single_image-img\" src=\"https:\/\/saborealapalma.es\/wp-content\/uploads\/2021\/12\/img-20180721-wa0007-largejpg.jpg\" width=\"550\" height=\"275\" alt=\"img-20180721-wa0007-largejpg\" title=\"img-20180721-wa0007-largejpg\" \/><\/div>\r\n\t\t<\/div>\r\n\t<\/div>\r\n<\/div><\/div><\/div><div class=\"wpb_column vc_column_container vc_col-sm-6\"><div class=\"vc_column-inner\"><div class=\"wpb_wrapper\">\r\n\t<div class=\"wpb_single_image wpb_content_element vc_align_center\">\r\n\t\t<div class=\"wpb_wrapper\">\r\n\t\t\t\r\n\t\t\t<div class=\"vc_single_image-wrapper   vc_box_border_grey\"><img loading=\"lazy\" decoding=\"async\" class=\"vc_single_image-img\" src=\"https:\/\/saborealapalma.es\/wp-content\/uploads\/2021\/12\/cana_azucar-1.jpg\" width=\"550\" height=\"275\" alt=\"cana_azucar\" title=\"cana_Zucker\" \/><\/div>\r\n\t\t<\/div>\r\n\t<\/div>\r\n<\/div><\/div><\/div><\/div><\/div><\/div>\t<div class=\"vc_empty_space\"  style=\"height: 40px\" ><span\r\n\t\t\tclass=\"vc_empty_space_inner\">\r\n\t\t\t<span class=\"empty_space_image\"  ><\/span>\r\n\t\t<\/span><\/div>\r\n\n<div class=\"separator  normal\" style=\"\"><\/div>\n\t<div class=\"vc_empty_space\"  style=\"height: 40px\" ><span\r\n\t\t\tclass=\"vc_empty_space_inner\">\r\n\t\t\t<span class=\"empty_space_image\"  ><\/span>\r\n\t\t<\/span><\/div>\r\n\n\n\t<div class=\"wpb_text_column wpb_content_element\">\n\t\t<div class=\"wpb_wrapper\">\n\t\t\t<h3 style=\"text-align: center;\">RUM-BROSCH\u00dcRE<\/h3>\n\n\t\t<\/div> \n\t<\/div> \t<div class=\"vc_empty_space\"  style=\"height: 10px\" ><span\r\n\t\t\tclass=\"vc_empty_space_inner\">\r\n\t\t\t<span class=\"empty_space_image\"  ><\/span>\r\n\t\t<\/span><\/div>\r\n\n\r\n\t<div class=\"wpb_single_image wpb_content_element vc_align_center\">\r\n\t\t<div class=\"wpb_wrapper\">\r\n\t\t\t\r\n\t\t\t<div class=\"vc_single_image-wrapper   vc_box_border_grey\"><img loading=\"lazy\" decoding=\"async\" class=\"vc_single_image-img\" src=\"https:\/\/saborealapalma.es\/wp-content\/uploads\/2022\/05\/portada_ron-300x372.jpg\" width=\"300\" height=\"372\" alt=\"portada_ron\" title=\"cover_ron\" \/><\/div>\r\n\t\t<\/div>\r\n\t<\/div>\r\n\t<div class=\"vc_empty_space\"  style=\"height: 40px\" ><span\r\n\t\t\tclass=\"vc_empty_space_inner\">\r\n\t\t\t<span class=\"empty_space_image\"  ><\/span>\r\n\t\t<\/span><\/div>\r\n\n<a  itemprop=\"url\" href=\"http:\/\/saborealapalma.es\/de\/folleto-de-ron\/\" target=\"_self\" data-hover-background-color='#dd2d34' data-hover-border-color='#ffffff' data-hover-color='#ffffff' class=\"qbutton  large center default boton_centro2\" style=\"color: #ffffff; border-color: #ffffff; margin: auto 0px auto 0px; border-radius: 4px;-moz-border-radius: 4px;-webkit-border-radius: 4px; background-color: #009cde;\">siehe Rum-Brosch\u00fcre<i class=\"qode_icon_font_awesome fa fa-external-link qode_button_icon_element\" style=\"\" ><\/i><\/a>\t<div class=\"vc_empty_space\"  style=\"height: 100px\" ><span\r\n\t\t\tclass=\"vc_empty_space_inner\">\r\n\t\t\t<span class=\"empty_space_image\"  ><\/span>\r\n\t\t<\/span><\/div>\r\n\n<\/div><\/div><\/div><\/div><\/div><\/div>","protected":false},"excerpt":{"rendered":"RUM DE LA PALMA Rum ist ein alkoholisches Getr\u00e4nk, das durch die Destillation von Zuckerrohrsaft oder dessen Derivaten, Honig (konzentrierter Saft) und Melasse (Nebenprodukt der Zuckerverarbeitung) gewonnen wird. Dieses Destillat wird f\u00fcr verschiedene Zeitr\u00e4ume in F\u00e4ssern gereift. Jede Marke...","protected":false},"author":4,"featured_media":0,"parent":0,"menu_order":0,"comment_status":"closed","ping_status":"closed","template":"full_width.php","meta":{"footnotes":""},"class_list":["post-2005","page","type-page","status-publish","hentry"],"yoast_head":"<!-- This site is optimized with the Yoast SEO plugin v27.4 - https:\/\/yoast.com\/product\/yoast-seo-wordpress\/ -->\n<title>Ron de La Palma - Saborea La Palma<\/title>\n<meta name=\"robots\" content=\"index, follow, max-snippet:-1, max-image-preview:large, max-video-preview:-1\" \/>\n<link rel=\"canonical\" href=\"https:\/\/saborealapalma.es\/de\/ron-de-la-palma\/\" \/>\n<meta property=\"og:locale\" content=\"de_DE\" \/>\n<meta property=\"og:type\" content=\"article\" \/>\n<meta property=\"og:title\" content=\"Ron de La Palma - Saborea La Palma\" \/>\n<meta property=\"og:url\" content=\"https:\/\/saborealapalma.es\/de\/ron-de-la-palma\/\" \/>\n<meta property=\"og:site_name\" content=\"Saborea La Palma\" \/>\n<meta property=\"article:modified_time\" content=\"2022-05-16T13:19:34+00:00\" \/>\n<meta name=\"twitter:card\" content=\"summary_large_image\" \/>\n<meta name=\"twitter:label1\" content=\"Gesch\u00e4tzte Lesezeit\" \/>\n\t<meta name=\"twitter:data1\" content=\"4\u00a0Minuten\" \/>\n<script type=\"application\/ld+json\" class=\"yoast-schema-graph\">{\"@context\":\"https:\\\/\\\/schema.org\",\"@graph\":[{\"@type\":\"WebPage\",\"@id\":\"https:\\\/\\\/saborealapalma.es\\\/ron-de-la-palma\\\/\",\"url\":\"https:\\\/\\\/saborealapalma.es\\\/ron-de-la-palma\\\/\",\"name\":\"Ron de La Palma - Saborea La Palma\",\"isPartOf\":{\"@id\":\"https:\\\/\\\/saborealapalma.es\\\/#website\"},\"datePublished\":\"2021-12-28T08:57:37+00:00\",\"dateModified\":\"2022-05-16T13:19:34+00:00\",\"breadcrumb\":{\"@id\":\"https:\\\/\\\/saborealapalma.es\\\/ron-de-la-palma\\\/#breadcrumb\"},\"inLanguage\":\"de\",\"potentialAction\":[{\"@type\":\"ReadAction\",\"target\":[\"https:\\\/\\\/saborealapalma.es\\\/ron-de-la-palma\\\/\"]}]},{\"@type\":\"BreadcrumbList\",\"@id\":\"https:\\\/\\\/saborealapalma.es\\\/ron-de-la-palma\\\/#breadcrumb\",\"itemListElement\":[{\"@type\":\"ListItem\",\"position\":1,\"name\":\"Portada\",\"item\":\"https:\\\/\\\/saborealapalma.es\\\/\"},{\"@type\":\"ListItem\",\"position\":2,\"name\":\"Ron de La Palma\"}]},{\"@type\":\"WebSite\",\"@id\":\"https:\\\/\\\/saborealapalma.es\\\/#website\",\"url\":\"https:\\\/\\\/saborealapalma.es\\\/\",\"name\":\"Saborea La Palma\",\"description\":\"Saborea La Palma es el proyecto que lidera la Sociedad de Promoci\u00f3n Econ\u00f3mica de La Palma (SODEPAL S.A.U.M.P), empresa p\u00fablica dependiente de Cabildo Insular de La Palma, para la revalorizaci\u00f3n y el posicionamiento de la gastronom\u00eda palmera en los mercados regionales, nacionales e internacionales.\",\"potentialAction\":[{\"@type\":\"SearchAction\",\"target\":{\"@type\":\"EntryPoint\",\"urlTemplate\":\"https:\\\/\\\/saborealapalma.es\\\/?s={search_term_string}\"},\"query-input\":{\"@type\":\"PropertyValueSpecification\",\"valueRequired\":true,\"valueName\":\"search_term_string\"}}],\"inLanguage\":\"de\"}]}<\/script>\n<!-- \/ Yoast SEO plugin. -->","yoast_head_json":{"title":"Ron de La Palma - Saborea La Palma","robots":{"index":"index","follow":"follow","max-snippet":"max-snippet:-1","max-image-preview":"max-image-preview:large","max-video-preview":"max-video-preview:-1"},"canonical":"https:\/\/saborealapalma.es\/de\/ron-de-la-palma\/","og_locale":"de_DE","og_type":"article","og_title":"Ron de La Palma - Saborea La Palma","og_url":"https:\/\/saborealapalma.es\/de\/ron-de-la-palma\/","og_site_name":"Saborea La Palma","article_modified_time":"2022-05-16T13:19:34+00:00","twitter_card":"summary_large_image","twitter_misc":{"Gesch\u00e4tzte Lesezeit":"4\u00a0Minuten"},"schema":{"@context":"https:\/\/schema.org","@graph":[{"@type":"WebPage","@id":"https:\/\/saborealapalma.es\/ron-de-la-palma\/","url":"https:\/\/saborealapalma.es\/ron-de-la-palma\/","name":"Ron de La Palma - Saborea La Palma","isPartOf":{"@id":"https:\/\/saborealapalma.es\/#website"},"datePublished":"2021-12-28T08:57:37+00:00","dateModified":"2022-05-16T13:19:34+00:00","breadcrumb":{"@id":"https:\/\/saborealapalma.es\/ron-de-la-palma\/#breadcrumb"},"inLanguage":"de","potentialAction":[{"@type":"ReadAction","target":["https:\/\/saborealapalma.es\/ron-de-la-palma\/"]}]},{"@type":"BreadcrumbList","@id":"https:\/\/saborealapalma.es\/ron-de-la-palma\/#breadcrumb","itemListElement":[{"@type":"ListItem","position":1,"name":"Portada","item":"https:\/\/saborealapalma.es\/"},{"@type":"ListItem","position":2,"name":"Ron de La Palma"}]},{"@type":"WebSite","@id":"https:\/\/saborealapalma.es\/#website","url":"https:\/\/saborealapalma.es\/","name":"Schmecken Sie La Palma","description":"Saborea La Palma ist das von der Sociedad de Promoci\u00f3n Econ\u00f3mica de La Palma (SODEPAL S.A.U.M.P), einem vom Cabildo Insular de La Palma abh\u00e4ngigen \u00f6ffentlichen Unternehmen, geleitete Projekt zur Aufwertung und Positionierung der Gastronomie La Palmas auf regionalen, nationalen und internationalen M\u00e4rkten.","potentialAction":[{"@type":"SearchAction","target":{"@type":"EntryPoint","urlTemplate":"https:\/\/saborealapalma.es\/?s={search_term_string}"},"query-input":{"@type":"PropertyValueSpecification","valueRequired":true,"valueName":"search_term_string"}}],"inLanguage":"de"}]}},"_links":{"self":[{"href":"https:\/\/saborealapalma.es\/de\/wp-json\/wp\/v2\/pages\/2005","targetHints":{"allow":["GET"]}}],"collection":[{"href":"https:\/\/saborealapalma.es\/de\/wp-json\/wp\/v2\/pages"}],"about":[{"href":"https:\/\/saborealapalma.es\/de\/wp-json\/wp\/v2\/types\/page"}],"author":[{"embeddable":true,"href":"https:\/\/saborealapalma.es\/de\/wp-json\/wp\/v2\/users\/4"}],"replies":[{"embeddable":true,"href":"https:\/\/saborealapalma.es\/de\/wp-json\/wp\/v2\/comments?post=2005"}],"version-history":[{"count":0,"href":"https:\/\/saborealapalma.es\/de\/wp-json\/wp\/v2\/pages\/2005\/revisions"}],"wp:attachment":[{"href":"https:\/\/saborealapalma.es\/de\/wp-json\/wp\/v2\/media?parent=2005"}],"curies":[{"name":"wp","href":"https:\/\/api.w.org\/{rel}","templated":true}]}}