{"id":460,"date":"2020-11-06T16:33:58","date_gmt":"2020-11-06T16:33:58","guid":{"rendered":"http:\/\/saborealapalma.es\/?page_id=460"},"modified":"2024-02-20T14:16:00","modified_gmt":"2024-02-20T14:16:00","slug":"politica-cookies","status":"publish","type":"page","link":"https:\/\/saborealapalma.es\/de\/politica-cookies\/","title":{"rendered":"Cookie-Richtlinie"},"content":{"rendered":"<div      class=\"vc_row wpb_row section vc_row-fluid  grid_section\" style=' text-align:left;'><div class=\"section_inner clearfix\"><div class='section_inner_margin clearfix'><div class=\"wpb_column vc_column_container vc_col-sm-12\"><div class=\"vc_column-inner\"><div class=\"wpb_wrapper\"><div      class=\"vc_row wpb_row section vc_row-fluid vc_inner  grid_section\" style=' text-align:left;'><div class=\"section_inner clearfix\"><div class='section_inner_margin clearfix'><div class=\"wpb_column vc_column_container vc_col-sm-12\"><div class=\"vc_column-inner\"><div class=\"wpb_wrapper\">\t<div class=\"vc_empty_space\"  style=\"height: 50px\" ><span\r\n\t\t\tclass=\"vc_empty_space_inner\">\r\n\t\t\t<span class=\"empty_space_image\"  ><\/span>\r\n\t\t<\/span><\/div>\r\n\n\n\t<div class=\"wpb_text_column wpb_content_element\">\n\t\t<div class=\"wpb_wrapper\">\n\t\t\t<h1 style=\"text-align: center;\">Cookie-Richtlinie<\/h1>\n\n\t\t<\/div> \n\t<\/div> \t<div class=\"vc_empty_space\"  style=\"height: 50px\" ><span\r\n\t\t\tclass=\"vc_empty_space_inner\">\r\n\t\t\t<span class=\"empty_space_image\"  ><\/span>\r\n\t\t<\/span><\/div>\r\n\n<\/div><\/div><\/div><\/div><\/div><\/div><\/div><\/div><\/div><\/div><\/div><\/div><div      class=\"vc_row wpb_row section vc_row-fluid  grid_section\" style=' text-align:left;'><div class=\"section_inner clearfix\"><div class='section_inner_margin clearfix'><div class=\"wpb_column vc_column_container vc_col-sm-12\"><div class=\"vc_column-inner\"><div class=\"wpb_wrapper\"><div      class=\"vc_row wpb_row section vc_row-fluid vc_inner  grid_section\" style=' text-align:left;'><div class=\"section_inner clearfix\"><div class='section_inner_margin clearfix'><div class=\"wpb_column vc_column_container vc_col-sm-12\"><div class=\"vc_column-inner\"><div class=\"wpb_wrapper\">\t<div class=\"vc_empty_space\"  style=\"height: 50px\" ><span\r\n\t\t\tclass=\"vc_empty_space_inner\">\r\n\t\t\t<span class=\"empty_space_image\"  ><\/span>\r\n\t\t<\/span><\/div>\r\n\n\n\t<div class=\"wpb_text_column wpb_content_element\">\n\t\t<div class=\"wpb_wrapper\">\n\t\t\t<h4><strong>Was sind Cookies?<\/strong><\/h4>\n<p>Ein Cookie ist eine Datei, die auf Ihren Computer heruntergeladen wird, wenn Sie auf bestimmte Websites zugreifen. Cookies erm\u00f6glichen es einer Website unter anderem, Informationen \u00fcber die Surfgewohnheiten eines Benutzers oder seines Computers zu speichern und abzurufen. Je nach den enthaltenen Informationen und der Art und Weise, wie Sie Ihren Computer benutzen, k\u00f6nnen sie dazu verwendet werden, den Benutzer wiederzuerkennen.<\/p>\n<p>Diese Website verwendet Cookies und\/oder \u00e4hnliche Technologien, die Informationen speichern und abrufen, wenn Sie surfen. Im Allgemeinen k\u00f6nnen diese Technologien f\u00fcr eine Vielzahl von Zwecken verwendet werden, z. B. um Sie als Benutzer zu erkennen, Informationen \u00fcber Ihre Surfgewohnheiten zu erhalten oder die Art und Weise, wie Inhalte angezeigt werden, anzupassen. Die spezifische Nutzung dieser Technologien durch uns wird im Folgenden beschrieben.<\/p>\n<p><strong>Welche Arten von Cookies gibt es? <\/strong><\/p>\n<p>Je nachdem, wer sie verwaltet:<\/p>\n<ul>\n<li>Eigene Cookies: Das sind Cookies, die von der Dom\u00e4ne, die von der besuchten Website verwaltet wird und von der aus der vom Benutzer angeforderte Dienst bereitgestellt wird, an den Computer des Benutzers gesendet werden.<\/li>\n<li>Cookies von Drittanbietern: Dies sind Cookies, die von einer Dom\u00e4ne an den Computer des Benutzers gesendet werden, die nicht von der besuchten Website verwaltet wird, sondern von einer anderen Einrichtung, die sie verarbeitet.<\/li>\n<\/ul>\n<p>Je nach Zweck:<\/p>\n<ul>\n<li>Technische Cookies: Dies sind diejenigen, die es dem Benutzer erm\u00f6glichen, auf einer Website zu surfen und die verschiedenen Optionen oder Dienste zu nutzen, die es auf der Website gibt, einschlie\u00dflich derer, die es uns erm\u00f6glichen, die Website zu verwalten und zu betreiben und ihre Funktionen und Dienste zu erm\u00f6glichen, wie z.B. die Kontrolle des Datenverkehrs und der Datenkommunikation, die Identifizierung der Sitzung, den Zugang zu Bereichen mit eingeschr\u00e4nktem Zugang, die Erinnerung an die Elemente, aus denen eine Bestellung besteht, die Durchf\u00fchrung des Kaufvorgangs einer Bestellung, die Verwaltung der Zahlung, die Betrugsbek\u00e4mpfung, die Beantragung der Registrierung oder der Teilnahme an einer Veranstaltung, die Z\u00e4hlung der Besuche usw.<\/li>\n<li>Pr\u00e4ferenz- oder Personalisierungs-Cookies: Dies sind Cookies, die es erm\u00f6glichen, Informationen zu speichern, damit der Nutzer den Dienst mit bestimmten Merkmalen nutzen kann, die ihn von anderen Nutzern unterscheiden, wie z.B. die Sprache, die Anzahl der Ergebnisse, die angezeigt werden, wenn der Nutzer eine Suche durchf\u00fchrt, das Aussehen oder der Inhalt des Dienstes in Abh\u00e4ngigkeit von der Art des Browsers, \u00fcber den der Nutzer auf den Dienst zugreift, oder der Region, aus der er auf den Dienst zugreift, usw.<\/li>\n<li>Analyse-Cookies: Diese Cookies erm\u00f6glichen es uns, die Anzahl der Nutzer zu quantifizieren und somit die Nutzung des angebotenen Dienstes durch die Nutzer zu messen und statistisch zu analysieren. Zu diesem Zweck wird Ihr Surfverhalten auf unserer Website analysiert, um das Angebot an Produkten und Dienstleistungen zu verbessern.<\/li>\n<li>Werbe-Cookies: Diese Cookies erm\u00f6glichen es uns, die Bereitstellung von Werbefl\u00e4chen auf der Website so effizient wie m\u00f6glich zu verwalten, indem wir den Inhalt der Werbung an den Inhalt der angeforderten Dienstleistung oder an die Nutzung unserer Website durch Sie anpassen. Auf diese Weise k\u00f6nnen wir Ihre Surfgewohnheiten im Internet analysieren und Ihnen Werbung zeigen, die mit Ihrem Surfprofil in Verbindung steht.<\/li>\n<\/ul>\n<p>Je nach Dauer des Aufenthalts:<\/p>\n<ul>\n<li>Sitzungscookies: Diese dienen dazu, Daten zu sammeln und zu speichern, w\u00e4hrend der Nutzer auf eine Website zugreift. Sie werden in der Regel verwendet, um Informationen zu speichern, die nur f\u00fcr die Bereitstellung des vom Benutzer angeforderten Dienstes aufbewahrt werden m\u00fcssen (z.B. eine Liste der gekauften Produkte) und verschwinden am Ende der Sitzung.<\/li>\n<li>Dauerhafte Cookies: Dies sind Cookies, bei denen die Daten auf dem Endger\u00e4t gespeichert bleiben und f\u00fcr einen von der f\u00fcr das Cookie verantwortlichen Partei festgelegten Zeitraum, der von einigen Minuten bis zu mehreren Jahren reichen kann, abgerufen und verarbeitet werden k\u00f6nnen.<\/li>\n<\/ul>\n<h4><strong>Informationen \u00fcber die Art der Cookies und ihren Zweck <\/strong><\/h4>\n<p><strong>Welche Cookies verwenden wir?<\/strong><\/p>\n<p><a href=\"http:\/\/saborealapalma.es\/de\/\" target=\"_blank\" rel=\"noopener\">saborealapalma.es<\/a> verwendet auf der Website die folgenden Arten von Cookies:<\/p>\n<ul>\n<li><strong>Technische Cookies<\/strong><br \/>\nSie erm\u00f6glichen es dem Benutzer, im Internet zu surfen.<\/li>\n<li><strong>Personalisierungs-Cookies<\/strong><br \/>\nSie erm\u00f6glichen es uns, die Vorlieben des Benutzers zu kennen: Sprache, besuchte Produkte...<\/li>\n<li><strong>Analyse-Cookies<\/strong><br \/>\nWir verwenden Google Analytics-Cookies, um die Anzahl der Nutzer, die die Website besuchen, zu ermitteln. Diese Cookies erm\u00f6glichen es uns, zu messen und zu analysieren, wie die Nutzer die Website besuchen. Diese Informationen erm\u00f6glichen es der SOCIEDAD DE PROMOCION Y DESARROLLO ECONOMICO DE LA ISLA DE LA PALMA SAU, ihre Dienstleistungen und die Erfahrung der Nutzer der Website kontinuierlich zu verbessern. Weitere Informationen finden Sie auf der Google Analytics-Datenschutzseite:\u00a0<a href=\"https:\/\/developers.google.com\/analytics\/devguides\/collection\/analyticsjs\/cookie-usage\" target=\"_blank\" rel=\"noopener\">https:\/\/developers.google.com\/analytics\/devguides\/collection\/analyticsjs\/cookie-usage<\/a>.<\/li>\n<\/ul>\n<p><strong>In unserer Webdomain installierte Cookies:<\/strong><\/p>\n<table border=\"1\" width=\"80%\" cellpadding=\"0\">\n<tbody>\n<tr>\n<td height=\"29\">Cookie-Name<\/td>\n<td>\n<p align=\"left\">Zweck<\/p>\n<\/td>\n<td>\n<p align=\"left\">Eigene\/fremde<\/p>\n<\/td>\n<td>\n<p align=\"left\">Dauer<\/p>\n<\/td>\n<td>\n<p align=\"left\">Wann wird es installiert?<\/p>\n<\/td>\n<\/tr>\n<tr>\n<td width=\"157\">\n<p align=\"left\">Session Cookie<\/p>\n<\/td>\n<td width=\"178\">\n<p align=\"left\">Technik<\/p>\n<\/td>\n<td width=\"74\">\n<p align=\"left\">Eigene<\/p>\n<\/td>\n<td width=\"83\">\n<p align=\"left\">In Sitzung<\/p>\n<\/td>\n<td width=\"148\">\n<p align=\"left\">Beim Zugriff auf die Website<\/p>\n<\/td>\n<\/tr>\n<tr>\n<td width=\"157\">\n<p align=\"left\">Statistik<\/p>\n<\/td>\n<td width=\"178\">\n<p align=\"left\">Technik<\/p>\n<\/td>\n<td width=\"74\">\n<p align=\"left\">Eigene<\/p>\n<\/td>\n<td width=\"83\">\n<p align=\"left\">Ein Monat<\/p>\n<\/td>\n<td width=\"148\">\n<p align=\"left\">Beim Zugriff auf die Website<\/p>\n<\/td>\n<\/tr>\n<tr>\n<td width=\"157\">\n<p align=\"left\">_utma<\/p>\n<\/td>\n<td width=\"178\">\n<p align=\"left\">GOOGLE Analytics-Analytics-Cookie, um Benutzer und Sitzungen zu unterscheiden.<\/p>\n<\/td>\n<td width=\"74\">\n<p align=\"left\">Dritte Parteien<\/p>\n<\/td>\n<td width=\"83\">\n<p align=\"left\">2 Jahre<\/p>\n<\/td>\n<td width=\"148\">\n<p align=\"left\">Wenn Cookies akzeptiert werden<\/p>\n<\/td>\n<\/tr>\n<tr>\n<td width=\"157\">\n<p align=\"left\">_utmb<br \/>\n_utmbta<\/p>\n<\/td>\n<td width=\"178\">\n<p align=\"left\">GOOGLE Analytics-Analytics-Cookie, um neue Sitzungen oder Besuche zu ermitteln.<\/p>\n<\/td>\n<td width=\"74\">\n<p align=\"left\">Dritte Parteien<\/p>\n<\/td>\n<td width=\"83\">\n<p align=\"left\">30 Minuten<\/p>\n<\/td>\n<td width=\"148\">\n<p align=\"left\">Wenn Cookies akzeptiert werden<\/p>\n<\/td>\n<\/tr>\n<tr>\n<td width=\"157\">\n<p align=\"left\">_utmc<\/p>\n<\/td>\n<td width=\"178\">\n<p align=\"left\">GOOGLE Analytics-Analytics-Cookie, nicht in ga.js verwendet. Es wird gesetzt, um mit urchin.js zu interagieren. Fr\u00fcher wurde dieses Cookie zusammen mit dem __utmb-Cookie verwendet, um festzustellen, ob sich der Benutzer in einer neuen Sitzung oder einem neuen Besuch befindet.<\/p>\n<\/td>\n<td width=\"74\">\n<p align=\"left\">Dritte Parteien<\/p>\n<\/td>\n<td width=\"83\">\n<p align=\"left\">In Sitzung<\/p>\n<\/td>\n<td width=\"148\">\n<p align=\"left\">Wenn Cookies akzeptiert werden<\/p>\n<\/td>\n<\/tr>\n<tr>\n<td width=\"157\">\n<p align=\"left\">_utmv<\/p>\n<\/td>\n<td width=\"178\">\n<p align=\"left\">GOOGLE Analytics analytischer Cookie, der verwendet wird, um Daten zu speichern, die aus Datens\u00e4tzen gewonnen werden, um diese demographisch zu segmentieren.<\/p>\n<\/td>\n<td width=\"74\">\n<p align=\"left\">Dritte Parteien<\/p>\n<\/td>\n<td width=\"83\">\n<p align=\"left\">2 Jahre<\/p>\n<\/td>\n<td width=\"148\">\n<p align=\"left\">Wenn Cookies akzeptiert werden<\/p>\n<\/td>\n<\/tr>\n<tr>\n<td width=\"157\">\n<p align=\"left\">_utmz<\/p>\n<\/td>\n<td width=\"178\">\n<p align=\"left\">Das analytische Cookie von GOOGLE Analytics wird verwendet, um den Traffic zu berechnen, der von Suchmaschinen (organisch und PPC), Display-Werbekampagnen und der Navigation innerhalb der gleichen Website (interne Links) stammt.<\/p>\n<\/td>\n<td width=\"74\">\n<p align=\"left\">Dritte Parteien<\/p>\n<\/td>\n<td width=\"83\">\n<p align=\"left\">6 Monate<\/p>\n<\/td>\n<td width=\"148\">\n<p align=\"left\">Wenn Cookies akzeptiert werden<\/p>\n<\/td>\n<\/tr>\n<\/tbody>\n<\/table>\n<p>Diese Website enth\u00e4lt, wie die meisten Websites, Funktionen, die von Dritten bereitgestellt werden.<br \/>\nUnsere Website ist eine lebendige Website und kann neue Designs oder Dienstleistungen von Dritten enthalten. Dies kann gelegentlich die Cookie-Einstellungen \u00e4ndern und dazu f\u00fchren, dass Cookies auftauchen, die in dieser Richtlinie nicht im Detail beschrieben sind.<\/p>\n<p><strong>Folgende Drittanbieter-Cookies werden auf unserer Website von Drittanbieter-Domains installiert:<\/strong><\/p>\n<table border=\"1\" width=\"80%\" cellpadding=\"0\" align=\"left\">\n<tbody>\n<tr>\n<td>Halterung<\/td>\n<td>\n<p align=\"left\">Name<\/p>\n<\/td>\n<td>\n<p align=\"left\">Wann wird es installiert?<\/p>\n<\/td>\n<td>\n<p align=\"left\">Beschreibung<\/p>\n<\/td>\n<td>\n<p align=\"left\">Dauer<\/p>\n<\/td>\n<\/tr>\n<tr>\n<td width=\"139\">\n<p align=\"left\">Google<\/p>\n<\/td>\n<td width=\"159\">\n<p align=\"left\">\n<\/td>\n<td width=\"64\">\n<p align=\"left\">Wenn Sie im Internet surfen und das Social Plug-in verwenden<\/p>\n<\/td>\n<td width=\"111\">\n<p align=\"left\">Plugin f\u00fcr soziale Netzwerke, mit dem der Benutzer Videos teilen kann.<\/p>\n<\/td>\n<td width=\"84\">\n<p align=\"left\">H\u00e4ngt von dem sozialen Netzwerk ab<\/p>\n<\/td>\n<\/tr>\n<\/tbody>\n<\/table>\n<p>Unsere Website hat keine Kontrolle \u00fcber die von diesen Drittanbietern verwendeten Cookies. F\u00fcr weitere Informationen \u00fcber Cookies von sozialen Netzwerken oder anderen externen Websites raten wir Ihnen, deren eigene Cookie-Richtlinien zu lesen.<\/p>\n<h3><strong>Cookie-Einstellungen f\u00fcr die g\u00e4ngigsten Browser\u00a0<\/strong><\/h3>\n<p>(Hinweis: Diese Schritte k\u00f6nnen je nach Browser-Version variieren)<\/p>\n<p><u>Chrom<\/u>:<br \/>\nGehen Sie zu den Einstellungen, indem Sie auf das Anpassungssymbol oben rechts mit den drei vertikalen Punkten klicken.<br \/>\nGehen Sie zu Datenschutz und Sicherheit.<br \/>\nW\u00e4hlen Sie Cookies und andere Website-Daten. Dort k\u00f6nnen Sie w\u00e4hlen, wie Cookies kontrolliert werden sollen.<\/p>\n<p><u>Rand<\/u>:<br \/>\nGehen Sie zu Einstellungen, indem Sie auf die drei horizontalen Balken oben rechts im Browser klicken.<br \/>\nKlicken Sie auf Einstellungen und dann auf Cookies und Website-Berechtigungen.<br \/>\nDort k\u00f6nnen Sie w\u00e4hlen, wie Cookies kontrolliert werden sollen.<\/p>\n<p><u>Firefox<\/u>:<br \/>\nGehen Sie zu Einstellungen, indem Sie auf die drei horizontalen Balken oben rechts im Browser klicken.<br \/>\nKlicken Sie auf Datenschutz &amp; Sicherheit.<br \/>\nUnter Cookies und Website-Daten k\u00f6nnen Sie alles verwalten, was mit Cookies zu tun hat.<\/p>\n<p><u>Oper<\/u>:<br \/>\nGehen Sie zu Einfache Einstellungen, indem Sie auf die drei horizontalen Balken oben rechts im Browser klicken.<br \/>\nKlicken Sie auf Datenschutz und Sicherheit.<br \/>\nUnter Cookies und andere Website-Daten k\u00f6nnen Sie alles verwalten, was mit Cookies zu tun hat.<\/p>\n<p><u>Safari f\u00fcr OSX:<br \/>\n<\/u>Gehen Sie zu Einstellungen und dann zu Datenschutz.<br \/>\nHier sehen Sie die Option Cookies blockieren, mit der Sie die Art der Blockierung festlegen k\u00f6nnen.<\/p>\n<p><u>Safari f\u00fcr iOS:<br \/>\n<\/u>Gehen Sie zu Einstellungen und dann zu Safari.<br \/>\nGehen Sie zu Datenschutz und Sicherheit. Dort sehen Sie die Option Cookies blockieren, mit der Sie die Art der Blockierung einstellen k\u00f6nnen.<\/p>\n<p><u>Android<\/u>:<br \/>\nStarten Sie den Navigator und dr\u00fccken Sie die Men\u00fctaste und dann Einstellungen.<br \/>\nGehen Sie zu Sicherheit und Datenschutz. Dort sehen Sie die Option Cookies akzeptieren, die Sie aktivieren oder deaktivieren k\u00f6nnen.<\/p>\n<h4><strong>Weitere Informationen \u00fcber Cookies <\/strong><\/h4>\n<p>Es werden keine Daten an Dritte weitergegeben und es wird kein automatisiertes Profiling mit den von Cookies erhaltenen Informationen durchgef\u00fchrt.<\/p>\n<p>Weitere Informationen zum Datenschutz finden Sie in den rechtlichen Hinweisen der Website.<\/p>\n<p>Dar\u00fcber hinaus k\u00f6nnen Sie jederzeit Beschwerden \u00fcber Ihre Rechte bei der Aufsichtsbeh\u00f6rde (<a href=\"http:\/\/www.aepd.es\" target=\"_blank\" rel=\"noopener\">www.aepd.es<\/a>), die auch mehrere Leitf\u00e4den zu Cookies und Datenschutz im Internet enth\u00e4lt.<\/p>\n\n\t\t<\/div> \n\t<\/div> <\/div><\/div><\/div><\/div><\/div><\/div>\t<div class=\"vc_empty_space\"  style=\"height: 100px\" ><span\r\n\t\t\tclass=\"vc_empty_space_inner\">\r\n\t\t\t<span class=\"empty_space_image\"  ><\/span>\r\n\t\t<\/span><\/div>\r\n\n<\/div><\/div><\/div><\/div><\/div><\/div>","protected":false},"excerpt":{"rendered":"Cookie-Richtlinie Was sind Cookies? Ein Cookie ist eine Datei, die auf Ihren Computer heruntergeladen wird, wenn Sie auf bestimmte Websites zugreifen. Cookies erm\u00f6glichen es einer Website unter anderem, Informationen \u00fcber die Surfgewohnheiten eines Benutzers oder seines Computers zu speichern und abzurufen...","protected":false},"author":4,"featured_media":0,"parent":0,"menu_order":0,"comment_status":"closed","ping_status":"closed","template":"full_width.php","meta":{"footnotes":""},"class_list":["post-460","page","type-page","status-publish","hentry"],"yoast_head":"<!-- This site is optimized with the Yoast SEO plugin v27.0 - https:\/\/yoast.com\/product\/yoast-seo-wordpress\/ -->\n<title>Pol\u00edtica de Cookies - Saborea La Palma<\/title>\n<meta name=\"robots\" content=\"index, follow, max-snippet:-1, max-image-preview:large, max-video-preview:-1\" \/>\n<link rel=\"canonical\" href=\"https:\/\/saborealapalma.es\/de\/politica-cookies\/\" \/>\n<meta property=\"og:locale\" content=\"de_DE\" \/>\n<meta property=\"og:type\" content=\"article\" \/>\n<meta property=\"og:title\" content=\"Pol\u00edtica de Cookies - Saborea La Palma\" \/>\n<meta property=\"og:url\" content=\"https:\/\/saborealapalma.es\/de\/politica-cookies\/\" \/>\n<meta property=\"og:site_name\" content=\"Saborea La Palma\" \/>\n<meta property=\"article:modified_time\" content=\"2024-02-20T14:16:00+00:00\" \/>\n<meta name=\"twitter:card\" content=\"summary_large_image\" \/>\n<meta name=\"twitter:label1\" content=\"Gesch\u00e4tzte Lesezeit\" \/>\n\t<meta name=\"twitter:data1\" content=\"7\u00a0Minuten\" \/>\n<script type=\"application\/ld+json\" class=\"yoast-schema-graph\">{\"@context\":\"https:\/\/schema.org\",\"@graph\":[{\"@type\":\"WebPage\",\"@id\":\"https:\/\/saborealapalma.es\/politica-cookies\/\",\"url\":\"https:\/\/saborealapalma.es\/politica-cookies\/\",\"name\":\"Pol\u00edtica de Cookies - Saborea La Palma\",\"isPartOf\":{\"@id\":\"https:\/\/saborealapalma.es\/#website\"},\"datePublished\":\"2020-11-06T16:33:58+00:00\",\"dateModified\":\"2024-02-20T14:16:00+00:00\",\"breadcrumb\":{\"@id\":\"https:\/\/saborealapalma.es\/politica-cookies\/#breadcrumb\"},\"inLanguage\":\"de\",\"potentialAction\":[{\"@type\":\"ReadAction\",\"target\":[\"https:\/\/saborealapalma.es\/politica-cookies\/\"]}]},{\"@type\":\"BreadcrumbList\",\"@id\":\"https:\/\/saborealapalma.es\/politica-cookies\/#breadcrumb\",\"itemListElement\":[{\"@type\":\"ListItem\",\"position\":1,\"name\":\"Portada\",\"item\":\"https:\/\/saborealapalma.es\/\"},{\"@type\":\"ListItem\",\"position\":2,\"name\":\"Pol\u00edtica de Cookies\"}]},{\"@type\":\"WebSite\",\"@id\":\"https:\/\/saborealapalma.es\/#website\",\"url\":\"https:\/\/saborealapalma.es\/\",\"name\":\"Saborea La Palma\",\"description\":\"Saborea La Palma es el proyecto que lidera la Sociedad de Promoci\u00f3n Econ\u00f3mica de La Palma (SODEPAL S.A.U.M.P), empresa p\u00fablica dependiente de Cabildo Insular de La Palma, para la revalorizaci\u00f3n y el posicionamiento de la gastronom\u00eda palmera en los mercados regionales, nacionales e internacionales.\",\"potentialAction\":[{\"@type\":\"SearchAction\",\"target\":{\"@type\":\"EntryPoint\",\"urlTemplate\":\"https:\/\/saborealapalma.es\/?s={search_term_string}\"},\"query-input\":{\"@type\":\"PropertyValueSpecification\",\"valueRequired\":true,\"valueName\":\"search_term_string\"}}],\"inLanguage\":\"de\"}]}<\/script>\n<!-- \/ Yoast SEO plugin. -->","yoast_head_json":{"title":"Pol\u00edtica de Cookies - Saborea La Palma","robots":{"index":"index","follow":"follow","max-snippet":"max-snippet:-1","max-image-preview":"max-image-preview:large","max-video-preview":"max-video-preview:-1"},"canonical":"https:\/\/saborealapalma.es\/de\/politica-cookies\/","og_locale":"de_DE","og_type":"article","og_title":"Pol\u00edtica de Cookies - Saborea La Palma","og_url":"https:\/\/saborealapalma.es\/de\/politica-cookies\/","og_site_name":"Saborea La Palma","article_modified_time":"2024-02-20T14:16:00+00:00","twitter_card":"summary_large_image","twitter_misc":{"Gesch\u00e4tzte Lesezeit":"7\u00a0Minuten"},"schema":{"@context":"https:\/\/schema.org","@graph":[{"@type":"WebPage","@id":"https:\/\/saborealapalma.es\/politica-cookies\/","url":"https:\/\/saborealapalma.es\/politica-cookies\/","name":"Pol\u00edtica de Cookies - Saborea La Palma","isPartOf":{"@id":"https:\/\/saborealapalma.es\/#website"},"datePublished":"2020-11-06T16:33:58+00:00","dateModified":"2024-02-20T14:16:00+00:00","breadcrumb":{"@id":"https:\/\/saborealapalma.es\/politica-cookies\/#breadcrumb"},"inLanguage":"de","potentialAction":[{"@type":"ReadAction","target":["https:\/\/saborealapalma.es\/politica-cookies\/"]}]},{"@type":"BreadcrumbList","@id":"https:\/\/saborealapalma.es\/politica-cookies\/#breadcrumb","itemListElement":[{"@type":"ListItem","position":1,"name":"Portada","item":"https:\/\/saborealapalma.es\/"},{"@type":"ListItem","position":2,"name":"Pol\u00edtica de Cookies"}]},{"@type":"WebSite","@id":"https:\/\/saborealapalma.es\/#website","url":"https:\/\/saborealapalma.es\/","name":"Schmecken Sie La Palma","description":"Saborea La Palma ist das von der Sociedad de Promoci\u00f3n Econ\u00f3mica de La Palma (SODEPAL S.A.U.M.P), einem vom Cabildo Insular de La Palma abh\u00e4ngigen \u00f6ffentlichen Unternehmen, geleitete Projekt zur Aufwertung und Positionierung der Gastronomie La Palmas auf regionalen, nationalen und internationalen M\u00e4rkten.","potentialAction":[{"@type":"SearchAction","target":{"@type":"EntryPoint","urlTemplate":"https:\/\/saborealapalma.es\/?s={search_term_string}"},"query-input":{"@type":"PropertyValueSpecification","valueRequired":true,"valueName":"search_term_string"}}],"inLanguage":"de"}]}},"_links":{"self":[{"href":"https:\/\/saborealapalma.es\/de\/wp-json\/wp\/v2\/pages\/460","targetHints":{"allow":["GET"]}}],"collection":[{"href":"https:\/\/saborealapalma.es\/de\/wp-json\/wp\/v2\/pages"}],"about":[{"href":"https:\/\/saborealapalma.es\/de\/wp-json\/wp\/v2\/types\/page"}],"author":[{"embeddable":true,"href":"https:\/\/saborealapalma.es\/de\/wp-json\/wp\/v2\/users\/4"}],"replies":[{"embeddable":true,"href":"https:\/\/saborealapalma.es\/de\/wp-json\/wp\/v2\/comments?post=460"}],"version-history":[{"count":0,"href":"https:\/\/saborealapalma.es\/de\/wp-json\/wp\/v2\/pages\/460\/revisions"}],"wp:attachment":[{"href":"https:\/\/saborealapalma.es\/de\/wp-json\/wp\/v2\/media?parent=460"}],"curies":[{"name":"wp","href":"https:\/\/api.w.org\/{rel}","templated":true}]}}