{"id":466,"date":"2020-11-06T17:15:23","date_gmt":"2020-11-06T17:15:23","guid":{"rendered":"http:\/\/saborealapalma.es\/?page_id=466"},"modified":"2024-04-16T15:43:59","modified_gmt":"2024-04-16T14:43:59","slug":"politica-privacidad-aviso-legal","status":"publish","type":"page","link":"https:\/\/saborealapalma.es\/de\/politica-privacidad-aviso-legal\/","title":{"rendered":"Datenschutzbestimmungen"},"content":{"rendered":"<div      class=\"vc_row wpb_row section vc_row-fluid  grid_section\" style=' text-align:left;'><div class=\"section_inner clearfix\"><div class='section_inner_margin clearfix'><div class=\"wpb_column vc_column_container vc_col-sm-12\"><div class=\"vc_column-inner\"><div class=\"wpb_wrapper\"><div      class=\"vc_row wpb_row section vc_row-fluid vc_inner  grid_section\" style=' text-align:left;'><div class=\"section_inner clearfix\"><div class='section_inner_margin clearfix'><div class=\"wpb_column vc_column_container vc_col-sm-12\"><div class=\"vc_column-inner\"><div class=\"wpb_wrapper\">\t<div class=\"vc_empty_space\"  style=\"height: 50px\" ><span\r\n\t\t\tclass=\"vc_empty_space_inner\">\r\n\t\t\t<span class=\"empty_space_image\"  ><\/span>\r\n\t\t<\/span><\/div>\r\n\n\n\t<div class=\"wpb_text_column wpb_content_element\">\n\t\t<div class=\"wpb_wrapper\">\n\t\t\t<h1 style=\"text-align: center;\">Datenschutzrichtlinie und rechtliche Hinweise<\/h1>\n\n\t\t<\/div> \n\t<\/div> \t<div class=\"vc_empty_space\"  style=\"height: 50px\" ><span\r\n\t\t\tclass=\"vc_empty_space_inner\">\r\n\t\t\t<span class=\"empty_space_image\"  ><\/span>\r\n\t\t<\/span><\/div>\r\n\n<\/div><\/div><\/div><\/div><\/div><\/div><\/div><\/div><\/div><\/div><\/div><\/div><div      class=\"vc_row wpb_row section vc_row-fluid  grid_section\" style=' text-align:left;'><div class=\"section_inner clearfix\"><div class='section_inner_margin clearfix'><div class=\"wpb_column vc_column_container vc_col-sm-12\"><div class=\"vc_column-inner\"><div class=\"wpb_wrapper\"><div      class=\"vc_row wpb_row section vc_row-fluid vc_inner  grid_section\" style=' text-align:left;'><div class=\"section_inner clearfix\"><div class='section_inner_margin clearfix'><div class=\"wpb_column vc_column_container vc_col-sm-12\"><div class=\"vc_column-inner\"><div class=\"wpb_wrapper\">\t<div class=\"vc_empty_space\"  style=\"height: 50px\" ><span\r\n\t\t\tclass=\"vc_empty_space_inner\">\r\n\t\t\t<span class=\"empty_space_image\"  ><\/span>\r\n\t\t<\/span><\/div>\r\n\n\n\t<div class=\"wpb_text_column wpb_content_element\">\n\t\t<div class=\"wpb_wrapper\">\n\t\t\t<h3>Allgemeine Informationen<\/h3>\n<p>Gem\u00e4\u00df der Informationspflicht, die das Gesetz 34\/2002 vom 11. Juli \u00fcber die Dienste der Informationsgesellschaft und den elektronischen Handel vorschreibt, werden im Folgenden die allgemeinen Informationen der Website aufgef\u00fchrt:<\/p>\n<ul>\n<li>SOCIEDAD DE PROMOCION Y DESARROLLO ECONOMICO DE LA ISLA DE LA PALMA SAU- A38732566<\/li>\n<li>AVENIDA DE LOS INDIANOS 14 2\u00baB- 38700 - SANTA CRUZ DE LA PALMA<\/li>\n<li>Handelsregister von Santa Cruz de La Palma, Band 46, Folio 211, Seite IP-2049, Eintrag 1.<\/li>\n<li>Telefon: 922417323<\/li>\n<li>E-Mail: gerencia@sodepal.es<\/li>\n<\/ul>\n<h3>Bedingungen und Konditionen<\/h3>\n<p>Der Zugang zu und die Nutzung dieser Website verleiht dem Besucher die Eigenschaft eines Benutzers. Dies bedeutet, dass der Nutzer die jederzeit geltenden Nutzungsbedingungen akzeptiert und sich verpflichtet, die Inhalte der Website angemessen zu nutzen und die Bestimmungen dieses Hinweises sowie alle geltenden Vorschriften strikt zu beachten und einzuhalten.<\/p>\n<p>Ebenso verpflichtet sich der Nutzer dazu:<br \/>\nGeben Sie genaue Informationen zu den Registrierungsdaten und halten Sie diese auf dem neuesten Stand;<br \/>\nKeine Inhalte zu verbreiten, die gegen das Gesetz oder die W\u00fcrde der Person versto\u00dfen, die aufgrund von Geburt, Rasse, Geschlecht, Religion, Meinung oder anderen pers\u00f6nlichen oder sozialen Bedingungen oder Umst\u00e4nden diskriminierend sind oder die in irgendeiner Weise gegen das Gesetz und die \u00f6ffentliche Ordnung versto\u00dfen;<br \/>\n<strong>SOCIEDAD DE PROMOCION Y DESARROLLO ECONOMICO DE LA ISLA DE LA PALMA SAU<\/strong> beh\u00e4lt sich das Recht vor, alle \u00c4nderungen vorzunehmen, die sie f\u00fcr angemessen h\u00e4lt, Inhalte oder Dienste, die \u00fcber die Website angeboten werden, hinzuzuf\u00fcgen, zu \u00e4ndern oder zu l\u00f6schen, sowie Beitr\u00e4ge oder Kommentare zu entfernen, die gegen die oben beschriebenen Regeln versto\u00dfen.<br \/>\n<strong>SOCIEDAD DE PROMOCION Y DESARROLLO ECONOMICO DE LA ISLA DE LA PALMA SAU<\/strong> kann in keinem Fall f\u00fcr die Meinungen verantwortlich gemacht werden, die der Nutzer \u00fcber die auf der Website angebotenen Beteiligungsinstrumente \u00e4u\u00dfert.<br \/>\n<strong>Der Zugang zur Website ist f\u00fcr den Nutzer in allen Teilen, Inhalten usw. kostenlos.<\/strong><br \/>\nDer Nutzer erkl\u00e4rt unter seiner Verantwortung, dass er vollj\u00e4hrig ist und \u00fcber die erforderliche Gesch\u00e4ftsf\u00e4higkeit verf\u00fcgt, um an diese Bedingungen gebunden zu sein.<\/p>\n<h3><strong>Richtlinien zum Schutz der Privatsph\u00e4re und des Datenschutzes<\/strong><\/h3>\n<p>Die \u00fcber die Formulare auf der Website elektronisch \u00fcbermittelten personenbezogenen Daten werden verarbeitet, um auf Ihre Anfrage zu antworten, Ihnen auf beliebigem Wege (physisch oder elektronisch) Werbung f\u00fcr unsere Produkte\/Dienstleistungen zuzusenden und Sie zu den vom Unternehmen organisierten Veranstaltungen einzuladen. Die Daten, die verarbeitet werden, sind:<\/p>\n<h4><strong>Wer ist verantwortlich?<\/strong><\/h4>\n<ul>\n<li>Verantwortlich: SOCIEDAD DE PROMOCION Y DESARROLLO ECONOMICO DE LA ISLA DE LA PALMA SAU<\/li>\n<li>Adresse: AVENIDA DE LOS INDIANOS 14 2\u00baB - 38700 - SANTA CRUZ DE LA PALMA<\/li>\n<li>Telefon: 922417323<\/li>\n<li>Post:\u00a0\u00a0\u00a0\u00a0\u00a0\u00a0\u00a0\u00a0\u00a0\u00a0 <a href=\"mailto:gerencia@sodepal.es\">gerencia@sodepal.es<\/a><\/li>\n<\/ul>\n<h4><strong>Wer ist der Datenschutzbeauftragte?<\/strong><\/h4>\n<ul>\n<li>Delegierter: MIGUEL ANGEL ALVAREZ DIAZ<\/li>\n<li>Post:\u00a0\u00a0\u00a0\u00a0\u00a0\u00a0\u00a0\u00a0\u00a0\u00a0 <a href=\"mailto:dpo@gextiona.com\">dpo@gextiona.com<\/a><\/li>\n<\/ul>\n<h4><strong>F\u00fcr welche Zwecke verarbeiten wir Ihre pers\u00f6nlichen Daten?<\/strong><\/h4>\n<p>Versenden Sie Informationen und Werbeprospekte.<br \/>\nUm Ihnen Produkte und Dienstleistungen anbieten zu k\u00f6nnen, die Ihren Interessen entsprechen, und um Ihr Nutzererlebnis zu verbessern, erstellen wir auf der Grundlage der von Ihnen bereitgestellten Informationen ein Marketingprofil. Auf der Grundlage dieses Profils werden keine automatisierten Entscheidungen getroffen.<\/p>\n<h4><strong>Wie lange werden wir Ihre Daten aufbewahren?<\/strong><\/h4>\n<p>F\u00fcr die Dauer des Vertragsverh\u00e4ltnisses, wenn Sie ein Kunde sind.<br \/>\nF\u00fcr einen Zeitraum von einem Jahr ab der letzten Interessenbest\u00e4tigung, wenn Sie kein Kunde sind.<\/p>\n<h4><strong>Wodurch wird die Verarbeitung Ihrer pers\u00f6nlichen Daten legitimiert?<\/strong><\/h4>\n<p>Das voraussichtliche Angebot von Produkten und Dienstleistungen basiert auf Ihrer Zustimmung, ohne dass der Widerruf der Zustimmung in jedem Fall eine Bedingung f\u00fcr die Ausf\u00fchrung des Dienstleistungsvertrags ist.<\/p>\n<h4><strong>An welche Empf\u00e4nger werden Ihre Daten weitergegeben?<\/strong><\/h4>\n<p>Sie werden niemals an Dritte weitergegeben.<\/p>\n<h4><strong>Welche Rechte haben Sie, wenn Sie uns Ihre pers\u00f6nlichen Daten zur Verf\u00fcgung stellen?<\/strong><\/h4>\n<p>Jede Person hat das Recht, eine Best\u00e4tigung dar\u00fcber zu erhalten, ob wir sie betreffende personenbezogene Daten verarbeiten oder nicht. Betroffene Personen haben das Recht auf Zugang zu ihren personenbezogenen Daten sowie das Recht, die Berichtigung unrichtiger Daten oder gegebenenfalls deren L\u00f6schung zu verlangen, wenn die Daten unter anderem f\u00fcr die Zwecke, f\u00fcr die sie erhoben wurden, nicht mehr erforderlich sind. Unter bestimmten Umst\u00e4nden k\u00f6nnen die betroffenen Personen die Einschr\u00e4nkung der Verarbeitung ihrer Daten verlangen. In diesem Fall werden wir die Daten nur zur Geltendmachung oder Verteidigung von Anspr\u00fcchen aufbewahren. Unter bestimmten Umst\u00e4nden und aus Gr\u00fcnden, die sich auf ihre besondere Situation beziehen, k\u00f6nnen betroffene Personen gegen die Verarbeitung ihrer Daten Widerspruch einlegen. Dar\u00fcber hinaus k\u00f6nnen sie bei der Aufsichtsbeh\u00f6rde (www.aepd.es) Beschwerde \u00fcber ihre Rechte einlegen.<\/p>\n<h3>Verkn\u00fcpfung der Politik<\/h3>\n<p>Die Website kann Links zu anderen Websites enthalten, deren Datenschutzrichtlinien von der vorliegenden abweichen. Die SOCIEDAD DE PROMOCION Y DESARROLLO ECONOMICO DE LA ISLA DE LA PALMA SAU ist nicht f\u00fcr den Inhalt oder die Praktiken der verlinkten Websites verantwortlich und dem Benutzer wird empfohlen, die Datenschutzbestimmungen jeder Website, auf die er von dieser Website aus zugreift, im Detail zu lesen.<\/p>\n<h4>Geistiges und gewerbliches Eigentum<\/h4>\n<p>Die geistigen und gewerblichen Eigentumsrechte, Nutzungs- und Vervielf\u00e4ltigungsrechte dieser Website (Seiten, Bildschirme, Informationen, Aussehen, Struktur und Design, Quellcode, Audiodateien und Software sowie Links) sind Eigentum, lizenziert oder abgetreten an <strong>SOCIEDAD DE PROMOCION Y DESARROLLO ECONOMICO DE LA ISLA DE LA PALMA SAU<\/strong> sofern nicht anders angegeben.<\/p>\n<p>Der Name, das Design und die Logos, aus denen diese Website besteht, sind ordnungsgem\u00e4\u00df eingetragene Marken. Ihre missbr\u00e4uchliche Verwendung kann gem\u00e4\u00df der geltenden Gesetzgebung geahndet werden.<\/p>\n<p>Die geistigen Eigentumsrechte und Marken Dritter werden hervorgehoben und m\u00fcssen vom Benutzer in jedem Fall respektiert werden.<\/p>\n\n\t\t<\/div> \n\t<\/div> \t<div class=\"vc_empty_space\"  style=\"height: 100px\" ><span\r\n\t\t\tclass=\"vc_empty_space_inner\">\r\n\t\t\t<span class=\"empty_space_image\"  ><\/span>\r\n\t\t<\/span><\/div>\r\n\n\n\t<div class=\"wpb_text_column wpb_content_element\">\n\t\t<div class=\"wpb_wrapper\">\n\t\t\t\n\t\t<\/div> \n\t<\/div> <\/div><\/div><\/div><\/div><\/div><\/div><\/div><\/div><\/div><\/div><\/div><\/div>","protected":false},"excerpt":{"rendered":"Datenschutz und rechtliche Hinweise Allgemeine Informationen In \u00dcbereinstimmung mit der Informationspflicht gem\u00e4\u00df dem Gesetz 34\/2002 vom 11. Juli \u00fcber die Dienste der Informationsgesellschaft und den elektronischen Handel werden im Folgenden die allgemeinen Informationen der Website aufgef\u00fchrt: SOCIEDAD DE PROMOCION...","protected":false},"author":4,"featured_media":0,"parent":0,"menu_order":0,"comment_status":"closed","ping_status":"closed","template":"full_width.php","meta":{"footnotes":""},"class_list":["post-466","page","type-page","status-publish","hentry"],"yoast_head":"<!-- This site is optimized with the Yoast SEO plugin v27.0 - https:\/\/yoast.com\/product\/yoast-seo-wordpress\/ -->\n<title>Pol\u00edtica de Privacidad - Saborea La Palma<\/title>\n<meta name=\"robots\" content=\"index, follow, max-snippet:-1, max-image-preview:large, max-video-preview:-1\" \/>\n<link rel=\"canonical\" href=\"https:\/\/saborealapalma.es\/de\/politica-privacidad-aviso-legal\/\" \/>\n<meta property=\"og:locale\" content=\"de_DE\" \/>\n<meta property=\"og:type\" content=\"article\" \/>\n<meta property=\"og:title\" content=\"Pol\u00edtica de Privacidad - Saborea La Palma\" \/>\n<meta property=\"og:url\" content=\"https:\/\/saborealapalma.es\/de\/politica-privacidad-aviso-legal\/\" \/>\n<meta property=\"og:site_name\" content=\"Saborea La Palma\" \/>\n<meta property=\"article:modified_time\" content=\"2024-04-16T14:43:59+00:00\" \/>\n<meta name=\"twitter:card\" content=\"summary_large_image\" \/>\n<meta name=\"twitter:label1\" content=\"Gesch\u00e4tzte Lesezeit\" \/>\n\t<meta name=\"twitter:data1\" content=\"5\u00a0Minuten\" \/>\n<script type=\"application\/ld+json\" class=\"yoast-schema-graph\">{\"@context\":\"https:\/\/schema.org\",\"@graph\":[{\"@type\":\"WebPage\",\"@id\":\"https:\/\/saborealapalma.es\/politica-privacidad-aviso-legal\/\",\"url\":\"https:\/\/saborealapalma.es\/politica-privacidad-aviso-legal\/\",\"name\":\"Pol\u00edtica de Privacidad - Saborea La Palma\",\"isPartOf\":{\"@id\":\"https:\/\/saborealapalma.es\/#website\"},\"datePublished\":\"2020-11-06T17:15:23+00:00\",\"dateModified\":\"2024-04-16T14:43:59+00:00\",\"breadcrumb\":{\"@id\":\"https:\/\/saborealapalma.es\/politica-privacidad-aviso-legal\/#breadcrumb\"},\"inLanguage\":\"de\",\"potentialAction\":[{\"@type\":\"ReadAction\",\"target\":[\"https:\/\/saborealapalma.es\/politica-privacidad-aviso-legal\/\"]}]},{\"@type\":\"BreadcrumbList\",\"@id\":\"https:\/\/saborealapalma.es\/politica-privacidad-aviso-legal\/#breadcrumb\",\"itemListElement\":[{\"@type\":\"ListItem\",\"position\":1,\"name\":\"Portada\",\"item\":\"https:\/\/saborealapalma.es\/\"},{\"@type\":\"ListItem\",\"position\":2,\"name\":\"Pol\u00edtica de Privacidad\"}]},{\"@type\":\"WebSite\",\"@id\":\"https:\/\/saborealapalma.es\/#website\",\"url\":\"https:\/\/saborealapalma.es\/\",\"name\":\"Saborea La Palma\",\"description\":\"Saborea La Palma es el proyecto que lidera la Sociedad de Promoci\u00f3n Econ\u00f3mica de La Palma (SODEPAL S.A.U.M.P), empresa p\u00fablica dependiente de Cabildo Insular de La Palma, para la revalorizaci\u00f3n y el posicionamiento de la gastronom\u00eda palmera en los mercados regionales, nacionales e internacionales.\",\"potentialAction\":[{\"@type\":\"SearchAction\",\"target\":{\"@type\":\"EntryPoint\",\"urlTemplate\":\"https:\/\/saborealapalma.es\/?s={search_term_string}\"},\"query-input\":{\"@type\":\"PropertyValueSpecification\",\"valueRequired\":true,\"valueName\":\"search_term_string\"}}],\"inLanguage\":\"de\"}]}<\/script>\n<!-- \/ Yoast SEO plugin. -->","yoast_head_json":{"title":"Pol\u00edtica de Privacidad - Saborea La Palma","robots":{"index":"index","follow":"follow","max-snippet":"max-snippet:-1","max-image-preview":"max-image-preview:large","max-video-preview":"max-video-preview:-1"},"canonical":"https:\/\/saborealapalma.es\/de\/politica-privacidad-aviso-legal\/","og_locale":"de_DE","og_type":"article","og_title":"Pol\u00edtica de Privacidad - Saborea La Palma","og_url":"https:\/\/saborealapalma.es\/de\/politica-privacidad-aviso-legal\/","og_site_name":"Saborea La Palma","article_modified_time":"2024-04-16T14:43:59+00:00","twitter_card":"summary_large_image","twitter_misc":{"Gesch\u00e4tzte Lesezeit":"5\u00a0Minuten"},"schema":{"@context":"https:\/\/schema.org","@graph":[{"@type":"WebPage","@id":"https:\/\/saborealapalma.es\/politica-privacidad-aviso-legal\/","url":"https:\/\/saborealapalma.es\/politica-privacidad-aviso-legal\/","name":"Pol\u00edtica de Privacidad - Saborea La Palma","isPartOf":{"@id":"https:\/\/saborealapalma.es\/#website"},"datePublished":"2020-11-06T17:15:23+00:00","dateModified":"2024-04-16T14:43:59+00:00","breadcrumb":{"@id":"https:\/\/saborealapalma.es\/politica-privacidad-aviso-legal\/#breadcrumb"},"inLanguage":"de","potentialAction":[{"@type":"ReadAction","target":["https:\/\/saborealapalma.es\/politica-privacidad-aviso-legal\/"]}]},{"@type":"BreadcrumbList","@id":"https:\/\/saborealapalma.es\/politica-privacidad-aviso-legal\/#breadcrumb","itemListElement":[{"@type":"ListItem","position":1,"name":"Portada","item":"https:\/\/saborealapalma.es\/"},{"@type":"ListItem","position":2,"name":"Pol\u00edtica de Privacidad"}]},{"@type":"WebSite","@id":"https:\/\/saborealapalma.es\/#website","url":"https:\/\/saborealapalma.es\/","name":"Schmecken Sie La Palma","description":"Saborea La Palma ist das von der Sociedad de Promoci\u00f3n Econ\u00f3mica de La Palma (SODEPAL S.A.U.M.P), einem vom Cabildo Insular de La Palma abh\u00e4ngigen \u00f6ffentlichen Unternehmen, geleitete Projekt zur Aufwertung und Positionierung der Gastronomie La Palmas auf regionalen, nationalen und internationalen M\u00e4rkten.","potentialAction":[{"@type":"SearchAction","target":{"@type":"EntryPoint","urlTemplate":"https:\/\/saborealapalma.es\/?s={search_term_string}"},"query-input":{"@type":"PropertyValueSpecification","valueRequired":true,"valueName":"search_term_string"}}],"inLanguage":"de"}]}},"_links":{"self":[{"href":"https:\/\/saborealapalma.es\/de\/wp-json\/wp\/v2\/pages\/466","targetHints":{"allow":["GET"]}}],"collection":[{"href":"https:\/\/saborealapalma.es\/de\/wp-json\/wp\/v2\/pages"}],"about":[{"href":"https:\/\/saborealapalma.es\/de\/wp-json\/wp\/v2\/types\/page"}],"author":[{"embeddable":true,"href":"https:\/\/saborealapalma.es\/de\/wp-json\/wp\/v2\/users\/4"}],"replies":[{"embeddable":true,"href":"https:\/\/saborealapalma.es\/de\/wp-json\/wp\/v2\/comments?post=466"}],"version-history":[{"count":2,"href":"https:\/\/saborealapalma.es\/de\/wp-json\/wp\/v2\/pages\/466\/revisions"}],"predecessor-version":[{"id":6665,"href":"https:\/\/saborealapalma.es\/de\/wp-json\/wp\/v2\/pages\/466\/revisions\/6665"}],"wp:attachment":[{"href":"https:\/\/saborealapalma.es\/de\/wp-json\/wp\/v2\/media?parent=466"}],"curies":[{"name":"wp","href":"https:\/\/api.w.org\/{rel}","templated":true}]}}