{"id":6348,"date":"2024-03-07T11:27:26","date_gmt":"2024-03-07T11:27:26","guid":{"rendered":"https:\/\/saborealapalma.es\/?page_id=6348"},"modified":"2026-02-03T07:23:22","modified_gmt":"2026-02-03T07:23:22","slug":"inscripcion-a-ferias","status":"publish","type":"page","link":"https:\/\/saborealapalma.es\/de\/inscripcion-a-ferias\/","title":{"rendered":"Anmeldung f\u00fcr Messen"},"content":{"rendered":"<div data-elementor-type=\"wp-page\" data-elementor-id=\"6348\" class=\"elementor elementor-6348\" data-elementor-post-type=\"page\">\n\t\t\t\t\t\t<section data-particle_enable=\"false\" data-particle-mobile-disabled=\"false\" class=\"elementor-section elementor-top-section elementor-element elementor-element-84e6ff8 elementor-section-boxed elementor-section-height-default elementor-section-height-default parallax_section_no qode_elementor_container_no\" data-id=\"84e6ff8\" data-element_type=\"section\" data-e-type=\"section\">\n\t\t\t\t\t\t<div class=\"elementor-container elementor-column-gap-default\">\n\t\t\t\t\t<div class=\"elementor-column elementor-col-100 elementor-top-column elementor-element elementor-element-52add09\" data-id=\"52add09\" data-element_type=\"column\" data-e-type=\"column\">\n\t\t\t<div class=\"elementor-widget-wrap elementor-element-populated\">\n\t\t\t\t\t\t<div class=\"elementor-element elementor-element-1cf4e39 elementor-widget elementor-widget-heading\" data-id=\"1cf4e39\" data-element_type=\"widget\" data-e-type=\"widget\" data-widget_type=\"heading.default\">\n\t\t\t\t<div class=\"elementor-widget-container\">\n\t\t\t\t\t<h2 class=\"elementor-heading-title elementor-size-default\">Anmeldung f\u00fcr Messen<\/h2>\t\t\t\t<\/div>\n\t\t\t\t<\/div>\n\t\t\t\t\t<\/div>\n\t\t<\/div>\n\t\t\t\t\t<\/div>\n\t\t<\/section>\n\t\t\t\t<section data-particle_enable=\"false\" data-particle-mobile-disabled=\"false\" class=\"elementor-section elementor-top-section elementor-element elementor-element-69768d4 elementor-section-boxed elementor-section-height-default elementor-section-height-default parallax_section_no qode_elementor_container_no\" data-id=\"69768d4\" data-element_type=\"section\" data-e-type=\"section\" data-settings=\"{&quot;enabled_visibility&quot;:&quot;yes&quot;,&quot;dce_visibility_selected&quot;:&quot;yes&quot;}\">\n\t\t\t\t\t\t<div class=\"elementor-container elementor-column-gap-default\">\n\t\t\t\t\t<div class=\"elementor-column elementor-col-33 elementor-top-column elementor-element elementor-element-3e4e906 elementor-hidden-mobile\" data-id=\"3e4e906\" data-element_type=\"column\" data-e-type=\"column\">\n\t\t\t<div class=\"elementor-widget-wrap\">\n\t\t\t\t\t\t\t<\/div>\n\t\t<\/div>\n\t\t\t\t<div class=\"elementor-column elementor-col-33 elementor-top-column elementor-element elementor-element-0899415\" data-id=\"0899415\" data-element_type=\"column\" data-e-type=\"column\">\n\t\t\t<div class=\"elementor-widget-wrap elementor-element-populated\">\n\t\t\t\t\t\t<div class=\"elementor-element elementor-element-54729f0 dce_masking-none elementor-widget elementor-widget-image\" data-id=\"54729f0\" data-element_type=\"widget\" data-e-type=\"widget\" data-widget_type=\"image.default\">\n\t\t\t\t<div class=\"elementor-widget-container\">\n\t\t\t\t\t\t\t\t\t\t\t\t\t\t\t\t<a href=\"https:\/\/saborealapalma.es\/de\/inscripcion-a-ferias\/inscripcion-a-lista-de-espera-del-salon-gourmets-edicion-39\/\">\n\t\t\t\t\t\t\t<img fetchpriority=\"high\" decoding=\"async\" width=\"825\" height=\"450\" src=\"https:\/\/saborealapalma.es\/wp-content\/uploads\/2026\/02\/salon-gourmets-2026.jpeg\" class=\"attachment-large size-large wp-image-9115\" alt=\"\" srcset=\"https:\/\/saborealapalma.es\/wp-content\/uploads\/2026\/02\/salon-gourmets-2026.jpeg 825w, https:\/\/saborealapalma.es\/wp-content\/uploads\/2026\/02\/salon-gourmets-2026-300x164.jpeg 300w, https:\/\/saborealapalma.es\/wp-content\/uploads\/2026\/02\/salon-gourmets-2026-768x419.jpeg 768w, https:\/\/saborealapalma.es\/wp-content\/uploads\/2026\/02\/salon-gourmets-2026-18x10.jpeg 18w, https:\/\/saborealapalma.es\/wp-content\/uploads\/2026\/02\/salon-gourmets-2026-700x382.jpeg 700w\" sizes=\"(max-width: 825px) 100vw, 825px\" \/>\t\t\t\t\t\t\t\t<\/a>\n\t\t\t\t\t\t\t\t\t\t\t\t\t\t\t<\/div>\n\t\t\t\t<\/div>\n\t\t\t\t\t<\/div>\n\t\t<\/div>\n\t\t\t\t<div class=\"elementor-column elementor-col-33 elementor-top-column elementor-element elementor-element-9681da3 elementor-hidden-mobile\" data-id=\"9681da3\" data-element_type=\"column\" data-e-type=\"column\">\n\t\t\t<div class=\"elementor-widget-wrap\">\n\t\t\t\t\t\t\t<\/div>\n\t\t<\/div>\n\t\t\t\t\t<\/div>\n\t\t<\/section>\n\t\t<!-- dce invisible element 912d40d -->\t\t<\/div>","protected":false},"excerpt":{"rendered":"<p>Anmeldung f\u00fcr Messen Derzeit ist keine Anmeldung ge\u00f6ffnet.<\/p>","protected":false},"author":4,"featured_media":0,"parent":0,"menu_order":0,"comment_status":"closed","ping_status":"closed","template":"","meta":{"footnotes":""},"class_list":["post-6348","page","type-page","status-publish","hentry"],"yoast_head":"<!-- This site is optimized with the Yoast SEO plugin v27.0 - https:\/\/yoast.com\/product\/yoast-seo-wordpress\/ -->\n<title>Inscripci\u00f3n a ferias - Saborea La Palma<\/title>\n<meta name=\"robots\" content=\"index, follow, max-snippet:-1, max-image-preview:large, max-video-preview:-1\" \/>\n<link rel=\"canonical\" href=\"https:\/\/saborealapalma.es\/de\/inscripcion-a-ferias\/\" \/>\n<meta property=\"og:locale\" content=\"de_DE\" \/>\n<meta property=\"og:type\" content=\"article\" \/>\n<meta property=\"og:title\" content=\"Inscripci\u00f3n a ferias - Saborea La Palma\" \/>\n<meta property=\"og:description\" content=\"Inscripci\u00f3n a ferias Actualmente no hay inscripciones abiertas\" \/>\n<meta property=\"og:url\" content=\"https:\/\/saborealapalma.es\/de\/inscripcion-a-ferias\/\" \/>\n<meta property=\"og:site_name\" content=\"Saborea La Palma\" \/>\n<meta property=\"article:modified_time\" content=\"2026-02-03T07:23:22+00:00\" \/>\n<meta property=\"og:image\" content=\"https:\/\/saborealapalma.es\/wp-content\/uploads\/2026\/02\/salon-gourmets-2026.jpeg\" \/>\n<meta name=\"twitter:card\" content=\"summary_large_image\" \/>\n<meta name=\"twitter:label1\" content=\"Gesch\u00e4tzte Lesezeit\" \/>\n\t<meta name=\"twitter:data1\" content=\"1\u00a0Minute\" \/>\n<script type=\"application\/ld+json\" class=\"yoast-schema-graph\">{\"@context\":\"https:\/\/schema.org\",\"@graph\":[{\"@type\":\"WebPage\",\"@id\":\"https:\/\/saborealapalma.es\/inscripcion-a-ferias\/\",\"url\":\"https:\/\/saborealapalma.es\/inscripcion-a-ferias\/\",\"name\":\"Inscripci\u00f3n a ferias - Saborea La Palma\",\"isPartOf\":{\"@id\":\"https:\/\/saborealapalma.es\/#website\"},\"primaryImageOfPage\":{\"@id\":\"https:\/\/saborealapalma.es\/inscripcion-a-ferias\/#primaryimage\"},\"image\":{\"@id\":\"https:\/\/saborealapalma.es\/inscripcion-a-ferias\/#primaryimage\"},\"thumbnailUrl\":\"https:\/\/saborealapalma.es\/wp-content\/uploads\/2026\/02\/salon-gourmets-2026.jpeg\",\"datePublished\":\"2024-03-07T11:27:26+00:00\",\"dateModified\":\"2026-02-03T07:23:22+00:00\",\"breadcrumb\":{\"@id\":\"https:\/\/saborealapalma.es\/inscripcion-a-ferias\/#breadcrumb\"},\"inLanguage\":\"de\",\"potentialAction\":[{\"@type\":\"ReadAction\",\"target\":[\"https:\/\/saborealapalma.es\/inscripcion-a-ferias\/\"]}]},{\"@type\":\"ImageObject\",\"inLanguage\":\"de\",\"@id\":\"https:\/\/saborealapalma.es\/inscripcion-a-ferias\/#primaryimage\",\"url\":\"https:\/\/saborealapalma.es\/wp-content\/uploads\/2026\/02\/salon-gourmets-2026.jpeg\",\"contentUrl\":\"https:\/\/saborealapalma.es\/wp-content\/uploads\/2026\/02\/salon-gourmets-2026.jpeg\"},{\"@type\":\"BreadcrumbList\",\"@id\":\"https:\/\/saborealapalma.es\/inscripcion-a-ferias\/#breadcrumb\",\"itemListElement\":[{\"@type\":\"ListItem\",\"position\":1,\"name\":\"Portada\",\"item\":\"https:\/\/saborealapalma.es\/\"},{\"@type\":\"ListItem\",\"position\":2,\"name\":\"Inscripci\u00f3n a ferias\"}]},{\"@type\":\"WebSite\",\"@id\":\"https:\/\/saborealapalma.es\/#website\",\"url\":\"https:\/\/saborealapalma.es\/\",\"name\":\"Saborea La Palma\",\"description\":\"Saborea La Palma es el proyecto que lidera la Sociedad de Promoci\u00f3n Econ\u00f3mica de La Palma (SODEPAL S.A.U.M.P), empresa p\u00fablica dependiente de Cabildo Insular de La Palma, para la revalorizaci\u00f3n y el posicionamiento de la gastronom\u00eda palmera en los mercados regionales, nacionales e internacionales.\",\"potentialAction\":[{\"@type\":\"SearchAction\",\"target\":{\"@type\":\"EntryPoint\",\"urlTemplate\":\"https:\/\/saborealapalma.es\/?s={search_term_string}\"},\"query-input\":{\"@type\":\"PropertyValueSpecification\",\"valueRequired\":true,\"valueName\":\"search_term_string\"}}],\"inLanguage\":\"de\"}]}<\/script>\n<!-- \/ Yoast SEO plugin. -->","yoast_head_json":{"title":"Inscripci\u00f3n a ferias - Saborea La Palma","robots":{"index":"index","follow":"follow","max-snippet":"max-snippet:-1","max-image-preview":"max-image-preview:large","max-video-preview":"max-video-preview:-1"},"canonical":"https:\/\/saborealapalma.es\/de\/inscripcion-a-ferias\/","og_locale":"de_DE","og_type":"article","og_title":"Inscripci\u00f3n a ferias - Saborea La Palma","og_description":"Inscripci\u00f3n a ferias Actualmente no hay inscripciones abiertas","og_url":"https:\/\/saborealapalma.es\/de\/inscripcion-a-ferias\/","og_site_name":"Saborea La Palma","article_modified_time":"2026-02-03T07:23:22+00:00","og_image":[{"url":"https:\/\/saborealapalma.es\/wp-content\/uploads\/2026\/02\/salon-gourmets-2026.jpeg","type":"","width":"","height":""}],"twitter_card":"summary_large_image","twitter_misc":{"Gesch\u00e4tzte Lesezeit":"1\u00a0Minute"},"schema":{"@context":"https:\/\/schema.org","@graph":[{"@type":"WebPage","@id":"https:\/\/saborealapalma.es\/inscripcion-a-ferias\/","url":"https:\/\/saborealapalma.es\/inscripcion-a-ferias\/","name":"Inscripci\u00f3n a ferias - Saborea La Palma","isPartOf":{"@id":"https:\/\/saborealapalma.es\/#website"},"primaryImageOfPage":{"@id":"https:\/\/saborealapalma.es\/inscripcion-a-ferias\/#primaryimage"},"image":{"@id":"https:\/\/saborealapalma.es\/inscripcion-a-ferias\/#primaryimage"},"thumbnailUrl":"https:\/\/saborealapalma.es\/wp-content\/uploads\/2026\/02\/salon-gourmets-2026.jpeg","datePublished":"2024-03-07T11:27:26+00:00","dateModified":"2026-02-03T07:23:22+00:00","breadcrumb":{"@id":"https:\/\/saborealapalma.es\/inscripcion-a-ferias\/#breadcrumb"},"inLanguage":"de","potentialAction":[{"@type":"ReadAction","target":["https:\/\/saborealapalma.es\/inscripcion-a-ferias\/"]}]},{"@type":"ImageObject","inLanguage":"de","@id":"https:\/\/saborealapalma.es\/inscripcion-a-ferias\/#primaryimage","url":"https:\/\/saborealapalma.es\/wp-content\/uploads\/2026\/02\/salon-gourmets-2026.jpeg","contentUrl":"https:\/\/saborealapalma.es\/wp-content\/uploads\/2026\/02\/salon-gourmets-2026.jpeg"},{"@type":"BreadcrumbList","@id":"https:\/\/saborealapalma.es\/inscripcion-a-ferias\/#breadcrumb","itemListElement":[{"@type":"ListItem","position":1,"name":"Portada","item":"https:\/\/saborealapalma.es\/"},{"@type":"ListItem","position":2,"name":"Inscripci\u00f3n a ferias"}]},{"@type":"WebSite","@id":"https:\/\/saborealapalma.es\/#website","url":"https:\/\/saborealapalma.es\/","name":"Schmecken Sie La Palma","description":"Saborea La Palma ist das von der Sociedad de Promoci\u00f3n Econ\u00f3mica de La Palma (SODEPAL S.A.U.M.P), einem vom Cabildo Insular de La Palma abh\u00e4ngigen \u00f6ffentlichen Unternehmen, geleitete Projekt zur Aufwertung und Positionierung der Gastronomie La Palmas auf regionalen, nationalen und internationalen M\u00e4rkten.","potentialAction":[{"@type":"SearchAction","target":{"@type":"EntryPoint","urlTemplate":"https:\/\/saborealapalma.es\/?s={search_term_string}"},"query-input":{"@type":"PropertyValueSpecification","valueRequired":true,"valueName":"search_term_string"}}],"inLanguage":"de"}]}},"_links":{"self":[{"href":"https:\/\/saborealapalma.es\/de\/wp-json\/wp\/v2\/pages\/6348","targetHints":{"allow":["GET"]}}],"collection":[{"href":"https:\/\/saborealapalma.es\/de\/wp-json\/wp\/v2\/pages"}],"about":[{"href":"https:\/\/saborealapalma.es\/de\/wp-json\/wp\/v2\/types\/page"}],"author":[{"embeddable":true,"href":"https:\/\/saborealapalma.es\/de\/wp-json\/wp\/v2\/users\/4"}],"replies":[{"embeddable":true,"href":"https:\/\/saborealapalma.es\/de\/wp-json\/wp\/v2\/comments?post=6348"}],"version-history":[{"count":96,"href":"https:\/\/saborealapalma.es\/de\/wp-json\/wp\/v2\/pages\/6348\/revisions"}],"predecessor-version":[{"id":9122,"href":"https:\/\/saborealapalma.es\/de\/wp-json\/wp\/v2\/pages\/6348\/revisions\/9122"}],"wp:attachment":[{"href":"https:\/\/saborealapalma.es\/de\/wp-json\/wp\/v2\/media?parent=6348"}],"curies":[{"name":"wp","href":"https:\/\/api.w.org\/{rel}","templated":true}]}}