{"id":6412,"date":"2024-03-13T12:54:05","date_gmt":"2024-03-13T12:54:05","guid":{"rendered":"https:\/\/saborealapalma.es\/?page_id=6412"},"modified":"2024-03-13T13:29:48","modified_gmt":"2024-03-13T13:29:48","slug":"vaca-palmera","status":"publish","type":"page","link":"https:\/\/saborealapalma.es\/de\/patrimonio-gastronomico\/vaca-palmera\/","title":{"rendered":"Palmenkuh"},"content":{"rendered":"<div data-elementor-type=\"wp-page\" data-elementor-id=\"6412\" class=\"elementor elementor-6412\" data-elementor-post-type=\"page\">\n\t\t\t\t\t\t<section data-particle_enable=\"false\" data-particle-mobile-disabled=\"false\" class=\"elementor-section elementor-top-section elementor-element elementor-element-aec8517 elementor-section-boxed elementor-section-height-default elementor-section-height-default parallax_section_no qode_elementor_container_no\" data-id=\"aec8517\" data-element_type=\"section\" data-e-type=\"section\">\n\t\t\t\t\t\t<div class=\"elementor-container elementor-column-gap-default\">\n\t\t\t\t\t<div class=\"elementor-column elementor-col-100 elementor-top-column elementor-element elementor-element-554a0ed\" data-id=\"554a0ed\" data-element_type=\"column\" data-e-type=\"column\">\n\t\t\t<div class=\"elementor-widget-wrap elementor-element-populated\">\n\t\t\t\t\t\t<div class=\"elementor-element elementor-element-d09f445 elementor-widget elementor-widget-heading\" data-id=\"d09f445\" data-element_type=\"widget\" data-e-type=\"widget\" data-widget_type=\"heading.default\">\n\t\t\t\t<div class=\"elementor-widget-container\">\n\t\t\t\t\t<h2 class=\"elementor-heading-title elementor-size-default\">Gastronomisches Erbe<\/h2>\t\t\t\t<\/div>\n\t\t\t\t<\/div>\n\t\t\t\t\t<\/div>\n\t\t<\/div>\n\t\t\t\t\t<\/div>\n\t\t<\/section>\n\t\t\t\t<section data-particle_enable=\"false\" data-particle-mobile-disabled=\"false\" class=\"elementor-section elementor-top-section elementor-element elementor-element-7ed988a9 elementor-section-content-middle elementor-section-boxed elementor-section-height-default elementor-section-height-default parallax_section_no qode_elementor_container_no\" data-id=\"7ed988a9\" data-element_type=\"section\" data-e-type=\"section\">\n\t\t\t\t\t\t<div class=\"elementor-container elementor-column-gap-no\">\n\t\t\t\t\t<div class=\"elementor-column elementor-col-50 elementor-top-column elementor-element elementor-element-378f8c5 elementor-invisible\" data-id=\"378f8c5\" data-element_type=\"column\" data-e-type=\"column\" data-settings=\"{&quot;animation&quot;:&quot;fadeInLeft&quot;}\">\n\t\t\t<div class=\"elementor-widget-wrap elementor-element-populated\">\n\t\t\t\t\t\t<div class=\"elementor-element elementor-element-3028c697 dce_masking-none elementor-widget elementor-widget-image\" data-id=\"3028c697\" data-element_type=\"widget\" data-e-type=\"widget\" data-widget_type=\"image.default\">\n\t\t\t\t<div class=\"elementor-widget-container\">\n\t\t\t\t\t\t\t\t\t\t\t\t\t\t\t\t<a href=\"https:\/\/saborealapalma.es\/wp-content\/uploads\/2024\/03\/vaca_palmera1.jpg\" data-src=\"https:\/\/saborealapalma.es\/wp-content\/uploads\/2024\/03\/vaca_palmera1.jpg\" data-thumb=\"https:\/\/saborealapalma.es\/wp-content\/uploads\/2024\/03\/vaca_palmera1.jpg\" class=\"ml-lightbox-enabled\">\n\t\t\t\t\t\t\t<img fetchpriority=\"high\" decoding=\"async\" width=\"1440\" height=\"960\" src=\"https:\/\/saborealapalma.es\/wp-content\/uploads\/2024\/03\/vaca_palmera1.jpg\" class=\"attachment-full size-full wp-image-6407\" alt=\"\" srcset=\"https:\/\/saborealapalma.es\/wp-content\/uploads\/2024\/03\/vaca_palmera1.jpg 1440w, https:\/\/saborealapalma.es\/wp-content\/uploads\/2024\/03\/vaca_palmera1-300x200.jpg 300w, https:\/\/saborealapalma.es\/wp-content\/uploads\/2024\/03\/vaca_palmera1-1024x683.jpg 1024w, https:\/\/saborealapalma.es\/wp-content\/uploads\/2024\/03\/vaca_palmera1-768x512.jpg 768w, https:\/\/saborealapalma.es\/wp-content\/uploads\/2024\/03\/vaca_palmera1-18x12.jpg 18w, https:\/\/saborealapalma.es\/wp-content\/uploads\/2024\/03\/vaca_palmera1-700x467.jpg 700w\" sizes=\"(max-width: 1440px) 100vw, 1440px\" \/>\t\t\t\t\t\t\t\t<\/a>\n\t\t\t\t\t\t\t\t\t\t\t\t\t\t\t<\/div>\n\t\t\t\t<\/div>\n\t\t\t\t\t<\/div>\n\t\t<\/div>\n\t\t\t\t<div class=\"elementor-column elementor-col-50 elementor-top-column elementor-element elementor-element-21952a8a elementor-invisible\" data-id=\"21952a8a\" data-element_type=\"column\" data-e-type=\"column\" data-settings=\"{&quot;animation&quot;:&quot;fadeInRight&quot;}\">\n\t\t\t<div class=\"elementor-widget-wrap elementor-element-populated\">\n\t\t\t\t\t\t<div class=\"elementor-element elementor-element-64d92ff2 elementor-widget elementor-widget-heading\" data-id=\"64d92ff2\" data-element_type=\"widget\" data-e-type=\"widget\" data-widget_type=\"heading.default\">\n\t\t\t\t<div class=\"elementor-widget-container\">\n\t\t\t\t\t<h4 class=\"elementor-heading-title elementor-size-default\">Palmenkuh<\/h4>\t\t\t\t<\/div>\n\t\t\t\t<\/div>\n\t\t\t\t<div class=\"elementor-element elementor-element-10815636 elementor-widget elementor-widget-text-editor\" data-id=\"10815636\" data-element_type=\"widget\" data-e-type=\"widget\" data-widget_type=\"text-editor.default\">\n\t\t\t\t<div class=\"elementor-widget-container\">\n\t\t\t\t\t\t\t\t\t<p style=\"font-weight: 400;\">Die Geschichte dieser Rasse reicht bis ins 16. Jahrhundert zur\u00fcck und es wird angenommen, dass sie ihren Ursprung in den Rubia Gallega K\u00fchen hat, die damals auf die Insel kamen.<\/p><p style=\"font-weight: 400;\">Seit Jahrhunderten spielt die Palmera-Kuh eine wichtige Rolle im Leben der Insel. Ihre Hauptaufgabe ist das Schleppen von Baumst\u00e4mmen und Steinen f\u00fcr den Bau sowie die Unterst\u00fctzung bei verschiedenen landwirtschaftlichen Arbeiten. Dank ihres gutm\u00fctigen und ruhigen Charakters kann sie auch in schwierigem Gel\u00e4nde und kleinen Obstplantagen arbeiten, was sie zu einem unsch\u00e4tzbaren Begleiter f\u00fcr die \u00f6rtlichen Bauern macht.<\/p>\t\t\t\t\t\t\t\t<\/div>\n\t\t\t\t<\/div>\n\t\t\t\t\t<\/div>\n\t\t<\/div>\n\t\t\t\t\t<\/div>\n\t\t<\/section>\n\t\t\t\t<section data-particle_enable=\"false\" data-particle-mobile-disabled=\"false\" class=\"elementor-section elementor-top-section elementor-element elementor-element-52c9d52 elementor-section-content-middle elementor-reverse-mobile elementor-section-boxed elementor-section-height-default elementor-section-height-default parallax_section_no qode_elementor_container_no\" data-id=\"52c9d52\" data-element_type=\"section\" data-e-type=\"section\">\n\t\t\t\t\t\t<div class=\"elementor-container elementor-column-gap-no\">\n\t\t\t\t\t<div class=\"elementor-column elementor-col-50 elementor-top-column elementor-element elementor-element-7031a33 elementor-invisible\" data-id=\"7031a33\" data-element_type=\"column\" data-e-type=\"column\" data-settings=\"{&quot;animation&quot;:&quot;fadeInLeft&quot;}\">\n\t\t\t<div class=\"elementor-widget-wrap elementor-element-populated\">\n\t\t\t\t\t\t<div class=\"elementor-element elementor-element-8b63b14 elementor-widget elementor-widget-text-editor\" data-id=\"8b63b14\" data-element_type=\"widget\" data-e-type=\"widget\" data-widget_type=\"text-editor.default\">\n\t\t\t\t<div class=\"elementor-widget-container\">\n\t\t\t\t\t\t\t\t\t<p>Die Palmera-Kuh mit ihrer charakteristischen hellblonden Farbe und einem Durchschnittsgewicht von etwa 600 Kilo ist f\u00fcr ihre Fleischqualit\u00e4t bekannt. Sie wird halb-extensiv gez\u00fcchtet, wobei die nat\u00fcrlichen Weiden und das Futter der Insel genutzt werden, was zur Erhaltung der charakteristischen Landschaft von La Palma beitr\u00e4gt.<\/p><p style=\"font-weight: 400;\">Ein herausragendes Merkmal von Palmera-Rindfleisch ist seine au\u00dfergew\u00f6hnliche Qualit\u00e4t. Die von der Tier\u00e4rztin M\u00aa. Nieves Rodr\u00edguez Mar\u00edn durchgef\u00fchrten Analysen haben gezeigt, dass dieses Fleisch keine Schwermetalle oder Toxine enth\u00e4lt und einen geringen Fettgehalt aufweist, da es reich an \u00d6ls\u00e4ure ist, was sich positiv auf die kardiovaskul\u00e4re Gesundheit auswirkt.<\/p><p style=\"font-weight: 400;\">Trotz ihres Wertes und ihrer Einzigartigkeit ist die Palmera-Kuh vom Aussterben bedroht, denn es gibt nur noch etwa 400 bis 500 Exemplare jeden Alters. Der Verzehr von Palmera-Rindfleisch garantiert nicht nur ein au\u00dfergew\u00f6hnliches gastronomisches Erlebnis, sondern tr\u00e4gt auch zur Erhaltung dieser einheimischen Rasse und der Artenvielfalt der Viehbest\u00e4nde in der Region bei.<\/p>\t\t\t\t\t\t\t\t<\/div>\n\t\t\t\t<\/div>\n\t\t\t\t\t<\/div>\n\t\t<\/div>\n\t\t\t\t<div class=\"elementor-column elementor-col-50 elementor-top-column elementor-element elementor-element-4f793cf elementor-invisible\" data-id=\"4f793cf\" data-element_type=\"column\" data-e-type=\"column\" data-settings=\"{&quot;animation&quot;:&quot;fadeInRight&quot;}\">\n\t\t\t<div class=\"elementor-widget-wrap elementor-element-populated\">\n\t\t\t\t\t\t<div class=\"elementor-element elementor-element-451b7bf dce_masking-none elementor-widget elementor-widget-image\" data-id=\"451b7bf\" data-element_type=\"widget\" data-e-type=\"widget\" data-widget_type=\"image.default\">\n\t\t\t\t<div class=\"elementor-widget-container\">\n\t\t\t\t\t\t\t\t\t\t\t\t\t\t\t\t<a href=\"https:\/\/saborealapalma.es\/wp-content\/uploads\/2024\/03\/vaca_palmera2.jpg\" data-src=\"https:\/\/saborealapalma.es\/wp-content\/uploads\/2024\/03\/vaca_palmera2.jpg\" data-thumb=\"https:\/\/saborealapalma.es\/wp-content\/uploads\/2024\/03\/vaca_palmera2.jpg\" class=\"ml-lightbox-enabled\">\n\t\t\t\t\t\t\t<img decoding=\"async\" width=\"1440\" height=\"960\" src=\"https:\/\/saborealapalma.es\/wp-content\/uploads\/2024\/03\/vaca_palmera2.jpg\" class=\"attachment-full size-full wp-image-6408\" alt=\"\" srcset=\"https:\/\/saborealapalma.es\/wp-content\/uploads\/2024\/03\/vaca_palmera2.jpg 1440w, https:\/\/saborealapalma.es\/wp-content\/uploads\/2024\/03\/vaca_palmera2-300x200.jpg 300w, https:\/\/saborealapalma.es\/wp-content\/uploads\/2024\/03\/vaca_palmera2-1024x683.jpg 1024w, https:\/\/saborealapalma.es\/wp-content\/uploads\/2024\/03\/vaca_palmera2-768x512.jpg 768w, https:\/\/saborealapalma.es\/wp-content\/uploads\/2024\/03\/vaca_palmera2-18x12.jpg 18w, https:\/\/saborealapalma.es\/wp-content\/uploads\/2024\/03\/vaca_palmera2-700x467.jpg 700w\" sizes=\"(max-width: 1440px) 100vw, 1440px\" \/>\t\t\t\t\t\t\t\t<\/a>\n\t\t\t\t\t\t\t\t\t\t\t\t\t\t\t<\/div>\n\t\t\t\t<\/div>\n\t\t\t\t\t<\/div>\n\t\t<\/div>\n\t\t\t\t\t<\/div>\n\t\t<\/section>\n\t\t\t\t<section data-particle_enable=\"false\" data-particle-mobile-disabled=\"false\" class=\"elementor-section elementor-top-section elementor-element elementor-element-d3a43db elementor-section-content-middle elementor-section-boxed elementor-section-height-default elementor-section-height-default parallax_section_no qode_elementor_container_no\" data-id=\"d3a43db\" data-element_type=\"section\" data-e-type=\"section\">\n\t\t\t\t\t\t<div class=\"elementor-container elementor-column-gap-no\">\n\t\t\t\t\t<div class=\"elementor-column elementor-col-50 elementor-top-column elementor-element elementor-element-60bd54a elementor-invisible\" data-id=\"60bd54a\" data-element_type=\"column\" data-e-type=\"column\" data-settings=\"{&quot;animation&quot;:&quot;fadeInLeft&quot;}\">\n\t\t\t<div class=\"elementor-widget-wrap elementor-element-populated\">\n\t\t\t\t\t\t<div class=\"elementor-element elementor-element-46ab64c dce_masking-none elementor-widget elementor-widget-image\" data-id=\"46ab64c\" data-element_type=\"widget\" data-e-type=\"widget\" data-widget_type=\"image.default\">\n\t\t\t\t<div class=\"elementor-widget-container\">\n\t\t\t\t\t\t\t\t\t\t\t\t\t\t\t\t<a href=\"https:\/\/saborealapalma.es\/wp-content\/uploads\/2024\/03\/vaca_palmera3.jpg\" data-src=\"https:\/\/saborealapalma.es\/wp-content\/uploads\/2024\/03\/vaca_palmera3.jpg\" data-thumb=\"https:\/\/saborealapalma.es\/wp-content\/uploads\/2024\/03\/vaca_palmera3.jpg\" class=\"ml-lightbox-enabled\">\n\t\t\t\t\t\t\t<img decoding=\"async\" width=\"1300\" height=\"670\" src=\"https:\/\/saborealapalma.es\/wp-content\/uploads\/2024\/03\/vaca_palmera3.jpg\" class=\"attachment-full size-full wp-image-6406\" alt=\"\" srcset=\"https:\/\/saborealapalma.es\/wp-content\/uploads\/2024\/03\/vaca_palmera3.jpg 1300w, https:\/\/saborealapalma.es\/wp-content\/uploads\/2024\/03\/vaca_palmera3-300x155.jpg 300w, https:\/\/saborealapalma.es\/wp-content\/uploads\/2024\/03\/vaca_palmera3-1024x528.jpg 1024w, https:\/\/saborealapalma.es\/wp-content\/uploads\/2024\/03\/vaca_palmera3-768x396.jpg 768w, https:\/\/saborealapalma.es\/wp-content\/uploads\/2024\/03\/vaca_palmera3-18x9.jpg 18w, https:\/\/saborealapalma.es\/wp-content\/uploads\/2024\/03\/vaca_palmera3-700x361.jpg 700w\" sizes=\"(max-width: 1300px) 100vw, 1300px\" \/>\t\t\t\t\t\t\t\t<\/a>\n\t\t\t\t\t\t\t\t\t\t\t\t\t\t\t<\/div>\n\t\t\t\t<\/div>\n\t\t\t\t\t<\/div>\n\t\t<\/div>\n\t\t\t\t<div class=\"elementor-column elementor-col-50 elementor-top-column elementor-element elementor-element-6fc6091 elementor-invisible\" data-id=\"6fc6091\" data-element_type=\"column\" data-e-type=\"column\" data-settings=\"{&quot;animation&quot;:&quot;fadeInRight&quot;}\">\n\t\t\t<div class=\"elementor-widget-wrap elementor-element-populated\">\n\t\t\t\t\t\t<div class=\"elementor-element elementor-element-589aaba elementor-widget elementor-widget-text-editor\" data-id=\"589aaba\" data-element_type=\"widget\" data-e-type=\"widget\" data-widget_type=\"text-editor.default\">\n\t\t\t\t<div class=\"elementor-widget-container\">\n\t\t\t\t\t\t\t\t\t<p style=\"font-weight: 400;\">Der Verband der Palmera-Kuhz\u00fcchter (AVAPAL) spielt eine grundlegende Rolle bei der Erhaltung dieser Rasse. Durch das zertifizierte Herkunftssiegel \"Raza Aut\u00f3ctona 100%\" garantiert er die Echtheit der von dieser Rasse stammenden Produkte und f\u00f6rdert deren bewussten Konsum.<\/p><p style=\"font-weight: 400;\">Dar\u00fcber hinaus veranstaltet der Club de Arrastre la Canga traditionelle Veranstaltungen wie den insularen Zugwettbewerb, bei dem die Kraft und Geschicklichkeit dieser K\u00fche in einer Vorf\u00fchrung der reichen Viehzuchtkultur La Palmas zu sehen ist.<\/p><p style=\"font-weight: 400;\">Entdecken Sie die Geschichte, die Qualit\u00e4t und den kulturellen Wert der Palmera-Kuh, einer einzigartigen Rasse, die es verdient, auch f\u00fcr kommende Generationen gesch\u00fctzt und gesch\u00e4tzt zu werden.<\/p>\t\t\t\t\t\t\t\t<\/div>\n\t\t\t\t<\/div>\n\t\t\t\t\t<\/div>\n\t\t<\/div>\n\t\t\t\t\t<\/div>\n\t\t<\/section>\n\t\t\t\t<\/div>","protected":false},"excerpt":{"rendered":"<p>Gastronomisches Erbe Palmera-Kuh Die Geschichte dieser Rasse reicht bis ins 16. Jahrhundert zur\u00fcck und es wird angenommen, dass sie ihren Ursprung in den Rubia Gallega-K\u00fchen hat, die damals auf die Insel kamen. Seit Jahrhunderten spielt die Palmera-Kuh eine entscheidende Rolle im Leben der...<\/p>","protected":false},"author":4,"featured_media":0,"parent":6402,"menu_order":0,"comment_status":"closed","ping_status":"closed","template":"full_width.php","meta":{"footnotes":""},"class_list":["post-6412","page","type-page","status-publish","hentry"],"yoast_head":"<!-- This site is optimized with the Yoast SEO plugin v27.0 - https:\/\/yoast.com\/product\/yoast-seo-wordpress\/ -->\n<title>Vaca palmera - Saborea La Palma<\/title>\n<meta name=\"robots\" content=\"index, follow, max-snippet:-1, max-image-preview:large, max-video-preview:-1\" \/>\n<link rel=\"canonical\" href=\"https:\/\/saborealapalma.es\/de\/patrimonio-gastronomico\/vaca-palmera\/\" \/>\n<meta property=\"og:locale\" content=\"de_DE\" \/>\n<meta property=\"og:type\" content=\"article\" \/>\n<meta property=\"og:title\" content=\"Vaca palmera - Saborea La Palma\" \/>\n<meta property=\"og:description\" content=\"Patrimonio gastron\u00f3mico Vaca palmera Con una historia que se remonta al siglo XVI, se cree que esta raza tiene sus or\u00edgenes en las vacas de raza Rubia Gallega que arribaron a la isla en esa \u00e9poca. Durante siglos, la vaca Palmera ha desempe\u00f1ado un papel crucial en la vida de...\" \/>\n<meta property=\"og:url\" content=\"https:\/\/saborealapalma.es\/de\/patrimonio-gastronomico\/vaca-palmera\/\" \/>\n<meta property=\"og:site_name\" content=\"Saborea La Palma\" \/>\n<meta property=\"article:modified_time\" content=\"2024-03-13T13:29:48+00:00\" \/>\n<meta property=\"og:image\" content=\"https:\/\/saborealapalma.es\/wp-content\/uploads\/2024\/03\/vaca_palmera1.jpg\" \/>\n<meta name=\"twitter:card\" content=\"summary_large_image\" \/>\n<meta name=\"twitter:label1\" content=\"Gesch\u00e4tzte Lesezeit\" \/>\n\t<meta name=\"twitter:data1\" content=\"3\u00a0Minuten\" \/>\n<script type=\"application\/ld+json\" class=\"yoast-schema-graph\">{\"@context\":\"https:\/\/schema.org\",\"@graph\":[{\"@type\":\"WebPage\",\"@id\":\"https:\/\/saborealapalma.es\/patrimonio-gastronomico\/vaca-palmera\/\",\"url\":\"https:\/\/saborealapalma.es\/patrimonio-gastronomico\/vaca-palmera\/\",\"name\":\"Vaca palmera - Saborea La Palma\",\"isPartOf\":{\"@id\":\"https:\/\/saborealapalma.es\/#website\"},\"primaryImageOfPage\":{\"@id\":\"https:\/\/saborealapalma.es\/patrimonio-gastronomico\/vaca-palmera\/#primaryimage\"},\"image\":{\"@id\":\"https:\/\/saborealapalma.es\/patrimonio-gastronomico\/vaca-palmera\/#primaryimage\"},\"thumbnailUrl\":\"https:\/\/saborealapalma.es\/wp-content\/uploads\/2024\/03\/vaca_palmera1.jpg\",\"datePublished\":\"2024-03-13T12:54:05+00:00\",\"dateModified\":\"2024-03-13T13:29:48+00:00\",\"breadcrumb\":{\"@id\":\"https:\/\/saborealapalma.es\/patrimonio-gastronomico\/vaca-palmera\/#breadcrumb\"},\"inLanguage\":\"de\",\"potentialAction\":[{\"@type\":\"ReadAction\",\"target\":[\"https:\/\/saborealapalma.es\/patrimonio-gastronomico\/vaca-palmera\/\"]}]},{\"@type\":\"ImageObject\",\"inLanguage\":\"de\",\"@id\":\"https:\/\/saborealapalma.es\/patrimonio-gastronomico\/vaca-palmera\/#primaryimage\",\"url\":\"https:\/\/saborealapalma.es\/wp-content\/uploads\/2024\/03\/vaca_palmera1.jpg\",\"contentUrl\":\"https:\/\/saborealapalma.es\/wp-content\/uploads\/2024\/03\/vaca_palmera1.jpg\"},{\"@type\":\"BreadcrumbList\",\"@id\":\"https:\/\/saborealapalma.es\/patrimonio-gastronomico\/vaca-palmera\/#breadcrumb\",\"itemListElement\":[{\"@type\":\"ListItem\",\"position\":1,\"name\":\"Portada\",\"item\":\"https:\/\/saborealapalma.es\/\"},{\"@type\":\"ListItem\",\"position\":2,\"name\":\"Patrimonio gastron\u00f3mico\",\"item\":\"https:\/\/saborealapalma.es\/patrimonio-gastronomico\/\"},{\"@type\":\"ListItem\",\"position\":3,\"name\":\"Vaca palmera\"}]},{\"@type\":\"WebSite\",\"@id\":\"https:\/\/saborealapalma.es\/#website\",\"url\":\"https:\/\/saborealapalma.es\/\",\"name\":\"Saborea La Palma\",\"description\":\"Saborea La Palma es el proyecto que lidera la Sociedad de Promoci\u00f3n Econ\u00f3mica de La Palma (SODEPAL S.A.U.M.P), empresa p\u00fablica dependiente de Cabildo Insular de La Palma, para la revalorizaci\u00f3n y el posicionamiento de la gastronom\u00eda palmera en los mercados regionales, nacionales e internacionales.\",\"potentialAction\":[{\"@type\":\"SearchAction\",\"target\":{\"@type\":\"EntryPoint\",\"urlTemplate\":\"https:\/\/saborealapalma.es\/?s={search_term_string}\"},\"query-input\":{\"@type\":\"PropertyValueSpecification\",\"valueRequired\":true,\"valueName\":\"search_term_string\"}}],\"inLanguage\":\"de\"}]}<\/script>\n<!-- \/ Yoast SEO plugin. -->","yoast_head_json":{"title":"Vaca palmera - Saborea La Palma","robots":{"index":"index","follow":"follow","max-snippet":"max-snippet:-1","max-image-preview":"max-image-preview:large","max-video-preview":"max-video-preview:-1"},"canonical":"https:\/\/saborealapalma.es\/de\/patrimonio-gastronomico\/vaca-palmera\/","og_locale":"de_DE","og_type":"article","og_title":"Vaca palmera - Saborea La Palma","og_description":"Patrimonio gastron\u00f3mico Vaca palmera Con una historia que se remonta al siglo XVI, se cree que esta raza tiene sus or\u00edgenes en las vacas de raza Rubia Gallega que arribaron a la isla en esa \u00e9poca. Durante siglos, la vaca Palmera ha desempe\u00f1ado un papel crucial en la vida de...","og_url":"https:\/\/saborealapalma.es\/de\/patrimonio-gastronomico\/vaca-palmera\/","og_site_name":"Saborea La Palma","article_modified_time":"2024-03-13T13:29:48+00:00","og_image":[{"url":"https:\/\/saborealapalma.es\/wp-content\/uploads\/2024\/03\/vaca_palmera1.jpg","type":"","width":"","height":""}],"twitter_card":"summary_large_image","twitter_misc":{"Gesch\u00e4tzte Lesezeit":"3\u00a0Minuten"},"schema":{"@context":"https:\/\/schema.org","@graph":[{"@type":"WebPage","@id":"https:\/\/saborealapalma.es\/patrimonio-gastronomico\/vaca-palmera\/","url":"https:\/\/saborealapalma.es\/patrimonio-gastronomico\/vaca-palmera\/","name":"Vaca palmera - Saborea La Palma","isPartOf":{"@id":"https:\/\/saborealapalma.es\/#website"},"primaryImageOfPage":{"@id":"https:\/\/saborealapalma.es\/patrimonio-gastronomico\/vaca-palmera\/#primaryimage"},"image":{"@id":"https:\/\/saborealapalma.es\/patrimonio-gastronomico\/vaca-palmera\/#primaryimage"},"thumbnailUrl":"https:\/\/saborealapalma.es\/wp-content\/uploads\/2024\/03\/vaca_palmera1.jpg","datePublished":"2024-03-13T12:54:05+00:00","dateModified":"2024-03-13T13:29:48+00:00","breadcrumb":{"@id":"https:\/\/saborealapalma.es\/patrimonio-gastronomico\/vaca-palmera\/#breadcrumb"},"inLanguage":"de","potentialAction":[{"@type":"ReadAction","target":["https:\/\/saborealapalma.es\/patrimonio-gastronomico\/vaca-palmera\/"]}]},{"@type":"ImageObject","inLanguage":"de","@id":"https:\/\/saborealapalma.es\/patrimonio-gastronomico\/vaca-palmera\/#primaryimage","url":"https:\/\/saborealapalma.es\/wp-content\/uploads\/2024\/03\/vaca_palmera1.jpg","contentUrl":"https:\/\/saborealapalma.es\/wp-content\/uploads\/2024\/03\/vaca_palmera1.jpg"},{"@type":"BreadcrumbList","@id":"https:\/\/saborealapalma.es\/patrimonio-gastronomico\/vaca-palmera\/#breadcrumb","itemListElement":[{"@type":"ListItem","position":1,"name":"Portada","item":"https:\/\/saborealapalma.es\/"},{"@type":"ListItem","position":2,"name":"Patrimonio gastron\u00f3mico","item":"https:\/\/saborealapalma.es\/patrimonio-gastronomico\/"},{"@type":"ListItem","position":3,"name":"Vaca palmera"}]},{"@type":"WebSite","@id":"https:\/\/saborealapalma.es\/#website","url":"https:\/\/saborealapalma.es\/","name":"Schmecken Sie La Palma","description":"Saborea La Palma ist das von der Sociedad de Promoci\u00f3n Econ\u00f3mica de La Palma (SODEPAL S.A.U.M.P), einem vom Cabildo Insular de La Palma abh\u00e4ngigen \u00f6ffentlichen Unternehmen, geleitete Projekt zur Aufwertung und Positionierung der Gastronomie La Palmas auf regionalen, nationalen und internationalen M\u00e4rkten.","potentialAction":[{"@type":"SearchAction","target":{"@type":"EntryPoint","urlTemplate":"https:\/\/saborealapalma.es\/?s={search_term_string}"},"query-input":{"@type":"PropertyValueSpecification","valueRequired":true,"valueName":"search_term_string"}}],"inLanguage":"de"}]}},"_links":{"self":[{"href":"https:\/\/saborealapalma.es\/de\/wp-json\/wp\/v2\/pages\/6412","targetHints":{"allow":["GET"]}}],"collection":[{"href":"https:\/\/saborealapalma.es\/de\/wp-json\/wp\/v2\/pages"}],"about":[{"href":"https:\/\/saborealapalma.es\/de\/wp-json\/wp\/v2\/types\/page"}],"author":[{"embeddable":true,"href":"https:\/\/saborealapalma.es\/de\/wp-json\/wp\/v2\/users\/4"}],"replies":[{"embeddable":true,"href":"https:\/\/saborealapalma.es\/de\/wp-json\/wp\/v2\/comments?post=6412"}],"version-history":[{"count":0,"href":"https:\/\/saborealapalma.es\/de\/wp-json\/wp\/v2\/pages\/6412\/revisions"}],"up":[{"embeddable":true,"href":"https:\/\/saborealapalma.es\/de\/wp-json\/wp\/v2\/pages\/6402"}],"wp:attachment":[{"href":"https:\/\/saborealapalma.es\/de\/wp-json\/wp\/v2\/media?parent=6412"}],"curies":[{"name":"wp","href":"https:\/\/api.w.org\/{rel}","templated":true}]}}