{"id":651,"date":"2021-02-03T16:14:48","date_gmt":"2021-02-03T16:14:48","guid":{"rendered":"http:\/\/saborealapalma.es\/?page_id=651"},"modified":"2021-02-24T08:27:36","modified_gmt":"2021-02-24T08:27:36","slug":"aquesabelapalma","status":"publish","type":"page","link":"https:\/\/saborealapalma.es\/de\/aquesabelapalma\/","title":{"rendered":"Wie schmeckt La Palma?"},"content":{"rendered":"<div      class=\"vc_row wpb_row section vc_row-fluid  grid_section\" style=' text-align:left;'><div class=\"section_inner clearfix\"><div class='section_inner_margin clearfix'><div class=\"wpb_column vc_column_container vc_col-sm-12\"><div class=\"vc_column-inner\"><div class=\"wpb_wrapper\"><div      class=\"vc_row wpb_row section vc_row-fluid vc_inner\" style=' text-align:left;'><div class=\"full_section_inner clearfix\"><div class=\"wpb_column vc_column_container vc_col-sm-12\"><div class=\"vc_column-inner\"><div class=\"wpb_wrapper\">\t<div class=\"vc_empty_space\"  style=\"height: 50px\" ><span\r\n\t\t\tclass=\"vc_empty_space_inner\">\r\n\t\t\t<span class=\"empty_space_image\"  ><\/span>\r\n\t\t<\/span><\/div>\r\n\n\r\n\t<div class=\"wpb_single_image wpb_content_element vc_align_center\">\r\n\t\t<div class=\"wpb_wrapper\">\r\n\t\t\t\r\n\t\t\t<div class=\"vc_single_image-wrapper   vc_box_border_grey\"><img fetchpriority=\"high\" decoding=\"async\" width=\"403\" height=\"190\" src=\"https:\/\/saborealapalma.es\/wp-content\/uploads\/2020\/10\/saborealogo_web.png\" class=\"vc_single_image-img attachment-full\" alt=\"\" srcset=\"https:\/\/saborealapalma.es\/wp-content\/uploads\/2020\/10\/saborealogo_web.png 403w, https:\/\/saborealapalma.es\/wp-content\/uploads\/2020\/10\/saborealogo_web-300x141.png 300w, https:\/\/saborealapalma.es\/wp-content\/uploads\/2020\/10\/saborealogo_web-400x190.png 400w\" sizes=\"(max-width: 403px) 100vw, 403px\" \/><\/div>\r\n\t\t<\/div>\r\n\t<\/div>\r\n\t<div class=\"vc_empty_space\"  style=\"height: 50px\" ><span\r\n\t\t\tclass=\"vc_empty_space_inner\">\r\n\t\t\t<span class=\"empty_space_image\"  ><\/span>\r\n\t\t<\/span><\/div>\r\n\n<\/div><\/div><\/div><\/div><\/div><div      class=\"vc_row wpb_row section vc_row-fluid vc_inner  grid_section\" style=' text-align:left;'><div class=\"section_inner clearfix\"><div class='section_inner_margin clearfix'><div class=\"wpb_column vc_column_container vc_col-sm-12\"><div class=\"vc_column-inner\"><div class=\"wpb_wrapper\">\t<div class=\"vc_empty_space\"  style=\"height: 50px\" ><span\r\n\t\t\tclass=\"vc_empty_space_inner\">\r\n\t\t\t<span class=\"empty_space_image\"  ><\/span>\r\n\t\t<\/span><\/div>\r\n\n\n\t<div class=\"wpb_text_column wpb_content_element\">\n\t\t<div class=\"wpb_wrapper\">\n\t\t\t<h1 style=\"text-align: center;\">Wie schmeckt La Palma?<\/h1>\n\n\t\t<\/div> \n\t<\/div> \t<div class=\"vc_empty_space\"  style=\"height: 50px\" ><span\r\n\t\t\tclass=\"vc_empty_space_inner\">\r\n\t\t\t<span class=\"empty_space_image\"  ><\/span>\r\n\t\t<\/span><\/div>\r\n\n\r\n\t<div class=\"wpb_video_widget wpb_content_element vc_clearfix   vc_video-aspect-ratio-169 vc_video-el-width-90 vc_video-align-center\" >\r\n\t\t<div class=\"wpb_wrapper\">\r\n\t\t\t\r\n\t\t\t<div class=\"wpb_video_wrapper\"><iframe title=\"Wie schmeckt La Palma?\" width=\"1060\" height=\"596\" src=\"https:\/\/www.youtube.com\/embed\/3f1lbgiEQQI?feature=oembed\" frameborder=\"0\" allow=\"accelerometer; autoplay; clipboard-write; encrypted-media; gyroscope; picture-in-picture\" allowfullscreen><\/iframe><\/div>\r\n\t\t<\/div>\r\n\t<\/div>\r\n\t<div class=\"vc_empty_space\"  style=\"height: 50px\" ><span\r\n\t\t\tclass=\"vc_empty_space_inner\">\r\n\t\t\t<span class=\"empty_space_image\"  ><\/span>\r\n\t\t<\/span><\/div>\r\n\n\n\t<div class=\"wpb_text_column wpb_content_element\">\n\t\t<div class=\"wpb_wrapper\">\n\t\t\t<p style=\"text-align: center;\">Wie schmeckt ein Samen?<\/p>\n<p style=\"text-align: center;\">Wonach riecht es? Wenn es reist, wenn es w\u00e4chst.<\/p>\n<p>&nbsp;<\/p>\n<p style=\"text-align: center;\">Wie sieht eine sorglose Kindheit aus?<\/p>\n<p>&nbsp;<\/p>\n<p style=\"text-align: center;\">Und wie schmeckt ein erster Kuss?<\/p>\n<p>&nbsp;<\/p>\n<p style=\"text-align: center;\">Wie schmecken unausl\u00f6schliche Erinnerungen,<\/p>\n<p style=\"text-align: center;\">die Ebenen, die Feiern, Abschiede und R\u00fcckkehr?<\/p>\n<p>&nbsp;<\/p>\n<p style=\"text-align: center;\">Wie schmecken Aromen und Geschmacksrichtungen?<\/p>\n<p style=\"text-align: center;\">in denen die Umarmungen baden, die Sie beherbergen und sch\u00fctzen?<\/p>\n<p>&nbsp;<\/p>\n<p style=\"text-align: center;\">Wie schmeckt die Familie?<\/p>\n<p>&nbsp;<\/p>\n<p style=\"text-align: center;\">Und wie schmeckt eine gr\u00fcne Welt?<\/p>\n<p style=\"text-align: center;\">was ist blau, wenn es Sie umh\u00fcllt?<\/p>\n<p>&nbsp;<\/p>\n<p style=\"text-align: center;\">Welche Aromen bringt das Wasser mit sich?<\/p>\n<p style=\"text-align: center;\">Wenn er f\u00e4llt,<\/p>\n<p style=\"text-align: center;\">wenn es landet,<\/p>\n<p style=\"text-align: center;\">wenn es rockt.<\/p>\n<p>&nbsp;<\/p>\n<p style=\"text-align: center;\">Wie schmeckt die Energie der H\u00e4nde, der Erde?<\/p>\n<p>&nbsp;<\/p>\n<p style=\"text-align: center;\">Was ist mit Respekt?<\/p>\n<p>&nbsp;<\/p>\n<p style=\"text-align: center;\">Wie sieht es mit der Pflege aus?<\/p>\n<p>&nbsp;<\/p>\n<p style=\"text-align: center;\">Und die Geschichte?<\/p>\n<p>&nbsp;<\/p>\n<p style=\"text-align: center;\">Was bedeutet Ihr <em>Zukunft<\/em><\/p>\n<p style=\"text-align: center;\">wenn Sie es nicht wissen<\/p>\n<p style=\"text-align: center;\">zu Ihrem <em>Vergangenheit<\/em>?<\/p>\n<p>&nbsp;<\/p>\n<p style=\"text-align: center;\"><strong><em>Wie schmeckt La Palma?<\/em><\/strong><\/p>\n\n\t\t<\/div> \n\t<\/div> \t<div class=\"vc_empty_space\"  style=\"height: 50px\" ><span\r\n\t\t\tclass=\"vc_empty_space_inner\">\r\n\t\t\t<span class=\"empty_space_image\"  ><\/span>\r\n\t\t<\/span><\/div>\r\n\n<\/div><\/div><\/div><\/div><\/div><\/div>\t<div class=\"vc_empty_space\"  style=\"height: 100px\" ><span\r\n\t\t\tclass=\"vc_empty_space_inner\">\r\n\t\t\t<span class=\"empty_space_image\"  ><\/span>\r\n\t\t<\/span><\/div>\r\n\n<\/div><\/div><\/div><\/div><\/div><\/div>","protected":false},"excerpt":{"rendered":"Wie schmeckt La Palma, wie schmeckt ein Samen, wie riecht er, wann reist er, wann w\u00e4chst er? Wie sieht eine sorglose Kindheit aus, wie schmeckt sie?   Und wie schmeckt der erste Kuss? Wie schmecken die unausl\u00f6schlichen Erinnerungen, die Ebenen, die Feste, der Abschied und die R\u00fcckkehr...","protected":false},"author":4,"featured_media":0,"parent":0,"menu_order":0,"comment_status":"closed","ping_status":"closed","template":"","meta":{"footnotes":""},"class_list":["post-651","page","type-page","status-publish","hentry"],"yoast_head":"<!-- This site is optimized with the Yoast SEO plugin v27.4 - https:\/\/yoast.com\/product\/yoast-seo-wordpress\/ -->\n<title>\u00bfA qu\u00e9 sabe La Palma? - Saborea La Palma<\/title>\n<meta name=\"robots\" content=\"index, follow, max-snippet:-1, max-image-preview:large, max-video-preview:-1\" \/>\n<link rel=\"canonical\" href=\"https:\/\/saborealapalma.es\/de\/aquesabelapalma\/\" \/>\n<meta property=\"og:locale\" content=\"de_DE\" \/>\n<meta property=\"og:type\" content=\"article\" \/>\n<meta property=\"og:title\" content=\"\u00bfA qu\u00e9 sabe La Palma? - Saborea La Palma\" \/>\n<meta property=\"og:url\" content=\"https:\/\/saborealapalma.es\/de\/aquesabelapalma\/\" \/>\n<meta property=\"og:site_name\" content=\"Saborea La Palma\" \/>\n<meta property=\"article:modified_time\" content=\"2021-02-24T08:27:36+00:00\" \/>\n<meta name=\"twitter:card\" content=\"summary_large_image\" \/>\n<meta name=\"twitter:label1\" content=\"Gesch\u00e4tzte Lesezeit\" \/>\n\t<meta name=\"twitter:data1\" content=\"1\u00a0Minute\" \/>\n<script type=\"application\/ld+json\" class=\"yoast-schema-graph\">{\"@context\":\"https:\\\/\\\/schema.org\",\"@graph\":[{\"@type\":\"WebPage\",\"@id\":\"https:\\\/\\\/saborealapalma.es\\\/aquesabelapalma\\\/\",\"url\":\"https:\\\/\\\/saborealapalma.es\\\/aquesabelapalma\\\/\",\"name\":\"\u00bfA qu\u00e9 sabe La Palma? - Saborea La Palma\",\"isPartOf\":{\"@id\":\"https:\\\/\\\/saborealapalma.es\\\/#website\"},\"datePublished\":\"2021-02-03T16:14:48+00:00\",\"dateModified\":\"2021-02-24T08:27:36+00:00\",\"breadcrumb\":{\"@id\":\"https:\\\/\\\/saborealapalma.es\\\/aquesabelapalma\\\/#breadcrumb\"},\"inLanguage\":\"de\",\"potentialAction\":[{\"@type\":\"ReadAction\",\"target\":[\"https:\\\/\\\/saborealapalma.es\\\/aquesabelapalma\\\/\"]}]},{\"@type\":\"BreadcrumbList\",\"@id\":\"https:\\\/\\\/saborealapalma.es\\\/aquesabelapalma\\\/#breadcrumb\",\"itemListElement\":[{\"@type\":\"ListItem\",\"position\":1,\"name\":\"Portada\",\"item\":\"https:\\\/\\\/saborealapalma.es\\\/\"},{\"@type\":\"ListItem\",\"position\":2,\"name\":\"\u00bfA qu\u00e9 sabe La Palma?\"}]},{\"@type\":\"WebSite\",\"@id\":\"https:\\\/\\\/saborealapalma.es\\\/#website\",\"url\":\"https:\\\/\\\/saborealapalma.es\\\/\",\"name\":\"Saborea La Palma\",\"description\":\"Saborea La Palma es el proyecto que lidera la Sociedad de Promoci\u00f3n Econ\u00f3mica de La Palma (SODEPAL S.A.U.M.P), empresa p\u00fablica dependiente de Cabildo Insular de La Palma, para la revalorizaci\u00f3n y el posicionamiento de la gastronom\u00eda palmera en los mercados regionales, nacionales e internacionales.\",\"potentialAction\":[{\"@type\":\"SearchAction\",\"target\":{\"@type\":\"EntryPoint\",\"urlTemplate\":\"https:\\\/\\\/saborealapalma.es\\\/?s={search_term_string}\"},\"query-input\":{\"@type\":\"PropertyValueSpecification\",\"valueRequired\":true,\"valueName\":\"search_term_string\"}}],\"inLanguage\":\"de\"}]}<\/script>\n<!-- \/ Yoast SEO plugin. -->","yoast_head_json":{"title":"\u00bfA qu\u00e9 sabe La Palma? - Saborea La Palma","robots":{"index":"index","follow":"follow","max-snippet":"max-snippet:-1","max-image-preview":"max-image-preview:large","max-video-preview":"max-video-preview:-1"},"canonical":"https:\/\/saborealapalma.es\/de\/aquesabelapalma\/","og_locale":"de_DE","og_type":"article","og_title":"\u00bfA qu\u00e9 sabe La Palma? - Saborea La Palma","og_url":"https:\/\/saborealapalma.es\/de\/aquesabelapalma\/","og_site_name":"Saborea La Palma","article_modified_time":"2021-02-24T08:27:36+00:00","twitter_card":"summary_large_image","twitter_misc":{"Gesch\u00e4tzte Lesezeit":"1\u00a0Minute"},"schema":{"@context":"https:\/\/schema.org","@graph":[{"@type":"WebPage","@id":"https:\/\/saborealapalma.es\/aquesabelapalma\/","url":"https:\/\/saborealapalma.es\/aquesabelapalma\/","name":"\u00bfA qu\u00e9 sabe La Palma? - Saborea La Palma","isPartOf":{"@id":"https:\/\/saborealapalma.es\/#website"},"datePublished":"2021-02-03T16:14:48+00:00","dateModified":"2021-02-24T08:27:36+00:00","breadcrumb":{"@id":"https:\/\/saborealapalma.es\/aquesabelapalma\/#breadcrumb"},"inLanguage":"de","potentialAction":[{"@type":"ReadAction","target":["https:\/\/saborealapalma.es\/aquesabelapalma\/"]}]},{"@type":"BreadcrumbList","@id":"https:\/\/saborealapalma.es\/aquesabelapalma\/#breadcrumb","itemListElement":[{"@type":"ListItem","position":1,"name":"Portada","item":"https:\/\/saborealapalma.es\/"},{"@type":"ListItem","position":2,"name":"\u00bfA qu\u00e9 sabe La Palma?"}]},{"@type":"WebSite","@id":"https:\/\/saborealapalma.es\/#website","url":"https:\/\/saborealapalma.es\/","name":"Schmecken Sie La Palma","description":"Saborea La Palma ist das von der Sociedad de Promoci\u00f3n Econ\u00f3mica de La Palma (SODEPAL S.A.U.M.P), einem vom Cabildo Insular de La Palma abh\u00e4ngigen \u00f6ffentlichen Unternehmen, geleitete Projekt zur Aufwertung und Positionierung der Gastronomie La Palmas auf regionalen, nationalen und internationalen M\u00e4rkten.","potentialAction":[{"@type":"SearchAction","target":{"@type":"EntryPoint","urlTemplate":"https:\/\/saborealapalma.es\/?s={search_term_string}"},"query-input":{"@type":"PropertyValueSpecification","valueRequired":true,"valueName":"search_term_string"}}],"inLanguage":"de"}]}},"_links":{"self":[{"href":"https:\/\/saborealapalma.es\/de\/wp-json\/wp\/v2\/pages\/651","targetHints":{"allow":["GET"]}}],"collection":[{"href":"https:\/\/saborealapalma.es\/de\/wp-json\/wp\/v2\/pages"}],"about":[{"href":"https:\/\/saborealapalma.es\/de\/wp-json\/wp\/v2\/types\/page"}],"author":[{"embeddable":true,"href":"https:\/\/saborealapalma.es\/de\/wp-json\/wp\/v2\/users\/4"}],"replies":[{"embeddable":true,"href":"https:\/\/saborealapalma.es\/de\/wp-json\/wp\/v2\/comments?post=651"}],"version-history":[{"count":0,"href":"https:\/\/saborealapalma.es\/de\/wp-json\/wp\/v2\/pages\/651\/revisions"}],"wp:attachment":[{"href":"https:\/\/saborealapalma.es\/de\/wp-json\/wp\/v2\/media?parent=651"}],"curies":[{"name":"wp","href":"https:\/\/api.w.org\/{rel}","templated":true}]}}