{"id":6906,"date":"2024-06-20T14:18:11","date_gmt":"2024-06-20T13:18:11","guid":{"rendered":"https:\/\/saborealapalma.es\/?page_id=6906"},"modified":"2024-08-29T08:24:22","modified_gmt":"2024-08-29T07:24:22","slug":"gracias-por-su-solicitud-de-inscripcion","status":"publish","type":"page","link":"https:\/\/saborealapalma.es\/de\/inscripcion-a-ferias\/gracias-por-su-solicitud-de-inscripcion\/","title":{"rendered":"Vielen Dank f\u00fcr Ihre Bewerbung"},"content":{"rendered":"<div data-elementor-type=\"wp-page\" data-elementor-id=\"6906\" class=\"elementor elementor-6906\" data-elementor-post-type=\"page\">\n\t\t\t\t\t\t<section data-particle_enable=\"false\" data-particle-mobile-disabled=\"false\" class=\"elementor-section elementor-top-section elementor-element elementor-element-7c2d0d6 elementor-section-boxed elementor-section-height-default elementor-section-height-default parallax_section_no qode_elementor_container_no\" data-id=\"7c2d0d6\" data-element_type=\"section\" data-e-type=\"section\">\n\t\t\t\t\t\t<div class=\"elementor-container elementor-column-gap-default\">\n\t\t\t\t\t<div class=\"elementor-column elementor-col-100 elementor-top-column elementor-element elementor-element-42e78c5\" data-id=\"42e78c5\" data-element_type=\"column\" data-e-type=\"column\">\n\t\t\t<div class=\"elementor-widget-wrap elementor-element-populated\">\n\t\t\t\t\t\t<div class=\"elementor-element elementor-element-885a356 elementor-widget elementor-widget-heading\" data-id=\"885a356\" data-element_type=\"widget\" data-e-type=\"widget\" data-widget_type=\"heading.default\">\n\t\t\t\t<div class=\"elementor-widget-container\">\n\t\t\t\t\t<h2 class=\"elementor-heading-title elementor-size-default\">Anmeldung f\u00fcr Messen<\/h2>\t\t\t\t<\/div>\n\t\t\t\t<\/div>\n\t\t\t\t\t<\/div>\n\t\t<\/div>\n\t\t\t\t\t<\/div>\n\t\t<\/section>\n\t\t\t\t<section data-particle_enable=\"false\" data-particle-mobile-disabled=\"false\" class=\"elementor-section elementor-top-section elementor-element elementor-element-2b6b2eb elementor-section-boxed elementor-section-height-default elementor-section-height-default parallax_section_no qode_elementor_container_no\" data-id=\"2b6b2eb\" data-element_type=\"section\" data-e-type=\"section\">\n\t\t\t\t\t\t<div class=\"elementor-container elementor-column-gap-default\">\n\t\t\t\t\t<div class=\"elementor-column elementor-col-100 elementor-top-column elementor-element elementor-element-5f52afd\" data-id=\"5f52afd\" data-element_type=\"column\" data-e-type=\"column\">\n\t\t\t<div class=\"elementor-widget-wrap elementor-element-populated\">\n\t\t\t\t\t\t<div data-dce-advanced-background-color=\"#F0F0F0\" class=\"elementor-element elementor-element-a62281d elementor-widget elementor-widget-heading\" data-id=\"a62281d\" data-element_type=\"widget\" data-e-type=\"widget\" data-widget_type=\"heading.default\">\n\t\t\t\t<div class=\"elementor-widget-container\">\n\t\t\t\t\t<h3 class=\"elementor-heading-title elementor-size-default\">Herzlichen Dank f\u00fcr Ihre Bewerbung.<br \/><br \/>\nWir werden Ihren Antrag so schnell wie m\u00f6glich pr\u00fcfen und Sie kontaktieren.<\/h3>\t\t\t\t<\/div>\n\t\t\t\t<\/div>\n\t\t\t\t\t<\/div>\n\t\t<\/div>\n\t\t\t\t\t<\/div>\n\t\t<\/section>\n\t\t\t\t<\/div>","protected":false},"excerpt":{"rendered":"<p>Messeanmeldung Vielen Dank f\u00fcr Ihre Anmeldeanfrage. Wir werden Ihre Anmeldung so schnell wie m\u00f6glich pr\u00fcfen und Sie kontaktieren.<\/p>","protected":false},"author":4,"featured_media":0,"parent":6348,"menu_order":0,"comment_status":"closed","ping_status":"closed","template":"","meta":{"footnotes":""},"class_list":["post-6906","page","type-page","status-publish","hentry"],"yoast_head":"<!-- This site is optimized with the Yoast SEO plugin v27.4 - https:\/\/yoast.com\/product\/yoast-seo-wordpress\/ -->\n<title>Gracias por su solicitud de inscripci\u00f3n - Saborea La Palma<\/title>\n<meta name=\"robots\" content=\"index, follow, max-snippet:-1, max-image-preview:large, max-video-preview:-1\" \/>\n<link rel=\"canonical\" href=\"https:\/\/saborealapalma.es\/de\/inscripcion-a-ferias\/gracias-por-su-solicitud-de-inscripcion\/\" \/>\n<meta property=\"og:locale\" content=\"de_DE\" \/>\n<meta property=\"og:type\" content=\"article\" \/>\n<meta property=\"og:title\" content=\"Gracias por su solicitud de inscripci\u00f3n - Saborea La Palma\" \/>\n<meta property=\"og:description\" content=\"Inscripci\u00f3n a ferias Muchas gracias por su solicitud de inscripci\u00f3n. Revisaremos su solicitud con la mayor brevedad posible y contactaremos con usted.\" \/>\n<meta property=\"og:url\" content=\"https:\/\/saborealapalma.es\/de\/inscripcion-a-ferias\/gracias-por-su-solicitud-de-inscripcion\/\" \/>\n<meta property=\"og:site_name\" content=\"Saborea La Palma\" \/>\n<meta property=\"article:modified_time\" content=\"2024-08-29T07:24:22+00:00\" \/>\n<meta name=\"twitter:card\" content=\"summary_large_image\" \/>\n<meta name=\"twitter:label1\" content=\"Gesch\u00e4tzte Lesezeit\" \/>\n\t<meta name=\"twitter:data1\" content=\"1\u00a0Minute\" \/>\n<script type=\"application\/ld+json\" class=\"yoast-schema-graph\">{\"@context\":\"https:\\\/\\\/schema.org\",\"@graph\":[{\"@type\":\"WebPage\",\"@id\":\"https:\\\/\\\/saborealapalma.es\\\/inscripcion-a-ferias\\\/gracias-por-su-solicitud-de-inscripcion\\\/\",\"url\":\"https:\\\/\\\/saborealapalma.es\\\/inscripcion-a-ferias\\\/gracias-por-su-solicitud-de-inscripcion\\\/\",\"name\":\"Gracias por su solicitud de inscripci\u00f3n - Saborea La Palma\",\"isPartOf\":{\"@id\":\"https:\\\/\\\/saborealapalma.es\\\/#website\"},\"datePublished\":\"2024-06-20T13:18:11+00:00\",\"dateModified\":\"2024-08-29T07:24:22+00:00\",\"breadcrumb\":{\"@id\":\"https:\\\/\\\/saborealapalma.es\\\/inscripcion-a-ferias\\\/gracias-por-su-solicitud-de-inscripcion\\\/#breadcrumb\"},\"inLanguage\":\"de\",\"potentialAction\":[{\"@type\":\"ReadAction\",\"target\":[\"https:\\\/\\\/saborealapalma.es\\\/inscripcion-a-ferias\\\/gracias-por-su-solicitud-de-inscripcion\\\/\"]}]},{\"@type\":\"BreadcrumbList\",\"@id\":\"https:\\\/\\\/saborealapalma.es\\\/inscripcion-a-ferias\\\/gracias-por-su-solicitud-de-inscripcion\\\/#breadcrumb\",\"itemListElement\":[{\"@type\":\"ListItem\",\"position\":1,\"name\":\"Portada\",\"item\":\"https:\\\/\\\/saborealapalma.es\\\/\"},{\"@type\":\"ListItem\",\"position\":2,\"name\":\"Inscripci\u00f3n a ferias\",\"item\":\"https:\\\/\\\/saborealapalma.es\\\/inscripcion-a-ferias\\\/\"},{\"@type\":\"ListItem\",\"position\":3,\"name\":\"Gracias por su solicitud de inscripci\u00f3n\"}]},{\"@type\":\"WebSite\",\"@id\":\"https:\\\/\\\/saborealapalma.es\\\/#website\",\"url\":\"https:\\\/\\\/saborealapalma.es\\\/\",\"name\":\"Saborea La Palma\",\"description\":\"Saborea La Palma es el proyecto que lidera la Sociedad de Promoci\u00f3n Econ\u00f3mica de La Palma (SODEPAL S.A.U.M.P), empresa p\u00fablica dependiente de Cabildo Insular de La Palma, para la revalorizaci\u00f3n y el posicionamiento de la gastronom\u00eda palmera en los mercados regionales, nacionales e internacionales.\",\"potentialAction\":[{\"@type\":\"SearchAction\",\"target\":{\"@type\":\"EntryPoint\",\"urlTemplate\":\"https:\\\/\\\/saborealapalma.es\\\/?s={search_term_string}\"},\"query-input\":{\"@type\":\"PropertyValueSpecification\",\"valueRequired\":true,\"valueName\":\"search_term_string\"}}],\"inLanguage\":\"de\"}]}<\/script>\n<!-- \/ Yoast SEO plugin. -->","yoast_head_json":{"title":"Gracias por su solicitud de inscripci\u00f3n - Saborea La Palma","robots":{"index":"index","follow":"follow","max-snippet":"max-snippet:-1","max-image-preview":"max-image-preview:large","max-video-preview":"max-video-preview:-1"},"canonical":"https:\/\/saborealapalma.es\/de\/inscripcion-a-ferias\/gracias-por-su-solicitud-de-inscripcion\/","og_locale":"de_DE","og_type":"article","og_title":"Gracias por su solicitud de inscripci\u00f3n - Saborea La Palma","og_description":"Inscripci\u00f3n a ferias Muchas gracias por su solicitud de inscripci\u00f3n. Revisaremos su solicitud con la mayor brevedad posible y contactaremos con usted.","og_url":"https:\/\/saborealapalma.es\/de\/inscripcion-a-ferias\/gracias-por-su-solicitud-de-inscripcion\/","og_site_name":"Saborea La Palma","article_modified_time":"2024-08-29T07:24:22+00:00","twitter_card":"summary_large_image","twitter_misc":{"Gesch\u00e4tzte Lesezeit":"1\u00a0Minute"},"schema":{"@context":"https:\/\/schema.org","@graph":[{"@type":"WebPage","@id":"https:\/\/saborealapalma.es\/inscripcion-a-ferias\/gracias-por-su-solicitud-de-inscripcion\/","url":"https:\/\/saborealapalma.es\/inscripcion-a-ferias\/gracias-por-su-solicitud-de-inscripcion\/","name":"Gracias por su solicitud de inscripci\u00f3n - Saborea La Palma","isPartOf":{"@id":"https:\/\/saborealapalma.es\/#website"},"datePublished":"2024-06-20T13:18:11+00:00","dateModified":"2024-08-29T07:24:22+00:00","breadcrumb":{"@id":"https:\/\/saborealapalma.es\/inscripcion-a-ferias\/gracias-por-su-solicitud-de-inscripcion\/#breadcrumb"},"inLanguage":"de","potentialAction":[{"@type":"ReadAction","target":["https:\/\/saborealapalma.es\/inscripcion-a-ferias\/gracias-por-su-solicitud-de-inscripcion\/"]}]},{"@type":"BreadcrumbList","@id":"https:\/\/saborealapalma.es\/inscripcion-a-ferias\/gracias-por-su-solicitud-de-inscripcion\/#breadcrumb","itemListElement":[{"@type":"ListItem","position":1,"name":"Portada","item":"https:\/\/saborealapalma.es\/"},{"@type":"ListItem","position":2,"name":"Inscripci\u00f3n a ferias","item":"https:\/\/saborealapalma.es\/inscripcion-a-ferias\/"},{"@type":"ListItem","position":3,"name":"Gracias por su solicitud de inscripci\u00f3n"}]},{"@type":"WebSite","@id":"https:\/\/saborealapalma.es\/#website","url":"https:\/\/saborealapalma.es\/","name":"Schmecken Sie La Palma","description":"Saborea La Palma ist das von der Sociedad de Promoci\u00f3n Econ\u00f3mica de La Palma (SODEPAL S.A.U.M.P), einem vom Cabildo Insular de La Palma abh\u00e4ngigen \u00f6ffentlichen Unternehmen, geleitete Projekt zur Aufwertung und Positionierung der Gastronomie La Palmas auf regionalen, nationalen und internationalen M\u00e4rkten.","potentialAction":[{"@type":"SearchAction","target":{"@type":"EntryPoint","urlTemplate":"https:\/\/saborealapalma.es\/?s={search_term_string}"},"query-input":{"@type":"PropertyValueSpecification","valueRequired":true,"valueName":"search_term_string"}}],"inLanguage":"de"}]}},"_links":{"self":[{"href":"https:\/\/saborealapalma.es\/de\/wp-json\/wp\/v2\/pages\/6906","targetHints":{"allow":["GET"]}}],"collection":[{"href":"https:\/\/saborealapalma.es\/de\/wp-json\/wp\/v2\/pages"}],"about":[{"href":"https:\/\/saborealapalma.es\/de\/wp-json\/wp\/v2\/types\/page"}],"author":[{"embeddable":true,"href":"https:\/\/saborealapalma.es\/de\/wp-json\/wp\/v2\/users\/4"}],"replies":[{"embeddable":true,"href":"https:\/\/saborealapalma.es\/de\/wp-json\/wp\/v2\/comments?post=6906"}],"version-history":[{"count":13,"href":"https:\/\/saborealapalma.es\/de\/wp-json\/wp\/v2\/pages\/6906\/revisions"}],"predecessor-version":[{"id":6919,"href":"https:\/\/saborealapalma.es\/de\/wp-json\/wp\/v2\/pages\/6906\/revisions\/6919"}],"up":[{"embeddable":true,"href":"https:\/\/saborealapalma.es\/de\/wp-json\/wp\/v2\/pages\/6348"}],"wp:attachment":[{"href":"https:\/\/saborealapalma.es\/de\/wp-json\/wp\/v2\/media?parent=6906"}],"curies":[{"name":"wp","href":"https:\/\/api.w.org\/{rel}","templated":true}]}}