{"id":8619,"date":"2025-02-26T10:20:11","date_gmt":"2025-02-26T10:20:11","guid":{"rendered":"https:\/\/saborealapalma.es\/?page_id=8619"},"modified":"2025-03-26T12:48:24","modified_gmt":"2025-03-26T12:48:24","slug":"inscripcion-a-wset","status":"publish","type":"page","link":"https:\/\/saborealapalma.es\/de\/inscripcion-a-wset\/","title":{"rendered":"Inscripci\u00f3n a WSET"},"content":{"rendered":"\t\t<div data-elementor-type=\"wp-page\" data-elementor-id=\"8619\" class=\"elementor elementor-8619\" data-elementor-post-type=\"page\">\n\t\t\t\t\t\t<section data-particle_enable=\"false\" data-particle-mobile-disabled=\"false\" class=\"elementor-section elementor-top-section elementor-element elementor-element-34ba374 elementor-section-boxed elementor-section-height-default elementor-section-height-default parallax_section_no qode_elementor_container_no\" data-id=\"34ba374\" data-element_type=\"section\" data-e-type=\"section\">\n\t\t\t\t\t\t<div class=\"elementor-container elementor-column-gap-default\">\n\t\t\t\t\t<div class=\"elementor-column elementor-col-100 elementor-top-column elementor-element elementor-element-76f8a27\" data-id=\"76f8a27\" data-element_type=\"column\" data-e-type=\"column\">\n\t\t\t<div class=\"elementor-widget-wrap elementor-element-populated\">\n\t\t\t\t\t\t<div class=\"elementor-element elementor-element-924841a elementor-widget elementor-widget-heading\" data-id=\"924841a\" data-element_type=\"widget\" data-e-type=\"widget\" data-widget_type=\"heading.default\">\n\t\t\t\t<div class=\"elementor-widget-container\">\n\t\t\t\t\t<h2 class=\"elementor-heading-title elementor-size-default\">Formulario de inscripci\u00f3n a WSET<\/h2>\t\t\t\t<\/div>\n\t\t\t\t<\/div>\n\t\t\t\t\t<\/div>\n\t\t<\/div>\n\t\t\t\t\t<\/div>\n\t\t<\/section>\n\t\t\t\t<section data-particle_enable=\"false\" data-particle-mobile-disabled=\"false\" class=\"elementor-section elementor-top-section elementor-element elementor-element-54d079f elementor-section-boxed elementor-section-height-default elementor-section-height-default parallax_section_no qode_elementor_container_no\" data-id=\"54d079f\" data-element_type=\"section\" data-e-type=\"section\" data-settings=\"{&quot;background_background&quot;:&quot;classic&quot;}\">\n\t\t\t\t\t\t<div class=\"elementor-container elementor-column-gap-default\">\n\t\t\t\t\t<div class=\"elementor-column elementor-col-100 elementor-top-column elementor-element elementor-element-16d2c9d\" data-id=\"16d2c9d\" data-element_type=\"column\" data-e-type=\"column\">\n\t\t\t<div class=\"elementor-widget-wrap elementor-element-populated\">\n\t\t\t\t\t\t<div class=\"elementor-element elementor-element-2427246 elementor-widget elementor-widget-text-editor\" data-id=\"2427246\" data-element_type=\"widget\" data-e-type=\"widget\" data-widget_type=\"text-editor.default\">\n\t\t\t\t<div class=\"elementor-widget-container\">\n\t\t\t\t\t\t\t\t\t<p>La WSET, acro\u0301nimo de Wine and Spirit Education Trust, una institucio\u0301n en formacio\u0301n de vino y alcoholes reconocida por el gobierno brita\u0301nico, de gran prestigio y reputacio\u0301n mundial, nos ofrece la oportunidad de que los socios de Saborea La Palma participen en sus cursos certificados. La propuesta nos la traslada el eno\u0301logo Carlos Lozano, que pertenece a la empresa que representa a WSET en Canarias. Tras analizar la propuesta, Sodepal ha entendido que resulta interesante especialmente para los profesionales del sector vitivini\u0301cola, aunque son cursos abiertos a cualquier persona con intere\u0301s\u00a0en\u00a0este\u00a0a\u0301mbito.<\/p><p>Ofrecen dos niveles de formaci\u00f3n:<\/p>\t\t\t\t\t\t\t\t<\/div>\n\t\t\t\t<\/div>\n\t\t\t\t<section data-particle_enable=\"false\" data-particle-mobile-disabled=\"false\" class=\"elementor-section elementor-inner-section elementor-element elementor-element-a40c50c elementor-section-boxed elementor-section-height-default elementor-section-height-default parallax_section_no qode_elementor_container_no\" data-id=\"a40c50c\" data-element_type=\"section\" data-e-type=\"section\">\n\t\t\t\t\t\t<div class=\"elementor-container elementor-column-gap-default\">\n\t\t\t\t\t<div class=\"elementor-column elementor-col-50 elementor-inner-column elementor-element elementor-element-b83eebc\" data-id=\"b83eebc\" data-element_type=\"column\" data-e-type=\"column\">\n\t\t\t<div class=\"elementor-widget-wrap elementor-element-populated\">\n\t\t\t\t\t\t<div class=\"elementor-element elementor-element-7710b5c elementor-widget elementor-widget-heading\" data-id=\"7710b5c\" data-element_type=\"widget\" data-e-type=\"widget\" data-widget_type=\"heading.default\">\n\t\t\t\t<div class=\"elementor-widget-container\">\n\t\t\t\t\t<h4 class=\"elementor-heading-title elementor-size-default\">Cualificaci\u00f3n de Nivel 1 en Vinos WSET<\/h4>\t\t\t\t<\/div>\n\t\t\t\t<\/div>\n\t\t\t\t<div class=\"elementor-element elementor-element-b8970df elementor-widget elementor-widget-text-editor\" data-id=\"b8970df\" data-element_type=\"widget\" data-e-type=\"widget\" data-widget_type=\"text-editor.default\">\n\t\t\t\t<div class=\"elementor-widget-container\">\n\t\t\t\t\t\t\t\t\t<p>\ud83d\udcc5 Precio: 285 \u20ac<br \/>\ud83d\udd55 Horas: 6 a 8 horas (se puede dar en una o dos jornadas).<br \/>\ud83d\udcda Incluye: Matri\u0301cula, dossier de estudio, tasas de examen y envi\u0301o de certificado.<\/p><p><a href=\"https:\/\/saborealapalma.es\/wp-content\/uploads\/2025\/02\/WSET_nivel1.pdf\" target=\"_blank\" rel=\"noopener\">M\u00c1S INFORMACI\u00d3N<\/a><\/p>\t\t\t\t\t\t\t\t<\/div>\n\t\t\t\t<\/div>\n\t\t\t\t\t<\/div>\n\t\t<\/div>\n\t\t\t\t<div class=\"elementor-column elementor-col-50 elementor-inner-column elementor-element elementor-element-5091e28\" data-id=\"5091e28\" data-element_type=\"column\" data-e-type=\"column\">\n\t\t\t<div class=\"elementor-widget-wrap elementor-element-populated\">\n\t\t\t\t\t\t<div class=\"elementor-element elementor-element-baf359c elementor-widget elementor-widget-heading\" data-id=\"baf359c\" data-element_type=\"widget\" data-e-type=\"widget\" data-widget_type=\"heading.default\">\n\t\t\t\t<div class=\"elementor-widget-container\">\n\t\t\t\t\t<h4 class=\"elementor-heading-title elementor-size-default\">Cualificaci\u00f3n de Nivel 1 en Vinos WSET2<\/h4>\t\t\t\t<\/div>\n\t\t\t\t<\/div>\n\t\t\t\t<div class=\"elementor-element elementor-element-80fa1dc elementor-widget elementor-widget-text-editor\" data-id=\"80fa1dc\" data-element_type=\"widget\" data-e-type=\"widget\" data-widget_type=\"text-editor.default\">\n\t\t\t\t<div class=\"elementor-widget-container\">\n\t\t\t\t\t\t\t\t\t<p>\ud83d\udcc5 Precio: 870 \u20ac.<br \/>\ud83d\udd55 Horas: 18 horas. presenciales (a distribuir de 2 a 4 jornadas seguidas o en distintas semanas).<br \/>\ud83d\udcda Incluye: Matri\u0301cula, pack de estudio, tasas de examen y envi\u0301o de certificado.<\/p><p><a href=\"https:\/\/saborealapalma.es\/wp-content\/uploads\/2025\/02\/WSET_nivel2.pdf\" target=\"_blank\" rel=\"noopener\">M\u00c1S INFORMACI\u00d3N<\/a><\/p>\t\t\t\t\t\t\t\t<\/div>\n\t\t\t\t<\/div>\n\t\t\t\t\t<\/div>\n\t\t<\/div>\n\t\t\t\t\t<\/div>\n\t\t<\/section>\n\t\t\t\t<div class=\"elementor-element elementor-element-e640def eael-wpforms-labels-yes eael-wpforms-form-button-custom elementor-widget elementor-widget-eael-wpforms\" data-id=\"e640def\" data-element_type=\"widget\" data-e-type=\"widget\" data-widget_type=\"eael-wpforms.default\">\n\t\t\t\t<div class=\"elementor-widget-container\">\n\t\t\t\t\t            <div class=\"eael-contact-form eael-wpforms eael-wpforms-align-default\">\n                                <div class=\"wpforms-container wpforms-container-full\" id=\"wpforms-8617\"><form id=\"wpforms-form-8617\" class=\"wpforms-validate wpforms-form\" data-formid=\"8617\" method=\"post\" enctype=\"multipart\/form-data\" action=\"\/de\/wp-json\/wp\/v2\/pages\/8619\" data-token=\"95cae043bffe494ce7190f8eb33f81d8\" data-token-time=\"1775406697\"><noscript class=\"wpforms-error-noscript\">Bitte aktivieren Sie JavaScript in Ihrem Browser, um dieses Formular fertigzustellen.<\/noscript><div class=\"wpforms-field-container\"><div id=\"wpforms-8617-field_25-container\" class=\"wpforms-field wpforms-field-name\" data-field-id=\"25\"><label class=\"wpforms-field-label\" for=\"wpforms-8617-field_25\">Nombre <span class=\"wpforms-required-label\">*<\/span><\/label><div class=\"wpforms-field-row wpforms-field-medium\"><div class=\"wpforms-field-row-block wpforms-first wpforms-one-half\"><input type=\"text\" id=\"wpforms-8617-field_25\" class=\"wpforms-field-name-first wpforms-field-required\" name=\"wpforms[fields][25][first]\" required><label for=\"wpforms-8617-field_25\" class=\"wpforms-field-sublabel after\">Vorname<\/label><\/div><div class=\"wpforms-field-row-block wpforms-one-half\"><input type=\"text\" id=\"wpforms-8617-field_25-last\" class=\"wpforms-field-name-last wpforms-field-required\" name=\"wpforms[fields][25][last]\" required><label for=\"wpforms-8617-field_25-last\" class=\"wpforms-field-sublabel after\">Nachname<\/label><\/div><\/div><\/div><div id=\"wpforms-8617-field_1-container\" class=\"wpforms-field wpforms-field-email\" data-field-id=\"1\"><label class=\"wpforms-field-label\" for=\"wpforms-8617-field_1\">Email <span class=\"wpforms-required-label\">*<\/span><\/label><input type=\"email\" id=\"wpforms-8617-field_1\" class=\"wpforms-field-medium wpforms-field-required\" name=\"wpforms[fields][1]\" spellcheck=\"false\" required><\/div><div id=\"wpforms-8617-field_27-container\" class=\"wpforms-field wpforms-field-select wpforms-field-select-style-modern\" data-field-id=\"27\"><label class=\"wpforms-field-label\" for=\"wpforms-8617-field_27\">Curso al que quiere inscribirse <span class=\"wpforms-required-label\">*<\/span><\/label><select id=\"wpforms-8617-field_27\" class=\"wpforms-field-medium wpforms-field-required choicesjs-select\" data-size-class=\"wpforms-field-row wpforms-field-medium\" data-search-enabled=\"\" name=\"wpforms[fields][27][]\" required=\"required\" multiple=\"multiple\"><option value=\"\" class=\"placeholder\" disabled >Seleccione curso<\/option><option value=\"Cualificaci\u00f3n de Nivel 2 en Vinos WSET\" >Cualificaci\u00f3n de Nivel 2 en Vinos WSET<\/option><\/select><\/div><div id=\"wpforms-8617-field_11-container\" class=\"wpforms-field wpforms-field-text\" data-field-id=\"11\"><label class=\"wpforms-field-label\" for=\"wpforms-8617-field_11\">Direcci\u00f3n <span class=\"wpforms-required-label\">*<\/span><\/label><input type=\"text\" id=\"wpforms-8617-field_11\" class=\"wpforms-field-medium wpforms-field-required\" name=\"wpforms[fields][11]\" required><\/div><div id=\"wpforms-8617-field_26-container\" class=\"wpforms-field wpforms-field-phone\" data-field-id=\"26\"><label class=\"wpforms-field-label\" for=\"wpforms-8617-field_26\">Tel\u00e9fono <span class=\"wpforms-required-label\">*<\/span><\/label><input type=\"tel\" id=\"wpforms-8617-field_26\" class=\"wpforms-field-medium wpforms-field-required wpforms-smart-phone-field\" data-rule-smart-phone-field=\"true\" name=\"wpforms[fields][26]\" placeholder=\"--- --- ---\" aria-label=\"Tel\u00e9fono\" required><\/div><div id=\"wpforms-8617-field_8-container\" class=\"wpforms-field wpforms-field-checkbox\" data-field-id=\"8\"><label class=\"wpforms-field-label wpforms-label-hide\" for=\"wpforms-8617-field_8\">Privacidad <span class=\"wpforms-required-label\">*<\/span><\/label><ul id=\"wpforms-8617-field_8\" class=\"wpforms-field-required\"><li class=\"choice-1 depth-1\"><input type=\"checkbox\" id=\"wpforms-8617-field_8_1\" name=\"wpforms[fields][8][]\" value=\"Acepto la &lt;a href=&quot;\/politica-privacidad-aviso-legal&quot; target=&quot;_blank&quot;&gt;pol\u00edtica de privacidad&lt;\/a&gt;\" required ><label class=\"wpforms-field-label-inline\" for=\"wpforms-8617-field_8_1\">Acepto la <a href=\"\/politica-privacidad-aviso-legal\" target=\"_blank\">pol\u00edtica de privacidad<\/a><\/label><\/li><\/ul><\/div><\/div><!-- .wpforms-field-container --><div class=\"wpforms-submit-container\" ><input type=\"hidden\" name=\"wpforms[id]\" value=\"8617\"><input type=\"hidden\" name=\"page_title\" value=\"\"><input type=\"hidden\" name=\"page_url\" value=\"https:\/\/saborealapalma.es\/de\/wp-json\/wp\/v2\/pages\/8619\"><button type=\"submit\" name=\"wpforms[submit]\" id=\"wpforms-submit-8617\" class=\"wpforms-submit\" data-alt-text=\"Enviando...\" data-submit-text=\"Enviar\" aria-live=\"assertive\" value=\"wpforms-submit\">Enviar<\/button><\/div><\/form><\/div>  <!-- .wpforms-container -->            <\/div>\n\t\t\t\t<\/div>\n\t\t\t\t<\/div>\n\t\t\t\t\t<\/div>\n\t\t<\/div>\n\t\t\t\t\t<\/div>\n\t\t<\/section>\n\t\t\t\t<\/div>\n\t\t","protected":false},"excerpt":{"rendered":"<p>Formulario de inscripci\u00f3n a WSET La WSET, acro\u0301nimo de Wine and Spirit Education Trust, una institucio\u0301n en formacio\u0301n de vino y alcoholes reconocida por el gobierno brita\u0301nico, de gran prestigio y reputacio\u0301n mundial, nos ofrece la oportunidad de que los socios de Saborea La Palma participen en sus cursos certificados&#8230;.<\/p>","protected":false},"author":4,"featured_media":0,"parent":0,"menu_order":0,"comment_status":"closed","ping_status":"closed","template":"","meta":{"footnotes":""},"class_list":["post-8619","page","type-page","status-publish","hentry"],"yoast_head":"<!-- This site is optimized with the Yoast SEO plugin v27.0 - https:\/\/yoast.com\/product\/yoast-seo-wordpress\/ -->\n<title>Inscripci\u00f3n a WSET - Saborea La Palma<\/title>\n<meta name=\"robots\" content=\"index, follow, max-snippet:-1, max-image-preview:large, max-video-preview:-1\" \/>\n<link rel=\"canonical\" href=\"https:\/\/saborealapalma.es\/de\/inscripcion-a-wset\/\" \/>\n<meta property=\"og:locale\" content=\"de_DE\" \/>\n<meta property=\"og:type\" content=\"article\" \/>\n<meta property=\"og:title\" content=\"Inscripci\u00f3n a WSET - Saborea La Palma\" \/>\n<meta property=\"og:description\" content=\"Formulario de inscripci\u00f3n a WSET La WSET, acro\u0301nimo de Wine and Spirit Education Trust, una institucio\u0301n en formacio\u0301n de vino y alcoholes reconocida por el gobierno brita\u0301nico, de gran prestigio y reputacio\u0301n mundial, nos ofrece la oportunidad de que los socios de Saborea La Palma participen en sus cursos certificados....\" \/>\n<meta property=\"og:url\" content=\"https:\/\/saborealapalma.es\/de\/inscripcion-a-wset\/\" \/>\n<meta property=\"og:site_name\" content=\"Saborea La Palma\" \/>\n<meta property=\"article:modified_time\" content=\"2025-03-26T12:48:24+00:00\" \/>\n<meta name=\"twitter:card\" content=\"summary_large_image\" \/>\n<meta name=\"twitter:label1\" content=\"Gesch\u00e4tzte Lesezeit\" \/>\n\t<meta name=\"twitter:data1\" content=\"2\u00a0Minuten\" \/>\n<script type=\"application\/ld+json\" class=\"yoast-schema-graph\">{\"@context\":\"https:\/\/schema.org\",\"@graph\":[{\"@type\":\"WebPage\",\"@id\":\"https:\/\/saborealapalma.es\/inscripcion-a-wset\/\",\"url\":\"https:\/\/saborealapalma.es\/inscripcion-a-wset\/\",\"name\":\"Inscripci\u00f3n a WSET - Saborea La Palma\",\"isPartOf\":{\"@id\":\"https:\/\/saborealapalma.es\/#website\"},\"datePublished\":\"2025-02-26T10:20:11+00:00\",\"dateModified\":\"2025-03-26T12:48:24+00:00\",\"breadcrumb\":{\"@id\":\"https:\/\/saborealapalma.es\/inscripcion-a-wset\/#breadcrumb\"},\"inLanguage\":\"de\",\"potentialAction\":[{\"@type\":\"ReadAction\",\"target\":[\"https:\/\/saborealapalma.es\/inscripcion-a-wset\/\"]}]},{\"@type\":\"BreadcrumbList\",\"@id\":\"https:\/\/saborealapalma.es\/inscripcion-a-wset\/#breadcrumb\",\"itemListElement\":[{\"@type\":\"ListItem\",\"position\":1,\"name\":\"Portada\",\"item\":\"https:\/\/saborealapalma.es\/\"},{\"@type\":\"ListItem\",\"position\":2,\"name\":\"Inscripci\u00f3n a WSET\"}]},{\"@type\":\"WebSite\",\"@id\":\"https:\/\/saborealapalma.es\/#website\",\"url\":\"https:\/\/saborealapalma.es\/\",\"name\":\"Saborea La Palma\",\"description\":\"Saborea La Palma es el proyecto que lidera la Sociedad de Promoci\u00f3n Econ\u00f3mica de La Palma (SODEPAL S.A.U.M.P), empresa p\u00fablica dependiente de Cabildo Insular de La Palma, para la revalorizaci\u00f3n y el posicionamiento de la gastronom\u00eda palmera en los mercados regionales, nacionales e internacionales.\",\"potentialAction\":[{\"@type\":\"SearchAction\",\"target\":{\"@type\":\"EntryPoint\",\"urlTemplate\":\"https:\/\/saborealapalma.es\/?s={search_term_string}\"},\"query-input\":{\"@type\":\"PropertyValueSpecification\",\"valueRequired\":true,\"valueName\":\"search_term_string\"}}],\"inLanguage\":\"de\"}]}<\/script>\n<!-- \/ Yoast SEO plugin. -->","yoast_head_json":{"title":"Inscripci\u00f3n a WSET - Saborea La Palma","robots":{"index":"index","follow":"follow","max-snippet":"max-snippet:-1","max-image-preview":"max-image-preview:large","max-video-preview":"max-video-preview:-1"},"canonical":"https:\/\/saborealapalma.es\/de\/inscripcion-a-wset\/","og_locale":"de_DE","og_type":"article","og_title":"Inscripci\u00f3n a WSET - Saborea La Palma","og_description":"Formulario de inscripci\u00f3n a WSET La WSET, acro\u0301nimo de Wine and Spirit Education Trust, una institucio\u0301n en formacio\u0301n de vino y alcoholes reconocida por el gobierno brita\u0301nico, de gran prestigio y reputacio\u0301n mundial, nos ofrece la oportunidad de que los socios de Saborea La Palma participen en sus cursos certificados....","og_url":"https:\/\/saborealapalma.es\/de\/inscripcion-a-wset\/","og_site_name":"Saborea La Palma","article_modified_time":"2025-03-26T12:48:24+00:00","twitter_card":"summary_large_image","twitter_misc":{"Gesch\u00e4tzte Lesezeit":"2\u00a0Minuten"},"schema":{"@context":"https:\/\/schema.org","@graph":[{"@type":"WebPage","@id":"https:\/\/saborealapalma.es\/inscripcion-a-wset\/","url":"https:\/\/saborealapalma.es\/inscripcion-a-wset\/","name":"Inscripci\u00f3n a WSET - Saborea La Palma","isPartOf":{"@id":"https:\/\/saborealapalma.es\/#website"},"datePublished":"2025-02-26T10:20:11+00:00","dateModified":"2025-03-26T12:48:24+00:00","breadcrumb":{"@id":"https:\/\/saborealapalma.es\/inscripcion-a-wset\/#breadcrumb"},"inLanguage":"de","potentialAction":[{"@type":"ReadAction","target":["https:\/\/saborealapalma.es\/inscripcion-a-wset\/"]}]},{"@type":"BreadcrumbList","@id":"https:\/\/saborealapalma.es\/inscripcion-a-wset\/#breadcrumb","itemListElement":[{"@type":"ListItem","position":1,"name":"Portada","item":"https:\/\/saborealapalma.es\/"},{"@type":"ListItem","position":2,"name":"Inscripci\u00f3n a WSET"}]},{"@type":"WebSite","@id":"https:\/\/saborealapalma.es\/#website","url":"https:\/\/saborealapalma.es\/","name":"Schmecken Sie La Palma","description":"Saborea La Palma ist das von der Sociedad de Promoci\u00f3n Econ\u00f3mica de La Palma (SODEPAL S.A.U.M.P), einem vom Cabildo Insular de La Palma abh\u00e4ngigen \u00f6ffentlichen Unternehmen, geleitete Projekt zur Aufwertung und Positionierung der Gastronomie La Palmas auf regionalen, nationalen und internationalen M\u00e4rkten.","potentialAction":[{"@type":"SearchAction","target":{"@type":"EntryPoint","urlTemplate":"https:\/\/saborealapalma.es\/?s={search_term_string}"},"query-input":{"@type":"PropertyValueSpecification","valueRequired":true,"valueName":"search_term_string"}}],"inLanguage":"de"}]}},"_links":{"self":[{"href":"https:\/\/saborealapalma.es\/de\/wp-json\/wp\/v2\/pages\/8619","targetHints":{"allow":["GET"]}}],"collection":[{"href":"https:\/\/saborealapalma.es\/de\/wp-json\/wp\/v2\/pages"}],"about":[{"href":"https:\/\/saborealapalma.es\/de\/wp-json\/wp\/v2\/types\/page"}],"author":[{"embeddable":true,"href":"https:\/\/saborealapalma.es\/de\/wp-json\/wp\/v2\/users\/4"}],"replies":[{"embeddable":true,"href":"https:\/\/saborealapalma.es\/de\/wp-json\/wp\/v2\/comments?post=8619"}],"version-history":[{"count":31,"href":"https:\/\/saborealapalma.es\/de\/wp-json\/wp\/v2\/pages\/8619\/revisions"}],"predecessor-version":[{"id":8673,"href":"https:\/\/saborealapalma.es\/de\/wp-json\/wp\/v2\/pages\/8619\/revisions\/8673"}],"wp:attachment":[{"href":"https:\/\/saborealapalma.es\/de\/wp-json\/wp\/v2\/media?parent=8619"}],"curies":[{"name":"wp","href":"https:\/\/api.w.org\/{rel}","templated":true}]}}