{"id":8676,"date":"2025-03-31T12:26:06","date_gmt":"2025-03-31T11:26:06","guid":{"rendered":"https:\/\/saborealapalma.es\/?page_id=8676"},"modified":"2025-03-31T12:52:56","modified_gmt":"2025-03-31T11:52:56","slug":"folleto-mergus","status":"publish","type":"page","link":"https:\/\/saborealapalma.es\/de\/folleto-mergus\/","title":{"rendered":"Mergus Brosch\u00fcre"},"content":{"rendered":"<div data-elementor-type=\"wp-page\" data-elementor-id=\"8676\" class=\"elementor elementor-8676\" data-elementor-post-type=\"page\">\n\t\t\t\t\t\t<section data-particle_enable=\"false\" data-particle-mobile-disabled=\"false\" class=\"elementor-section elementor-top-section elementor-element elementor-element-c7af3a7 elementor-section-full_width elementor-section-height-default elementor-section-height-default parallax_section_no qode_elementor_container_no\" data-id=\"c7af3a7\" data-element_type=\"section\" data-e-type=\"section\">\n\t\t\t\t\t\t<div class=\"elementor-container elementor-column-gap-default\">\n\t\t\t\t\t<div data-dce-background-image-url=\"https:\/\/saborealapalma.es\/wp-content\/uploads\/2020\/10\/fondocontacto.png\" class=\"elementor-column elementor-col-100 elementor-top-column elementor-element elementor-element-707be8e\" data-id=\"707be8e\" data-element_type=\"column\" data-e-type=\"column\" data-settings=\"{&quot;background_background&quot;:&quot;classic&quot;}\">\n\t\t\t<div class=\"elementor-widget-wrap elementor-element-populated\">\n\t\t\t\t\t\t<section data-particle_enable=\"false\" data-particle-mobile-disabled=\"false\" class=\"elementor-section elementor-inner-section elementor-element elementor-element-0839ec2 elementor-section-boxed elementor-section-height-default elementor-section-height-default parallax_section_no qode_elementor_container_no\" data-id=\"0839ec2\" data-element_type=\"section\" data-e-type=\"section\">\n\t\t\t\t\t\t<div class=\"elementor-container elementor-column-gap-default\">\n\t\t\t\t\t<div class=\"elementor-column elementor-col-100 elementor-inner-column elementor-element elementor-element-4e3f423\" data-id=\"4e3f423\" data-element_type=\"column\" data-e-type=\"column\">\n\t\t\t<div class=\"elementor-widget-wrap elementor-element-populated\">\n\t\t\t\t\t\t<div class=\"elementor-element elementor-element-5ba3641 elementor-widget elementor-widget-heading\" data-id=\"5ba3641\" data-element_type=\"widget\" data-e-type=\"widget\" data-widget_type=\"heading.default\">\n\t\t\t\t<div class=\"elementor-widget-container\">\n\t\t\t\t\t<h1 class=\"elementor-heading-title elementor-size-default\">WEINE AUS LA PALMA<\/h1>\t\t\t\t<\/div>\n\t\t\t\t<\/div>\n\t\t\t\t<div class=\"elementor-element elementor-element-f085bd2 elementor-widget elementor-widget-heading\" data-id=\"f085bd2\" data-element_type=\"widget\" data-e-type=\"widget\" data-widget_type=\"heading.default\">\n\t\t\t\t<div class=\"elementor-widget-container\">\n\t\t\t\t\t<h4 class=\"elementor-heading-title elementor-size-default\">Mergus Brosch\u00fcre<\/h4>\t\t\t\t<\/div>\n\t\t\t\t<\/div>\n\t\t\t\t<div class=\"elementor-element elementor-element-0355dcb elementor-align-center elementor-hidden-mobile elementor-widget elementor-widget-dce-pdf-viewer\" data-id=\"0355dcb\" data-element_type=\"widget\" data-e-type=\"widget\" data-settings=\"{&quot;source_media&quot;:{&quot;url&quot;:&quot;https:\\\/\\\/saborealapalma.es\\\/wp-content\\\/uploads\\\/2025\\\/03\\\/Folleto_Vinos_Mergus.pdf&quot;,&quot;id&quot;:8678,&quot;size&quot;:&quot;&quot;,&quot;alt&quot;:&quot;&quot;,&quot;source&quot;:&quot;library&quot;},&quot;source&quot;:&quot;media_file&quot;,&quot;size_adjustable_controls&quot;:&quot;yes&quot;,&quot;size_adjustable_width&quot;:&quot;800&quot;,&quot;size_adjustable_height&quot;:&quot;600&quot;,&quot;print_controls&quot;:&quot;yes&quot;,&quot;navigation_controls&quot;:&quot;yes&quot;,&quot;zoom_controls&quot;:&quot;yes&quot;,&quot;zoom&quot;:&quot;1&quot;}\" data-widget_type=\"dce-pdf-viewer.default\">\n\t\t\t\t<div class=\"elementor-widget-container\">\n\t\t\t\t\t\n\t\t\t\t<div class=\"dce-pdf-controls\">\n\t\t\t\t\t\t<div class=\"dce-pdf-navigation-controls\">\n\t\t\t\t<button class=\"dce-pdf-go-previous\">Vorherige<\/button>\n\t\t\t\t<input class=\"dce-pdf-current-page\" value=\"1\" type=\"number\" \/>\n\t\t\t\t<button class=\"dce-pdf-go-next\">N\u00e4chste<\/button>\n\t\t\t<\/div>\n\t\t\t\n\t\t\t\t\t\t<div class=\"dce-pdf-zoom-controls\">\n\t\t\t\t<button class=\"dce-pdf-zoom-in\">+<\/button>\n\t\t\t\t<button class=\"dce-pdf-zoom-out\">-<\/button>\n\t\t\t<\/div>\n\t\t\t\n\t\t\t\n\t\t\t\t\t\t<div class=\"dce-pdf-print-controls\">\n\t\t\t<button class=\"dce-pdf-print\">PDF drucken<\/button>\n\t\t\t<\/div>\n\t\t\t\t\t<\/div>\n\t\t\n\t\t<div class=\"dce-pdf-canvas-container\">\n\t\t\t<canvas class=\"dce-pdf-renderer\"><\/canvas>\n\t\t<\/div>\n\t\t\t\t<\/div>\n\t\t\t\t<\/div>\n\t\t\t\t<div class=\"elementor-element elementor-element-5b89cbb elementor-align-center elementor-widget elementor-widget-dce-pdf-viewer\" data-id=\"5b89cbb\" data-element_type=\"widget\" data-e-type=\"widget\" data-settings=\"{&quot;source_media&quot;:{&quot;url&quot;:&quot;https:\\\/\\\/saborealapalma.es\\\/wp-content\\\/uploads\\\/2025\\\/03\\\/Folleto_Vinos_Mergus.pdf&quot;,&quot;id&quot;:8678,&quot;size&quot;:&quot;&quot;,&quot;alt&quot;:&quot;&quot;,&quot;source&quot;:&quot;library&quot;},&quot;size_adjustable_width&quot;:400,&quot;source&quot;:&quot;media_file&quot;,&quot;size_adjustable_controls&quot;:&quot;yes&quot;,&quot;size_adjustable_height&quot;:&quot;600&quot;,&quot;zoom&quot;:&quot;1&quot;}\" data-widget_type=\"dce-pdf-viewer.default\">\n\t\t\t\t<div class=\"elementor-widget-container\">\n\t\t\t\t\t\n\t\t\n\t\t<div class=\"dce-pdf-canvas-container\">\n\t\t\t<canvas class=\"dce-pdf-renderer\"><\/canvas>\n\t\t<\/div>\n\t\t\t\t<\/div>\n\t\t\t\t<\/div>\n\t\t\t\t<div class=\"elementor-element elementor-element-c149a70 elementor-widget elementor-widget-eael-creative-button\" data-id=\"c149a70\" data-element_type=\"widget\" data-e-type=\"widget\" data-widget_type=\"eael-creative-button.default\">\n\t\t\t\t<div class=\"elementor-widget-container\">\n\t\t\t\t\t        <div class=\"eael-creative-button-wrapper\">\n\n            <a class=\"eael-creative-button eael-creative-button--ujarak\" href=\"https:\/\/saborealapalma.es\/wp-content\/uploads\/2025\/03\/Folleto_Vinos_Mergus.pdf\" target=\"_blank\" data-text=\"Descargue el folletos de Vinos Mergues\">\n            \t    \n                <div class=\"creative-button-inner\">\n\n                                            <span class=\"eael-creative-button-icon-left\"><i aria-hidden=\"true\" class=\"fas fa-download\"><\/i><\/span>                    \n                    <span class=\"cretive-button-text\">Laden Sie die Brosch\u00fcre Mergus Wines herunter<\/span>\n\n                                    <\/div>\n\t                        <\/a>\n        <\/div>\n        \t\t\t\t<\/div>\n\t\t\t\t<\/div>\n\t\t\t\t<div class=\"elementor-element elementor-element-3f73be6 elementor-widget-divider--view-line elementor-widget elementor-widget-divider\" data-id=\"3f73be6\" data-element_type=\"widget\" data-e-type=\"widget\" data-widget_type=\"divider.default\">\n\t\t\t\t<div class=\"elementor-widget-container\">\n\t\t\t\t\t\t\t<div class=\"elementor-divider\">\n\t\t\t<span class=\"elementor-divider-separator\">\n\t\t\t\t\t\t<\/span>\n\t\t<\/div>\n\t\t\t\t\t\t<\/div>\n\t\t\t\t<\/div>\n\t\t\t\t<div class=\"elementor-element elementor-element-d297109 elementor-widget elementor-widget-heading\" data-id=\"d297109\" data-element_type=\"widget\" data-e-type=\"widget\" data-widget_type=\"heading.default\">\n\t\t\t\t<div class=\"elementor-widget-container\">\n\t\t\t\t\t<h4 class=\"elementor-heading-title elementor-size-default\">In Zusammenarbeit mit der Denominaci\u00f3n de Origen<\/h4>\t\t\t\t<\/div>\n\t\t\t\t<\/div>\n\t\t\t\t<div class=\"elementor-element elementor-element-75d04f9 dce_masking-none elementor-widget elementor-widget-image\" data-id=\"75d04f9\" data-element_type=\"widget\" data-e-type=\"widget\" data-widget_type=\"image.default\">\n\t\t\t\t<div class=\"elementor-widget-container\">\n\t\t\t\t\t\t\t\t\t\t\t\t\t\t\t<img fetchpriority=\"high\" decoding=\"async\" width=\"240\" height=\"240\" src=\"https:\/\/saborealapalma.es\/wp-content\/uploads\/2021\/12\/lapalma-min.png\" class=\"attachment-large size-large wp-image-1890\" alt=\"\" srcset=\"https:\/\/saborealapalma.es\/wp-content\/uploads\/2021\/12\/lapalma-min.png 240w, https:\/\/saborealapalma.es\/wp-content\/uploads\/2021\/12\/lapalma-min-150x150.png 150w, https:\/\/saborealapalma.es\/wp-content\/uploads\/2021\/12\/lapalma-min-100x100.png 100w\" sizes=\"(max-width: 240px) 100vw, 240px\" \/>\t\t\t\t\t\t\t\t\t\t\t\t\t\t\t<\/div>\n\t\t\t\t<\/div>\n\t\t\t\t\t<\/div>\n\t\t<\/div>\n\t\t\t\t\t<\/div>\n\t\t<\/section>\n\t\t\t\t\t<\/div>\n\t\t<\/div>\n\t\t\t\t\t<\/div>\n\t\t<\/section>\n\t\t\t\t<\/div>","protected":false},"excerpt":{"rendered":"<p>VINOS DE LA PALMA Mergus Brosch\u00fcre Zur\u00fcck Weiter + - PDF drucken Die Brosch\u00fcre der Mergus-Weine herunterladen In Zusammenarbeit mit der Denominaci\u00f3n de Origen<\/p>","protected":false},"author":4,"featured_media":0,"parent":0,"menu_order":0,"comment_status":"closed","ping_status":"closed","template":"full_width.php","meta":{"footnotes":""},"class_list":["post-8676","page","type-page","status-publish","hentry"],"yoast_head":"<!-- This site is optimized with the Yoast SEO plugin v27.0 - https:\/\/yoast.com\/product\/yoast-seo-wordpress\/ -->\n<title>Folleto Mergus - Saborea La Palma<\/title>\n<meta name=\"robots\" content=\"index, follow, max-snippet:-1, max-image-preview:large, max-video-preview:-1\" \/>\n<link rel=\"canonical\" href=\"https:\/\/saborealapalma.es\/de\/folleto-mergus\/\" \/>\n<meta property=\"og:locale\" content=\"de_DE\" \/>\n<meta property=\"og:type\" content=\"article\" \/>\n<meta property=\"og:title\" content=\"Folleto Mergus - Saborea La Palma\" \/>\n<meta property=\"og:description\" content=\"VINOS DE LA PALMA Folleto Mergus Anterior Siguiente + &#8211; Print PDF Descargue el folletos de Vinos Mergus Con la colaboraci\u00f3n de la Denominaci\u00f3n de Origen\" \/>\n<meta property=\"og:url\" content=\"https:\/\/saborealapalma.es\/de\/folleto-mergus\/\" \/>\n<meta property=\"og:site_name\" content=\"Saborea La Palma\" \/>\n<meta property=\"article:modified_time\" content=\"2025-03-31T11:52:56+00:00\" \/>\n<meta property=\"og:image\" content=\"https:\/\/saborealapalma.es\/wp-content\/uploads\/2021\/12\/lapalma-min.png\" \/>\n\t<meta property=\"og:image:width\" content=\"240\" \/>\n\t<meta property=\"og:image:height\" content=\"240\" \/>\n\t<meta property=\"og:image:type\" content=\"image\/png\" \/>\n<meta name=\"twitter:card\" content=\"summary_large_image\" \/>\n<meta name=\"twitter:label1\" content=\"Gesch\u00e4tzte Lesezeit\" \/>\n\t<meta name=\"twitter:data1\" content=\"1\u00a0Minute\" \/>\n<script type=\"application\/ld+json\" class=\"yoast-schema-graph\">{\"@context\":\"https:\/\/schema.org\",\"@graph\":[{\"@type\":\"WebPage\",\"@id\":\"https:\/\/saborealapalma.es\/folleto-mergus\/\",\"url\":\"https:\/\/saborealapalma.es\/folleto-mergus\/\",\"name\":\"Folleto Mergus - Saborea La Palma\",\"isPartOf\":{\"@id\":\"https:\/\/saborealapalma.es\/#website\"},\"primaryImageOfPage\":{\"@id\":\"https:\/\/saborealapalma.es\/folleto-mergus\/#primaryimage\"},\"image\":{\"@id\":\"https:\/\/saborealapalma.es\/folleto-mergus\/#primaryimage\"},\"thumbnailUrl\":\"https:\/\/saborealapalma.es\/wp-content\/uploads\/2021\/12\/lapalma-min.png\",\"datePublished\":\"2025-03-31T11:26:06+00:00\",\"dateModified\":\"2025-03-31T11:52:56+00:00\",\"breadcrumb\":{\"@id\":\"https:\/\/saborealapalma.es\/folleto-mergus\/#breadcrumb\"},\"inLanguage\":\"de\",\"potentialAction\":[{\"@type\":\"ReadAction\",\"target\":[\"https:\/\/saborealapalma.es\/folleto-mergus\/\"]}]},{\"@type\":\"ImageObject\",\"inLanguage\":\"de\",\"@id\":\"https:\/\/saborealapalma.es\/folleto-mergus\/#primaryimage\",\"url\":\"https:\/\/saborealapalma.es\/wp-content\/uploads\/2021\/12\/lapalma-min.png\",\"contentUrl\":\"https:\/\/saborealapalma.es\/wp-content\/uploads\/2021\/12\/lapalma-min.png\"},{\"@type\":\"BreadcrumbList\",\"@id\":\"https:\/\/saborealapalma.es\/folleto-mergus\/#breadcrumb\",\"itemListElement\":[{\"@type\":\"ListItem\",\"position\":1,\"name\":\"Portada\",\"item\":\"https:\/\/saborealapalma.es\/\"},{\"@type\":\"ListItem\",\"position\":2,\"name\":\"Folleto Mergus\"}]},{\"@type\":\"WebSite\",\"@id\":\"https:\/\/saborealapalma.es\/#website\",\"url\":\"https:\/\/saborealapalma.es\/\",\"name\":\"Saborea La Palma\",\"description\":\"Saborea La Palma es el proyecto que lidera la Sociedad de Promoci\u00f3n Econ\u00f3mica de La Palma (SODEPAL S.A.U.M.P), empresa p\u00fablica dependiente de Cabildo Insular de La Palma, para la revalorizaci\u00f3n y el posicionamiento de la gastronom\u00eda palmera en los mercados regionales, nacionales e internacionales.\",\"potentialAction\":[{\"@type\":\"SearchAction\",\"target\":{\"@type\":\"EntryPoint\",\"urlTemplate\":\"https:\/\/saborealapalma.es\/?s={search_term_string}\"},\"query-input\":{\"@type\":\"PropertyValueSpecification\",\"valueRequired\":true,\"valueName\":\"search_term_string\"}}],\"inLanguage\":\"de\"}]}<\/script>\n<!-- \/ Yoast SEO plugin. -->","yoast_head_json":{"title":"Folleto Mergus - Saborea La Palma","robots":{"index":"index","follow":"follow","max-snippet":"max-snippet:-1","max-image-preview":"max-image-preview:large","max-video-preview":"max-video-preview:-1"},"canonical":"https:\/\/saborealapalma.es\/de\/folleto-mergus\/","og_locale":"de_DE","og_type":"article","og_title":"Folleto Mergus - Saborea La Palma","og_description":"VINOS DE LA PALMA Folleto Mergus Anterior Siguiente + &#8211; Print PDF Descargue el folletos de Vinos Mergus Con la colaboraci\u00f3n de la Denominaci\u00f3n de Origen","og_url":"https:\/\/saborealapalma.es\/de\/folleto-mergus\/","og_site_name":"Saborea La Palma","article_modified_time":"2025-03-31T11:52:56+00:00","og_image":[{"width":240,"height":240,"url":"https:\/\/saborealapalma.es\/wp-content\/uploads\/2021\/12\/lapalma-min.png","type":"image\/png"}],"twitter_card":"summary_large_image","twitter_misc":{"Gesch\u00e4tzte Lesezeit":"1\u00a0Minute"},"schema":{"@context":"https:\/\/schema.org","@graph":[{"@type":"WebPage","@id":"https:\/\/saborealapalma.es\/folleto-mergus\/","url":"https:\/\/saborealapalma.es\/folleto-mergus\/","name":"Folleto Mergus - Saborea La Palma","isPartOf":{"@id":"https:\/\/saborealapalma.es\/#website"},"primaryImageOfPage":{"@id":"https:\/\/saborealapalma.es\/folleto-mergus\/#primaryimage"},"image":{"@id":"https:\/\/saborealapalma.es\/folleto-mergus\/#primaryimage"},"thumbnailUrl":"https:\/\/saborealapalma.es\/wp-content\/uploads\/2021\/12\/lapalma-min.png","datePublished":"2025-03-31T11:26:06+00:00","dateModified":"2025-03-31T11:52:56+00:00","breadcrumb":{"@id":"https:\/\/saborealapalma.es\/folleto-mergus\/#breadcrumb"},"inLanguage":"de","potentialAction":[{"@type":"ReadAction","target":["https:\/\/saborealapalma.es\/folleto-mergus\/"]}]},{"@type":"ImageObject","inLanguage":"de","@id":"https:\/\/saborealapalma.es\/folleto-mergus\/#primaryimage","url":"https:\/\/saborealapalma.es\/wp-content\/uploads\/2021\/12\/lapalma-min.png","contentUrl":"https:\/\/saborealapalma.es\/wp-content\/uploads\/2021\/12\/lapalma-min.png"},{"@type":"BreadcrumbList","@id":"https:\/\/saborealapalma.es\/folleto-mergus\/#breadcrumb","itemListElement":[{"@type":"ListItem","position":1,"name":"Portada","item":"https:\/\/saborealapalma.es\/"},{"@type":"ListItem","position":2,"name":"Folleto Mergus"}]},{"@type":"WebSite","@id":"https:\/\/saborealapalma.es\/#website","url":"https:\/\/saborealapalma.es\/","name":"Schmecken Sie La Palma","description":"Saborea La Palma ist das von der Sociedad de Promoci\u00f3n Econ\u00f3mica de La Palma (SODEPAL S.A.U.M.P), einem vom Cabildo Insular de La Palma abh\u00e4ngigen \u00f6ffentlichen Unternehmen, geleitete Projekt zur Aufwertung und Positionierung der Gastronomie La Palmas auf regionalen, nationalen und internationalen M\u00e4rkten.","potentialAction":[{"@type":"SearchAction","target":{"@type":"EntryPoint","urlTemplate":"https:\/\/saborealapalma.es\/?s={search_term_string}"},"query-input":{"@type":"PropertyValueSpecification","valueRequired":true,"valueName":"search_term_string"}}],"inLanguage":"de"}]}},"_links":{"self":[{"href":"https:\/\/saborealapalma.es\/de\/wp-json\/wp\/v2\/pages\/8676","targetHints":{"allow":["GET"]}}],"collection":[{"href":"https:\/\/saborealapalma.es\/de\/wp-json\/wp\/v2\/pages"}],"about":[{"href":"https:\/\/saborealapalma.es\/de\/wp-json\/wp\/v2\/types\/page"}],"author":[{"embeddable":true,"href":"https:\/\/saborealapalma.es\/de\/wp-json\/wp\/v2\/users\/4"}],"replies":[{"embeddable":true,"href":"https:\/\/saborealapalma.es\/de\/wp-json\/wp\/v2\/comments?post=8676"}],"version-history":[{"count":19,"href":"https:\/\/saborealapalma.es\/de\/wp-json\/wp\/v2\/pages\/8676\/revisions"}],"predecessor-version":[{"id":8699,"href":"https:\/\/saborealapalma.es\/de\/wp-json\/wp\/v2\/pages\/8676\/revisions\/8699"}],"wp:attachment":[{"href":"https:\/\/saborealapalma.es\/de\/wp-json\/wp\/v2\/media?parent=8676"}],"curies":[{"name":"wp","href":"https:\/\/api.w.org\/{rel}","templated":true}]}}