{"id":154,"date":"2020-10-17T20:15:31","date_gmt":"2020-10-17T19:15:31","guid":{"rendered":"http:\/\/saborealapalma.es\/?page_id=154"},"modified":"2020-10-27T17:34:43","modified_gmt":"2020-10-27T17:34:43","slug":"en-construccion","status":"publish","type":"page","link":"https:\/\/saborealapalma.es\/en\/en-construccion\/","title":{"rendered":"Maintenance"},"content":{"rendered":"<div      class=\"vc_row wpb_row section vc_row-fluid\" style=' text-align:left;'><div class=\"full_section_inner clearfix\"><div class=\"wpb_column vc_column_container vc_col-sm-12\"><div class=\"vc_column-inner\"><div class=\"wpb_wrapper\">\r\n\t<div class=\"wpb_single_image wpb_content_element vc_align_left\">\r\n\t\t<div class=\"wpb_wrapper\">\r\n\t\t\t\r\n\t\t\t<div class=\"vc_single_image-wrapper   vc_box_border_grey\"><img fetchpriority=\"high\" decoding=\"async\" width=\"1920\" height=\"1280\" src=\"https:\/\/saborealapalma.es\/wp-content\/uploads\/2020\/09\/saborea_fondo.png\" class=\"vc_single_image-img attachment-full\" alt=\"\" srcset=\"https:\/\/saborealapalma.es\/wp-content\/uploads\/2020\/09\/saborea_fondo.png 1920w, https:\/\/saborealapalma.es\/wp-content\/uploads\/2020\/09\/saborea_fondo-600x400.png 600w, https:\/\/saborealapalma.es\/wp-content\/uploads\/2020\/09\/saborea_fondo-300x200.png 300w, https:\/\/saborealapalma.es\/wp-content\/uploads\/2020\/09\/saborea_fondo-1024x683.png 1024w, https:\/\/saborealapalma.es\/wp-content\/uploads\/2020\/09\/saborea_fondo-768x512.png 768w, https:\/\/saborealapalma.es\/wp-content\/uploads\/2020\/09\/saborea_fondo-1536x1024.png 1536w, https:\/\/saborealapalma.es\/wp-content\/uploads\/2020\/09\/saborea_fondo-1568x1045.png 1568w\" sizes=\"(max-width: 1920px) 100vw, 1920px\" \/><\/div>\r\n\t\t<\/div>\r\n\t<\/div>\r\n<\/div><\/div><\/div><\/div><\/div>","protected":false},"excerpt":{"rendered":"","protected":false},"author":4,"featured_media":0,"parent":0,"menu_order":0,"comment_status":"closed","ping_status":"closed","template":"landing_page.php","meta":{"footnotes":""},"class_list":["post-154","page","type-page","status-publish","hentry"],"yoast_head":"<!-- This site is optimized with the Yoast SEO plugin v27.4 - https:\/\/yoast.com\/product\/yoast-seo-wordpress\/ -->\n<title>Mantenimiento - Saborea La Palma<\/title>\n<meta name=\"robots\" content=\"index, follow, max-snippet:-1, max-image-preview:large, max-video-preview:-1\" \/>\n<link rel=\"canonical\" href=\"https:\/\/saborealapalma.es\/en\/en-construccion\/\" \/>\n<meta property=\"og:locale\" content=\"en_GB\" \/>\n<meta property=\"og:type\" content=\"article\" \/>\n<meta property=\"og:title\" content=\"Mantenimiento - Saborea La Palma\" \/>\n<meta property=\"og:url\" content=\"https:\/\/saborealapalma.es\/en\/en-construccion\/\" \/>\n<meta property=\"og:site_name\" content=\"Saborea La Palma\" \/>\n<meta property=\"article:modified_time\" content=\"2020-10-27T17:34:43+00:00\" \/>\n<meta name=\"twitter:card\" content=\"summary_large_image\" \/>\n<script type=\"application\/ld+json\" class=\"yoast-schema-graph\">{\"@context\":\"https:\\\/\\\/schema.org\",\"@graph\":[{\"@type\":\"WebPage\",\"@id\":\"https:\\\/\\\/saborealapalma.es\\\/en-construccion\\\/\",\"url\":\"https:\\\/\\\/saborealapalma.es\\\/en-construccion\\\/\",\"name\":\"Mantenimiento - Saborea La Palma\",\"isPartOf\":{\"@id\":\"https:\\\/\\\/saborealapalma.es\\\/#website\"},\"datePublished\":\"2020-10-17T19:15:31+00:00\",\"dateModified\":\"2020-10-27T17:34:43+00:00\",\"breadcrumb\":{\"@id\":\"https:\\\/\\\/saborealapalma.es\\\/en-construccion\\\/#breadcrumb\"},\"inLanguage\":\"en-GB\",\"potentialAction\":[{\"@type\":\"ReadAction\",\"target\":[\"https:\\\/\\\/saborealapalma.es\\\/en-construccion\\\/\"]}]},{\"@type\":\"BreadcrumbList\",\"@id\":\"https:\\\/\\\/saborealapalma.es\\\/en-construccion\\\/#breadcrumb\",\"itemListElement\":[{\"@type\":\"ListItem\",\"position\":1,\"name\":\"Portada\",\"item\":\"https:\\\/\\\/saborealapalma.es\\\/\"},{\"@type\":\"ListItem\",\"position\":2,\"name\":\"Mantenimiento\"}]},{\"@type\":\"WebSite\",\"@id\":\"https:\\\/\\\/saborealapalma.es\\\/#website\",\"url\":\"https:\\\/\\\/saborealapalma.es\\\/\",\"name\":\"Saborea La Palma\",\"description\":\"Saborea La Palma es el proyecto que lidera la Sociedad de Promoci\u00f3n Econ\u00f3mica de La Palma (SODEPAL S.A.U.M.P), empresa p\u00fablica dependiente de Cabildo Insular de La Palma, para la revalorizaci\u00f3n y el posicionamiento de la gastronom\u00eda palmera en los mercados regionales, nacionales e internacionales.\",\"potentialAction\":[{\"@type\":\"SearchAction\",\"target\":{\"@type\":\"EntryPoint\",\"urlTemplate\":\"https:\\\/\\\/saborealapalma.es\\\/?s={search_term_string}\"},\"query-input\":{\"@type\":\"PropertyValueSpecification\",\"valueRequired\":true,\"valueName\":\"search_term_string\"}}],\"inLanguage\":\"en-GB\"}]}<\/script>\n<!-- \/ Yoast SEO plugin. -->","yoast_head_json":{"title":"Mantenimiento - Saborea La Palma","robots":{"index":"index","follow":"follow","max-snippet":"max-snippet:-1","max-image-preview":"max-image-preview:large","max-video-preview":"max-video-preview:-1"},"canonical":"https:\/\/saborealapalma.es\/en\/en-construccion\/","og_locale":"en_GB","og_type":"article","og_title":"Mantenimiento - Saborea La Palma","og_url":"https:\/\/saborealapalma.es\/en\/en-construccion\/","og_site_name":"Saborea La Palma","article_modified_time":"2020-10-27T17:34:43+00:00","twitter_card":"summary_large_image","schema":{"@context":"https:\/\/schema.org","@graph":[{"@type":"WebPage","@id":"https:\/\/saborealapalma.es\/en-construccion\/","url":"https:\/\/saborealapalma.es\/en-construccion\/","name":"Mantenimiento - Saborea La Palma","isPartOf":{"@id":"https:\/\/saborealapalma.es\/#website"},"datePublished":"2020-10-17T19:15:31+00:00","dateModified":"2020-10-27T17:34:43+00:00","breadcrumb":{"@id":"https:\/\/saborealapalma.es\/en-construccion\/#breadcrumb"},"inLanguage":"en-GB","potentialAction":[{"@type":"ReadAction","target":["https:\/\/saborealapalma.es\/en-construccion\/"]}]},{"@type":"BreadcrumbList","@id":"https:\/\/saborealapalma.es\/en-construccion\/#breadcrumb","itemListElement":[{"@type":"ListItem","position":1,"name":"Portada","item":"https:\/\/saborealapalma.es\/"},{"@type":"ListItem","position":2,"name":"Mantenimiento"}]},{"@type":"WebSite","@id":"https:\/\/saborealapalma.es\/#website","url":"https:\/\/saborealapalma.es\/","name":"Taste La Palma","description":"Saborea La Palma is the project led by the Sociedad de Promoci\u00f3n Econ\u00f3mica de La Palma (SODEPAL S.A.U.M.P), a public company dependent on the Cabildo Insular de La Palma, for the revaluation and positioning of La Palma's gastronomy in regional, national and international markets.","potentialAction":[{"@type":"SearchAction","target":{"@type":"EntryPoint","urlTemplate":"https:\/\/saborealapalma.es\/?s={search_term_string}"},"query-input":{"@type":"PropertyValueSpecification","valueRequired":true,"valueName":"search_term_string"}}],"inLanguage":"en-GB"}]}},"_links":{"self":[{"href":"https:\/\/saborealapalma.es\/en\/wp-json\/wp\/v2\/pages\/154","targetHints":{"allow":["GET"]}}],"collection":[{"href":"https:\/\/saborealapalma.es\/en\/wp-json\/wp\/v2\/pages"}],"about":[{"href":"https:\/\/saborealapalma.es\/en\/wp-json\/wp\/v2\/types\/page"}],"author":[{"embeddable":true,"href":"https:\/\/saborealapalma.es\/en\/wp-json\/wp\/v2\/users\/4"}],"replies":[{"embeddable":true,"href":"https:\/\/saborealapalma.es\/en\/wp-json\/wp\/v2\/comments?post=154"}],"version-history":[{"count":0,"href":"https:\/\/saborealapalma.es\/en\/wp-json\/wp\/v2\/pages\/154\/revisions"}],"wp:attachment":[{"href":"https:\/\/saborealapalma.es\/en\/wp-json\/wp\/v2\/media?parent=154"}],"curies":[{"name":"wp","href":"https:\/\/api.w.org\/{rel}","templated":true}]}}