{"id":4519,"date":"2022-12-27T17:14:40","date_gmt":"2022-12-27T17:14:40","guid":{"rendered":"https:\/\/saborealapalma.es\/?page_id=4519"},"modified":"2022-12-27T17:24:39","modified_gmt":"2022-12-27T17:24:39","slug":"asociaciones-adheridas","status":"publish","type":"page","link":"https:\/\/saborealapalma.es\/en\/nuestros-asociados\/asociaciones-adheridas\/","title":{"rendered":"Member Associations"},"content":{"rendered":"<div      class=\"vc_row wpb_row section vc_row-fluid  grid_section\" style=' text-align:left;'><div class=\" section_inner clearfix\"><div class='section_inner_margin clearfix'><div class=\"wpb_column vc_column_container vc_col-sm-12\"><div class=\"vc_column-inner\"><div class=\"wpb_wrapper\"><div      class=\"vc_row wpb_row section vc_row-fluid vc_inner \" style=' text-align:left;'><div class=\" full_section_inner clearfix\"><div class=\"wpb_column vc_column_container vc_col-sm-12\"><div class=\"vc_column-inner\"><div class=\"wpb_wrapper\">\t<div class=\"vc_empty_space\"  style=\"height: 50px\" ><span\r\n\t\t\tclass=\"vc_empty_space_inner\">\r\n\t\t\t<span class=\"empty_space_image\"  ><\/span>\r\n\t\t<\/span><\/div>\r\n\n<\/div><\/div><\/div><\/div><\/div><div      class=\"vc_row wpb_row section vc_row-fluid vc_inner \" style=' text-align:left;'><div class=\" full_section_inner clearfix\"><div class=\"wpb_column vc_column_container vc_col-sm-3\"><div class=\"vc_column-inner\"><div class=\"wpb_wrapper\">\n\t<div class=\"wpb_text_column wpb_content_element \">\n\t\t<div class=\"wpb_wrapper\">\n\t\t\t<p style=\"text-align: center;\"><a href=\"http:\/\/saborealapalma.es\/nuestros-asociados\/productores\/\">Productores<\/a><\/p>\n\n\t\t<\/div> \n\t<\/div> <\/div><\/div><\/div><div class=\"wpb_column vc_column_container vc_col-sm-3\"><div class=\"vc_column-inner\"><div class=\"wpb_wrapper\">\n\t<div class=\"wpb_text_column wpb_content_element \">\n\t\t<div class=\"wpb_wrapper\">\n\t\t\t<p style=\"text-align: center;\"><a href=\"http:\/\/saborealapalma.es\/nuestros-asociados\/gourmet\/\">Gourmet<\/a><\/p>\n\n\t\t<\/div> \n\t<\/div> <\/div><\/div><\/div><div class=\"wpb_column vc_column_container vc_col-sm-3\"><div class=\"vc_column-inner\"><div class=\"wpb_wrapper\">\n\t<div class=\"wpb_text_column wpb_content_element \">\n\t\t<div class=\"wpb_wrapper\">\n\t\t\t<p style=\"text-align: center;\"><a href=\"http:\/\/saborealapalma.es\/nuestros-asociados\/bares-y-cafeterias\/\">Bares y cafeter\u00edas<\/a><\/p>\n\n\t\t<\/div> \n\t<\/div> <\/div><\/div><\/div><div class=\"wpb_column vc_column_container vc_col-sm-3\"><div class=\"vc_column-inner\"><div class=\"wpb_wrapper\">\n\t<div class=\"wpb_text_column wpb_content_element \">\n\t\t<div class=\"wpb_wrapper\">\n\t\t\t<p style=\"text-align: center;\"><a href=\"https:\/\/saborealapalma.es\/restauracion\/\">Restauraci\u00f3n<\/a><\/p>\n\n\t\t<\/div> \n\t<\/div> <\/div><\/div><\/div><\/div><\/div><\/div><\/div><\/div><\/div><\/div><\/div><div      class=\"vc_row wpb_row section vc_row-fluid \" style=' text-align:left;'><div class=\" full_section_inner clearfix\"><div class=\"wpb_column vc_column_container vc_col-sm-12\"><div class=\"vc_column-inner\"><div class=\"wpb_wrapper\">\t<div class=\"vc_empty_space\"  style=\"height: 100px\" ><span\r\n\t\t\tclass=\"vc_empty_space_inner\">\r\n\t\t\t<span class=\"empty_space_image\"  ><\/span>\r\n\t\t<\/span><\/div>\r\n\n\n\t<div class=\"wpb_text_column wpb_content_element \">\n\t\t<div class=\"wpb_wrapper\">\n\t\t\t<h1 style=\"text-align: center;\">Asociaciones Adheridas<\/h1>\n\n\t\t<\/div> \n\t<\/div> \t<div class=\"vc_empty_space\"  style=\"height: 50px\" ><span\r\n\t\t\tclass=\"vc_empty_space_inner\">\r\n\t\t\t<span class=\"empty_space_image\"  ><\/span>\r\n\t\t<\/span><\/div>\r\n\n<\/div><\/div><\/div><\/div><\/div><div      class=\"vc_row wpb_row section vc_row-fluid  grid_section\" style=' text-align:left;'><div class=\" section_inner clearfix\"><div class='section_inner_margin clearfix'><div class=\"wpb_column vc_column_container vc_col-sm-12\"><div class=\"vc_column-inner\"><div class=\"wpb_wrapper\"><div      class=\"vc_row wpb_row section vc_row-fluid vc_inner  grid_section\" style=' text-align:left;'><div class=\" section_inner clearfix\"><div class='section_inner_margin clearfix'><div class=\"wpb_column vc_column_container vc_col-sm-12\"><div class=\"vc_column-inner\"><div class=\"wpb_wrapper\">\t<div class=\"vc_empty_space\"  style=\"height: 50px\" ><span\r\n\t\t\tclass=\"vc_empty_space_inner\">\r\n\t\t\t<span class=\"empty_space_image\"  ><\/span>\r\n\t\t<\/span><\/div>\r\n\n<div class='projects_holder_outer v5 portfolio_with_space portfolio_standard'>\r\n        <div class='projects_holder portfolio_main_holder clearfix v5 standard portfolio_landscape_image '>\r\n        \r\n        <article class='mix portfolio_category_48 default' style=''>\r\n    \r\n    \r\n    \r\n                <div class='image_holder'>\r\n                <a itemprop='url' class='portfolio_link_for_touch' href='https:\/\/saborealapalma.es\/en\/blog\/portfolio_page\/instituto-canario-de-calidad-agroalimentaria\/' target=''>\r\n                    \r\n<span class='image'><img fetchpriority=\"high\" decoding=\"async\" width=\"300\" height=\"236\" src=\"https:\/\/saborealapalma.es\/wp-content\/uploads\/2022\/12\/iccalogo.jpg\" class=\"attachment-portfolio-landscape size-portfolio-landscape wp-post-image\" alt=\"\" \/><\/span>                <\/a>\r\n\r\n                <span class='text_holder'>\r\n    <span class='text_outer'>\r\n        <span class='text_inner'>\r\n            <span class='feature_holder'>\r\n                            <span class=\"feature_holder_icons\">';\r\n                            <a itemprop='image' class='lightbox qbutton small white' title='Instituto Canario de Calidad Agroalimentaria' href='https:\/\/saborealapalma.es\/wp-content\/uploads\/2022\/12\/iccalogo.jpg' data-rel='prettyPhoto[pretty_photo_gallery]'>zoom<\/a>\r\n    \r\n                            <a itemprop='url' class='preview qbutton small white' href='https:\/\/saborealapalma.es\/en\/blog\/portfolio_page\/instituto-canario-de-calidad-agroalimentaria\/' target='_self'>view<\/i><\/a>\r\n    \r\n                                            <\/span>\r\n        <\/span>\r\n    <\/span>\r\n<\/span>            <\/div>\r\n                <div class='portfolio_description ' >\r\n\r\n        \r\n    <h5 itemprop=\"name\" class=\"portfolio_title entry_title\"><a itemprop=\"url\" href=\"https:\/\/saborealapalma.es\/en\/blog\/portfolio_page\/instituto-canario-de-calidad-agroalimentaria\/\"  target=\"_self\"> Instituto Canario de Calidad Agroalimentaria<\/a><\/h5>\r\n\r\n\r\n        \r\n            <span class=\"project_category\"  >\r\n    Asociaciones adheridas    <\/span>\r\n\r\n    <\/div>\r\n        \r\n<\/article>\r\n<article class='mix portfolio_category_48 default' style=''>\r\n    \r\n    \r\n    \r\n                <div class='image_holder'>\r\n                <a itemprop='url' class='portfolio_link_for_touch' href='https:\/\/saborealapalma.es\/en\/blog\/portfolio_page\/proexca-sociedad-canaria-de-fomento-economico-s-a\/' target=''>\r\n                    \r\n<span class='image'><img decoding=\"async\" width=\"500\" height=\"500\" src=\"https:\/\/saborealapalma.es\/wp-content\/uploads\/2022\/12\/proexca.png\" class=\"attachment-portfolio-landscape size-portfolio-landscape wp-post-image\" alt=\"\" srcset=\"https:\/\/saborealapalma.es\/wp-content\/uploads\/2022\/12\/proexca.png 500w, https:\/\/saborealapalma.es\/wp-content\/uploads\/2022\/12\/proexca-300x300.png 300w, https:\/\/saborealapalma.es\/wp-content\/uploads\/2022\/12\/proexca-150x150.png 150w, https:\/\/saborealapalma.es\/wp-content\/uploads\/2022\/12\/proexca-100x100.png 100w\" sizes=\"(max-width: 500px) 100vw, 500px\" \/><\/span>                <\/a>\r\n\r\n                <span class='text_holder'>\r\n    <span class='text_outer'>\r\n        <span class='text_inner'>\r\n            <span class='feature_holder'>\r\n                            <span class=\"feature_holder_icons\">';\r\n                            <a itemprop='image' class='lightbox qbutton small white' title='PROEXCA &#8211; Sociedad Canaria de Fomento Econ\u00f3mico S.A.' href='https:\/\/saborealapalma.es\/wp-content\/uploads\/2022\/12\/proexca.png' data-rel='prettyPhoto[pretty_photo_gallery]'>zoom<\/a>\r\n    \r\n                            <a itemprop='url' class='preview qbutton small white' href='https:\/\/saborealapalma.es\/en\/blog\/portfolio_page\/proexca-sociedad-canaria-de-fomento-economico-s-a\/' target='_self'>view<\/i><\/a>\r\n    \r\n                                            <\/span>\r\n        <\/span>\r\n    <\/span>\r\n<\/span>            <\/div>\r\n                <div class='portfolio_description ' >\r\n\r\n        \r\n    <h5 itemprop=\"name\" class=\"portfolio_title entry_title\"><a itemprop=\"url\" href=\"https:\/\/saborealapalma.es\/en\/blog\/portfolio_page\/proexca-sociedad-canaria-de-fomento-economico-s-a\/\"  target=\"_self\"> PROEXCA &#8211; Sociedad Canaria de Fomento Econ\u00f3mico S.A.<\/a><\/h5>\r\n\r\n\r\n        \r\n            <span class=\"project_category\"  >\r\n    Asociaciones adheridas    <\/span>\r\n\r\n    <\/div>\r\n        \r\n<\/article>\r\n<article class='mix portfolio_category_48 default' style=''>\r\n    \r\n    \r\n    \r\n                <div class='image_holder'>\r\n                <a itemprop='url' class='portfolio_link_for_touch' href='https:\/\/saborealapalma.es\/en\/blog\/portfolio_page\/do-de-vinos-la-palma\/' target=''>\r\n                    \r\n<span class='image'><img decoding=\"async\" width=\"500\" height=\"386\" src=\"https:\/\/saborealapalma.es\/wp-content\/uploads\/2022\/12\/logo_do_lapalma.jpg\" class=\"attachment-portfolio-landscape size-portfolio-landscape wp-post-image\" alt=\"\" srcset=\"https:\/\/saborealapalma.es\/wp-content\/uploads\/2022\/12\/logo_do_lapalma.jpg 500w, https:\/\/saborealapalma.es\/wp-content\/uploads\/2022\/12\/logo_do_lapalma-300x232.jpg 300w\" sizes=\"(max-width: 500px) 100vw, 500px\" \/><\/span>                <\/a>\r\n\r\n                <span class='text_holder'>\r\n    <span class='text_outer'>\r\n        <span class='text_inner'>\r\n            <span class='feature_holder'>\r\n                            <span class=\"feature_holder_icons\">';\r\n                            <a itemprop='image' class='lightbox qbutton small white' title='DO de Vinos \u00abLa Palma\u00bb' href='https:\/\/saborealapalma.es\/wp-content\/uploads\/2022\/12\/logo_do_lapalma.jpg' data-rel='prettyPhoto[pretty_photo_gallery]'>zoom<\/a>\r\n    \r\n                            <a itemprop='url' class='preview qbutton small white' href='https:\/\/saborealapalma.es\/en\/blog\/portfolio_page\/do-de-vinos-la-palma\/' target='_self'>view<\/i><\/a>\r\n    \r\n                                            <\/span>\r\n        <\/span>\r\n    <\/span>\r\n<\/span>            <\/div>\r\n                <div class='portfolio_description ' >\r\n\r\n        \r\n    <h5 itemprop=\"name\" class=\"portfolio_title entry_title\"><a itemprop=\"url\" href=\"https:\/\/saborealapalma.es\/en\/blog\/portfolio_page\/do-de-vinos-la-palma\/\"  target=\"_self\"> DO de Vinos \u00abLa Palma\u00bb<\/a><\/h5>\r\n\r\n\r\n        \r\n            <span class=\"project_category\"  >\r\n    Asociaciones adheridas    <\/span>\r\n\r\n    <\/div>\r\n        \r\n<\/article>\r\n<article class='mix portfolio_category_48 default' style=''>\r\n    \r\n    \r\n    \r\n                <div class='image_holder'>\r\n                <a itemprop='url' class='portfolio_link_for_touch' href='https:\/\/saborealapalma.es\/en\/blog\/portfolio_page\/la-destiladera\/' target=''>\r\n                    \r\n<span class='image'><img loading=\"lazy\" decoding=\"async\" width=\"400\" height=\"250\" src=\"https:\/\/saborealapalma.es\/wp-content\/uploads\/2022\/12\/logo_destiladera.jpg\" class=\"attachment-portfolio-landscape size-portfolio-landscape wp-post-image\" alt=\"\" srcset=\"https:\/\/saborealapalma.es\/wp-content\/uploads\/2022\/12\/logo_destiladera.jpg 400w, https:\/\/saborealapalma.es\/wp-content\/uploads\/2022\/12\/logo_destiladera-300x188.jpg 300w\" sizes=\"(max-width: 400px) 100vw, 400px\" \/><\/span>                <\/a>\r\n\r\n                <span class='text_holder'>\r\n    <span class='text_outer'>\r\n        <span class='text_inner'>\r\n            <span class='feature_holder'>\r\n                            <span class=\"feature_holder_icons\">';\r\n                            <a itemprop='image' class='lightbox qbutton small white' title='La Destiladera' href='https:\/\/saborealapalma.es\/wp-content\/uploads\/2022\/12\/logo_destiladera.jpg' data-rel='prettyPhoto[pretty_photo_gallery]'>zoom<\/a>\r\n    \r\n                            <a itemprop='url' class='preview qbutton small white' href='https:\/\/saborealapalma.es\/en\/blog\/portfolio_page\/la-destiladera\/' target='_self'>view<\/i><\/a>\r\n    \r\n                                            <\/span>\r\n        <\/span>\r\n    <\/span>\r\n<\/span>            <\/div>\r\n                <div class='portfolio_description ' >\r\n\r\n        \r\n    <h5 itemprop=\"name\" class=\"portfolio_title entry_title\"><a itemprop=\"url\" href=\"https:\/\/saborealapalma.es\/en\/blog\/portfolio_page\/la-destiladera\/\"  target=\"_self\"> La Destiladera<\/a><\/h5>\r\n\r\n\r\n        \r\n            <span class=\"project_category\"  >\r\n    Asociaciones adheridas    <\/span>\r\n\r\n    <\/div>\r\n        \r\n<\/article>\r\n<article class='mix portfolio_category_48 default' style=''>\r\n    \r\n    \r\n    \r\n                <div class='image_holder'>\r\n                <a itemprop='url' class='portfolio_link_for_touch' href='https:\/\/saborealapalma.es\/en\/blog\/portfolio_page\/4517\/' target=''>\r\n                    \r\n<span class='image'><img loading=\"lazy\" decoding=\"async\" width=\"225\" height=\"225\" src=\"https:\/\/saborealapalma.es\/wp-content\/uploads\/2022\/12\/logo_cabra_palmera.png\" class=\"attachment-portfolio-landscape size-portfolio-landscape wp-post-image\" alt=\"\" srcset=\"https:\/\/saborealapalma.es\/wp-content\/uploads\/2022\/12\/logo_cabra_palmera.png 225w, https:\/\/saborealapalma.es\/wp-content\/uploads\/2022\/12\/logo_cabra_palmera-150x150.png 150w, https:\/\/saborealapalma.es\/wp-content\/uploads\/2022\/12\/logo_cabra_palmera-100x100.png 100w\" sizes=\"(max-width: 225px) 100vw, 225px\" \/><\/span>                <\/a>\r\n\r\n                <span class='text_holder'>\r\n    <span class='text_outer'>\r\n        <span class='text_inner'>\r\n            <span class='feature_holder'>\r\n                            <span class=\"feature_holder_icons\">';\r\n                            <a itemprop='image' class='lightbox qbutton small white' title='Asociaci\u00f3n de Criadores Cabra Palmera' href='https:\/\/saborealapalma.es\/wp-content\/uploads\/2022\/12\/logo_cabra_palmera.png' data-rel='prettyPhoto[pretty_photo_gallery]'>zoom<\/a>\r\n    \r\n                            <a itemprop='url' class='preview qbutton small white' href='https:\/\/saborealapalma.es\/en\/blog\/portfolio_page\/4517\/' target='_self'>view<\/i><\/a>\r\n    \r\n                                            <\/span>\r\n        <\/span>\r\n    <\/span>\r\n<\/span>            <\/div>\r\n                <div class='portfolio_description ' >\r\n\r\n        \r\n    <h5 itemprop=\"name\" class=\"portfolio_title entry_title\"><a itemprop=\"url\" href=\"https:\/\/saborealapalma.es\/en\/blog\/portfolio_page\/4517\/\"  target=\"_self\"> Asociaci\u00f3n de Criadores Cabra Palmera<\/a><\/h5>\r\n\r\n\r\n        \r\n            <span class=\"project_category\"  >\r\n    Asociaciones adheridas    <\/span>\r\n\r\n    <\/div>\r\n        \r\n<\/article>\r\n<article class='mix portfolio_category_48 default' style=''>\r\n    \r\n    \r\n    \r\n                <div class='image_holder'>\r\n                <a itemprop='url' class='portfolio_link_for_touch' href='https:\/\/saborealapalma.es\/en\/blog\/portfolio_page\/acilpa\/' target=''>\r\n                    \r\n<span class='image'><img loading=\"lazy\" decoding=\"async\" width=\"435\" height=\"435\" src=\"https:\/\/saborealapalma.es\/wp-content\/uploads\/2023\/01\/acilpa.jpg\" class=\"attachment-portfolio-landscape size-portfolio-landscape wp-post-image\" alt=\"\" srcset=\"https:\/\/saborealapalma.es\/wp-content\/uploads\/2023\/01\/acilpa.jpg 435w, https:\/\/saborealapalma.es\/wp-content\/uploads\/2023\/01\/acilpa-300x300.jpg 300w, https:\/\/saborealapalma.es\/wp-content\/uploads\/2023\/01\/acilpa-150x150.jpg 150w, https:\/\/saborealapalma.es\/wp-content\/uploads\/2023\/01\/acilpa-100x100.jpg 100w\" sizes=\"(max-width: 435px) 100vw, 435px\" \/><\/span>                <\/a>\r\n\r\n                <span class='text_holder'>\r\n    <span class='text_outer'>\r\n        <span class='text_inner'>\r\n            <span class='feature_holder'>\r\n                            <span class=\"feature_holder_icons\">';\r\n                            <a itemprop='image' class='lightbox qbutton small white' title='ACILPA' href='https:\/\/saborealapalma.es\/wp-content\/uploads\/2023\/01\/acilpa.jpg' data-rel='prettyPhoto[pretty_photo_gallery]'>zoom<\/a>\r\n    \r\n                            <a itemprop='url' class='preview qbutton small white' href='https:\/\/saborealapalma.es\/en\/blog\/portfolio_page\/acilpa\/' target='_self'>view<\/i><\/a>\r\n    \r\n                                            <\/span>\r\n        <\/span>\r\n    <\/span>\r\n<\/span>            <\/div>\r\n                <div class='portfolio_description ' >\r\n\r\n        \r\n    <h5 itemprop=\"name\" class=\"portfolio_title entry_title\"><a itemprop=\"url\" href=\"https:\/\/saborealapalma.es\/en\/blog\/portfolio_page\/acilpa\/\"  target=\"_self\"> ACILPA<\/a><\/h5>\r\n\r\n\r\n        \r\n            <span class=\"project_category\"  >\r\n    Asociaciones adheridas    <\/span>\r\n\r\n    <\/div>\r\n        \r\n<\/article>\r\n<article class='mix portfolio_category_48 default' style=''>\r\n    \r\n    \r\n    \r\n                <div class='image_holder'>\r\n                <a itemprop='url' class='portfolio_link_for_touch' href='https:\/\/saborealapalma.es\/en\/blog\/portfolio_page\/reserva-mundial-de-la-biosfera-la-palma\/' target=''>\r\n                    \r\n<span class='image'><img loading=\"lazy\" decoding=\"async\" width=\"800\" height=\"600\" src=\"https:\/\/saborealapalma.es\/wp-content\/uploads\/2023\/01\/lapalma_reserva-800x600.jpg\" class=\"attachment-portfolio-landscape size-portfolio-landscape wp-post-image\" alt=\"\" \/><\/span>                <\/a>\r\n\r\n                <span class='text_holder'>\r\n    <span class='text_outer'>\r\n        <span class='text_inner'>\r\n            <span class='feature_holder'>\r\n                            <span class=\"feature_holder_icons\">';\r\n                            <a itemprop='image' class='lightbox qbutton small white' title='Reserva Mundial de la Biosfera La Palma' href='https:\/\/saborealapalma.es\/wp-content\/uploads\/2023\/01\/lapalma_reserva.jpg' data-rel='prettyPhoto[pretty_photo_gallery]'>zoom<\/a>\r\n    \r\n                            <a itemprop='url' class='preview qbutton small white' href='https:\/\/saborealapalma.es\/en\/blog\/portfolio_page\/reserva-mundial-de-la-biosfera-la-palma\/' target='_self'>view<\/i><\/a>\r\n    \r\n                                            <\/span>\r\n        <\/span>\r\n    <\/span>\r\n<\/span>            <\/div>\r\n                <div class='portfolio_description ' >\r\n\r\n        \r\n    <h5 itemprop=\"name\" class=\"portfolio_title entry_title\"><a itemprop=\"url\" href=\"https:\/\/saborealapalma.es\/en\/blog\/portfolio_page\/reserva-mundial-de-la-biosfera-la-palma\/\"  target=\"_self\"> Reserva Mundial de la Biosfera La Palma<\/a><\/h5>\r\n\r\n\r\n        \r\n            <span class=\"project_category\"  >\r\n    Asociaciones adheridas    <\/span>\r\n\r\n    <\/div>\r\n        \r\n<\/article>\r\n        <div class='filler'><\/div>\r\n            <div class='filler'><\/div>\r\n            <div class='filler'><\/div>\r\n            <div class='filler'><\/div>\r\n            <div class='filler'><\/div>\r\n        <\/div>\r\n\r\n    \r\n    <\/div>\t<div class=\"vc_empty_space\"  style=\"height: 50px\" ><span\r\n\t\t\tclass=\"vc_empty_space_inner\">\r\n\t\t\t<span class=\"empty_space_image\"  ><\/span>\r\n\t\t<\/span><\/div>\r\n\n<\/div><\/div><\/div><\/div><\/div><\/div><\/div><\/div><\/div><\/div><\/div><\/div>\n","protected":false},"excerpt":{"rendered":"Address: C\/ Francisco Abreu 9 Telephone: 922 415 417 Email: info@lapalmabiosfera.es Web: http:\/\/www.lapalmabiosfera.es Description: The Fundaci\u00f3n Canaria Reserva Mundial de la Biosfera La Palma is a public sector entity whose objective is to guarantee the fulfilment of the aims and tasks entrusted by UNESCO to all the territories declared World Biosphere Reserve of La Palma....","protected":false},"author":4,"featured_media":0,"parent":21,"menu_order":0,"comment_status":"closed","ping_status":"closed","template":"full_width.php","meta":{"footnotes":""},"class_list":["post-4519","page","type-page","status-publish","hentry"],"yoast_head":"<!-- This site is optimized with the Yoast SEO plugin v27.0 - https:\/\/yoast.com\/product\/yoast-seo-wordpress\/ -->\n<title>Asociaciones Adheridas - Saborea La Palma<\/title>\n<meta name=\"robots\" content=\"index, follow, max-snippet:-1, max-image-preview:large, max-video-preview:-1\" \/>\n<link rel=\"canonical\" href=\"https:\/\/saborealapalma.es\/en\/nuestros-asociados\/asociaciones-adheridas\/\" \/>\n<meta property=\"og:locale\" content=\"en_GB\" \/>\n<meta property=\"og:type\" content=\"article\" \/>\n<meta property=\"og:title\" content=\"Asociaciones Adheridas - Saborea La Palma\" \/>\n<meta property=\"og:url\" content=\"https:\/\/saborealapalma.es\/en\/nuestros-asociados\/asociaciones-adheridas\/\" \/>\n<meta property=\"og:site_name\" content=\"Saborea La Palma\" \/>\n<meta property=\"article:modified_time\" content=\"2022-12-27T17:24:39+00:00\" \/>\n<meta name=\"twitter:card\" content=\"summary_large_image\" \/>\n<meta name=\"twitter:label1\" content=\"Estimated reading time\" \/>\n\t<meta name=\"twitter:data1\" content=\"1 minute\" \/>\n<script type=\"application\/ld+json\" class=\"yoast-schema-graph\">{\"@context\":\"https:\/\/schema.org\",\"@graph\":[{\"@type\":\"WebPage\",\"@id\":\"https:\/\/saborealapalma.es\/nuestros-asociados\/asociaciones-adheridas\/\",\"url\":\"https:\/\/saborealapalma.es\/nuestros-asociados\/asociaciones-adheridas\/\",\"name\":\"Asociaciones Adheridas - Saborea La Palma\",\"isPartOf\":{\"@id\":\"https:\/\/saborealapalma.es\/#website\"},\"datePublished\":\"2022-12-27T17:14:40+00:00\",\"dateModified\":\"2022-12-27T17:24:39+00:00\",\"breadcrumb\":{\"@id\":\"https:\/\/saborealapalma.es\/nuestros-asociados\/asociaciones-adheridas\/#breadcrumb\"},\"inLanguage\":\"en-GB\",\"potentialAction\":[{\"@type\":\"ReadAction\",\"target\":[\"https:\/\/saborealapalma.es\/nuestros-asociados\/asociaciones-adheridas\/\"]}]},{\"@type\":\"BreadcrumbList\",\"@id\":\"https:\/\/saborealapalma.es\/nuestros-asociados\/asociaciones-adheridas\/#breadcrumb\",\"itemListElement\":[{\"@type\":\"ListItem\",\"position\":1,\"name\":\"Portada\",\"item\":\"https:\/\/saborealapalma.es\/\"},{\"@type\":\"ListItem\",\"position\":2,\"name\":\"Nuestros asociados\",\"item\":\"https:\/\/saborealapalma.es\/nuestros-asociados\/\"},{\"@type\":\"ListItem\",\"position\":3,\"name\":\"Asociaciones Adheridas\"}]},{\"@type\":\"WebSite\",\"@id\":\"https:\/\/saborealapalma.es\/#website\",\"url\":\"https:\/\/saborealapalma.es\/\",\"name\":\"Saborea La Palma\",\"description\":\"Saborea La Palma es el proyecto que lidera la Sociedad de Promoci\u00f3n Econ\u00f3mica de La Palma (SODEPAL S.A.U.M.P), empresa p\u00fablica dependiente de Cabildo Insular de La Palma, para la revalorizaci\u00f3n y el posicionamiento de la gastronom\u00eda palmera en los mercados regionales, nacionales e internacionales.\",\"potentialAction\":[{\"@type\":\"SearchAction\",\"target\":{\"@type\":\"EntryPoint\",\"urlTemplate\":\"https:\/\/saborealapalma.es\/?s={search_term_string}\"},\"query-input\":{\"@type\":\"PropertyValueSpecification\",\"valueRequired\":true,\"valueName\":\"search_term_string\"}}],\"inLanguage\":\"en-GB\"}]}<\/script>\n<!-- \/ Yoast SEO plugin. -->","yoast_head_json":{"title":"Asociaciones Adheridas - Saborea La Palma","robots":{"index":"index","follow":"follow","max-snippet":"max-snippet:-1","max-image-preview":"max-image-preview:large","max-video-preview":"max-video-preview:-1"},"canonical":"https:\/\/saborealapalma.es\/en\/nuestros-asociados\/asociaciones-adheridas\/","og_locale":"en_GB","og_type":"article","og_title":"Asociaciones Adheridas - Saborea La Palma","og_url":"https:\/\/saborealapalma.es\/en\/nuestros-asociados\/asociaciones-adheridas\/","og_site_name":"Saborea La Palma","article_modified_time":"2022-12-27T17:24:39+00:00","twitter_card":"summary_large_image","twitter_misc":{"Estimated reading time":"1 minute"},"schema":{"@context":"https:\/\/schema.org","@graph":[{"@type":"WebPage","@id":"https:\/\/saborealapalma.es\/nuestros-asociados\/asociaciones-adheridas\/","url":"https:\/\/saborealapalma.es\/nuestros-asociados\/asociaciones-adheridas\/","name":"Asociaciones Adheridas - Saborea La Palma","isPartOf":{"@id":"https:\/\/saborealapalma.es\/#website"},"datePublished":"2022-12-27T17:14:40+00:00","dateModified":"2022-12-27T17:24:39+00:00","breadcrumb":{"@id":"https:\/\/saborealapalma.es\/nuestros-asociados\/asociaciones-adheridas\/#breadcrumb"},"inLanguage":"en-GB","potentialAction":[{"@type":"ReadAction","target":["https:\/\/saborealapalma.es\/nuestros-asociados\/asociaciones-adheridas\/"]}]},{"@type":"BreadcrumbList","@id":"https:\/\/saborealapalma.es\/nuestros-asociados\/asociaciones-adheridas\/#breadcrumb","itemListElement":[{"@type":"ListItem","position":1,"name":"Portada","item":"https:\/\/saborealapalma.es\/"},{"@type":"ListItem","position":2,"name":"Nuestros asociados","item":"https:\/\/saborealapalma.es\/nuestros-asociados\/"},{"@type":"ListItem","position":3,"name":"Asociaciones Adheridas"}]},{"@type":"WebSite","@id":"https:\/\/saborealapalma.es\/#website","url":"https:\/\/saborealapalma.es\/","name":"Taste La Palma","description":"Saborea La Palma is the project led by the Sociedad de Promoci\u00f3n Econ\u00f3mica de La Palma (SODEPAL S.A.U.M.P), a public company dependent on the Cabildo Insular de La Palma, for the revaluation and positioning of La Palma's gastronomy in regional, national and international markets.","potentialAction":[{"@type":"SearchAction","target":{"@type":"EntryPoint","urlTemplate":"https:\/\/saborealapalma.es\/?s={search_term_string}"},"query-input":{"@type":"PropertyValueSpecification","valueRequired":true,"valueName":"search_term_string"}}],"inLanguage":"en-GB"}]}},"_links":{"self":[{"href":"https:\/\/saborealapalma.es\/en\/wp-json\/wp\/v2\/pages\/4519","targetHints":{"allow":["GET"]}}],"collection":[{"href":"https:\/\/saborealapalma.es\/en\/wp-json\/wp\/v2\/pages"}],"about":[{"href":"https:\/\/saborealapalma.es\/en\/wp-json\/wp\/v2\/types\/page"}],"author":[{"embeddable":true,"href":"https:\/\/saborealapalma.es\/en\/wp-json\/wp\/v2\/users\/4"}],"replies":[{"embeddable":true,"href":"https:\/\/saborealapalma.es\/en\/wp-json\/wp\/v2\/comments?post=4519"}],"version-history":[{"count":0,"href":"https:\/\/saborealapalma.es\/en\/wp-json\/wp\/v2\/pages\/4519\/revisions"}],"up":[{"embeddable":true,"href":"https:\/\/saborealapalma.es\/en\/wp-json\/wp\/v2\/pages\/21"}],"wp:attachment":[{"href":"https:\/\/saborealapalma.es\/en\/wp-json\/wp\/v2\/media?parent=4519"}],"curies":[{"name":"wp","href":"https:\/\/api.w.org\/{rel}","templated":true}]}}