{"id":460,"date":"2020-11-06T16:33:58","date_gmt":"2020-11-06T16:33:58","guid":{"rendered":"http:\/\/saborealapalma.es\/?page_id=460"},"modified":"2024-02-20T14:16:00","modified_gmt":"2024-02-20T14:16:00","slug":"politica-cookies","status":"publish","type":"page","link":"https:\/\/saborealapalma.es\/en\/politica-cookies\/","title":{"rendered":"Cookie Policy"},"content":{"rendered":"<div      class=\"vc_row wpb_row section vc_row-fluid  grid_section\" style=' text-align:left;'><div class=\"section_inner clearfix\"><div class='section_inner_margin clearfix'><div class=\"wpb_column vc_column_container vc_col-sm-12\"><div class=\"vc_column-inner\"><div class=\"wpb_wrapper\"><div      class=\"vc_row wpb_row section vc_row-fluid vc_inner  grid_section\" style=' text-align:left;'><div class=\"section_inner clearfix\"><div class='section_inner_margin clearfix'><div class=\"wpb_column vc_column_container vc_col-sm-12\"><div class=\"vc_column-inner\"><div class=\"wpb_wrapper\">\t<div class=\"vc_empty_space\"  style=\"height: 50px\" ><span\r\n\t\t\tclass=\"vc_empty_space_inner\">\r\n\t\t\t<span class=\"empty_space_image\"  ><\/span>\r\n\t\t<\/span><\/div>\r\n\n\n\t<div class=\"wpb_text_column wpb_content_element\">\n\t\t<div class=\"wpb_wrapper\">\n\t\t\t<h1 style=\"text-align: center;\">Cookie Policy<\/h1>\n\n\t\t<\/div> \n\t<\/div> \t<div class=\"vc_empty_space\"  style=\"height: 50px\" ><span\r\n\t\t\tclass=\"vc_empty_space_inner\">\r\n\t\t\t<span class=\"empty_space_image\"  ><\/span>\r\n\t\t<\/span><\/div>\r\n\n<\/div><\/div><\/div><\/div><\/div><\/div><\/div><\/div><\/div><\/div><\/div><\/div><div      class=\"vc_row wpb_row section vc_row-fluid  grid_section\" style=' text-align:left;'><div class=\"section_inner clearfix\"><div class='section_inner_margin clearfix'><div class=\"wpb_column vc_column_container vc_col-sm-12\"><div class=\"vc_column-inner\"><div class=\"wpb_wrapper\"><div      class=\"vc_row wpb_row section vc_row-fluid vc_inner  grid_section\" style=' text-align:left;'><div class=\"section_inner clearfix\"><div class='section_inner_margin clearfix'><div class=\"wpb_column vc_column_container vc_col-sm-12\"><div class=\"vc_column-inner\"><div class=\"wpb_wrapper\">\t<div class=\"vc_empty_space\"  style=\"height: 50px\" ><span\r\n\t\t\tclass=\"vc_empty_space_inner\">\r\n\t\t\t<span class=\"empty_space_image\"  ><\/span>\r\n\t\t<\/span><\/div>\r\n\n\n\t<div class=\"wpb_text_column wpb_content_element\">\n\t\t<div class=\"wpb_wrapper\">\n\t\t\t<h4><strong>What are cookies?<\/strong><\/h4>\n<p>A cookie is a file that is downloaded to your computer when you access certain websites. Cookies allow a website, among other things, to store and retrieve information about the browsing habits of a user or their computer and, depending on the information they contain and the way you use your computer, they can be used to recognise the user.<\/p>\n<p>This website uses cookies and\/or similar technologies that store and retrieve information when you browse. In general, these technologies can be used for a variety of purposes, such as, for example, recognising you as a user, obtaining information about your browsing habits, or customising the way in which content is displayed. The specific uses we make of these technologies are described below.<\/p>\n<p><strong>What types of cookies are there? <\/strong><\/p>\n<p>Depending on who manages them:<\/p>\n<ul>\n<li>Own cookies: these are those that are sent to the user's computer from the domain managed by the website visited and from which the service requested by the user is provided.<\/li>\n<li>Third-party cookies: these are cookies that are sent to the user's computer from a domain that is not managed by the website visited, but by another entity that processes them.<\/li>\n<\/ul>\n<p>Depending on the purpose:<\/p>\n<ul>\n<li>Technical Cookies: these are those that allow the user to browse through a website and use the different options or services that exist on it, including those that allow us to manage and operate the website and enable its functions and services, such as, for example, controlling traffic and data communication, identifying the session, accessing restricted access areas, remembering the elements that make up an order, carrying out the purchase process of an order, managing payment, controlling fraud, applying for registration or participation in an event, counting visits, etc.<\/li>\n<li>Preference or personalisation cookies: these are cookies that allow information to be remembered so that the user can access the service with certain characteristics that may differentiate their experience from that of other users, such as, for example, the language, the number of results to be shown when the user performs a search, the appearance or content of the service depending on the type of browser through which the user accesses the service or the region from which they access the service, etc.<\/li>\n<li>Analysis cookies: These cookies allow us to quantify the number of users and thus carry out the measurement and statistical analysis of the use made by users of the service offered. To do this, your browsing on our website is analysed in order to improve the range of products or services that we offer.<\/li>\n<li>Advertising Cookies: These are those that allow us to manage as effectively as possible the supply of advertising spaces on the website, adapting the content of the advertisement to the content of the service requested or to the use you make of our website. To do so, we can analyse your browsing habits on the Internet and we can show you advertising related to your browsing profile.<\/li>\n<\/ul>\n<p>Depending on the length of stay:<\/p>\n<ul>\n<li>Session cookies: these are designed to collect and store data while the user accesses a website. They are usually used to store information that only needs to be kept for the provision of the service requested by the user on a single occasion (for example, a list of products purchased) and disappear at the end of the session.<\/li>\n<li>Persistent cookies: these are cookies in which the data remain stored in the terminal and can be accessed and processed for a period defined by the party responsible for the cookie, which can range from a few minutes to several years.<\/li>\n<\/ul>\n<h4><strong>Information on the type of cookies and their purpose <\/strong><\/h4>\n<p><strong>What cookies do we use?<\/strong><\/p>\n<p><a href=\"http:\/\/saborealapalma.es\/en\/\" target=\"_blank\" rel=\"noopener\">saborealapalma.es<\/a> uses the following types of cookies on the website:<\/p>\n<ul>\n<li><strong>Technical cookies<\/strong><br \/>\nThey allow the user to browse the Web.<\/li>\n<li><strong>Personalisation cookies<\/strong><br \/>\nThey allow us to know the user's preferences: language, products visited...<\/li>\n<li><strong>Analytics cookies<\/strong><br \/>\nWe use Google Analytics cookies to quantify the number of users visiting the website. These cookies allow us to measure and analyse how users browse the website. This information allows SOCIEDAD DE PROMOCION Y DESARROLLO ECONOMICO DE LA ISLA DE LA PALMA SAU to continuously improve its services and the experience of the users of the website. For more information, you can consult the Google Analytics privacy page:\u00a0<a href=\"https:\/\/developers.google.com\/analytics\/devguides\/collection\/analyticsjs\/cookie-usage\" target=\"_blank\" rel=\"noopener\">https:\/\/developers.google.com\/analytics\/devguides\/collection\/analyticsjs\/cookie-usage<\/a>.<\/li>\n<\/ul>\n<p><strong>Cookies installed in our web domain:<\/strong><\/p>\n<table border=\"1\" width=\"80%\" cellpadding=\"0\">\n<tbody>\n<tr>\n<td height=\"29\">Cookie name<\/td>\n<td>\n<p align=\"left\">Purpose<\/p>\n<\/td>\n<td>\n<p align=\"left\">Own\/ third party<\/p>\n<\/td>\n<td>\n<p align=\"left\">Duration<\/p>\n<\/td>\n<td>\n<p align=\"left\">When is it installed?<\/p>\n<\/td>\n<\/tr>\n<tr>\n<td width=\"157\">\n<p align=\"left\">Session Cookie<\/p>\n<\/td>\n<td width=\"178\">\n<p align=\"left\">Technique<\/p>\n<\/td>\n<td width=\"74\">\n<p align=\"left\">Own<\/p>\n<\/td>\n<td width=\"83\">\n<p align=\"left\">In session<\/p>\n<\/td>\n<td width=\"148\">\n<p align=\"left\">When accessing the website<\/p>\n<\/td>\n<\/tr>\n<tr>\n<td width=\"157\">\n<p align=\"left\">statistics<\/p>\n<\/td>\n<td width=\"178\">\n<p align=\"left\">Technique<\/p>\n<\/td>\n<td width=\"74\">\n<p align=\"left\">Own<\/p>\n<\/td>\n<td width=\"83\">\n<p align=\"left\">One month<\/p>\n<\/td>\n<td width=\"148\">\n<p align=\"left\">When accessing the website<\/p>\n<\/td>\n<\/tr>\n<tr>\n<td width=\"157\">\n<p align=\"left\">_utma<\/p>\n<\/td>\n<td width=\"178\">\n<p align=\"left\">GOOGLE Analytics analytics cookie, used to distinguish users and sessions.<\/p>\n<\/td>\n<td width=\"74\">\n<p align=\"left\">Third parties<\/p>\n<\/td>\n<td width=\"83\">\n<p align=\"left\">2 years<\/p>\n<\/td>\n<td width=\"148\">\n<p align=\"left\">When cookies are accepted<\/p>\n<\/td>\n<\/tr>\n<tr>\n<td width=\"157\">\n<p align=\"left\">_utmb<br \/>\n_utmbta<\/p>\n<\/td>\n<td width=\"178\">\n<p align=\"left\">GOOGLE Analytics analytics cookie, used to determine new sessions or visits.<\/p>\n<\/td>\n<td width=\"74\">\n<p align=\"left\">Third parties<\/p>\n<\/td>\n<td width=\"83\">\n<p align=\"left\">30 minutes<\/p>\n<\/td>\n<td width=\"148\">\n<p align=\"left\">When cookies are accepted<\/p>\n<\/td>\n<\/tr>\n<tr>\n<td width=\"157\">\n<p align=\"left\">_utmc<\/p>\n<\/td>\n<td width=\"178\">\n<p align=\"left\">GOOGLE Analytics analytics cookie, not used in ga.js. It is set to interact with urchin.js. Previously, this cookie acted in conjunction with the __utmb cookie to determine whether the user was in a new session or visit.<\/p>\n<\/td>\n<td width=\"74\">\n<p align=\"left\">Third parties<\/p>\n<\/td>\n<td width=\"83\">\n<p align=\"left\">In Session<\/p>\n<\/td>\n<td width=\"148\">\n<p align=\"left\">When cookies are accepted<\/p>\n<\/td>\n<\/tr>\n<tr>\n<td width=\"157\">\n<p align=\"left\">_utmv<\/p>\n<\/td>\n<td width=\"178\">\n<p align=\"left\">GOOGLE Analytics analytical cookie, used to store data obtained from records, in order to be able to segment them demographically.<\/p>\n<\/td>\n<td width=\"74\">\n<p align=\"left\">Third parties<\/p>\n<\/td>\n<td width=\"83\">\n<p align=\"left\">2 years<\/p>\n<\/td>\n<td width=\"148\">\n<p align=\"left\">When cookies are accepted<\/p>\n<\/td>\n<\/tr>\n<tr>\n<td width=\"157\">\n<p align=\"left\">_utmz<\/p>\n<\/td>\n<td width=\"178\">\n<p align=\"left\">GOOGLE Analytics analytical cookie, used to calculate the traffic coming from search engines (organic and PPC), display advertising campaigns and navigation within the same website (internal links).<\/p>\n<\/td>\n<td width=\"74\">\n<p align=\"left\">Third parties<\/p>\n<\/td>\n<td width=\"83\">\n<p align=\"left\">6 months<\/p>\n<\/td>\n<td width=\"148\">\n<p align=\"left\">When cookies are accepted<\/p>\n<\/td>\n<\/tr>\n<\/tbody>\n<\/table>\n<p>This website, like most websites, includes functionality provided by third parties.<br \/>\nOur website is a living website and may include new designs or services from third parties. This may occasionally change the cookie settings and may result in the appearance of cookies that are not detailed in detail in this policy.<\/p>\n<p><strong>Third-party cookies used on our website installed by third-party domains are as follows:<\/strong><\/p>\n<table border=\"1\" width=\"80%\" cellpadding=\"0\" align=\"left\">\n<tbody>\n<tr>\n<td>Holder<\/td>\n<td>\n<p align=\"left\">Name<\/p>\n<\/td>\n<td>\n<p align=\"left\">When is it installed?<\/p>\n<\/td>\n<td>\n<p align=\"left\">Description<\/p>\n<\/td>\n<td>\n<p align=\"left\">Duration<\/p>\n<\/td>\n<\/tr>\n<tr>\n<td width=\"139\">\n<p align=\"left\">Google<\/p>\n<\/td>\n<td width=\"159\">\n<p align=\"left\">\n<\/td>\n<td width=\"64\">\n<p align=\"left\">When browsing the web and using the social plug-in<\/p>\n<\/td>\n<td width=\"111\">\n<p align=\"left\">Social network plug-in that allows the user to share videos.<\/p>\n<\/td>\n<td width=\"84\">\n<p align=\"left\">Depends on the social network<\/p>\n<\/td>\n<\/tr>\n<\/tbody>\n<\/table>\n<p>Our site does not control the cookies used by these third parties. For more information about cookies from social networks or other external websites, we advise you to check their own cookie policies.<\/p>\n<h3><strong>Cookie settings for the most popular browsers\u00a0<\/strong><\/h3>\n<p>(Note: these steps may vary depending on browser version)<\/p>\n<p><u>Chrome<\/u>:<br \/>\nGo to Settings by clicking on the customisation icon at the top right with three vertical dots.<br \/>\nGo to Privacy and Security.<br \/>\nSelect Cookies and other website data. There you can choose how cookies are controlled.<\/p>\n<p><u>Edge<\/u>:<br \/>\nGo to Settings by clicking on the three horizontal bars at the top right of the browser.<br \/>\nClick on Settings and then on Cookies and site permissions.<br \/>\nThere you can choose how cookies are controlled.<\/p>\n<p><u>Firefox<\/u>:<br \/>\nGo to Settings by clicking on the three horizontal bars at the top right of the browser.<br \/>\nClick on Privacy &amp; Security.<br \/>\nIn Cookies and site data you can manage everything related to cookies.<\/p>\n<p><u>Opera<\/u>:<br \/>\nGo to Easy Settings by clicking on the three horizontal bars at the top right of the browser.<br \/>\nClick on Privacy and Security.<br \/>\nIn Cookies and other site data you can manage everything related to cookies.<\/p>\n<p><u>Safari for OSX:<br \/>\n<\/u>Go to Preferences, then Privacy.<br \/>\nHere you will see the option Block cookies for you to set the type of blocking you want to do.<\/p>\n<p><u>Safari for iOS:<br \/>\n<\/u>Go to Settings, then Safari.<br \/>\nGo to Privacy and Security, you will see the option Block cookies for you to adjust the type of blocking you want to do.<\/p>\n<p><u>Android<\/u>:<br \/>\nLaunch the navigator and press the Menu key, then Settings.<br \/>\nGo to Security and Privacy, you will see the option Accept cookies for you to check or uncheck the box.<\/p>\n<h4><strong>Other information about cookies <\/strong><\/h4>\n<p>No data is transferred to third parties and no automated profiling is carried out with the information obtained from cookies.<\/p>\n<p>You can access more information about your privacy in the Legal Notice of the Web.<\/p>\n<p>In addition, you can always lodge complaints about your rights with the Supervisory Authority (<a href=\"http:\/\/www.aepd.es\" target=\"_blank\" rel=\"noopener\">www.aepd.es<\/a>) which also has several guides on cookies and privacy on the web.<\/p>\n\n\t\t<\/div> \n\t<\/div> <\/div><\/div><\/div><\/div><\/div><\/div>\t<div class=\"vc_empty_space\"  style=\"height: 100px\" ><span\r\n\t\t\tclass=\"vc_empty_space_inner\">\r\n\t\t\t<span class=\"empty_space_image\"  ><\/span>\r\n\t\t<\/span><\/div>\r\n\n<\/div><\/div><\/div><\/div><\/div><\/div>","protected":false},"excerpt":{"rendered":"Cookie Policy What are cookies? A cookie is a file that is downloaded to your computer when you access certain websites. Cookies allow a website, among other things, to store and retrieve information about the browsing habits of a user or their computer...","protected":false},"author":4,"featured_media":0,"parent":0,"menu_order":0,"comment_status":"closed","ping_status":"closed","template":"full_width.php","meta":{"footnotes":""},"class_list":["post-460","page","type-page","status-publish","hentry"],"yoast_head":"<!-- This site is optimized with the Yoast SEO plugin v27.0 - https:\/\/yoast.com\/product\/yoast-seo-wordpress\/ -->\n<title>Pol\u00edtica de Cookies - Saborea La Palma<\/title>\n<meta name=\"robots\" content=\"index, follow, max-snippet:-1, max-image-preview:large, max-video-preview:-1\" \/>\n<link rel=\"canonical\" href=\"https:\/\/saborealapalma.es\/en\/politica-cookies\/\" \/>\n<meta property=\"og:locale\" content=\"en_GB\" \/>\n<meta property=\"og:type\" content=\"article\" \/>\n<meta property=\"og:title\" content=\"Pol\u00edtica de Cookies - Saborea La Palma\" \/>\n<meta property=\"og:url\" content=\"https:\/\/saborealapalma.es\/en\/politica-cookies\/\" \/>\n<meta property=\"og:site_name\" content=\"Saborea La Palma\" \/>\n<meta property=\"article:modified_time\" content=\"2024-02-20T14:16:00+00:00\" \/>\n<meta name=\"twitter:card\" content=\"summary_large_image\" \/>\n<meta name=\"twitter:label1\" content=\"Estimated reading time\" \/>\n\t<meta name=\"twitter:data1\" content=\"7 minutes\" \/>\n<script type=\"application\/ld+json\" class=\"yoast-schema-graph\">{\"@context\":\"https:\/\/schema.org\",\"@graph\":[{\"@type\":\"WebPage\",\"@id\":\"https:\/\/saborealapalma.es\/politica-cookies\/\",\"url\":\"https:\/\/saborealapalma.es\/politica-cookies\/\",\"name\":\"Pol\u00edtica de Cookies - Saborea La Palma\",\"isPartOf\":{\"@id\":\"https:\/\/saborealapalma.es\/#website\"},\"datePublished\":\"2020-11-06T16:33:58+00:00\",\"dateModified\":\"2024-02-20T14:16:00+00:00\",\"breadcrumb\":{\"@id\":\"https:\/\/saborealapalma.es\/politica-cookies\/#breadcrumb\"},\"inLanguage\":\"en-GB\",\"potentialAction\":[{\"@type\":\"ReadAction\",\"target\":[\"https:\/\/saborealapalma.es\/politica-cookies\/\"]}]},{\"@type\":\"BreadcrumbList\",\"@id\":\"https:\/\/saborealapalma.es\/politica-cookies\/#breadcrumb\",\"itemListElement\":[{\"@type\":\"ListItem\",\"position\":1,\"name\":\"Portada\",\"item\":\"https:\/\/saborealapalma.es\/\"},{\"@type\":\"ListItem\",\"position\":2,\"name\":\"Pol\u00edtica de Cookies\"}]},{\"@type\":\"WebSite\",\"@id\":\"https:\/\/saborealapalma.es\/#website\",\"url\":\"https:\/\/saborealapalma.es\/\",\"name\":\"Saborea La Palma\",\"description\":\"Saborea La Palma es el proyecto que lidera la Sociedad de Promoci\u00f3n Econ\u00f3mica de La Palma (SODEPAL S.A.U.M.P), empresa p\u00fablica dependiente de Cabildo Insular de La Palma, para la revalorizaci\u00f3n y el posicionamiento de la gastronom\u00eda palmera en los mercados regionales, nacionales e internacionales.\",\"potentialAction\":[{\"@type\":\"SearchAction\",\"target\":{\"@type\":\"EntryPoint\",\"urlTemplate\":\"https:\/\/saborealapalma.es\/?s={search_term_string}\"},\"query-input\":{\"@type\":\"PropertyValueSpecification\",\"valueRequired\":true,\"valueName\":\"search_term_string\"}}],\"inLanguage\":\"en-GB\"}]}<\/script>\n<!-- \/ Yoast SEO plugin. -->","yoast_head_json":{"title":"Pol\u00edtica de Cookies - Saborea La Palma","robots":{"index":"index","follow":"follow","max-snippet":"max-snippet:-1","max-image-preview":"max-image-preview:large","max-video-preview":"max-video-preview:-1"},"canonical":"https:\/\/saborealapalma.es\/en\/politica-cookies\/","og_locale":"en_GB","og_type":"article","og_title":"Pol\u00edtica de Cookies - Saborea La Palma","og_url":"https:\/\/saborealapalma.es\/en\/politica-cookies\/","og_site_name":"Saborea La Palma","article_modified_time":"2024-02-20T14:16:00+00:00","twitter_card":"summary_large_image","twitter_misc":{"Estimated reading time":"7 minutes"},"schema":{"@context":"https:\/\/schema.org","@graph":[{"@type":"WebPage","@id":"https:\/\/saborealapalma.es\/politica-cookies\/","url":"https:\/\/saborealapalma.es\/politica-cookies\/","name":"Pol\u00edtica de Cookies - Saborea La Palma","isPartOf":{"@id":"https:\/\/saborealapalma.es\/#website"},"datePublished":"2020-11-06T16:33:58+00:00","dateModified":"2024-02-20T14:16:00+00:00","breadcrumb":{"@id":"https:\/\/saborealapalma.es\/politica-cookies\/#breadcrumb"},"inLanguage":"en-GB","potentialAction":[{"@type":"ReadAction","target":["https:\/\/saborealapalma.es\/politica-cookies\/"]}]},{"@type":"BreadcrumbList","@id":"https:\/\/saborealapalma.es\/politica-cookies\/#breadcrumb","itemListElement":[{"@type":"ListItem","position":1,"name":"Portada","item":"https:\/\/saborealapalma.es\/"},{"@type":"ListItem","position":2,"name":"Pol\u00edtica de Cookies"}]},{"@type":"WebSite","@id":"https:\/\/saborealapalma.es\/#website","url":"https:\/\/saborealapalma.es\/","name":"Taste La Palma","description":"Saborea La Palma is the project led by the Sociedad de Promoci\u00f3n Econ\u00f3mica de La Palma (SODEPAL S.A.U.M.P), a public company dependent on the Cabildo Insular de La Palma, for the revaluation and positioning of La Palma's gastronomy in regional, national and international markets.","potentialAction":[{"@type":"SearchAction","target":{"@type":"EntryPoint","urlTemplate":"https:\/\/saborealapalma.es\/?s={search_term_string}"},"query-input":{"@type":"PropertyValueSpecification","valueRequired":true,"valueName":"search_term_string"}}],"inLanguage":"en-GB"}]}},"_links":{"self":[{"href":"https:\/\/saborealapalma.es\/en\/wp-json\/wp\/v2\/pages\/460","targetHints":{"allow":["GET"]}}],"collection":[{"href":"https:\/\/saborealapalma.es\/en\/wp-json\/wp\/v2\/pages"}],"about":[{"href":"https:\/\/saborealapalma.es\/en\/wp-json\/wp\/v2\/types\/page"}],"author":[{"embeddable":true,"href":"https:\/\/saborealapalma.es\/en\/wp-json\/wp\/v2\/users\/4"}],"replies":[{"embeddable":true,"href":"https:\/\/saborealapalma.es\/en\/wp-json\/wp\/v2\/comments?post=460"}],"version-history":[{"count":0,"href":"https:\/\/saborealapalma.es\/en\/wp-json\/wp\/v2\/pages\/460\/revisions"}],"wp:attachment":[{"href":"https:\/\/saborealapalma.es\/en\/wp-json\/wp\/v2\/media?parent=460"}],"curies":[{"name":"wp","href":"https:\/\/api.w.org\/{rel}","templated":true}]}}