{"id":466,"date":"2020-11-06T17:15:23","date_gmt":"2020-11-06T17:15:23","guid":{"rendered":"http:\/\/saborealapalma.es\/?page_id=466"},"modified":"2024-04-16T15:43:59","modified_gmt":"2024-04-16T14:43:59","slug":"politica-privacidad-aviso-legal","status":"publish","type":"page","link":"https:\/\/saborealapalma.es\/en\/politica-privacidad-aviso-legal\/","title":{"rendered":"Privacy Policy"},"content":{"rendered":"<div      class=\"vc_row wpb_row section vc_row-fluid  grid_section\" style=' text-align:left;'><div class=\"section_inner clearfix\"><div class='section_inner_margin clearfix'><div class=\"wpb_column vc_column_container vc_col-sm-12\"><div class=\"vc_column-inner\"><div class=\"wpb_wrapper\"><div      class=\"vc_row wpb_row section vc_row-fluid vc_inner  grid_section\" style=' text-align:left;'><div class=\"section_inner clearfix\"><div class='section_inner_margin clearfix'><div class=\"wpb_column vc_column_container vc_col-sm-12\"><div class=\"vc_column-inner\"><div class=\"wpb_wrapper\">\t<div class=\"vc_empty_space\"  style=\"height: 50px\" ><span\r\n\t\t\tclass=\"vc_empty_space_inner\">\r\n\t\t\t<span class=\"empty_space_image\"  ><\/span>\r\n\t\t<\/span><\/div>\r\n\n\n\t<div class=\"wpb_text_column wpb_content_element\">\n\t\t<div class=\"wpb_wrapper\">\n\t\t\t<h1 style=\"text-align: center;\">Privacy Policy and Legal Notice<\/h1>\n\n\t\t<\/div> \n\t<\/div> \t<div class=\"vc_empty_space\"  style=\"height: 50px\" ><span\r\n\t\t\tclass=\"vc_empty_space_inner\">\r\n\t\t\t<span class=\"empty_space_image\"  ><\/span>\r\n\t\t<\/span><\/div>\r\n\n<\/div><\/div><\/div><\/div><\/div><\/div><\/div><\/div><\/div><\/div><\/div><\/div><div      class=\"vc_row wpb_row section vc_row-fluid  grid_section\" style=' text-align:left;'><div class=\"section_inner clearfix\"><div class='section_inner_margin clearfix'><div class=\"wpb_column vc_column_container vc_col-sm-12\"><div class=\"vc_column-inner\"><div class=\"wpb_wrapper\"><div      class=\"vc_row wpb_row section vc_row-fluid vc_inner  grid_section\" style=' text-align:left;'><div class=\"section_inner clearfix\"><div class='section_inner_margin clearfix'><div class=\"wpb_column vc_column_container vc_col-sm-12\"><div class=\"vc_column-inner\"><div class=\"wpb_wrapper\">\t<div class=\"vc_empty_space\"  style=\"height: 50px\" ><span\r\n\t\t\tclass=\"vc_empty_space_inner\">\r\n\t\t\t<span class=\"empty_space_image\"  ><\/span>\r\n\t\t<\/span><\/div>\r\n\n\n\t<div class=\"wpb_text_column wpb_content_element\">\n\t\t<div class=\"wpb_wrapper\">\n\t\t\t<h3>General information<\/h3>\n<p>In accordance with the duty of information required by Law 34\/2002, of 11 July, on Information Society Services and Electronic Commerce, the general information details of the website are detailed below:<\/p>\n<ul>\n<li>SOCIEDAD DE PROMOCION Y DESARROLLO ECONOMICO DE LA ISLA DE LA PALMA SAU- A38732566<\/li>\n<li>AVENIDA DE LOS INDIANOS 14 2\u00baB- 38700 - SANTA CRUZ DE LA PALMA<\/li>\n<li>Commercial Register of Santa Cruz de La Palma, volume 46 folio 211 page IP-2049, entry 1.<\/li>\n<li>Telephone: 922417323<\/li>\n<li>Email: gerencia@sodepal.es<\/li>\n<\/ul>\n<h3>Terms and conditions of use<\/h3>\n<p>Access to and use of this website confers the condition of user on the visitor. This implies that the user accepts the conditions of use in force at all times and undertakes to make appropriate use of the contents of the website and to strictly observe and comply with the provisions of this notice and any applicable regulations.<\/p>\n<p>Likewise, the user undertakes to:<br \/>\nProvide accurate information on registration data and keep it up to date;<br \/>\nNot to disseminate content that is contrary to the law or to the dignity of the person; that is discriminatory on the grounds of birth, race, sex, religion, opinion or any other personal or social condition or circumstance; or that, in any way, is contrary to the law and public order;<br \/>\n<strong>SOCIEDAD DE PROMOCION Y DESARROLLO ECONOMICO DE LA ISLA DE LA PALMA SAU<\/strong> reserves the right to make any modifications it deems appropriate, adding, changing or deleting content or services provided through the website, as well as to remove any contribution or comment that contravenes the rules described above.<br \/>\n<strong>SOCIEDAD DE PROMOCION Y DESARROLLO ECONOMICO DE LA ISLA DE LA PALMA SAU<\/strong> shall not be held responsible in any case for the opinions expressed by the user through the participation tools offered by the website.<br \/>\n<strong>Access to the website is free of charge for the user in all its parts, contents, etc.<\/strong><br \/>\nThe user declares, under his\/her responsibility, that he\/she is of legal age and has sufficient capacity to be bound by these conditions.<\/p>\n<h3><strong>Privacy and data protection policy<\/strong><\/h3>\n<p>The personal data provided electronically through the forms on the website will be processed in order to respond to your request, send you advertising of our products\/services by any means (physical or electronic) and invite you to events organised by the company. The data of the treatment are:<\/p>\n<h4><strong>Who is responsible?<\/strong><\/h4>\n<ul>\n<li>Parties responsible: SOCIEDAD DE PROMOCION Y DESARROLLO ECONOMICO DE LA ISLA DE LA PALMA SAU<\/li>\n<li>Address: AVENIDA DE LOS INDIANOS 14 2\u00baB - 38700 - SANTA CRUZ DE LA PALMA<\/li>\n<li>Telephone: 922417323<\/li>\n<li>Mail:\u00a0\u00a0\u00a0\u00a0\u00a0\u00a0\u00a0\u00a0\u00a0\u00a0 <a href=\"mailto:gerencia@sodepal.es\">gerencia@sodepal.es<\/a><\/li>\n<\/ul>\n<h4><strong>Who is the data protection officer?<\/strong><\/h4>\n<ul>\n<li>Delegate: MIGUEL ANGEL ALVAREZ DIAZ<\/li>\n<li>Mail:\u00a0\u00a0\u00a0\u00a0\u00a0\u00a0\u00a0\u00a0\u00a0\u00a0 <a href=\"mailto:dpo@gextiona.com\">dpo@gextiona.com<\/a><\/li>\n<\/ul>\n<h4><strong>For what purposes do we process your personal data?<\/strong><\/h4>\n<p>Send information and commercial prospecting.<br \/>\nIn order to be able to offer you products and services according to your interests and to improve your user experience, we will create a marketing profile based on the information provided. No automated decisions will be made on the basis of this profile.<\/p>\n<h4><strong>How long will we keep your data?<\/strong><\/h4>\n<p>For the duration of the contractual relationship if you are a customer.<br \/>\nFor a period of one year from the last confirmation of interest if you are not a customer.<\/p>\n<h4><strong>What is the legitimacy for the processing of your personal data?<\/strong><\/h4>\n<p>The prospective offer of products and services is based on your consent, without in any case the withdrawal of consent being a condition for the execution of the service contract.<\/p>\n<h4><strong>To which recipients will your data be communicated?<\/strong><\/h4>\n<p>They will never be transferred to third parties.<\/p>\n<h4><strong>What are your rights when you provide us with your personal data?<\/strong><\/h4>\n<p>Any person has the right to obtain confirmation as to whether or not we are processing personal data concerning them. Data subjects have the right to access their personal data, as well as the right to request the rectification of inaccurate data or, where appropriate, to request its deletion when, among other reasons, the data is no longer necessary for the purposes for which it was collected. In certain circumstances, data subjects may request the limitation of the processing of their data, in which case we will only keep it for the exercise or defence of claims. In certain circumstances and on grounds relating to their particular situation, data subjects may object to the processing of their data. In addition, they may lodge complaints about their rights with the supervisory authority (www.aepd.es).<\/p>\n<h3>Linking policy<\/h3>\n<p>The website may contain links to other websites with privacy policies that differ from this one. SOCIEDAD DE PROMOCION Y DESARROLLO ECONOMICO DE LA ISLA DE LA PALMA SAU is not responsible for the content or practices of the linked sites and the user is recommended to read in detail the privacy policy of any website accessed from this one.<\/p>\n<h4>Intellectual and industrial property<\/h4>\n<p>The intellectual and industrial property rights, exploitation and reproduction rights of this website (pages, screens, information, appearance, structure and design, source code, audio files and software, as well as links) are owned, licensed or assigned to <strong>SOCIEDAD DE PROMOCION Y DESARROLLO ECONOMICO DE LA ISLA DE LA PALMA SAU<\/strong> unless otherwise specified.<\/p>\n<p>The name, design and logos that make up this website are duly registered trademarks. Their improper use may be prosecuted in accordance with current legislation.<\/p>\n<p>The intellectual property rights and trademarks of third parties are highlighted and must be respected by the user in any case.<\/p>\n\n\t\t<\/div> \n\t<\/div> \t<div class=\"vc_empty_space\"  style=\"height: 100px\" ><span\r\n\t\t\tclass=\"vc_empty_space_inner\">\r\n\t\t\t<span class=\"empty_space_image\"  ><\/span>\r\n\t\t<\/span><\/div>\r\n\n\n\t<div class=\"wpb_text_column wpb_content_element\">\n\t\t<div class=\"wpb_wrapper\">\n\t\t\t\n\t\t<\/div> \n\t<\/div> <\/div><\/div><\/div><\/div><\/div><\/div><\/div><\/div><\/div><\/div><\/div><\/div>","protected":false},"excerpt":{"rendered":"Privacy Policy and Legal Notice General Information In accordance with the duty of information required by Law 34\/2002, of 11 July, on Information Society Services and Electronic Commerce, the general information details of the website are detailed below: SOCIEDAD DE PROMOCION...","protected":false},"author":4,"featured_media":0,"parent":0,"menu_order":0,"comment_status":"closed","ping_status":"closed","template":"full_width.php","meta":{"footnotes":""},"class_list":["post-466","page","type-page","status-publish","hentry"],"yoast_head":"<!-- This site is optimized with the Yoast SEO plugin v27.0 - https:\/\/yoast.com\/product\/yoast-seo-wordpress\/ -->\n<title>Pol\u00edtica de Privacidad - Saborea La Palma<\/title>\n<meta name=\"robots\" content=\"index, follow, max-snippet:-1, max-image-preview:large, max-video-preview:-1\" \/>\n<link rel=\"canonical\" href=\"https:\/\/saborealapalma.es\/en\/politica-privacidad-aviso-legal\/\" \/>\n<meta property=\"og:locale\" content=\"en_GB\" \/>\n<meta property=\"og:type\" content=\"article\" \/>\n<meta property=\"og:title\" content=\"Pol\u00edtica de Privacidad - Saborea La Palma\" \/>\n<meta property=\"og:url\" content=\"https:\/\/saborealapalma.es\/en\/politica-privacidad-aviso-legal\/\" \/>\n<meta property=\"og:site_name\" content=\"Saborea La Palma\" \/>\n<meta property=\"article:modified_time\" content=\"2024-04-16T14:43:59+00:00\" \/>\n<meta name=\"twitter:card\" content=\"summary_large_image\" \/>\n<meta name=\"twitter:label1\" content=\"Estimated reading time\" \/>\n\t<meta name=\"twitter:data1\" content=\"5 minutes\" \/>\n<script type=\"application\/ld+json\" class=\"yoast-schema-graph\">{\"@context\":\"https:\/\/schema.org\",\"@graph\":[{\"@type\":\"WebPage\",\"@id\":\"https:\/\/saborealapalma.es\/politica-privacidad-aviso-legal\/\",\"url\":\"https:\/\/saborealapalma.es\/politica-privacidad-aviso-legal\/\",\"name\":\"Pol\u00edtica de Privacidad - Saborea La Palma\",\"isPartOf\":{\"@id\":\"https:\/\/saborealapalma.es\/#website\"},\"datePublished\":\"2020-11-06T17:15:23+00:00\",\"dateModified\":\"2024-04-16T14:43:59+00:00\",\"breadcrumb\":{\"@id\":\"https:\/\/saborealapalma.es\/politica-privacidad-aviso-legal\/#breadcrumb\"},\"inLanguage\":\"en-GB\",\"potentialAction\":[{\"@type\":\"ReadAction\",\"target\":[\"https:\/\/saborealapalma.es\/politica-privacidad-aviso-legal\/\"]}]},{\"@type\":\"BreadcrumbList\",\"@id\":\"https:\/\/saborealapalma.es\/politica-privacidad-aviso-legal\/#breadcrumb\",\"itemListElement\":[{\"@type\":\"ListItem\",\"position\":1,\"name\":\"Portada\",\"item\":\"https:\/\/saborealapalma.es\/\"},{\"@type\":\"ListItem\",\"position\":2,\"name\":\"Pol\u00edtica de Privacidad\"}]},{\"@type\":\"WebSite\",\"@id\":\"https:\/\/saborealapalma.es\/#website\",\"url\":\"https:\/\/saborealapalma.es\/\",\"name\":\"Saborea La Palma\",\"description\":\"Saborea La Palma es el proyecto que lidera la Sociedad de Promoci\u00f3n Econ\u00f3mica de La Palma (SODEPAL S.A.U.M.P), empresa p\u00fablica dependiente de Cabildo Insular de La Palma, para la revalorizaci\u00f3n y el posicionamiento de la gastronom\u00eda palmera en los mercados regionales, nacionales e internacionales.\",\"potentialAction\":[{\"@type\":\"SearchAction\",\"target\":{\"@type\":\"EntryPoint\",\"urlTemplate\":\"https:\/\/saborealapalma.es\/?s={search_term_string}\"},\"query-input\":{\"@type\":\"PropertyValueSpecification\",\"valueRequired\":true,\"valueName\":\"search_term_string\"}}],\"inLanguage\":\"en-GB\"}]}<\/script>\n<!-- \/ Yoast SEO plugin. -->","yoast_head_json":{"title":"Pol\u00edtica de Privacidad - Saborea La Palma","robots":{"index":"index","follow":"follow","max-snippet":"max-snippet:-1","max-image-preview":"max-image-preview:large","max-video-preview":"max-video-preview:-1"},"canonical":"https:\/\/saborealapalma.es\/en\/politica-privacidad-aviso-legal\/","og_locale":"en_GB","og_type":"article","og_title":"Pol\u00edtica de Privacidad - Saborea La Palma","og_url":"https:\/\/saborealapalma.es\/en\/politica-privacidad-aviso-legal\/","og_site_name":"Saborea La Palma","article_modified_time":"2024-04-16T14:43:59+00:00","twitter_card":"summary_large_image","twitter_misc":{"Estimated reading time":"5 minutes"},"schema":{"@context":"https:\/\/schema.org","@graph":[{"@type":"WebPage","@id":"https:\/\/saborealapalma.es\/politica-privacidad-aviso-legal\/","url":"https:\/\/saborealapalma.es\/politica-privacidad-aviso-legal\/","name":"Pol\u00edtica de Privacidad - Saborea La Palma","isPartOf":{"@id":"https:\/\/saborealapalma.es\/#website"},"datePublished":"2020-11-06T17:15:23+00:00","dateModified":"2024-04-16T14:43:59+00:00","breadcrumb":{"@id":"https:\/\/saborealapalma.es\/politica-privacidad-aviso-legal\/#breadcrumb"},"inLanguage":"en-GB","potentialAction":[{"@type":"ReadAction","target":["https:\/\/saborealapalma.es\/politica-privacidad-aviso-legal\/"]}]},{"@type":"BreadcrumbList","@id":"https:\/\/saborealapalma.es\/politica-privacidad-aviso-legal\/#breadcrumb","itemListElement":[{"@type":"ListItem","position":1,"name":"Portada","item":"https:\/\/saborealapalma.es\/"},{"@type":"ListItem","position":2,"name":"Pol\u00edtica de Privacidad"}]},{"@type":"WebSite","@id":"https:\/\/saborealapalma.es\/#website","url":"https:\/\/saborealapalma.es\/","name":"Taste La Palma","description":"Saborea La Palma is the project led by the Sociedad de Promoci\u00f3n Econ\u00f3mica de La Palma (SODEPAL S.A.U.M.P), a public company dependent on the Cabildo Insular de La Palma, for the revaluation and positioning of La Palma's gastronomy in regional, national and international markets.","potentialAction":[{"@type":"SearchAction","target":{"@type":"EntryPoint","urlTemplate":"https:\/\/saborealapalma.es\/?s={search_term_string}"},"query-input":{"@type":"PropertyValueSpecification","valueRequired":true,"valueName":"search_term_string"}}],"inLanguage":"en-GB"}]}},"_links":{"self":[{"href":"https:\/\/saborealapalma.es\/en\/wp-json\/wp\/v2\/pages\/466","targetHints":{"allow":["GET"]}}],"collection":[{"href":"https:\/\/saborealapalma.es\/en\/wp-json\/wp\/v2\/pages"}],"about":[{"href":"https:\/\/saborealapalma.es\/en\/wp-json\/wp\/v2\/types\/page"}],"author":[{"embeddable":true,"href":"https:\/\/saborealapalma.es\/en\/wp-json\/wp\/v2\/users\/4"}],"replies":[{"embeddable":true,"href":"https:\/\/saborealapalma.es\/en\/wp-json\/wp\/v2\/comments?post=466"}],"version-history":[{"count":2,"href":"https:\/\/saborealapalma.es\/en\/wp-json\/wp\/v2\/pages\/466\/revisions"}],"predecessor-version":[{"id":6665,"href":"https:\/\/saborealapalma.es\/en\/wp-json\/wp\/v2\/pages\/466\/revisions\/6665"}],"wp:attachment":[{"href":"https:\/\/saborealapalma.es\/en\/wp-json\/wp\/v2\/media?parent=466"}],"curies":[{"name":"wp","href":"https:\/\/api.w.org\/{rel}","templated":true}]}}