{"id":651,"date":"2021-02-03T16:14:48","date_gmt":"2021-02-03T16:14:48","guid":{"rendered":"http:\/\/saborealapalma.es\/?page_id=651"},"modified":"2021-02-24T08:27:36","modified_gmt":"2021-02-24T08:27:36","slug":"aquesabelapalma","status":"publish","type":"page","link":"https:\/\/saborealapalma.es\/en\/aquesabelapalma\/","title":{"rendered":"What does La Palma taste like?"},"content":{"rendered":"<div      class=\"vc_row wpb_row section vc_row-fluid  grid_section\" style=' text-align:left;'><div class=\"section_inner clearfix\"><div class='section_inner_margin clearfix'><div class=\"wpb_column vc_column_container vc_col-sm-12\"><div class=\"vc_column-inner\"><div class=\"wpb_wrapper\"><div      class=\"vc_row wpb_row section vc_row-fluid vc_inner\" style=' text-align:left;'><div class=\"full_section_inner clearfix\"><div class=\"wpb_column vc_column_container vc_col-sm-12\"><div class=\"vc_column-inner\"><div class=\"wpb_wrapper\">\t<div class=\"vc_empty_space\"  style=\"height: 50px\" ><span\r\n\t\t\tclass=\"vc_empty_space_inner\">\r\n\t\t\t<span class=\"empty_space_image\"  ><\/span>\r\n\t\t<\/span><\/div>\r\n\n\r\n\t<div class=\"wpb_single_image wpb_content_element vc_align_center\">\r\n\t\t<div class=\"wpb_wrapper\">\r\n\t\t\t\r\n\t\t\t<div class=\"vc_single_image-wrapper   vc_box_border_grey\"><img fetchpriority=\"high\" decoding=\"async\" width=\"403\" height=\"190\" src=\"https:\/\/saborealapalma.es\/wp-content\/uploads\/2020\/10\/saborealogo_web.png\" class=\"vc_single_image-img attachment-full\" alt=\"\" srcset=\"https:\/\/saborealapalma.es\/wp-content\/uploads\/2020\/10\/saborealogo_web.png 403w, https:\/\/saborealapalma.es\/wp-content\/uploads\/2020\/10\/saborealogo_web-300x141.png 300w, https:\/\/saborealapalma.es\/wp-content\/uploads\/2020\/10\/saborealogo_web-400x190.png 400w\" sizes=\"(max-width: 403px) 100vw, 403px\" \/><\/div>\r\n\t\t<\/div>\r\n\t<\/div>\r\n\t<div class=\"vc_empty_space\"  style=\"height: 50px\" ><span\r\n\t\t\tclass=\"vc_empty_space_inner\">\r\n\t\t\t<span class=\"empty_space_image\"  ><\/span>\r\n\t\t<\/span><\/div>\r\n\n<\/div><\/div><\/div><\/div><\/div><div      class=\"vc_row wpb_row section vc_row-fluid vc_inner  grid_section\" style=' text-align:left;'><div class=\"section_inner clearfix\"><div class='section_inner_margin clearfix'><div class=\"wpb_column vc_column_container vc_col-sm-12\"><div class=\"vc_column-inner\"><div class=\"wpb_wrapper\">\t<div class=\"vc_empty_space\"  style=\"height: 50px\" ><span\r\n\t\t\tclass=\"vc_empty_space_inner\">\r\n\t\t\t<span class=\"empty_space_image\"  ><\/span>\r\n\t\t<\/span><\/div>\r\n\n\n\t<div class=\"wpb_text_column wpb_content_element\">\n\t\t<div class=\"wpb_wrapper\">\n\t\t\t<h1 style=\"text-align: center;\">What does La Palma taste like?<\/h1>\n\n\t\t<\/div> \n\t<\/div> \t<div class=\"vc_empty_space\"  style=\"height: 50px\" ><span\r\n\t\t\tclass=\"vc_empty_space_inner\">\r\n\t\t\t<span class=\"empty_space_image\"  ><\/span>\r\n\t\t<\/span><\/div>\r\n\n\r\n\t<div class=\"wpb_video_widget wpb_content_element vc_clearfix   vc_video-aspect-ratio-169 vc_video-el-width-90 vc_video-align-center\" >\r\n\t\t<div class=\"wpb_wrapper\">\r\n\t\t\t\r\n\t\t\t<div class=\"wpb_video_wrapper\"><iframe title=\"What does La Palma taste like?\" width=\"1060\" height=\"596\" src=\"https:\/\/www.youtube.com\/embed\/3f1lbgiEQQI?feature=oembed\" frameborder=\"0\" allow=\"accelerometer; autoplay; clipboard-write; encrypted-media; gyroscope; picture-in-picture\" allowfullscreen><\/iframe><\/div>\r\n\t\t<\/div>\r\n\t<\/div>\r\n\t<div class=\"vc_empty_space\"  style=\"height: 50px\" ><span\r\n\t\t\tclass=\"vc_empty_space_inner\">\r\n\t\t\t<span class=\"empty_space_image\"  ><\/span>\r\n\t\t<\/span><\/div>\r\n\n\n\t<div class=\"wpb_text_column wpb_content_element\">\n\t\t<div class=\"wpb_wrapper\">\n\t\t\t<p style=\"text-align: center;\">What does a seed taste like?<\/p>\n<p style=\"text-align: center;\">What does it smell like? When it travels, when it grows.<\/p>\n<p>&nbsp;<\/p>\n<p style=\"text-align: center;\">What does a carefree childhood look taste like?<\/p>\n<p>&nbsp;<\/p>\n<p style=\"text-align: center;\">And what does a first kiss taste like?<\/p>\n<p>&nbsp;<\/p>\n<p style=\"text-align: center;\">What do indelible memories taste like,<\/p>\n<p style=\"text-align: center;\">the plains, the celebrations, farewells and returns?<\/p>\n<p>&nbsp;<\/p>\n<p style=\"text-align: center;\">What do tastes and flavours taste like?<\/p>\n<p style=\"text-align: center;\">with which bathe the embraces that shelter and protect you?<\/p>\n<p>&nbsp;<\/p>\n<p style=\"text-align: center;\">What does the family taste like?<\/p>\n<p>&nbsp;<\/p>\n<p style=\"text-align: center;\">And what does a green world taste like<\/p>\n<p style=\"text-align: center;\">what is blue when it envelops you?<\/p>\n<p>&nbsp;<\/p>\n<p style=\"text-align: center;\">What aromas does the water bring?<\/p>\n<p style=\"text-align: center;\">When it falls,<\/p>\n<p style=\"text-align: center;\">when it lands,<\/p>\n<p style=\"text-align: center;\">when it rocks.<\/p>\n<p>&nbsp;<\/p>\n<p style=\"text-align: center;\">What does the energy of the hands, of the earth, taste like?<\/p>\n<p>&nbsp;<\/p>\n<p style=\"text-align: center;\">What about respect?<\/p>\n<p>&nbsp;<\/p>\n<p style=\"text-align: center;\">What about care?<\/p>\n<p>&nbsp;<\/p>\n<p style=\"text-align: center;\">And the story?<\/p>\n<p>&nbsp;<\/p>\n<p style=\"text-align: center;\">What does your <em>future<\/em><\/p>\n<p style=\"text-align: center;\">if you do not know<\/p>\n<p style=\"text-align: center;\">to your <em>past<\/em>?<\/p>\n<p>&nbsp;<\/p>\n<p style=\"text-align: center;\"><strong><em>What does La Palma taste like?<\/em><\/strong><\/p>\n\n\t\t<\/div> \n\t<\/div> \t<div class=\"vc_empty_space\"  style=\"height: 50px\" ><span\r\n\t\t\tclass=\"vc_empty_space_inner\">\r\n\t\t\t<span class=\"empty_space_image\"  ><\/span>\r\n\t\t<\/span><\/div>\r\n\n<\/div><\/div><\/div><\/div><\/div><\/div>\t<div class=\"vc_empty_space\"  style=\"height: 100px\" ><span\r\n\t\t\tclass=\"vc_empty_space_inner\">\r\n\t\t\t<span class=\"empty_space_image\"  ><\/span>\r\n\t\t<\/span><\/div>\r\n\n<\/div><\/div><\/div><\/div><\/div><\/div>","protected":false},"excerpt":{"rendered":"What does La Palma taste like, what does a seed taste like, what does it smell like, when it travels, when it grows? When it travels, when it grows. What does a carefree childhood look taste like?   And a first kiss, what does it taste like? What do the indelible memories, the plains, the feasts, farewells and returns taste like? What does it...","protected":false},"author":4,"featured_media":0,"parent":0,"menu_order":0,"comment_status":"closed","ping_status":"closed","template":"","meta":{"footnotes":""},"class_list":["post-651","page","type-page","status-publish","hentry"],"yoast_head":"<!-- This site is optimized with the Yoast SEO plugin v27.0 - https:\/\/yoast.com\/product\/yoast-seo-wordpress\/ -->\n<title>\u00bfA qu\u00e9 sabe La Palma? - Saborea La Palma<\/title>\n<meta name=\"robots\" content=\"index, follow, max-snippet:-1, max-image-preview:large, max-video-preview:-1\" \/>\n<link rel=\"canonical\" href=\"https:\/\/saborealapalma.es\/en\/aquesabelapalma\/\" \/>\n<meta property=\"og:locale\" content=\"en_GB\" \/>\n<meta property=\"og:type\" content=\"article\" \/>\n<meta property=\"og:title\" content=\"\u00bfA qu\u00e9 sabe La Palma? - Saborea La Palma\" \/>\n<meta property=\"og:url\" content=\"https:\/\/saborealapalma.es\/en\/aquesabelapalma\/\" \/>\n<meta property=\"og:site_name\" content=\"Saborea La Palma\" \/>\n<meta property=\"article:modified_time\" content=\"2021-02-24T08:27:36+00:00\" \/>\n<meta name=\"twitter:card\" content=\"summary_large_image\" \/>\n<meta name=\"twitter:label1\" content=\"Estimated reading time\" \/>\n\t<meta name=\"twitter:data1\" content=\"1 minute\" \/>\n<script type=\"application\/ld+json\" class=\"yoast-schema-graph\">{\"@context\":\"https:\/\/schema.org\",\"@graph\":[{\"@type\":\"WebPage\",\"@id\":\"https:\/\/saborealapalma.es\/aquesabelapalma\/\",\"url\":\"https:\/\/saborealapalma.es\/aquesabelapalma\/\",\"name\":\"\u00bfA qu\u00e9 sabe La Palma? - Saborea La Palma\",\"isPartOf\":{\"@id\":\"https:\/\/saborealapalma.es\/#website\"},\"datePublished\":\"2021-02-03T16:14:48+00:00\",\"dateModified\":\"2021-02-24T08:27:36+00:00\",\"breadcrumb\":{\"@id\":\"https:\/\/saborealapalma.es\/aquesabelapalma\/#breadcrumb\"},\"inLanguage\":\"en-GB\",\"potentialAction\":[{\"@type\":\"ReadAction\",\"target\":[\"https:\/\/saborealapalma.es\/aquesabelapalma\/\"]}]},{\"@type\":\"BreadcrumbList\",\"@id\":\"https:\/\/saborealapalma.es\/aquesabelapalma\/#breadcrumb\",\"itemListElement\":[{\"@type\":\"ListItem\",\"position\":1,\"name\":\"Portada\",\"item\":\"https:\/\/saborealapalma.es\/\"},{\"@type\":\"ListItem\",\"position\":2,\"name\":\"\u00bfA qu\u00e9 sabe La Palma?\"}]},{\"@type\":\"WebSite\",\"@id\":\"https:\/\/saborealapalma.es\/#website\",\"url\":\"https:\/\/saborealapalma.es\/\",\"name\":\"Saborea La Palma\",\"description\":\"Saborea La Palma es el proyecto que lidera la Sociedad de Promoci\u00f3n Econ\u00f3mica de La Palma (SODEPAL S.A.U.M.P), empresa p\u00fablica dependiente de Cabildo Insular de La Palma, para la revalorizaci\u00f3n y el posicionamiento de la gastronom\u00eda palmera en los mercados regionales, nacionales e internacionales.\",\"potentialAction\":[{\"@type\":\"SearchAction\",\"target\":{\"@type\":\"EntryPoint\",\"urlTemplate\":\"https:\/\/saborealapalma.es\/?s={search_term_string}\"},\"query-input\":{\"@type\":\"PropertyValueSpecification\",\"valueRequired\":true,\"valueName\":\"search_term_string\"}}],\"inLanguage\":\"en-GB\"}]}<\/script>\n<!-- \/ Yoast SEO plugin. -->","yoast_head_json":{"title":"\u00bfA qu\u00e9 sabe La Palma? - Saborea La Palma","robots":{"index":"index","follow":"follow","max-snippet":"max-snippet:-1","max-image-preview":"max-image-preview:large","max-video-preview":"max-video-preview:-1"},"canonical":"https:\/\/saborealapalma.es\/en\/aquesabelapalma\/","og_locale":"en_GB","og_type":"article","og_title":"\u00bfA qu\u00e9 sabe La Palma? - Saborea La Palma","og_url":"https:\/\/saborealapalma.es\/en\/aquesabelapalma\/","og_site_name":"Saborea La Palma","article_modified_time":"2021-02-24T08:27:36+00:00","twitter_card":"summary_large_image","twitter_misc":{"Estimated reading time":"1 minute"},"schema":{"@context":"https:\/\/schema.org","@graph":[{"@type":"WebPage","@id":"https:\/\/saborealapalma.es\/aquesabelapalma\/","url":"https:\/\/saborealapalma.es\/aquesabelapalma\/","name":"\u00bfA qu\u00e9 sabe La Palma? - Saborea La Palma","isPartOf":{"@id":"https:\/\/saborealapalma.es\/#website"},"datePublished":"2021-02-03T16:14:48+00:00","dateModified":"2021-02-24T08:27:36+00:00","breadcrumb":{"@id":"https:\/\/saborealapalma.es\/aquesabelapalma\/#breadcrumb"},"inLanguage":"en-GB","potentialAction":[{"@type":"ReadAction","target":["https:\/\/saborealapalma.es\/aquesabelapalma\/"]}]},{"@type":"BreadcrumbList","@id":"https:\/\/saborealapalma.es\/aquesabelapalma\/#breadcrumb","itemListElement":[{"@type":"ListItem","position":1,"name":"Portada","item":"https:\/\/saborealapalma.es\/"},{"@type":"ListItem","position":2,"name":"\u00bfA qu\u00e9 sabe La Palma?"}]},{"@type":"WebSite","@id":"https:\/\/saborealapalma.es\/#website","url":"https:\/\/saborealapalma.es\/","name":"Taste La Palma","description":"Saborea La Palma is the project led by the Sociedad de Promoci\u00f3n Econ\u00f3mica de La Palma (SODEPAL S.A.U.M.P), a public company dependent on the Cabildo Insular de La Palma, for the revaluation and positioning of La Palma's gastronomy in regional, national and international markets.","potentialAction":[{"@type":"SearchAction","target":{"@type":"EntryPoint","urlTemplate":"https:\/\/saborealapalma.es\/?s={search_term_string}"},"query-input":{"@type":"PropertyValueSpecification","valueRequired":true,"valueName":"search_term_string"}}],"inLanguage":"en-GB"}]}},"_links":{"self":[{"href":"https:\/\/saborealapalma.es\/en\/wp-json\/wp\/v2\/pages\/651","targetHints":{"allow":["GET"]}}],"collection":[{"href":"https:\/\/saborealapalma.es\/en\/wp-json\/wp\/v2\/pages"}],"about":[{"href":"https:\/\/saborealapalma.es\/en\/wp-json\/wp\/v2\/types\/page"}],"author":[{"embeddable":true,"href":"https:\/\/saborealapalma.es\/en\/wp-json\/wp\/v2\/users\/4"}],"replies":[{"embeddable":true,"href":"https:\/\/saborealapalma.es\/en\/wp-json\/wp\/v2\/comments?post=651"}],"version-history":[{"count":0,"href":"https:\/\/saborealapalma.es\/en\/wp-json\/wp\/v2\/pages\/651\/revisions"}],"wp:attachment":[{"href":"https:\/\/saborealapalma.es\/en\/wp-json\/wp\/v2\/media?parent=651"}],"curies":[{"name":"wp","href":"https:\/\/api.w.org\/{rel}","templated":true}]}}