{"id":8341,"date":"2024-11-25T13:28:01","date_gmt":"2024-11-25T13:28:01","guid":{"rendered":"https:\/\/saborealapalma.es\/?page_id=8341"},"modified":"2024-11-25T13:29:45","modified_gmt":"2024-11-25T13:29:45","slug":"inscripcion-a-taller-de-cocreacion-y-diseno-de-experiencias","status":"publish","type":"page","link":"https:\/\/saborealapalma.es\/en\/inscripcion-a-ferias\/inscripcion-a-taller-de-cocreacion-y-diseno-de-experiencias\/","title":{"rendered":"Registration for the CoCreation and Design of Experiences workshop"},"content":{"rendered":"\t\t<div data-elementor-type=\"wp-page\" data-elementor-id=\"8341\" class=\"elementor elementor-8341\" data-elementor-post-type=\"page\">\n\t\t\t\t\t\t<section data-particle_enable=\"false\" data-particle-mobile-disabled=\"false\" class=\"elementor-section elementor-top-section elementor-element elementor-element-34ba374 elementor-section-boxed elementor-section-height-default elementor-section-height-default parallax_section_no qode_elementor_container_no\" data-id=\"34ba374\" data-element_type=\"section\" data-e-type=\"section\">\n\t\t\t\t\t\t<div class=\"elementor-container elementor-column-gap-default\">\n\t\t\t\t\t<div class=\"elementor-column elementor-col-100 elementor-top-column elementor-element elementor-element-76f8a27\" data-id=\"76f8a27\" data-element_type=\"column\" data-e-type=\"column\">\n\t\t\t<div class=\"elementor-widget-wrap elementor-element-populated\">\n\t\t\t\t\t\t<div class=\"elementor-element elementor-element-924841a elementor-widget elementor-widget-heading\" data-id=\"924841a\" data-element_type=\"widget\" data-e-type=\"widget\" data-widget_type=\"heading.default\">\n\t\t\t\t<div class=\"elementor-widget-container\">\n\t\t\t\t\t<h2 class=\"elementor-heading-title elementor-size-default\">Formulario de asistencia Taller de\nCoCreaci\u00f3n y Dise\u00f1o de Experiencias<\/h2>\t\t\t\t<\/div>\n\t\t\t\t<\/div>\n\t\t\t\t\t<\/div>\n\t\t<\/div>\n\t\t\t\t\t<\/div>\n\t\t<\/section>\n\t\t\t\t<section data-particle_enable=\"false\" data-particle-mobile-disabled=\"false\" class=\"elementor-section elementor-top-section elementor-element elementor-element-54d079f elementor-section-boxed elementor-section-height-default elementor-section-height-default parallax_section_no qode_elementor_container_no\" data-id=\"54d079f\" data-element_type=\"section\" data-e-type=\"section\" data-settings=\"{&quot;background_background&quot;:&quot;classic&quot;}\">\n\t\t\t\t\t\t<div class=\"elementor-container elementor-column-gap-default\">\n\t\t\t\t\t<div class=\"elementor-column elementor-col-100 elementor-top-column elementor-element elementor-element-16d2c9d\" data-id=\"16d2c9d\" data-element_type=\"column\" data-e-type=\"column\">\n\t\t\t<div class=\"elementor-widget-wrap elementor-element-populated\">\n\t\t\t\t\t\t<div class=\"elementor-element elementor-element-e640def eael-wpforms-labels-yes eael-wpforms-form-button-custom elementor-widget elementor-widget-eael-wpforms\" data-id=\"e640def\" data-element_type=\"widget\" data-e-type=\"widget\" data-widget_type=\"eael-wpforms.default\">\n\t\t\t\t<div class=\"elementor-widget-container\">\n\t\t\t\t\t            <div class=\"eael-contact-form eael-wpforms eael-wpforms-align-default\">\n                                <div class=\"wpforms-container wpforms-container-full\" id=\"wpforms-8339\"><form id=\"wpforms-form-8339\" class=\"wpforms-validate wpforms-form\" data-formid=\"8339\" method=\"post\" enctype=\"multipart\/form-data\" action=\"\/en\/wp-json\/wp\/v2\/pages\/8341\" data-token=\"7f444855c23642fcb718ec9527eb1f02\" data-token-time=\"1775571767\"><noscript class=\"wpforms-error-noscript\">Please enable JavaScript in your browser to complete this form.<\/noscript><div class=\"wpforms-field-container\"><div id=\"wpforms-8339-field_24-container\" class=\"wpforms-field wpforms-field-name\" data-field-id=\"24\"><label class=\"wpforms-field-label\" for=\"wpforms-8339-field_24\">Nombre <span class=\"wpforms-required-label\">*<\/span><\/label><div class=\"wpforms-field-row wpforms-field-medium\"><div class=\"wpforms-field-row-block wpforms-first wpforms-one-half\"><input type=\"text\" id=\"wpforms-8339-field_24\" class=\"wpforms-field-name-first wpforms-field-required\" name=\"wpforms[fields][24][first]\" required><label for=\"wpforms-8339-field_24\" class=\"wpforms-field-sublabel after\">First<\/label><\/div><div class=\"wpforms-field-row-block wpforms-one-half\"><input type=\"text\" id=\"wpforms-8339-field_24-last\" class=\"wpforms-field-name-last wpforms-field-required\" name=\"wpforms[fields][24][last]\" required><label for=\"wpforms-8339-field_24-last\" class=\"wpforms-field-sublabel after\">Last<\/label><\/div><\/div><\/div><div id=\"wpforms-8339-field_4-container\" class=\"wpforms-field wpforms-field-text\" data-field-id=\"4\"><label class=\"wpforms-field-label\" for=\"wpforms-8339-field_4\">DNI <span class=\"wpforms-required-label\">*<\/span><\/label><input type=\"text\" id=\"wpforms-8339-field_4\" class=\"wpforms-field-medium wpforms-field-required\" name=\"wpforms[fields][4]\" required><\/div><div id=\"wpforms-8339-field_11-container\" class=\"wpforms-field wpforms-field-text\" data-field-id=\"11\"><label class=\"wpforms-field-label\" for=\"wpforms-8339-field_11\">Direcci\u00f3n <span class=\"wpforms-required-label\">*<\/span><\/label><input type=\"text\" id=\"wpforms-8339-field_11\" class=\"wpforms-field-medium wpforms-field-required\" name=\"wpforms[fields][11]\" required><\/div><div id=\"wpforms-8339-field_6-container\" class=\"wpforms-field wpforms-field-phone\" data-field-id=\"6\"><label class=\"wpforms-field-label\" for=\"wpforms-8339-field_6\">Tel\u00e9fono <span class=\"wpforms-required-label\">*<\/span><\/label><input type=\"tel\" id=\"wpforms-8339-field_6\" class=\"wpforms-field-medium wpforms-field-required wpforms-smart-phone-field\" data-rule-smart-phone-field=\"true\" name=\"wpforms[fields][6]\" placeholder=\"--- --- ---\" aria-label=\"Tel\u00e9fono\" required><\/div><div id=\"wpforms-8339-field_1-container\" class=\"wpforms-field wpforms-field-email\" data-field-id=\"1\"><label class=\"wpforms-field-label\" for=\"wpforms-8339-field_1\">Correo electr\u00f3nico <span class=\"wpforms-required-label\">*<\/span><\/label><input type=\"email\" id=\"wpforms-8339-field_1\" class=\"wpforms-field-medium wpforms-field-required\" name=\"wpforms[fields][1]\" spellcheck=\"false\" required><\/div><div id=\"wpforms-8339-field_8-container\" class=\"wpforms-field wpforms-field-checkbox\" data-field-id=\"8\"><label class=\"wpforms-field-label\" for=\"wpforms-8339-field_8\">Privacidad <span class=\"wpforms-required-label\">*<\/span><\/label><ul id=\"wpforms-8339-field_8\" class=\"wpforms-field-required\"><li class=\"choice-1 depth-1\"><input type=\"checkbox\" id=\"wpforms-8339-field_8_1\" name=\"wpforms[fields][8][]\" value=\"Acepto la &lt;a href=&quot;\/politica-privacidad-aviso-legal&quot; target=&quot;_blank&quot;&gt;pol\u00edtica de privacidad&lt;\/a&gt;\" required ><label class=\"wpforms-field-label-inline\" for=\"wpforms-8339-field_8_1\">Acepto la <a href=\"\/politica-privacidad-aviso-legal\" target=\"_blank\">pol\u00edtica de privacidad<\/a><\/label><\/li><\/ul><\/div><\/div><!-- .wpforms-field-container --><div class=\"wpforms-submit-container\" ><input type=\"hidden\" name=\"wpforms[id]\" value=\"8339\"><input type=\"hidden\" name=\"page_title\" value=\"\"><input type=\"hidden\" name=\"page_url\" value=\"https:\/\/saborealapalma.es\/en\/wp-json\/wp\/v2\/pages\/8341\"><button type=\"submit\" name=\"wpforms[submit]\" id=\"wpforms-submit-8339\" class=\"wpforms-submit\" data-alt-text=\"Enviando...\" data-submit-text=\"Enviar\" aria-live=\"assertive\" value=\"wpforms-submit\">Enviar<\/button><\/div><\/form><\/div>  <!-- .wpforms-container -->            <\/div>\n\t\t\t\t<\/div>\n\t\t\t\t<\/div>\n\t\t\t\t\t<\/div>\n\t\t<\/div>\n\t\t\t\t\t<\/div>\n\t\t<\/section>\n\t\t\t\t<\/div>\n\t\t","protected":false},"excerpt":{"rendered":"<p>Attendance form CoCreation and Experience Design Workshop Please enable JavaScript in your browser to complete this form.Name *FirstName LastName ID *Address *Telephone *Email *Privacy *I accept the privacy policy Submit<\/p>","protected":false},"author":4,"featured_media":0,"parent":6348,"menu_order":0,"comment_status":"closed","ping_status":"closed","template":"","meta":{"footnotes":""},"class_list":["post-8341","page","type-page","status-publish","hentry"],"yoast_head":"<!-- This site is optimized with the Yoast SEO plugin v27.0 - https:\/\/yoast.com\/product\/yoast-seo-wordpress\/ -->\n<title>Inscripci\u00f3n a Taller de CoCreaci\u00f3n y Dise\u00f1o de Experiencias - Saborea La Palma<\/title>\n<meta name=\"robots\" content=\"index, follow, max-snippet:-1, max-image-preview:large, max-video-preview:-1\" \/>\n<link rel=\"canonical\" href=\"https:\/\/saborealapalma.es\/en\/inscripcion-a-ferias\/inscripcion-a-taller-de-cocreacion-y-diseno-de-experiencias\/\" \/>\n<meta property=\"og:locale\" content=\"en_GB\" \/>\n<meta property=\"og:type\" content=\"article\" \/>\n<meta property=\"og:title\" content=\"Inscripci\u00f3n a Taller de CoCreaci\u00f3n y Dise\u00f1o de Experiencias - Saborea La Palma\" \/>\n<meta property=\"og:description\" content=\"Formulario de asistencia Taller de CoCreaci\u00f3n y Dise\u00f1o de Experiencias Por favor, activa JavaScript en tu navegador para completar este formulario.Nombre *NombreApellidosDNI *Direcci\u00f3n *Tel\u00e9fono *Correo electr\u00f3nico *Privacidad * Acepto la pol\u00edtica de privacidad Enviar\" \/>\n<meta property=\"og:url\" content=\"https:\/\/saborealapalma.es\/en\/inscripcion-a-ferias\/inscripcion-a-taller-de-cocreacion-y-diseno-de-experiencias\/\" \/>\n<meta property=\"og:site_name\" content=\"Saborea La Palma\" \/>\n<meta property=\"article:modified_time\" content=\"2024-11-25T13:29:45+00:00\" \/>\n<meta name=\"twitter:card\" content=\"summary_large_image\" \/>\n<meta name=\"twitter:label1\" content=\"Estimated reading time\" \/>\n\t<meta name=\"twitter:data1\" content=\"1 minute\" \/>\n<script type=\"application\/ld+json\" class=\"yoast-schema-graph\">{\"@context\":\"https:\/\/schema.org\",\"@graph\":[{\"@type\":\"WebPage\",\"@id\":\"https:\/\/saborealapalma.es\/inscripcion-a-ferias\/inscripcion-a-taller-de-cocreacion-y-diseno-de-experiencias\/\",\"url\":\"https:\/\/saborealapalma.es\/inscripcion-a-ferias\/inscripcion-a-taller-de-cocreacion-y-diseno-de-experiencias\/\",\"name\":\"Inscripci\u00f3n a Taller de CoCreaci\u00f3n y Dise\u00f1o de Experiencias - Saborea La Palma\",\"isPartOf\":{\"@id\":\"https:\/\/saborealapalma.es\/#website\"},\"datePublished\":\"2024-11-25T13:28:01+00:00\",\"dateModified\":\"2024-11-25T13:29:45+00:00\",\"breadcrumb\":{\"@id\":\"https:\/\/saborealapalma.es\/inscripcion-a-ferias\/inscripcion-a-taller-de-cocreacion-y-diseno-de-experiencias\/#breadcrumb\"},\"inLanguage\":\"en-GB\",\"potentialAction\":[{\"@type\":\"ReadAction\",\"target\":[\"https:\/\/saborealapalma.es\/inscripcion-a-ferias\/inscripcion-a-taller-de-cocreacion-y-diseno-de-experiencias\/\"]}]},{\"@type\":\"BreadcrumbList\",\"@id\":\"https:\/\/saborealapalma.es\/inscripcion-a-ferias\/inscripcion-a-taller-de-cocreacion-y-diseno-de-experiencias\/#breadcrumb\",\"itemListElement\":[{\"@type\":\"ListItem\",\"position\":1,\"name\":\"Portada\",\"item\":\"https:\/\/saborealapalma.es\/\"},{\"@type\":\"ListItem\",\"position\":2,\"name\":\"Inscripci\u00f3n a ferias\",\"item\":\"https:\/\/saborealapalma.es\/inscripcion-a-ferias\/\"},{\"@type\":\"ListItem\",\"position\":3,\"name\":\"Inscripci\u00f3n a Taller de CoCreaci\u00f3n y Dise\u00f1o de Experiencias\"}]},{\"@type\":\"WebSite\",\"@id\":\"https:\/\/saborealapalma.es\/#website\",\"url\":\"https:\/\/saborealapalma.es\/\",\"name\":\"Saborea La Palma\",\"description\":\"Saborea La Palma es el proyecto que lidera la Sociedad de Promoci\u00f3n Econ\u00f3mica de La Palma (SODEPAL S.A.U.M.P), empresa p\u00fablica dependiente de Cabildo Insular de La Palma, para la revalorizaci\u00f3n y el posicionamiento de la gastronom\u00eda palmera en los mercados regionales, nacionales e internacionales.\",\"potentialAction\":[{\"@type\":\"SearchAction\",\"target\":{\"@type\":\"EntryPoint\",\"urlTemplate\":\"https:\/\/saborealapalma.es\/?s={search_term_string}\"},\"query-input\":{\"@type\":\"PropertyValueSpecification\",\"valueRequired\":true,\"valueName\":\"search_term_string\"}}],\"inLanguage\":\"en-GB\"}]}<\/script>\n<!-- \/ Yoast SEO plugin. -->","yoast_head_json":{"title":"Inscripci\u00f3n a Taller de CoCreaci\u00f3n y Dise\u00f1o de Experiencias - Saborea La Palma","robots":{"index":"index","follow":"follow","max-snippet":"max-snippet:-1","max-image-preview":"max-image-preview:large","max-video-preview":"max-video-preview:-1"},"canonical":"https:\/\/saborealapalma.es\/en\/inscripcion-a-ferias\/inscripcion-a-taller-de-cocreacion-y-diseno-de-experiencias\/","og_locale":"en_GB","og_type":"article","og_title":"Inscripci\u00f3n a Taller de CoCreaci\u00f3n y Dise\u00f1o de Experiencias - Saborea La Palma","og_description":"Formulario de asistencia Taller de CoCreaci\u00f3n y Dise\u00f1o de Experiencias Por favor, activa JavaScript en tu navegador para completar este formulario.Nombre *NombreApellidosDNI *Direcci\u00f3n *Tel\u00e9fono *Correo electr\u00f3nico *Privacidad * Acepto la pol\u00edtica de privacidad Enviar","og_url":"https:\/\/saborealapalma.es\/en\/inscripcion-a-ferias\/inscripcion-a-taller-de-cocreacion-y-diseno-de-experiencias\/","og_site_name":"Saborea La Palma","article_modified_time":"2024-11-25T13:29:45+00:00","twitter_card":"summary_large_image","twitter_misc":{"Estimated reading time":"1 minute"},"schema":{"@context":"https:\/\/schema.org","@graph":[{"@type":"WebPage","@id":"https:\/\/saborealapalma.es\/inscripcion-a-ferias\/inscripcion-a-taller-de-cocreacion-y-diseno-de-experiencias\/","url":"https:\/\/saborealapalma.es\/inscripcion-a-ferias\/inscripcion-a-taller-de-cocreacion-y-diseno-de-experiencias\/","name":"Inscripci\u00f3n a Taller de CoCreaci\u00f3n y Dise\u00f1o de Experiencias - Saborea La Palma","isPartOf":{"@id":"https:\/\/saborealapalma.es\/#website"},"datePublished":"2024-11-25T13:28:01+00:00","dateModified":"2024-11-25T13:29:45+00:00","breadcrumb":{"@id":"https:\/\/saborealapalma.es\/inscripcion-a-ferias\/inscripcion-a-taller-de-cocreacion-y-diseno-de-experiencias\/#breadcrumb"},"inLanguage":"en-GB","potentialAction":[{"@type":"ReadAction","target":["https:\/\/saborealapalma.es\/inscripcion-a-ferias\/inscripcion-a-taller-de-cocreacion-y-diseno-de-experiencias\/"]}]},{"@type":"BreadcrumbList","@id":"https:\/\/saborealapalma.es\/inscripcion-a-ferias\/inscripcion-a-taller-de-cocreacion-y-diseno-de-experiencias\/#breadcrumb","itemListElement":[{"@type":"ListItem","position":1,"name":"Portada","item":"https:\/\/saborealapalma.es\/"},{"@type":"ListItem","position":2,"name":"Inscripci\u00f3n a ferias","item":"https:\/\/saborealapalma.es\/inscripcion-a-ferias\/"},{"@type":"ListItem","position":3,"name":"Inscripci\u00f3n a Taller de CoCreaci\u00f3n y Dise\u00f1o de Experiencias"}]},{"@type":"WebSite","@id":"https:\/\/saborealapalma.es\/#website","url":"https:\/\/saborealapalma.es\/","name":"Taste La Palma","description":"Saborea La Palma is the project led by the Sociedad de Promoci\u00f3n Econ\u00f3mica de La Palma (SODEPAL S.A.U.M.P), a public company dependent on the Cabildo Insular de La Palma, for the revaluation and positioning of La Palma's gastronomy in regional, national and international markets.","potentialAction":[{"@type":"SearchAction","target":{"@type":"EntryPoint","urlTemplate":"https:\/\/saborealapalma.es\/?s={search_term_string}"},"query-input":{"@type":"PropertyValueSpecification","valueRequired":true,"valueName":"search_term_string"}}],"inLanguage":"en-GB"}]}},"_links":{"self":[{"href":"https:\/\/saborealapalma.es\/en\/wp-json\/wp\/v2\/pages\/8341","targetHints":{"allow":["GET"]}}],"collection":[{"href":"https:\/\/saborealapalma.es\/en\/wp-json\/wp\/v2\/pages"}],"about":[{"href":"https:\/\/saborealapalma.es\/en\/wp-json\/wp\/v2\/types\/page"}],"author":[{"embeddable":true,"href":"https:\/\/saborealapalma.es\/en\/wp-json\/wp\/v2\/users\/4"}],"replies":[{"embeddable":true,"href":"https:\/\/saborealapalma.es\/en\/wp-json\/wp\/v2\/comments?post=8341"}],"version-history":[{"count":4,"href":"https:\/\/saborealapalma.es\/en\/wp-json\/wp\/v2\/pages\/8341\/revisions"}],"predecessor-version":[{"id":8346,"href":"https:\/\/saborealapalma.es\/en\/wp-json\/wp\/v2\/pages\/8341\/revisions\/8346"}],"up":[{"embeddable":true,"href":"https:\/\/saborealapalma.es\/en\/wp-json\/wp\/v2\/pages\/6348"}],"wp:attachment":[{"href":"https:\/\/saborealapalma.es\/en\/wp-json\/wp\/v2\/media?parent=8341"}],"curies":[{"name":"wp","href":"https:\/\/api.w.org\/{rel}","templated":true}]}}