{"id":2035,"date":"2021-12-28T12:08:46","date_gmt":"2021-12-28T12:08:46","guid":{"rendered":"http:\/\/saborealapalma.es\/?page_id=2035"},"modified":"2022-05-09T21:07:09","modified_gmt":"2022-05-09T20:07:09","slug":"panaderias-y-pastelerias","status":"publish","type":"page","link":"https:\/\/saborealapalma.es\/fr\/panaderias-y-pastelerias\/","title":{"rendered":"Boulangeries et p\u00e2tisseries"},"content":{"rendered":"<div      class=\"vc_row wpb_row section vc_row-fluid  grid_section\" style='background-image:url(https:\/\/saborealapalma.es\/wp-content\/uploads\/2020\/10\/contactosaborea.jpg); text-align:left;'><div class=\"section_inner clearfix\"><div class='section_inner_margin clearfix'><div class=\"wpb_column vc_column_container vc_col-sm-12\"><div class=\"vc_column-inner\"><div class=\"wpb_wrapper\"><div      class=\"vc_row wpb_row section vc_row-fluid vc_inner\" style=' text-align:left;'><div class=\"full_section_inner clearfix\"><div class=\"wpb_column vc_column_container vc_col-sm-12\"><div class=\"vc_column-inner\"><div class=\"wpb_wrapper\">\t<div class=\"vc_empty_space\"  style=\"height: 50px\" ><span\r\n\t\t\tclass=\"vc_empty_space_inner\">\r\n\t\t\t<span class=\"empty_space_image\"  ><\/span>\r\n\t\t<\/span><\/div>\r\n\n\r\n\t<div class=\"wpb_raw_code wpb_content_element wpb_raw_html\" >\r\n\t\t<div class=\"wpb_wrapper\">\r\n\t\t\t<h1 align=\"center\">BOULANGERIES ET P\u00c2TISSERIES \u00c0 LA PALMA<\/h1>\r\n\t\t<\/div>\r\n\t<\/div>\r\n\t<div class=\"vc_empty_space\"  style=\"height: 30px\" ><span\r\n\t\t\tclass=\"vc_empty_space_inner\">\r\n\t\t\t<span class=\"empty_space_image\"  ><\/span>\r\n\t\t<\/span><\/div>\r\n\n<\/div><\/div><\/div><\/div><\/div><div      class=\"vc_row wpb_row section vc_row-fluid vc_inner  grid_section\" style=' text-align:left;'><div class=\"section_inner clearfix\"><div class='section_inner_margin clearfix'><div class=\"wpb_column vc_column_container vc_col-sm-12\"><div class=\"vc_column-inner\"><div class=\"wpb_wrapper\">\r\n\t<div class=\"wpb_single_image wpb_content_element vc_align_center\">\r\n\t\t<div class=\"wpb_wrapper\">\r\n\t\t\t\r\n\t\t\t<div class=\"vc_single_image-wrapper   vc_box_border_grey\"><img fetchpriority=\"high\" decoding=\"async\" class=\"vc_single_image-img\" src=\"https:\/\/saborealapalma.es\/wp-content\/uploads\/2022\/01\/cocinero_panaderia-800x513.png\" width=\"800\" height=\"513\" alt=\"cocinero_panaderia\" title=\"cuisiner_panaderia\" \/><\/div>\r\n\t\t<\/div>\r\n\t<\/div>\r\n\t<div class=\"vc_empty_space\"  style=\"height: 50px\" ><span\r\n\t\t\tclass=\"vc_empty_space_inner\">\r\n\t\t\t<span class=\"empty_space_image\"  ><\/span>\r\n\t\t<\/span><\/div>\r\n\n\r\n\t<div class=\"wpb_video_widget wpb_content_element vc_clearfix   vc_video-aspect-ratio-169 vc_video-el-width-100 vc_video-align-center\" >\r\n\t\t<div class=\"wpb_wrapper\">\r\n\t\t\t\r\n\t\t\t<div class=\"wpb_video_wrapper\"><iframe title=\"Go\u00fbt Almendrados\" width=\"1060\" height=\"596\" src=\"https:\/\/www.youtube.com\/embed\/prX2HyedPyI?feature=oembed\" frameborder=\"0\" allow=\"accelerometer; autoplay; clipboard-write; encrypted-media; gyroscope; picture-in-picture\" allowfullscreen><\/iframe><\/div>\r\n\t\t<\/div>\r\n\t<\/div>\r\n\t<div class=\"vc_empty_space\"  style=\"height: 30px\" ><span\r\n\t\t\tclass=\"vc_empty_space_inner\">\r\n\t\t\t<span class=\"empty_space_image\"  ><\/span>\r\n\t\t<\/span><\/div>\r\n\n\n\t<div class=\"wpb_text_column wpb_content_element\">\n\t\t<div class=\"wpb_wrapper\">\n\t\t\t<p>La Palma compte une multitude de boulangeries et de p\u00e2tisseries de grande qualit\u00e9, r\u00e9sultat du m\u00e9lange de diff\u00e9rentes cultures qui, depuis des si\u00e8cles, enrichissent les recettes populaires avec les saveurs caract\u00e9ristiques de l'\u00eele, telles que les amandes, les patates douces, la farine de ma\u00efs, le sucre, le miel de canne, etc. De nombreuses recettes ont \u00e9t\u00e9 transmises de g\u00e9n\u00e9ration en g\u00e9n\u00e9ration, tandis que d'autres datent d'une \u00e9poque plus r\u00e9cente, comme c'est le cas du dessert Pr\u00edncipe Alberto, cr\u00e9\u00e9 par Do\u00f1a Matilde Arroyo \u00e0 la fin des ann\u00e9es 1950.<\/p>\n\n\t\t<\/div> \n\t<\/div> \t<div class=\"vc_empty_space\"  style=\"height: 20px\" ><span\r\n\t\t\tclass=\"vc_empty_space_inner\">\r\n\t\t\t<span class=\"empty_space_image\"  ><\/span>\r\n\t\t<\/span><\/div>\r\n\n\r\n\t<div class=\"wpb_single_image wpb_content_element vc_align_center\">\r\n\t\t<div class=\"wpb_wrapper\">\r\n\t\t\t\r\n\t\t\t<div class=\"vc_single_image-wrapper   vc_box_border_grey\"><img decoding=\"async\" class=\"vc_single_image-img\" src=\"https:\/\/saborealapalma.es\/wp-content\/uploads\/2021\/12\/PAN1.jpg\" width=\"800\" height=\"489\" alt=\"PAN1\" title=\"PAN1\" \/><\/div>\r\n\t\t<\/div>\r\n\t<\/div>\r\n\t<div class=\"vc_empty_space\"  style=\"height: 20px\" ><span\r\n\t\t\tclass=\"vc_empty_space_inner\">\r\n\t\t\t<span class=\"empty_space_image\"  ><\/span>\r\n\t\t<\/span><\/div>\r\n\n\n\t<div class=\"wpb_text_column wpb_content_element\">\n\t\t<div class=\"wpb_wrapper\">\n\t\t\t<p>Il existe une multitude de sucreries typiques de l'\u00eele. La sucrerie la plus connue de Palmero est la rapadura. De forme conique, elle se compose principalement de miel de canne, de gofio, de sucre, d'amandes, de cannelle et de citron.<\/p>\n\n\t\t<\/div> \n\t<\/div> \t<div class=\"vc_empty_space\"  style=\"height: 20px\" ><span\r\n\t\t\tclass=\"vc_empty_space_inner\">\r\n\t\t\t<span class=\"empty_space_image\"  ><\/span>\r\n\t\t<\/span><\/div>\r\n\n\r\n\t<div class=\"wpb_single_image wpb_content_element vc_align_center\">\r\n\t\t<div class=\"wpb_wrapper\">\r\n\t\t\t\r\n\t\t\t<div class=\"vc_single_image-wrapper   vc_box_border_grey\"><img decoding=\"async\" class=\"vc_single_image-img\" src=\"https:\/\/saborealapalma.es\/wp-content\/uploads\/2021\/12\/PAN2.jpg\" width=\"800\" height=\"489\" alt=\"PAN2\" title=\"PAN2\" \/><\/div>\r\n\t\t<\/div>\r\n\t<\/div>\r\n\t<div class=\"vc_empty_space\"  style=\"height: 20px\" ><span\r\n\t\t\tclass=\"vc_empty_space_inner\">\r\n\t\t\t<span class=\"empty_space_image\"  ><\/span>\r\n\t\t<\/span><\/div>\r\n\n\n\t<div class=\"wpb_text_column wpb_content_element\">\n\t\t<div class=\"wpb_wrapper\">\n\t\t\t<p>D'autres douceurs faciles \u00e0 trouver dans les magasins, les restaurants et les march\u00e9s de rue sont les almendrados, de petites cr\u00eapes faites de p\u00e2te d'amande avec du sucre et de l'\u0153uf et cuites au four.<\/p>\n<p>Le bienmesabe est \u00e9galement tr\u00e8s populaire et constitue sans aucun doute l'un des desserts les plus c\u00e9l\u00e8bres de l'\u00eele. Vous le trouverez dans tous les restaurants de l'\u00eele. Vous pouvez \u00e9galement le trouver emball\u00e9 dans certains march\u00e9s et supermarch\u00e9s.<\/p>\n\n\t\t<\/div> \n\t<\/div> \t<div class=\"vc_empty_space\"  style=\"height: 20px\" ><span\r\n\t\t\tclass=\"vc_empty_space_inner\">\r\n\t\t\t<span class=\"empty_space_image\"  ><\/span>\r\n\t\t<\/span><\/div>\r\n\n\r\n\t<div class=\"wpb_single_image wpb_content_element vc_align_center\">\r\n\t\t<div class=\"wpb_wrapper\">\r\n\t\t\t\r\n\t\t\t<div class=\"vc_single_image-wrapper   vc_box_border_grey\"><img loading=\"lazy\" decoding=\"async\" class=\"vc_single_image-img\" src=\"https:\/\/saborealapalma.es\/wp-content\/uploads\/2021\/12\/PAN3.jpg\" width=\"800\" height=\"489\" alt=\"PAN3\" title=\"PAN3\" \/><\/div>\r\n\t\t<\/div>\r\n\t<\/div>\r\n\n\t<div class=\"wpb_text_column wpb_content_element\">\n\t\t<div class=\"wpb_wrapper\">\n\t\t\t<p>La plupart des restaurants proposent leurs propres desserts sur leur carte, comme le bienmesabe, la tarte au citron ou le Pr\u00edncipe Alberto (g\u00e2teau au chocolat, aux amandes et \u00e0 la g\u00e9noise), ainsi que le quesillo.<\/p>\n\n\t\t<\/div> \n\t<\/div> \t<div class=\"vc_empty_space\"  style=\"height: 100px\" ><span\r\n\t\t\tclass=\"vc_empty_space_inner\">\r\n\t\t\t<span class=\"empty_space_image\"  ><\/span>\r\n\t\t<\/span><\/div>\r\n\n<\/div><\/div><\/div><\/div><\/div><\/div><\/div><\/div><\/div><\/div><\/div><\/div><div      class=\"vc_row wpb_row section vc_row-fluid\" style=' text-align:left;'><div class=\"full_section_inner clearfix\"><div class=\"wpb_column vc_column_container vc_col-sm-12\"><div class=\"vc_column-inner\"><div class=\"wpb_wrapper\"><\/div><\/div><\/div><\/div><\/div>","protected":false},"excerpt":{"rendered":"BOULANGERIE ET P\u00c2TISSERIE DE LA PALMA La Palma poss\u00e8de une multitude de boulangeries et de p\u00e2tisseries de grande qualit\u00e9, r\u00e9sultat du m\u00e9lange de diff\u00e9rentes cultures qui, depuis des si\u00e8cles, enrichissent les recettes populaires avec les saveurs caract\u00e9ristiques de l'\u00eele apport\u00e9es par les amandes, la patate douce, la farine d'amandes, la farine de patates douces,...","protected":false},"author":4,"featured_media":0,"parent":0,"menu_order":0,"comment_status":"closed","ping_status":"closed","template":"full_width.php","meta":{"footnotes":""},"class_list":["post-2035","page","type-page","status-publish","hentry"],"yoast_head":"<!-- This site is optimized with the Yoast SEO plugin v27.0 - https:\/\/yoast.com\/product\/yoast-seo-wordpress\/ -->\n<title>Panader\u00edas y pasteler\u00edas - Saborea La Palma<\/title>\n<meta name=\"robots\" content=\"index, follow, max-snippet:-1, max-image-preview:large, max-video-preview:-1\" \/>\n<link rel=\"canonical\" href=\"https:\/\/saborealapalma.es\/fr\/panaderias-y-pastelerias\/\" \/>\n<meta property=\"og:locale\" content=\"fr_FR\" \/>\n<meta property=\"og:type\" content=\"article\" \/>\n<meta property=\"og:title\" content=\"Panader\u00edas y pasteler\u00edas - Saborea La Palma\" \/>\n<meta property=\"og:url\" content=\"https:\/\/saborealapalma.es\/fr\/panaderias-y-pastelerias\/\" \/>\n<meta property=\"og:site_name\" content=\"Saborea La Palma\" \/>\n<meta property=\"article:modified_time\" content=\"2022-05-09T20:07:09+00:00\" \/>\n<meta name=\"twitter:card\" content=\"summary_large_image\" \/>\n<meta name=\"twitter:label1\" content=\"Dur\u00e9e de lecture estim\u00e9e\" \/>\n\t<meta name=\"twitter:data1\" content=\"2 minutes\" \/>\n<script type=\"application\/ld+json\" class=\"yoast-schema-graph\">{\"@context\":\"https:\/\/schema.org\",\"@graph\":[{\"@type\":\"WebPage\",\"@id\":\"https:\/\/saborealapalma.es\/panaderias-y-pastelerias\/\",\"url\":\"https:\/\/saborealapalma.es\/panaderias-y-pastelerias\/\",\"name\":\"Panader\u00edas y pasteler\u00edas - Saborea La Palma\",\"isPartOf\":{\"@id\":\"https:\/\/saborealapalma.es\/#website\"},\"datePublished\":\"2021-12-28T12:08:46+00:00\",\"dateModified\":\"2022-05-09T20:07:09+00:00\",\"breadcrumb\":{\"@id\":\"https:\/\/saborealapalma.es\/panaderias-y-pastelerias\/#breadcrumb\"},\"inLanguage\":\"fr-FR\",\"potentialAction\":[{\"@type\":\"ReadAction\",\"target\":[\"https:\/\/saborealapalma.es\/panaderias-y-pastelerias\/\"]}]},{\"@type\":\"BreadcrumbList\",\"@id\":\"https:\/\/saborealapalma.es\/panaderias-y-pastelerias\/#breadcrumb\",\"itemListElement\":[{\"@type\":\"ListItem\",\"position\":1,\"name\":\"Portada\",\"item\":\"https:\/\/saborealapalma.es\/\"},{\"@type\":\"ListItem\",\"position\":2,\"name\":\"Panader\u00edas y pasteler\u00edas\"}]},{\"@type\":\"WebSite\",\"@id\":\"https:\/\/saborealapalma.es\/#website\",\"url\":\"https:\/\/saborealapalma.es\/\",\"name\":\"Saborea La Palma\",\"description\":\"Saborea La Palma es el proyecto que lidera la Sociedad de Promoci\u00f3n Econ\u00f3mica de La Palma (SODEPAL S.A.U.M.P), empresa p\u00fablica dependiente de Cabildo Insular de La Palma, para la revalorizaci\u00f3n y el posicionamiento de la gastronom\u00eda palmera en los mercados regionales, nacionales e internacionales.\",\"potentialAction\":[{\"@type\":\"SearchAction\",\"target\":{\"@type\":\"EntryPoint\",\"urlTemplate\":\"https:\/\/saborealapalma.es\/?s={search_term_string}\"},\"query-input\":{\"@type\":\"PropertyValueSpecification\",\"valueRequired\":true,\"valueName\":\"search_term_string\"}}],\"inLanguage\":\"fr-FR\"}]}<\/script>\n<!-- \/ Yoast SEO plugin. -->","yoast_head_json":{"title":"Panader\u00edas y pasteler\u00edas - Saborea La Palma","robots":{"index":"index","follow":"follow","max-snippet":"max-snippet:-1","max-image-preview":"max-image-preview:large","max-video-preview":"max-video-preview:-1"},"canonical":"https:\/\/saborealapalma.es\/fr\/panaderias-y-pastelerias\/","og_locale":"fr_FR","og_type":"article","og_title":"Panader\u00edas y pasteler\u00edas - Saborea La Palma","og_url":"https:\/\/saborealapalma.es\/fr\/panaderias-y-pastelerias\/","og_site_name":"Saborea La Palma","article_modified_time":"2022-05-09T20:07:09+00:00","twitter_card":"summary_large_image","twitter_misc":{"Dur\u00e9e de lecture estim\u00e9e":"2 minutes"},"schema":{"@context":"https:\/\/schema.org","@graph":[{"@type":"WebPage","@id":"https:\/\/saborealapalma.es\/panaderias-y-pastelerias\/","url":"https:\/\/saborealapalma.es\/panaderias-y-pastelerias\/","name":"Panader\u00edas y pasteler\u00edas - Saborea La Palma","isPartOf":{"@id":"https:\/\/saborealapalma.es\/#website"},"datePublished":"2021-12-28T12:08:46+00:00","dateModified":"2022-05-09T20:07:09+00:00","breadcrumb":{"@id":"https:\/\/saborealapalma.es\/panaderias-y-pastelerias\/#breadcrumb"},"inLanguage":"fr-FR","potentialAction":[{"@type":"ReadAction","target":["https:\/\/saborealapalma.es\/panaderias-y-pastelerias\/"]}]},{"@type":"BreadcrumbList","@id":"https:\/\/saborealapalma.es\/panaderias-y-pastelerias\/#breadcrumb","itemListElement":[{"@type":"ListItem","position":1,"name":"Portada","item":"https:\/\/saborealapalma.es\/"},{"@type":"ListItem","position":2,"name":"Panader\u00edas y pasteler\u00edas"}]},{"@type":"WebSite","@id":"https:\/\/saborealapalma.es\/#website","url":"https:\/\/saborealapalma.es\/","name":"Go\u00fbter \u00e0 La Palma","description":"Saborea La Palma est le projet men\u00e9 par la Sociedad de Promoci\u00f3n Econ\u00f3mica de La Palma (SODEPAL S.A.U.M.P), une entreprise publique d\u00e9pendant du Cabildo Insular de La Palma, pour la revalorisation et le positionnement de la gastronomie de La Palma sur les march\u00e9s r\u00e9gionaux, nationaux et internationaux.","potentialAction":[{"@type":"SearchAction","target":{"@type":"EntryPoint","urlTemplate":"https:\/\/saborealapalma.es\/?s={search_term_string}"},"query-input":{"@type":"PropertyValueSpecification","valueRequired":true,"valueName":"search_term_string"}}],"inLanguage":"fr-FR"}]}},"_links":{"self":[{"href":"https:\/\/saborealapalma.es\/fr\/wp-json\/wp\/v2\/pages\/2035","targetHints":{"allow":["GET"]}}],"collection":[{"href":"https:\/\/saborealapalma.es\/fr\/wp-json\/wp\/v2\/pages"}],"about":[{"href":"https:\/\/saborealapalma.es\/fr\/wp-json\/wp\/v2\/types\/page"}],"author":[{"embeddable":true,"href":"https:\/\/saborealapalma.es\/fr\/wp-json\/wp\/v2\/users\/4"}],"replies":[{"embeddable":true,"href":"https:\/\/saborealapalma.es\/fr\/wp-json\/wp\/v2\/comments?post=2035"}],"version-history":[{"count":0,"href":"https:\/\/saborealapalma.es\/fr\/wp-json\/wp\/v2\/pages\/2035\/revisions"}],"wp:attachment":[{"href":"https:\/\/saborealapalma.es\/fr\/wp-json\/wp\/v2\/media?parent=2035"}],"curies":[{"name":"wp","href":"https:\/\/api.w.org\/{rel}","templated":true}]}}