{"id":4142,"date":"2022-10-11T12:36:52","date_gmt":"2022-10-11T11:36:52","guid":{"rendered":"http:\/\/saborealapalma.es\/?page_id=4142"},"modified":"2022-10-21T13:32:22","modified_gmt":"2022-10-21T12:32:22","slug":"rutas-gastronomicas","status":"publish","type":"page","link":"https:\/\/saborealapalma.es\/fr\/rutas-gastronomicas\/","title":{"rendered":"Routes gastronomiques"},"content":{"rendered":"<div data-elementor-type=\"wp-page\" data-elementor-id=\"4142\" class=\"elementor elementor-4142\" data-elementor-post-type=\"page\">\n\t\t\t\t\t\t<section data-particle_enable=\"false\" data-particle-mobile-disabled=\"false\" class=\"elementor-section elementor-top-section elementor-element elementor-element-7cfd121 elementor-section-boxed elementor-section-height-default elementor-section-height-default parallax_section_no qode_elementor_container_no\" data-id=\"7cfd121\" data-element_type=\"section\" data-e-type=\"section\">\n\t\t\t\t\t\t<div class=\"elementor-container elementor-column-gap-default\">\n\t\t\t\t\t<div class=\"elementor-column elementor-col-100 elementor-top-column elementor-element elementor-element-d9d3fe6\" data-id=\"d9d3fe6\" data-element_type=\"column\" data-e-type=\"column\">\n\t\t\t<div class=\"elementor-widget-wrap elementor-element-populated\">\n\t\t\t\t\t\t<div class=\"elementor-element elementor-element-c424377 elementor-widget elementor-widget-heading\" data-id=\"c424377\" data-element_type=\"widget\" data-e-type=\"widget\" data-widget_type=\"heading.default\">\n\t\t\t\t<div class=\"elementor-widget-container\">\n\t\t\t\t\t<h2 class=\"elementor-heading-title elementor-size-default\">Routes gastronomiques<\/h2>\t\t\t\t<\/div>\n\t\t\t\t<\/div>\n\t\t\t\t\t<\/div>\n\t\t<\/div>\n\t\t\t\t\t<\/div>\n\t\t<\/section>\n\t\t\t\t<section data-particle_enable=\"false\" data-particle-mobile-disabled=\"false\" class=\"elementor-section elementor-top-section elementor-element elementor-element-6ee438d elementor-section-boxed elementor-section-height-default elementor-section-height-default parallax_section_no qode_elementor_container_no\" data-id=\"6ee438d\" data-element_type=\"section\" data-e-type=\"section\">\n\t\t\t\t\t\t<div class=\"elementor-container elementor-column-gap-default\">\n\t\t\t\t\t<div class=\"elementor-column elementor-col-100 elementor-top-column elementor-element elementor-element-ebd7108\" data-id=\"ebd7108\" data-element_type=\"column\" data-e-type=\"column\">\n\t\t\t<div class=\"elementor-widget-wrap elementor-element-populated\">\n\t\t\t\t\t\t<div class=\"elementor-element elementor-element-4a6ff01 dce_masking-none elementor-widget elementor-widget-image\" data-id=\"4a6ff01\" data-element_type=\"widget\" data-e-type=\"widget\" data-widget_type=\"image.default\">\n\t\t\t\t<div class=\"elementor-widget-container\">\n\t\t\t\t\t\t\t\t\t\t\t\t\t\t\t<img fetchpriority=\"high\" decoding=\"async\" width=\"1024\" height=\"329\" src=\"https:\/\/saborealapalma.es\/wp-content\/uploads\/2022\/10\/banner_rutas-1024x329.jpg\" class=\"attachment-large size-large wp-image-4341\" alt=\"\" srcset=\"https:\/\/saborealapalma.es\/wp-content\/uploads\/2022\/10\/banner_rutas-1024x329.jpg 1024w, https:\/\/saborealapalma.es\/wp-content\/uploads\/2022\/10\/banner_rutas-300x96.jpg 300w, https:\/\/saborealapalma.es\/wp-content\/uploads\/2022\/10\/banner_rutas-768x247.jpg 768w, https:\/\/saborealapalma.es\/wp-content\/uploads\/2022\/10\/banner_rutas-1536x493.jpg 1536w, https:\/\/saborealapalma.es\/wp-content\/uploads\/2022\/10\/banner_rutas-700x225.jpg 700w, https:\/\/saborealapalma.es\/wp-content\/uploads\/2022\/10\/banner_rutas-600x193.jpg 600w, https:\/\/saborealapalma.es\/wp-content\/uploads\/2022\/10\/banner_rutas.jpg 1800w\" sizes=\"(max-width: 1024px) 100vw, 1024px\" \/>\t\t\t\t\t\t\t\t\t\t\t\t\t\t\t<\/div>\n\t\t\t\t<\/div>\n\t\t\t\t\t<\/div>\n\t\t<\/div>\n\t\t\t\t\t<\/div>\n\t\t<\/section>\n\t\t\t\t<section data-particle_enable=\"false\" data-particle-mobile-disabled=\"false\" class=\"elementor-section elementor-top-section elementor-element elementor-element-6c79cdc elementor-section-boxed elementor-section-height-default elementor-section-height-default parallax_section_no qode_elementor_container_no\" data-id=\"6c79cdc\" data-element_type=\"section\" data-e-type=\"section\">\n\t\t\t\t\t\t<div class=\"elementor-container elementor-column-gap-default\">\n\t\t\t\t\t<div class=\"elementor-column elementor-col-33 elementor-top-column elementor-element elementor-element-e64b9a8 elementor-invisible\" data-id=\"e64b9a8\" data-element_type=\"column\" data-e-type=\"column\" data-settings=\"{&quot;animation&quot;:&quot;fadeInLeft&quot;}\">\n\t\t\t<div class=\"elementor-widget-wrap elementor-element-populated\">\n\t\t\t\t\t\t<div class=\"elementor-element elementor-element-bd720af dce_masking-none elementor-widget elementor-widget-image\" data-id=\"bd720af\" data-element_type=\"widget\" data-e-type=\"widget\" data-widget_type=\"image.default\">\n\t\t\t\t<div class=\"elementor-widget-container\">\n\t\t\t\t\t\t\t\t\t\t\t\t\t\t\t\t<a href=\"http:\/\/saborealapalma.es\/fr\/ruta-de-la-huerta-a-la-mesa\/\">\n\t\t\t\t\t\t\t<img decoding=\"async\" width=\"1024\" height=\"724\" src=\"https:\/\/saborealapalma.es\/wp-content\/uploads\/2022\/09\/ruta1_1-1024x724.jpg\" class=\"elementor-animation-shrink attachment-large size-large wp-image-3968\" alt=\"\" srcset=\"https:\/\/saborealapalma.es\/wp-content\/uploads\/2022\/09\/ruta1_1-1024x724.jpg 1024w, https:\/\/saborealapalma.es\/wp-content\/uploads\/2022\/09\/ruta1_1-300x212.jpg 300w, https:\/\/saborealapalma.es\/wp-content\/uploads\/2022\/09\/ruta1_1-768x543.jpg 768w, https:\/\/saborealapalma.es\/wp-content\/uploads\/2022\/09\/ruta1_1-700x495.jpg 700w, https:\/\/saborealapalma.es\/wp-content\/uploads\/2022\/09\/ruta1_1-600x424.jpg 600w, https:\/\/saborealapalma.es\/wp-content\/uploads\/2022\/09\/ruta1_1.jpg 1500w\" sizes=\"(max-width: 1024px) 100vw, 1024px\" \/>\t\t\t\t\t\t\t\t<\/a>\n\t\t\t\t\t\t\t\t\t\t\t\t\t\t\t<\/div>\n\t\t\t\t<\/div>\n\t\t\t\t\t<\/div>\n\t\t<\/div>\n\t\t\t\t<div class=\"elementor-column elementor-col-33 elementor-top-column elementor-element elementor-element-ca2062d elementor-invisible\" data-id=\"ca2062d\" data-element_type=\"column\" data-e-type=\"column\" data-settings=\"{&quot;animation&quot;:&quot;fadeInDown&quot;}\">\n\t\t\t<div class=\"elementor-widget-wrap elementor-element-populated\">\n\t\t\t\t\t\t<div class=\"elementor-element elementor-element-9c94d4e dce_masking-none elementor-widget elementor-widget-image\" data-id=\"9c94d4e\" data-element_type=\"widget\" data-e-type=\"widget\" data-widget_type=\"image.default\">\n\t\t\t\t<div class=\"elementor-widget-container\">\n\t\t\t\t\t\t\t\t\t\t\t\t\t\t\t\t<a href=\"http:\/\/saborealapalma.es\/fr\/ruta-legado-benahorita\/\">\n\t\t\t\t\t\t\t<img decoding=\"async\" width=\"1024\" height=\"724\" src=\"https:\/\/saborealapalma.es\/wp-content\/uploads\/2022\/10\/portada-1024x724.jpg\" class=\"elementor-animation-shrink attachment-large size-large wp-image-4056\" alt=\"\" srcset=\"https:\/\/saborealapalma.es\/wp-content\/uploads\/2022\/10\/portada-1024x724.jpg 1024w, https:\/\/saborealapalma.es\/wp-content\/uploads\/2022\/10\/portada-300x212.jpg 300w, https:\/\/saborealapalma.es\/wp-content\/uploads\/2022\/10\/portada-768x543.jpg 768w, https:\/\/saborealapalma.es\/wp-content\/uploads\/2022\/10\/portada-700x495.jpg 700w, https:\/\/saborealapalma.es\/wp-content\/uploads\/2022\/10\/portada-600x424.jpg 600w, https:\/\/saborealapalma.es\/wp-content\/uploads\/2022\/10\/portada.jpg 1500w\" sizes=\"(max-width: 1024px) 100vw, 1024px\" \/>\t\t\t\t\t\t\t\t<\/a>\n\t\t\t\t\t\t\t\t\t\t\t\t\t\t\t<\/div>\n\t\t\t\t<\/div>\n\t\t\t\t\t<\/div>\n\t\t<\/div>\n\t\t\t\t<div class=\"elementor-column elementor-col-33 elementor-top-column elementor-element elementor-element-6d9c8b5 elementor-invisible\" data-id=\"6d9c8b5\" data-element_type=\"column\" data-e-type=\"column\" data-settings=\"{&quot;animation&quot;:&quot;fadeInRight&quot;}\">\n\t\t\t<div class=\"elementor-widget-wrap elementor-element-populated\">\n\t\t\t\t\t\t<div class=\"elementor-element elementor-element-6964864 dce_masking-none elementor-widget elementor-widget-image\" data-id=\"6964864\" data-element_type=\"widget\" data-e-type=\"widget\" data-widget_type=\"image.default\">\n\t\t\t\t<div class=\"elementor-widget-container\">\n\t\t\t\t\t\t\t\t\t\t\t\t\t\t\t\t<a href=\"http:\/\/saborealapalma.es\/fr\/ruta-sobremesa-y-recuerdos\/\">\n\t\t\t\t\t\t\t<img loading=\"lazy\" decoding=\"async\" width=\"1024\" height=\"724\" src=\"https:\/\/saborealapalma.es\/wp-content\/uploads\/2022\/10\/portada_ruta3-1024x724.jpg\" class=\"elementor-animation-shrink attachment-large size-large wp-image-4101\" alt=\"\" srcset=\"https:\/\/saborealapalma.es\/wp-content\/uploads\/2022\/10\/portada_ruta3-1024x724.jpg 1024w, https:\/\/saborealapalma.es\/wp-content\/uploads\/2022\/10\/portada_ruta3-300x212.jpg 300w, https:\/\/saborealapalma.es\/wp-content\/uploads\/2022\/10\/portada_ruta3-768x543.jpg 768w, https:\/\/saborealapalma.es\/wp-content\/uploads\/2022\/10\/portada_ruta3-700x495.jpg 700w, https:\/\/saborealapalma.es\/wp-content\/uploads\/2022\/10\/portada_ruta3-600x424.jpg 600w, https:\/\/saborealapalma.es\/wp-content\/uploads\/2022\/10\/portada_ruta3.jpg 1200w\" sizes=\"(max-width: 1024px) 100vw, 1024px\" \/>\t\t\t\t\t\t\t\t<\/a>\n\t\t\t\t\t\t\t\t\t\t\t\t\t\t\t<\/div>\n\t\t\t\t<\/div>\n\t\t\t\t\t<\/div>\n\t\t<\/div>\n\t\t\t\t\t<\/div>\n\t\t<\/section>\n\t\t\t\t<section data-particle_enable=\"false\" data-particle-mobile-disabled=\"false\" class=\"elementor-section elementor-top-section elementor-element elementor-element-350cad0 elementor-section-boxed elementor-section-height-default elementor-section-height-default parallax_section_no qode_elementor_container_no\" data-id=\"350cad0\" data-element_type=\"section\" data-e-type=\"section\">\n\t\t\t\t\t\t<div class=\"elementor-container elementor-column-gap-default\">\n\t\t\t\t\t<div class=\"elementor-column elementor-col-33 elementor-top-column elementor-element elementor-element-16220e4 elementor-invisible\" data-id=\"16220e4\" data-element_type=\"column\" data-e-type=\"column\" data-settings=\"{&quot;animation&quot;:&quot;fadeInLeft&quot;}\">\n\t\t\t<div class=\"elementor-widget-wrap elementor-element-populated\">\n\t\t\t\t\t\t<div class=\"elementor-element elementor-element-9aff897 dce_masking-none elementor-widget elementor-widget-image\" data-id=\"9aff897\" data-element_type=\"widget\" data-e-type=\"widget\" data-widget_type=\"image.default\">\n\t\t\t\t<div class=\"elementor-widget-container\">\n\t\t\t\t\t\t\t\t\t\t\t\t\t\t\t\t<a href=\"http:\/\/saborealapalma.es\/fr\/rutas-gastronomicas\/ruta-sabor-de-maresia-y-volcan\/\">\n\t\t\t\t\t\t\t<img loading=\"lazy\" decoding=\"async\" width=\"1024\" height=\"724\" src=\"https:\/\/saborealapalma.es\/wp-content\/uploads\/2022\/10\/portada_ruta_maresia-1024x724.jpg\" class=\"elementor-animation-shrink attachment-large size-large wp-image-4270\" alt=\"\" srcset=\"https:\/\/saborealapalma.es\/wp-content\/uploads\/2022\/10\/portada_ruta_maresia-1024x724.jpg 1024w, https:\/\/saborealapalma.es\/wp-content\/uploads\/2022\/10\/portada_ruta_maresia-300x212.jpg 300w, https:\/\/saborealapalma.es\/wp-content\/uploads\/2022\/10\/portada_ruta_maresia-768x543.jpg 768w, https:\/\/saborealapalma.es\/wp-content\/uploads\/2022\/10\/portada_ruta_maresia-700x495.jpg 700w, https:\/\/saborealapalma.es\/wp-content\/uploads\/2022\/10\/portada_ruta_maresia-600x424.jpg 600w, https:\/\/saborealapalma.es\/wp-content\/uploads\/2022\/10\/portada_ruta_maresia.jpg 1200w\" sizes=\"(max-width: 1024px) 100vw, 1024px\" \/>\t\t\t\t\t\t\t\t<\/a>\n\t\t\t\t\t\t\t\t\t\t\t\t\t\t\t<\/div>\n\t\t\t\t<\/div>\n\t\t\t\t\t<\/div>\n\t\t<\/div>\n\t\t\t\t<div class=\"elementor-column elementor-col-33 elementor-top-column elementor-element elementor-element-7f02b9e elementor-invisible\" data-id=\"7f02b9e\" data-element_type=\"column\" data-e-type=\"column\" data-settings=\"{&quot;animation&quot;:&quot;fadeInUp&quot;}\">\n\t\t\t<div class=\"elementor-widget-wrap elementor-element-populated\">\n\t\t\t\t\t\t<div class=\"elementor-element elementor-element-724e0b2 dce_masking-none elementor-widget elementor-widget-image\" data-id=\"724e0b2\" data-element_type=\"widget\" data-e-type=\"widget\" data-widget_type=\"image.default\">\n\t\t\t\t<div class=\"elementor-widget-container\">\n\t\t\t\t\t\t\t\t\t\t\t\t\t\t\t\t<a href=\"http:\/\/saborealapalma.es\/fr\/rutas-gastronomicas\/ruta-tierra-de-sabores\/\">\n\t\t\t\t\t\t\t<img loading=\"lazy\" decoding=\"async\" width=\"1024\" height=\"724\" src=\"https:\/\/saborealapalma.es\/wp-content\/uploads\/2022\/10\/portada_tierra_de_sabores2-1024x724.jpg\" class=\"elementor-animation-shrink attachment-large size-large wp-image-4303\" alt=\"\" srcset=\"https:\/\/saborealapalma.es\/wp-content\/uploads\/2022\/10\/portada_tierra_de_sabores2-1024x724.jpg 1024w, https:\/\/saborealapalma.es\/wp-content\/uploads\/2022\/10\/portada_tierra_de_sabores2-300x212.jpg 300w, https:\/\/saborealapalma.es\/wp-content\/uploads\/2022\/10\/portada_tierra_de_sabores2-768x543.jpg 768w, https:\/\/saborealapalma.es\/wp-content\/uploads\/2022\/10\/portada_tierra_de_sabores2-700x495.jpg 700w, https:\/\/saborealapalma.es\/wp-content\/uploads\/2022\/10\/portada_tierra_de_sabores2-600x424.jpg 600w, https:\/\/saborealapalma.es\/wp-content\/uploads\/2022\/10\/portada_tierra_de_sabores2.jpg 1200w\" sizes=\"(max-width: 1024px) 100vw, 1024px\" \/>\t\t\t\t\t\t\t\t<\/a>\n\t\t\t\t\t\t\t\t\t\t\t\t\t\t\t<\/div>\n\t\t\t\t<\/div>\n\t\t\t\t\t<\/div>\n\t\t<\/div>\n\t\t\t\t<div class=\"elementor-column elementor-col-33 elementor-top-column elementor-element elementor-element-2025985\" data-id=\"2025985\" data-element_type=\"column\" data-e-type=\"column\">\n\t\t\t<div class=\"elementor-widget-wrap\">\n\t\t\t\t\t\t\t<\/div>\n\t\t<\/div>\n\t\t\t\t\t<\/div>\n\t\t<\/section>\n\t\t\t\t<\/div>","protected":false},"excerpt":{"rendered":"<p>Routes gastronomiques<\/p>","protected":false},"author":4,"featured_media":0,"parent":0,"menu_order":0,"comment_status":"closed","ping_status":"closed","template":"","meta":{"footnotes":""},"class_list":["post-4142","page","type-page","status-publish","hentry"],"yoast_head":"<!-- This site is optimized with the Yoast SEO plugin v27.0 - https:\/\/yoast.com\/product\/yoast-seo-wordpress\/ -->\n<title>Rutas Gastron\u00f3micas - Saborea La Palma<\/title>\n<meta name=\"robots\" content=\"index, follow, max-snippet:-1, max-image-preview:large, max-video-preview:-1\" \/>\n<link rel=\"canonical\" href=\"https:\/\/saborealapalma.es\/fr\/rutas-gastronomicas\/\" \/>\n<meta property=\"og:locale\" content=\"fr_FR\" \/>\n<meta property=\"og:type\" content=\"article\" \/>\n<meta property=\"og:title\" content=\"Rutas Gastron\u00f3micas - Saborea La Palma\" \/>\n<meta property=\"og:description\" content=\"Rutas Gastron\u00f3micas\" \/>\n<meta property=\"og:url\" content=\"https:\/\/saborealapalma.es\/fr\/rutas-gastronomicas\/\" \/>\n<meta property=\"og:site_name\" content=\"Saborea La Palma\" \/>\n<meta property=\"article:modified_time\" content=\"2022-10-21T12:32:22+00:00\" \/>\n<meta property=\"og:image\" content=\"https:\/\/saborealapalma.es\/wp-content\/uploads\/2022\/10\/banner_rutas-1024x329.jpg\" \/>\n<meta name=\"twitter:card\" content=\"summary_large_image\" \/>\n<meta name=\"twitter:label1\" content=\"Dur\u00e9e de lecture estim\u00e9e\" \/>\n\t<meta name=\"twitter:data1\" content=\"2 minutes\" \/>\n<script type=\"application\/ld+json\" class=\"yoast-schema-graph\">{\"@context\":\"https:\/\/schema.org\",\"@graph\":[{\"@type\":\"WebPage\",\"@id\":\"https:\/\/saborealapalma.es\/rutas-gastronomicas\/\",\"url\":\"https:\/\/saborealapalma.es\/rutas-gastronomicas\/\",\"name\":\"Rutas Gastron\u00f3micas - Saborea La Palma\",\"isPartOf\":{\"@id\":\"https:\/\/saborealapalma.es\/#website\"},\"primaryImageOfPage\":{\"@id\":\"https:\/\/saborealapalma.es\/rutas-gastronomicas\/#primaryimage\"},\"image\":{\"@id\":\"https:\/\/saborealapalma.es\/rutas-gastronomicas\/#primaryimage\"},\"thumbnailUrl\":\"https:\/\/saborealapalma.es\/wp-content\/uploads\/2022\/10\/banner_rutas-1024x329.jpg\",\"datePublished\":\"2022-10-11T11:36:52+00:00\",\"dateModified\":\"2022-10-21T12:32:22+00:00\",\"breadcrumb\":{\"@id\":\"https:\/\/saborealapalma.es\/rutas-gastronomicas\/#breadcrumb\"},\"inLanguage\":\"fr-FR\",\"potentialAction\":[{\"@type\":\"ReadAction\",\"target\":[\"https:\/\/saborealapalma.es\/rutas-gastronomicas\/\"]}]},{\"@type\":\"ImageObject\",\"inLanguage\":\"fr-FR\",\"@id\":\"https:\/\/saborealapalma.es\/rutas-gastronomicas\/#primaryimage\",\"url\":\"https:\/\/saborealapalma.es\/wp-content\/uploads\/2022\/10\/banner_rutas-1024x329.jpg\",\"contentUrl\":\"https:\/\/saborealapalma.es\/wp-content\/uploads\/2022\/10\/banner_rutas-1024x329.jpg\"},{\"@type\":\"BreadcrumbList\",\"@id\":\"https:\/\/saborealapalma.es\/rutas-gastronomicas\/#breadcrumb\",\"itemListElement\":[{\"@type\":\"ListItem\",\"position\":1,\"name\":\"Portada\",\"item\":\"https:\/\/saborealapalma.es\/\"},{\"@type\":\"ListItem\",\"position\":2,\"name\":\"Rutas Gastron\u00f3micas\"}]},{\"@type\":\"WebSite\",\"@id\":\"https:\/\/saborealapalma.es\/#website\",\"url\":\"https:\/\/saborealapalma.es\/\",\"name\":\"Saborea La Palma\",\"description\":\"Saborea La Palma es el proyecto que lidera la Sociedad de Promoci\u00f3n Econ\u00f3mica de La Palma (SODEPAL S.A.U.M.P), empresa p\u00fablica dependiente de Cabildo Insular de La Palma, para la revalorizaci\u00f3n y el posicionamiento de la gastronom\u00eda palmera en los mercados regionales, nacionales e internacionales.\",\"potentialAction\":[{\"@type\":\"SearchAction\",\"target\":{\"@type\":\"EntryPoint\",\"urlTemplate\":\"https:\/\/saborealapalma.es\/?s={search_term_string}\"},\"query-input\":{\"@type\":\"PropertyValueSpecification\",\"valueRequired\":true,\"valueName\":\"search_term_string\"}}],\"inLanguage\":\"fr-FR\"}]}<\/script>\n<!-- \/ Yoast SEO plugin. -->","yoast_head_json":{"title":"Rutas Gastron\u00f3micas - Saborea La Palma","robots":{"index":"index","follow":"follow","max-snippet":"max-snippet:-1","max-image-preview":"max-image-preview:large","max-video-preview":"max-video-preview:-1"},"canonical":"https:\/\/saborealapalma.es\/fr\/rutas-gastronomicas\/","og_locale":"fr_FR","og_type":"article","og_title":"Rutas Gastron\u00f3micas - Saborea La Palma","og_description":"Rutas Gastron\u00f3micas","og_url":"https:\/\/saborealapalma.es\/fr\/rutas-gastronomicas\/","og_site_name":"Saborea La Palma","article_modified_time":"2022-10-21T12:32:22+00:00","og_image":[{"url":"https:\/\/saborealapalma.es\/wp-content\/uploads\/2022\/10\/banner_rutas-1024x329.jpg","type":"","width":"","height":""}],"twitter_card":"summary_large_image","twitter_misc":{"Dur\u00e9e de lecture estim\u00e9e":"2 minutes"},"schema":{"@context":"https:\/\/schema.org","@graph":[{"@type":"WebPage","@id":"https:\/\/saborealapalma.es\/rutas-gastronomicas\/","url":"https:\/\/saborealapalma.es\/rutas-gastronomicas\/","name":"Rutas Gastron\u00f3micas - Saborea La Palma","isPartOf":{"@id":"https:\/\/saborealapalma.es\/#website"},"primaryImageOfPage":{"@id":"https:\/\/saborealapalma.es\/rutas-gastronomicas\/#primaryimage"},"image":{"@id":"https:\/\/saborealapalma.es\/rutas-gastronomicas\/#primaryimage"},"thumbnailUrl":"https:\/\/saborealapalma.es\/wp-content\/uploads\/2022\/10\/banner_rutas-1024x329.jpg","datePublished":"2022-10-11T11:36:52+00:00","dateModified":"2022-10-21T12:32:22+00:00","breadcrumb":{"@id":"https:\/\/saborealapalma.es\/rutas-gastronomicas\/#breadcrumb"},"inLanguage":"fr-FR","potentialAction":[{"@type":"ReadAction","target":["https:\/\/saborealapalma.es\/rutas-gastronomicas\/"]}]},{"@type":"ImageObject","inLanguage":"fr-FR","@id":"https:\/\/saborealapalma.es\/rutas-gastronomicas\/#primaryimage","url":"https:\/\/saborealapalma.es\/wp-content\/uploads\/2022\/10\/banner_rutas-1024x329.jpg","contentUrl":"https:\/\/saborealapalma.es\/wp-content\/uploads\/2022\/10\/banner_rutas-1024x329.jpg"},{"@type":"BreadcrumbList","@id":"https:\/\/saborealapalma.es\/rutas-gastronomicas\/#breadcrumb","itemListElement":[{"@type":"ListItem","position":1,"name":"Portada","item":"https:\/\/saborealapalma.es\/"},{"@type":"ListItem","position":2,"name":"Rutas Gastron\u00f3micas"}]},{"@type":"WebSite","@id":"https:\/\/saborealapalma.es\/#website","url":"https:\/\/saborealapalma.es\/","name":"Go\u00fbter \u00e0 La Palma","description":"Saborea La Palma est le projet men\u00e9 par la Sociedad de Promoci\u00f3n Econ\u00f3mica de La Palma (SODEPAL S.A.U.M.P), une entreprise publique d\u00e9pendant du Cabildo Insular de La Palma, pour la revalorisation et le positionnement de la gastronomie de La Palma sur les march\u00e9s r\u00e9gionaux, nationaux et internationaux.","potentialAction":[{"@type":"SearchAction","target":{"@type":"EntryPoint","urlTemplate":"https:\/\/saborealapalma.es\/?s={search_term_string}"},"query-input":{"@type":"PropertyValueSpecification","valueRequired":true,"valueName":"search_term_string"}}],"inLanguage":"fr-FR"}]}},"_links":{"self":[{"href":"https:\/\/saborealapalma.es\/fr\/wp-json\/wp\/v2\/pages\/4142","targetHints":{"allow":["GET"]}}],"collection":[{"href":"https:\/\/saborealapalma.es\/fr\/wp-json\/wp\/v2\/pages"}],"about":[{"href":"https:\/\/saborealapalma.es\/fr\/wp-json\/wp\/v2\/types\/page"}],"author":[{"embeddable":true,"href":"https:\/\/saborealapalma.es\/fr\/wp-json\/wp\/v2\/users\/4"}],"replies":[{"embeddable":true,"href":"https:\/\/saborealapalma.es\/fr\/wp-json\/wp\/v2\/comments?post=4142"}],"version-history":[{"count":0,"href":"https:\/\/saborealapalma.es\/fr\/wp-json\/wp\/v2\/pages\/4142\/revisions"}],"wp:attachment":[{"href":"https:\/\/saborealapalma.es\/fr\/wp-json\/wp\/v2\/media?parent=4142"}],"curies":[{"name":"wp","href":"https:\/\/api.w.org\/{rel}","templated":true}]}}