{"id":460,"date":"2020-11-06T16:33:58","date_gmt":"2020-11-06T16:33:58","guid":{"rendered":"http:\/\/saborealapalma.es\/?page_id=460"},"modified":"2024-02-20T14:16:00","modified_gmt":"2024-02-20T14:16:00","slug":"politica-cookies","status":"publish","type":"page","link":"https:\/\/saborealapalma.es\/fr\/politica-cookies\/","title":{"rendered":"Politique en mati\u00e8re de cookies"},"content":{"rendered":"<div      class=\"vc_row wpb_row section vc_row-fluid  grid_section\" style=' text-align:left;'><div class=\"section_inner clearfix\"><div class='section_inner_margin clearfix'><div class=\"wpb_column vc_column_container vc_col-sm-12\"><div class=\"vc_column-inner\"><div class=\"wpb_wrapper\"><div      class=\"vc_row wpb_row section vc_row-fluid vc_inner  grid_section\" style=' text-align:left;'><div class=\"section_inner clearfix\"><div class='section_inner_margin clearfix'><div class=\"wpb_column vc_column_container vc_col-sm-12\"><div class=\"vc_column-inner\"><div class=\"wpb_wrapper\">\t<div class=\"vc_empty_space\"  style=\"height: 50px\" ><span\r\n\t\t\tclass=\"vc_empty_space_inner\">\r\n\t\t\t<span class=\"empty_space_image\"  ><\/span>\r\n\t\t<\/span><\/div>\r\n\n\n\t<div class=\"wpb_text_column wpb_content_element\">\n\t\t<div class=\"wpb_wrapper\">\n\t\t\t<h1 style=\"text-align: center;\">Politique en mati\u00e8re de cookies<\/h1>\n\n\t\t<\/div> \n\t<\/div> \t<div class=\"vc_empty_space\"  style=\"height: 50px\" ><span\r\n\t\t\tclass=\"vc_empty_space_inner\">\r\n\t\t\t<span class=\"empty_space_image\"  ><\/span>\r\n\t\t<\/span><\/div>\r\n\n<\/div><\/div><\/div><\/div><\/div><\/div><\/div><\/div><\/div><\/div><\/div><\/div><div      class=\"vc_row wpb_row section vc_row-fluid  grid_section\" style=' text-align:left;'><div class=\"section_inner clearfix\"><div class='section_inner_margin clearfix'><div class=\"wpb_column vc_column_container vc_col-sm-12\"><div class=\"vc_column-inner\"><div class=\"wpb_wrapper\"><div      class=\"vc_row wpb_row section vc_row-fluid vc_inner  grid_section\" style=' text-align:left;'><div class=\"section_inner clearfix\"><div class='section_inner_margin clearfix'><div class=\"wpb_column vc_column_container vc_col-sm-12\"><div class=\"vc_column-inner\"><div class=\"wpb_wrapper\">\t<div class=\"vc_empty_space\"  style=\"height: 50px\" ><span\r\n\t\t\tclass=\"vc_empty_space_inner\">\r\n\t\t\t<span class=\"empty_space_image\"  ><\/span>\r\n\t\t<\/span><\/div>\r\n\n\n\t<div class=\"wpb_text_column wpb_content_element\">\n\t\t<div class=\"wpb_wrapper\">\n\t\t\t<h4><strong>Qu'est-ce qu'un biscuit ?<\/strong><\/h4>\n<p>Un cookie est un fichier qui est t\u00e9l\u00e9charg\u00e9 sur votre ordinateur lorsque vous acc\u00e9dez \u00e0 certains sites web. Les cookies permettent \u00e0 un site web, entre autres, de stocker et de r\u00e9cup\u00e9rer des informations sur les habitudes de navigation d'un utilisateur ou de son ordinateur et, en fonction des informations qu'ils contiennent et de la mani\u00e8re dont vous utilisez votre ordinateur, ils peuvent \u00eatre utilis\u00e9s pour reconna\u00eetre l'utilisateur.<\/p>\n<p>Ce site web utilise des cookies et\/ou des technologies similaires qui stockent et r\u00e9cup\u00e8rent des informations lorsque vous naviguez. En g\u00e9n\u00e9ral, ces technologies peuvent \u00eatre utilis\u00e9es \u00e0 diverses fins, par exemple pour vous reconna\u00eetre en tant qu'utilisateur, obtenir des informations sur vos habitudes de navigation ou personnaliser l'affichage du contenu. Les utilisations sp\u00e9cifiques que nous faisons de ces technologies sont d\u00e9crites ci-dessous.<\/p>\n<p><strong>Quels sont les types de cookies ? <\/strong><\/p>\n<p>Cela d\u00e9pend de la personne qui les g\u00e8re :<\/p>\n<ul>\n<li>Cookies propres : ce sont ceux qui sont envoy\u00e9s \u00e0 l'ordinateur de l'utilisateur \u00e0 partir du domaine g\u00e9r\u00e9 par le site web visit\u00e9 et \u00e0 partir duquel le service demand\u00e9 par l'utilisateur est fourni.<\/li>\n<li>Cookies de tiers : il s'agit de cookies envoy\u00e9s \u00e0 l'ordinateur de l'utilisateur \u00e0 partir d'un domaine qui n'est pas g\u00e9r\u00e9 par le site web visit\u00e9, mais par une autre entit\u00e9 qui les traite.<\/li>\n<\/ul>\n<p>En fonction de l'objectif :<\/p>\n<ul>\n<li>Cookies techniques : ce sont ceux qui permettent \u00e0 l'utilisateur de naviguer sur un site web et d'utiliser les diff\u00e9rentes options ou services qui y sont propos\u00e9s, y compris ceux qui nous permettent de g\u00e9rer et d'exploiter le site web et de mettre en \u0153uvre ses fonctions et services, tels que, par exemple, le contr\u00f4le du trafic et de la communication des donn\u00e9es, l'identification de la session, l'acc\u00e8s aux zones d'acc\u00e8s restreint, la m\u00e9morisation des \u00e9l\u00e9ments qui composent une commande, la r\u00e9alisation du processus d'achat d'une commande, la gestion du paiement, le contr\u00f4le de la fraude, la demande d'inscription ou la participation \u00e0 un \u00e9v\u00e9nement, le comptage des visites, etc.<\/li>\n<li>Cookies de pr\u00e9f\u00e9rence ou de personnalisation : il s'agit de cookies qui permettent de m\u00e9moriser des informations afin que l'utilisateur puisse acc\u00e9der au service avec certaines caract\u00e9ristiques qui peuvent diff\u00e9rencier son exp\u00e9rience de celle d'autres utilisateurs, comme, par exemple, la langue, le nombre de r\u00e9sultats \u00e0 afficher lorsque l'utilisateur effectue une recherche, l'apparence ou le contenu du service en fonction du type de navigateur par lequel l'utilisateur acc\u00e8de au service ou de la r\u00e9gion \u00e0 partir de laquelle il acc\u00e8de au service, etc.<\/li>\n<li>Cookies d'analyse : Ces cookies nous permettent de quantifier le nombre d'utilisateurs et donc de r\u00e9aliser la mesure et l'analyse statistique de l'utilisation faite par les utilisateurs du service offert. Pour ce faire, votre navigation sur notre site web est analys\u00e9e afin d'am\u00e9liorer la gamme de produits ou de services que nous proposons.<\/li>\n<li>Cookies publicitaires : Il s'agit de ceux qui nous permettent de g\u00e9rer le plus efficacement possible l'offre d'espaces publicitaires sur le site web, en adaptant le contenu de la publicit\u00e9 au contenu du service demand\u00e9 ou \u00e0 l'utilisation que vous faites de notre site web. Pour ce faire, nous pouvons analyser vos habitudes de navigation sur Internet et vous montrer de la publicit\u00e9 en rapport avec votre profil de navigation.<\/li>\n<\/ul>\n<p>En fonction de la dur\u00e9e du s\u00e9jour :<\/p>\n<ul>\n<li>Les cookies de session : ils sont con\u00e7us pour collecter et stocker des donn\u00e9es pendant que l'utilisateur acc\u00e8de \u00e0 un site web. Ils sont g\u00e9n\u00e9ralement utilis\u00e9s pour stocker des informations qui ne doivent \u00eatre conserv\u00e9es que pour la fourniture du service demand\u00e9 par l'utilisateur \u00e0 une seule occasion (par exemple, une liste de produits achet\u00e9s) et disparaissent \u00e0 la fin de la session.<\/li>\n<li>Cookies persistants : il s'agit de cookies dans lesquels les donn\u00e9es restent stock\u00e9es dans le terminal et peuvent \u00eatre consult\u00e9es et trait\u00e9es pendant une p\u00e9riode d\u00e9finie par le responsable du cookie, qui peut aller de quelques minutes \u00e0 plusieurs ann\u00e9es.<\/li>\n<\/ul>\n<h4><strong>Informations sur le type de cookies et leur finalit\u00e9 <\/strong><\/h4>\n<p><strong>Quels sont les cookies que nous utilisons ?<\/strong><\/p>\n<p><a href=\"http:\/\/saborealapalma.es\/fr\/\" target=\"_blank\" rel=\"noopener\">saborealapalma.es<\/a> utilise les types de cookies suivants sur le site web :<\/p>\n<ul>\n<li><strong>Cookies techniques<\/strong><br \/>\nIls permettent \u00e0 l'utilisateur de naviguer sur le web.<\/li>\n<li><strong>Cookies de personnalisation<\/strong><br \/>\nIls nous permettent de conna\u00eetre les pr\u00e9f\u00e9rences de l'utilisateur : langue, produits visit\u00e9s...<\/li>\n<li><strong>Cookies analytiques<\/strong><br \/>\nNous utilisons les cookies de Google Analytics pour quantifier le nombre d'utilisateurs qui visitent le site. Ces cookies nous permettent de mesurer et d'analyser la fa\u00e7on dont les utilisateurs naviguent sur le site. Ces informations permettent \u00e0 la SOCIEDAD DE PROMOCION Y DESARROLLO ECONOMICO DE LA ISLA DE LA PALMA SAU d'am\u00e9liorer continuellement ses services et l'exp\u00e9rience des utilisateurs du site web. Pour plus d'informations, vous pouvez consulter la page de confidentialit\u00e9 de Google Analytics :\u00a0<a href=\"https:\/\/developers.google.com\/analytics\/devguides\/collection\/analyticsjs\/cookie-usage\" target=\"_blank\" rel=\"noopener\">https:\/\/developers.google.com\/analytics\/devguides\/collection\/analyticsjs\/cookie-usage<\/a>.<\/li>\n<\/ul>\n<p><strong>Cookies install\u00e9s dans notre domaine web :<\/strong><\/p>\n<table border=\"1\" width=\"80%\" cellpadding=\"0\">\n<tbody>\n<tr>\n<td height=\"29\">Nom du cookie<\/td>\n<td>\n<p align=\"left\">Objectif<\/p>\n<\/td>\n<td>\n<p align=\"left\">Propres\/ tierces parties<\/p>\n<\/td>\n<td>\n<p align=\"left\">Dur\u00e9e de l'accord<\/p>\n<\/td>\n<td>\n<p align=\"left\">Quand est-il install\u00e9 ?<\/p>\n<\/td>\n<\/tr>\n<tr>\n<td width=\"157\">\n<p align=\"left\">Cookie de session<\/p>\n<\/td>\n<td width=\"178\">\n<p align=\"left\">Technique<\/p>\n<\/td>\n<td width=\"74\">\n<p align=\"left\">Propre \u00e0 l'entreprise<\/p>\n<\/td>\n<td width=\"83\">\n<p align=\"left\">En session<\/p>\n<\/td>\n<td width=\"148\">\n<p align=\"left\">Lorsque vous acc\u00e9dez au site web<\/p>\n<\/td>\n<\/tr>\n<tr>\n<td width=\"157\">\n<p align=\"left\">statistiques<\/p>\n<\/td>\n<td width=\"178\">\n<p align=\"left\">Technique<\/p>\n<\/td>\n<td width=\"74\">\n<p align=\"left\">Propre \u00e0 l'entreprise<\/p>\n<\/td>\n<td width=\"83\">\n<p align=\"left\">Un mois<\/p>\n<\/td>\n<td width=\"148\">\n<p align=\"left\">Lorsque vous acc\u00e9dez au site web<\/p>\n<\/td>\n<\/tr>\n<tr>\n<td width=\"157\">\n<p align=\"left\">_utma<\/p>\n<\/td>\n<td width=\"178\">\n<p align=\"left\">Cookie analytique GOOGLE Analytics, utilis\u00e9 pour distinguer les utilisateurs et les sessions.<\/p>\n<\/td>\n<td width=\"74\">\n<p align=\"left\">Tiers<\/p>\n<\/td>\n<td width=\"83\">\n<p align=\"left\">2 ans<\/p>\n<\/td>\n<td width=\"148\">\n<p align=\"left\">Lorsque les cookies sont accept\u00e9s<\/p>\n<\/td>\n<\/tr>\n<tr>\n<td width=\"157\">\n<p align=\"left\">_utmb<br \/>\n_utmbta<\/p>\n<\/td>\n<td width=\"178\">\n<p align=\"left\">Cookie analytique GOOGLE Analytics, utilis\u00e9 pour d\u00e9terminer les nouvelles sessions ou visites.<\/p>\n<\/td>\n<td width=\"74\">\n<p align=\"left\">Tiers<\/p>\n<\/td>\n<td width=\"83\">\n<p align=\"left\">30 minutes<\/p>\n<\/td>\n<td width=\"148\">\n<p align=\"left\">Lorsque les cookies sont accept\u00e9s<\/p>\n<\/td>\n<\/tr>\n<tr>\n<td width=\"157\">\n<p align=\"left\">_utmc<\/p>\n<\/td>\n<td width=\"178\">\n<p align=\"left\">Cookie d'analyse GOOGLE Analytics, non utilis\u00e9 dans ga.js. Il est d\u00e9fini pour interagir avec urchin.js. Auparavant, ce cookie agissait en conjonction avec le cookie __utmb pour d\u00e9terminer si l'utilisateur se trouvait dans une nouvelle session ou visite.<\/p>\n<\/td>\n<td width=\"74\">\n<p align=\"left\">Tiers<\/p>\n<\/td>\n<td width=\"83\">\n<p align=\"left\">En session<\/p>\n<\/td>\n<td width=\"148\">\n<p align=\"left\">Lorsque les cookies sont accept\u00e9s<\/p>\n<\/td>\n<\/tr>\n<tr>\n<td width=\"157\">\n<p align=\"left\">_utmv<\/p>\n<\/td>\n<td width=\"178\">\n<p align=\"left\">Cookie analytique GOOGLE Analytics, utilis\u00e9 pour stocker les donn\u00e9es obtenues \u00e0 partir des enregistrements, afin de pouvoir les segmenter d\u00e9mographiquement.<\/p>\n<\/td>\n<td width=\"74\">\n<p align=\"left\">Tiers<\/p>\n<\/td>\n<td width=\"83\">\n<p align=\"left\">2 ans<\/p>\n<\/td>\n<td width=\"148\">\n<p align=\"left\">Lorsque les cookies sont accept\u00e9s<\/p>\n<\/td>\n<\/tr>\n<tr>\n<td width=\"157\">\n<p align=\"left\">_utmz<\/p>\n<\/td>\n<td width=\"178\">\n<p align=\"left\">Cookie analytique GOOGLE Analytics, utilis\u00e9 pour calculer le trafic provenant des moteurs de recherche (organique et PPC), des campagnes de publicit\u00e9 par affichage et de la navigation \u00e0 l'int\u00e9rieur du m\u00eame site web (liens internes).<\/p>\n<\/td>\n<td width=\"74\">\n<p align=\"left\">Tiers<\/p>\n<\/td>\n<td width=\"83\">\n<p align=\"left\">6 mois<\/p>\n<\/td>\n<td width=\"148\">\n<p align=\"left\">Lorsque les cookies sont accept\u00e9s<\/p>\n<\/td>\n<\/tr>\n<\/tbody>\n<\/table>\n<p>Ce site web, comme la plupart des sites web, comprend des fonctionnalit\u00e9s fournies par des tiers.<br \/>\nNotre site web est \u00e9volutif et peut inclure de nouvelles conceptions ou des services de tiers. Cela peut occasionnellement modifier les param\u00e8tres des cookies et entra\u00eener l'apparition de cookies qui ne sont pas d\u00e9taill\u00e9s dans la pr\u00e9sente politique.<\/p>\n<p><strong>Les cookies tiers utilis\u00e9s sur notre site web et install\u00e9s par des domaines tiers sont les suivants :<\/strong><\/p>\n<table border=\"1\" width=\"80%\" cellpadding=\"0\" align=\"left\">\n<tbody>\n<tr>\n<td>Titulaire<\/td>\n<td>\n<p align=\"left\">Nom<\/p>\n<\/td>\n<td>\n<p align=\"left\">Quand est-il install\u00e9 ?<\/p>\n<\/td>\n<td>\n<p align=\"left\">Description<\/p>\n<\/td>\n<td>\n<p align=\"left\">Dur\u00e9e de l'accord<\/p>\n<\/td>\n<\/tr>\n<tr>\n<td width=\"139\">\n<p align=\"left\">Google<\/p>\n<\/td>\n<td width=\"159\">\n<p align=\"left\">\n<\/td>\n<td width=\"64\">\n<p align=\"left\">Lorsque vous naviguez sur le web et que vous utilisez le plug-in social<\/p>\n<\/td>\n<td width=\"111\">\n<p align=\"left\">Plug-in de r\u00e9seau social qui permet \u00e0 l'utilisateur de partager des vid\u00e9os.<\/p>\n<\/td>\n<td width=\"84\">\n<p align=\"left\">Cela d\u00e9pend du r\u00e9seau social<\/p>\n<\/td>\n<\/tr>\n<\/tbody>\n<\/table>\n<p>Notre site ne contr\u00f4le pas les cookies utilis\u00e9s par ces tiers. Pour plus d'informations sur les cookies des r\u00e9seaux sociaux ou d'autres sites web externes, nous vous conseillons de consulter leurs propres politiques en mati\u00e8re de cookies.<\/p>\n<h3><strong>Param\u00e8tres des cookies pour les navigateurs les plus populaires\u00a0<\/strong><\/h3>\n<p>(Note : ces \u00e9tapes peuvent varier en fonction de la version de votre navigateur)<\/p>\n<p><u>Chrome<\/u>:<br \/>\nAcc\u00e9dez aux param\u00e8tres en cliquant sur l'ic\u00f4ne de personnalisation en haut \u00e0 droite avec trois points verticaux.<br \/>\nAllez dans Confidentialit\u00e9 et s\u00e9curit\u00e9.<br \/>\nS\u00e9lectionnez Cookies et autres donn\u00e9es du site web. Vous pouvez y choisir la mani\u00e8re dont les cookies sont contr\u00f4l\u00e9s.<\/p>\n<p><u>Bord<\/u>:<br \/>\nAllez dans Param\u00e8tres en cliquant sur les trois barres horizontales en haut \u00e0 droite du navigateur.<br \/>\nCliquez sur Param\u00e8tres, puis sur Cookies et autorisations du site.<br \/>\nVous pouvez y choisir la mani\u00e8re dont les cookies sont contr\u00f4l\u00e9s.<\/p>\n<p><u>Firefox<\/u>:<br \/>\nAllez dans Param\u00e8tres en cliquant sur les trois barres horizontales en haut \u00e0 droite du navigateur.<br \/>\nCliquez sur Confidentialit\u00e9 et s\u00e9curit\u00e9.<br \/>\nDans la rubrique Cookies et donn\u00e9es du site, vous pouvez g\u00e9rer tout ce qui concerne les cookies.<\/p>\n<p><u>Op\u00e9ra<\/u>:<br \/>\nAcc\u00e9dez \u00e0 Easy Settings en cliquant sur les trois barres horizontales en haut \u00e0 droite du navigateur.<br \/>\nCliquez sur Confidentialit\u00e9 et s\u00e9curit\u00e9.<br \/>\nDans la rubrique Cookies et autres donn\u00e9es du site, vous pouvez g\u00e9rer tout ce qui concerne les cookies.<\/p>\n<p><u>Safari pour OSX :<br \/>\n<\/u>Allez dans Pr\u00e9f\u00e9rences, puis dans Confidentialit\u00e9.<br \/>\nL'option Bloquer les cookies vous permet de d\u00e9finir le type de blocage que vous souhaitez.<\/p>\n<p><u>Safari pour iOS :<br \/>\n<\/u>Allez dans Param\u00e8tres, puis dans Safari.<br \/>\nAllez dans Confidentialit\u00e9 et s\u00e9curit\u00e9, vous verrez l'option Bloquer les cookies qui vous permettra de r\u00e9gler le type de blocage que vous souhaitez effectuer.<\/p>\n<p><u>Android<\/u>:<br \/>\nLancez le navigateur et appuyez sur la touche Menu, puis sur Param\u00e8tres.<br \/>\nAllez dans S\u00e9curit\u00e9 et confidentialit\u00e9, vous verrez l'option Accepter les cookies pour cocher ou d\u00e9cocher la case.<\/p>\n<h4><strong>Autres informations sur les cookies <\/strong><\/h4>\n<p>Aucune donn\u00e9e n'est transf\u00e9r\u00e9e \u00e0 des tiers et aucun profilage automatis\u00e9 n'est effectu\u00e9 avec les informations obtenues gr\u00e2ce aux cookies.<\/p>\n<p>Vous trouverez de plus amples informations sur la protection de votre vie priv\u00e9e dans les mentions l\u00e9gales du site web.<\/p>\n<p>En outre, vous pouvez toujours d\u00e9poser une plainte concernant vos droits aupr\u00e8s de l'Autorit\u00e9 de surveillance (<a href=\"http:\/\/www.aepd.es\" target=\"_blank\" rel=\"noopener\">www.aepd.es<\/a>), qui propose \u00e9galement plusieurs guides sur les cookies et la protection de la vie priv\u00e9e sur le web.<\/p>\n\n\t\t<\/div> \n\t<\/div> <\/div><\/div><\/div><\/div><\/div><\/div>\t<div class=\"vc_empty_space\"  style=\"height: 100px\" ><span\r\n\t\t\tclass=\"vc_empty_space_inner\">\r\n\t\t\t<span class=\"empty_space_image\"  ><\/span>\r\n\t\t<\/span><\/div>\r\n\n<\/div><\/div><\/div><\/div><\/div><\/div>","protected":false},"excerpt":{"rendered":"Politique en mati\u00e8re de cookies Qu'est-ce qu'un cookie ? Un cookie est un fichier qui est t\u00e9l\u00e9charg\u00e9 sur votre ordinateur lorsque vous acc\u00e9dez \u00e0 certains sites web. Les cookies permettent \u00e0 un site web, entre autres, de stocker et de r\u00e9cup\u00e9rer des informations sur les habitudes de navigation d'un utilisateur ou de son ordinateur...","protected":false},"author":4,"featured_media":0,"parent":0,"menu_order":0,"comment_status":"closed","ping_status":"closed","template":"full_width.php","meta":{"footnotes":""},"class_list":["post-460","page","type-page","status-publish","hentry"],"yoast_head":"<!-- This site is optimized with the Yoast SEO plugin v27.0 - https:\/\/yoast.com\/product\/yoast-seo-wordpress\/ -->\n<title>Pol\u00edtica de Cookies - Saborea La Palma<\/title>\n<meta name=\"robots\" content=\"index, follow, max-snippet:-1, max-image-preview:large, max-video-preview:-1\" \/>\n<link rel=\"canonical\" href=\"https:\/\/saborealapalma.es\/fr\/politica-cookies\/\" \/>\n<meta property=\"og:locale\" content=\"fr_FR\" \/>\n<meta property=\"og:type\" content=\"article\" \/>\n<meta property=\"og:title\" content=\"Pol\u00edtica de Cookies - Saborea La Palma\" \/>\n<meta property=\"og:url\" content=\"https:\/\/saborealapalma.es\/fr\/politica-cookies\/\" \/>\n<meta property=\"og:site_name\" content=\"Saborea La Palma\" \/>\n<meta property=\"article:modified_time\" content=\"2024-02-20T14:16:00+00:00\" \/>\n<meta name=\"twitter:card\" content=\"summary_large_image\" \/>\n<meta name=\"twitter:label1\" content=\"Dur\u00e9e de lecture estim\u00e9e\" \/>\n\t<meta name=\"twitter:data1\" content=\"7 minutes\" \/>\n<script type=\"application\/ld+json\" class=\"yoast-schema-graph\">{\"@context\":\"https:\/\/schema.org\",\"@graph\":[{\"@type\":\"WebPage\",\"@id\":\"https:\/\/saborealapalma.es\/politica-cookies\/\",\"url\":\"https:\/\/saborealapalma.es\/politica-cookies\/\",\"name\":\"Pol\u00edtica de Cookies - Saborea La Palma\",\"isPartOf\":{\"@id\":\"https:\/\/saborealapalma.es\/#website\"},\"datePublished\":\"2020-11-06T16:33:58+00:00\",\"dateModified\":\"2024-02-20T14:16:00+00:00\",\"breadcrumb\":{\"@id\":\"https:\/\/saborealapalma.es\/politica-cookies\/#breadcrumb\"},\"inLanguage\":\"fr-FR\",\"potentialAction\":[{\"@type\":\"ReadAction\",\"target\":[\"https:\/\/saborealapalma.es\/politica-cookies\/\"]}]},{\"@type\":\"BreadcrumbList\",\"@id\":\"https:\/\/saborealapalma.es\/politica-cookies\/#breadcrumb\",\"itemListElement\":[{\"@type\":\"ListItem\",\"position\":1,\"name\":\"Portada\",\"item\":\"https:\/\/saborealapalma.es\/\"},{\"@type\":\"ListItem\",\"position\":2,\"name\":\"Pol\u00edtica de Cookies\"}]},{\"@type\":\"WebSite\",\"@id\":\"https:\/\/saborealapalma.es\/#website\",\"url\":\"https:\/\/saborealapalma.es\/\",\"name\":\"Saborea La Palma\",\"description\":\"Saborea La Palma es el proyecto que lidera la Sociedad de Promoci\u00f3n Econ\u00f3mica de La Palma (SODEPAL S.A.U.M.P), empresa p\u00fablica dependiente de Cabildo Insular de La Palma, para la revalorizaci\u00f3n y el posicionamiento de la gastronom\u00eda palmera en los mercados regionales, nacionales e internacionales.\",\"potentialAction\":[{\"@type\":\"SearchAction\",\"target\":{\"@type\":\"EntryPoint\",\"urlTemplate\":\"https:\/\/saborealapalma.es\/?s={search_term_string}\"},\"query-input\":{\"@type\":\"PropertyValueSpecification\",\"valueRequired\":true,\"valueName\":\"search_term_string\"}}],\"inLanguage\":\"fr-FR\"}]}<\/script>\n<!-- \/ Yoast SEO plugin. -->","yoast_head_json":{"title":"Pol\u00edtica de Cookies - Saborea La Palma","robots":{"index":"index","follow":"follow","max-snippet":"max-snippet:-1","max-image-preview":"max-image-preview:large","max-video-preview":"max-video-preview:-1"},"canonical":"https:\/\/saborealapalma.es\/fr\/politica-cookies\/","og_locale":"fr_FR","og_type":"article","og_title":"Pol\u00edtica de Cookies - Saborea La Palma","og_url":"https:\/\/saborealapalma.es\/fr\/politica-cookies\/","og_site_name":"Saborea La Palma","article_modified_time":"2024-02-20T14:16:00+00:00","twitter_card":"summary_large_image","twitter_misc":{"Dur\u00e9e de lecture estim\u00e9e":"7 minutes"},"schema":{"@context":"https:\/\/schema.org","@graph":[{"@type":"WebPage","@id":"https:\/\/saborealapalma.es\/politica-cookies\/","url":"https:\/\/saborealapalma.es\/politica-cookies\/","name":"Pol\u00edtica de Cookies - Saborea La Palma","isPartOf":{"@id":"https:\/\/saborealapalma.es\/#website"},"datePublished":"2020-11-06T16:33:58+00:00","dateModified":"2024-02-20T14:16:00+00:00","breadcrumb":{"@id":"https:\/\/saborealapalma.es\/politica-cookies\/#breadcrumb"},"inLanguage":"fr-FR","potentialAction":[{"@type":"ReadAction","target":["https:\/\/saborealapalma.es\/politica-cookies\/"]}]},{"@type":"BreadcrumbList","@id":"https:\/\/saborealapalma.es\/politica-cookies\/#breadcrumb","itemListElement":[{"@type":"ListItem","position":1,"name":"Portada","item":"https:\/\/saborealapalma.es\/"},{"@type":"ListItem","position":2,"name":"Pol\u00edtica de Cookies"}]},{"@type":"WebSite","@id":"https:\/\/saborealapalma.es\/#website","url":"https:\/\/saborealapalma.es\/","name":"Go\u00fbter \u00e0 La Palma","description":"Saborea La Palma est le projet men\u00e9 par la Sociedad de Promoci\u00f3n Econ\u00f3mica de La Palma (SODEPAL S.A.U.M.P), une entreprise publique d\u00e9pendant du Cabildo Insular de La Palma, pour la revalorisation et le positionnement de la gastronomie de La Palma sur les march\u00e9s r\u00e9gionaux, nationaux et internationaux.","potentialAction":[{"@type":"SearchAction","target":{"@type":"EntryPoint","urlTemplate":"https:\/\/saborealapalma.es\/?s={search_term_string}"},"query-input":{"@type":"PropertyValueSpecification","valueRequired":true,"valueName":"search_term_string"}}],"inLanguage":"fr-FR"}]}},"_links":{"self":[{"href":"https:\/\/saborealapalma.es\/fr\/wp-json\/wp\/v2\/pages\/460","targetHints":{"allow":["GET"]}}],"collection":[{"href":"https:\/\/saborealapalma.es\/fr\/wp-json\/wp\/v2\/pages"}],"about":[{"href":"https:\/\/saborealapalma.es\/fr\/wp-json\/wp\/v2\/types\/page"}],"author":[{"embeddable":true,"href":"https:\/\/saborealapalma.es\/fr\/wp-json\/wp\/v2\/users\/4"}],"replies":[{"embeddable":true,"href":"https:\/\/saborealapalma.es\/fr\/wp-json\/wp\/v2\/comments?post=460"}],"version-history":[{"count":0,"href":"https:\/\/saborealapalma.es\/fr\/wp-json\/wp\/v2\/pages\/460\/revisions"}],"wp:attachment":[{"href":"https:\/\/saborealapalma.es\/fr\/wp-json\/wp\/v2\/media?parent=460"}],"curies":[{"name":"wp","href":"https:\/\/api.w.org\/{rel}","templated":true}]}}