{"id":466,"date":"2020-11-06T17:15:23","date_gmt":"2020-11-06T17:15:23","guid":{"rendered":"http:\/\/saborealapalma.es\/?page_id=466"},"modified":"2024-04-16T15:43:59","modified_gmt":"2024-04-16T14:43:59","slug":"politica-privacidad-aviso-legal","status":"publish","type":"page","link":"https:\/\/saborealapalma.es\/fr\/politica-privacidad-aviso-legal\/","title":{"rendered":"Politique de confidentialit\u00e9"},"content":{"rendered":"<div      class=\"vc_row wpb_row section vc_row-fluid  grid_section\" style=' text-align:left;'><div class=\"section_inner clearfix\"><div class='section_inner_margin clearfix'><div class=\"wpb_column vc_column_container vc_col-sm-12\"><div class=\"vc_column-inner\"><div class=\"wpb_wrapper\"><div      class=\"vc_row wpb_row section vc_row-fluid vc_inner  grid_section\" style=' text-align:left;'><div class=\"section_inner clearfix\"><div class='section_inner_margin clearfix'><div class=\"wpb_column vc_column_container vc_col-sm-12\"><div class=\"vc_column-inner\"><div class=\"wpb_wrapper\">\t<div class=\"vc_empty_space\"  style=\"height: 50px\" ><span\r\n\t\t\tclass=\"vc_empty_space_inner\">\r\n\t\t\t<span class=\"empty_space_image\"  ><\/span>\r\n\t\t<\/span><\/div>\r\n\n\n\t<div class=\"wpb_text_column wpb_content_element\">\n\t\t<div class=\"wpb_wrapper\">\n\t\t\t<h1 style=\"text-align: center;\">Politique de confidentialit\u00e9 et avis juridique<\/h1>\n\n\t\t<\/div> \n\t<\/div> \t<div class=\"vc_empty_space\"  style=\"height: 50px\" ><span\r\n\t\t\tclass=\"vc_empty_space_inner\">\r\n\t\t\t<span class=\"empty_space_image\"  ><\/span>\r\n\t\t<\/span><\/div>\r\n\n<\/div><\/div><\/div><\/div><\/div><\/div><\/div><\/div><\/div><\/div><\/div><\/div><div      class=\"vc_row wpb_row section vc_row-fluid  grid_section\" style=' text-align:left;'><div class=\"section_inner clearfix\"><div class='section_inner_margin clearfix'><div class=\"wpb_column vc_column_container vc_col-sm-12\"><div class=\"vc_column-inner\"><div class=\"wpb_wrapper\"><div      class=\"vc_row wpb_row section vc_row-fluid vc_inner  grid_section\" style=' text-align:left;'><div class=\"section_inner clearfix\"><div class='section_inner_margin clearfix'><div class=\"wpb_column vc_column_container vc_col-sm-12\"><div class=\"vc_column-inner\"><div class=\"wpb_wrapper\">\t<div class=\"vc_empty_space\"  style=\"height: 50px\" ><span\r\n\t\t\tclass=\"vc_empty_space_inner\">\r\n\t\t\t<span class=\"empty_space_image\"  ><\/span>\r\n\t\t<\/span><\/div>\r\n\n\n\t<div class=\"wpb_text_column wpb_content_element\">\n\t\t<div class=\"wpb_wrapper\">\n\t\t\t<h3>Informations g\u00e9n\u00e9rales<\/h3>\n<p>Conform\u00e9ment \u00e0 l'obligation d'information pr\u00e9vue par la loi 34\/2002, du 11 juillet, sur les services de la soci\u00e9t\u00e9 de l'information et le commerce \u00e9lectronique, les informations g\u00e9n\u00e9rales du site web sont d\u00e9taill\u00e9es ci-dessous :<\/p>\n<ul>\n<li>SOCIEDAD DE PROMOCION Y DESARROLLO ECONOMICO DE LA ISLA DE LA PALMA SAU- A38732566<\/li>\n<li>AVENIDA DE LOS INDIANOS 14 2\u00baB- 38700 - SANTA CRUZ DE LA PALMA<\/li>\n<li>Registre du commerce de Santa Cruz de La Palma, volume 46, folio 211, page IP-2049, entr\u00e9e 1.<\/li>\n<li>T\u00e9l\u00e9phone : 922417323<\/li>\n<li>Courriel : gerencia@sodepal.es<\/li>\n<\/ul>\n<h3>Conditions d'utilisation<\/h3>\n<p>L'acc\u00e8s et l'utilisation de ce site web conf\u00e8rent au visiteur la condition d'utilisateur. Cela implique que l'utilisateur accepte les conditions d'utilisation en vigueur \u00e0 tout moment et s'engage \u00e0 faire un usage appropri\u00e9 du contenu du site web et \u00e0 observer et respecter strictement les dispositions de la pr\u00e9sente notice et de toute r\u00e9glementation applicable.<\/p>\n<p>De m\u00eame, l'utilisateur s'engage \u00e0 :<br \/>\nFournir des informations pr\u00e9cises sur les donn\u00e9es d'enregistrement et les tenir \u00e0 jour ;<br \/>\nNe pas diffuser de contenus contraires \u00e0 la loi ou \u00e0 la dignit\u00e9 de la personne, discriminatoires en raison de la naissance, de la race, du sexe, de la religion, de l'opinion ou de toute autre condition ou circonstance personnelle ou sociale, ou qui, de quelque mani\u00e8re que ce soit, sont contraires \u00e0 la loi et \u00e0 l'ordre public ;<br \/>\n<strong>SOCIEDAD DE PROMOCION Y DESARROLLO ECONOMICO DE LA ISLA DE LA PALMA SAU<\/strong> se r\u00e9serve le droit d'apporter toute modification qu'elle juge appropri\u00e9e, en ajoutant, modifiant ou supprimant du contenu ou des services fournis par l'interm\u00e9diaire du site web, ainsi que de supprimer toute contribution ou tout commentaire qui contrevient aux r\u00e8gles d\u00e9crites ci-dessus.<br \/>\n<strong>SOCIEDAD DE PROMOCION Y DESARROLLO ECONOMICO DE LA ISLA DE LA PALMA SAU<\/strong> n'est en aucun cas responsable des opinions exprim\u00e9es par l'utilisateur par le biais des outils de participation propos\u00e9s par le site web.<br \/>\n<strong>L'acc\u00e8s au site web est gratuit pour l'utilisateur dans toutes ses parties, contenus, etc.<\/strong><br \/>\nL'utilisateur d\u00e9clare, sous sa responsabilit\u00e9, qu'il est majeur et qu'il a la capacit\u00e9 suffisante pour \u00eatre li\u00e9 par les pr\u00e9sentes conditions.<\/p>\n<h3><strong>Politique de confidentialit\u00e9 et de protection des donn\u00e9es<\/strong><\/h3>\n<p>Les donn\u00e9es personnelles fournies \u00e9lectroniquement par le biais des formulaires du site web seront trait\u00e9es afin de r\u00e9pondre \u00e0 votre demande, de vous envoyer de la publicit\u00e9 sur nos produits\/services par tout moyen (physique ou \u00e9lectronique) et de vous inviter \u00e0 des \u00e9v\u00e9nements organis\u00e9s par l'entreprise. Les donn\u00e9es du traitement sont les suivantes :<\/p>\n<h4><strong>Qui est responsable ?<\/strong><\/h4>\n<ul>\n<li>Responsable : SOCIEDAD DE PROMOCION Y DESARROLLO ECONOMICO DE LA ISLA DE LA PALMA SAU<\/li>\n<li>Adresse : AVENIDA DE LOS INDIANOS 14 2\u00baB - 38700 - SANTA CRUZ DE LA PALMA<\/li>\n<li>T\u00e9l\u00e9phone : 922417323<\/li>\n<li>Courrier :\u00a0\u00a0\u00a0\u00a0\u00a0\u00a0\u00a0\u00a0\u00a0\u00a0 <a href=\"mailto:gerencia@sodepal.es\">gerencia@sodepal.es<\/a><\/li>\n<\/ul>\n<h4><strong>Qui est le d\u00e9l\u00e9gu\u00e9 \u00e0 la protection des donn\u00e9es ?<\/strong><\/h4>\n<ul>\n<li>D\u00e9l\u00e9gu\u00e9 : MIGUEL ANGEL ALVAREZ DIAZ<\/li>\n<li>Courrier :\u00a0\u00a0\u00a0\u00a0\u00a0\u00a0\u00a0\u00a0\u00a0\u00a0 <a href=\"mailto:dpo@gextiona.com\">dpo@gextiona.com<\/a><\/li>\n<\/ul>\n<h4><strong>\u00c0 quelles fins traitons-nous vos donn\u00e9es personnelles ?<\/strong><\/h4>\n<p>Envoi d'informations et prospection commerciale.<br \/>\nAfin de pouvoir vous proposer des produits et des services en fonction de vos int\u00e9r\u00eats et d'am\u00e9liorer votre exp\u00e9rience d'utilisateur, nous cr\u00e9erons un profil marketing sur la base des informations fournies. Aucune d\u00e9cision automatis\u00e9e ne sera prise sur la base de ce profil.<\/p>\n<h4><strong>Combien de temps conserverons-nous vos donn\u00e9es ?<\/strong><\/h4>\n<p>Pendant la dur\u00e9e de la relation contractuelle si vous \u00eates un client.<br \/>\nPour une p\u00e9riode d'un an \u00e0 compter de la derni\u00e8re confirmation d'int\u00e9r\u00eat si vous n'\u00eates pas client.<\/p>\n<h4><strong>Quelle est la l\u00e9gitimit\u00e9 du traitement de vos donn\u00e9es personnelles ?<\/strong><\/h4>\n<p>L'offre prospective de produits et de services est bas\u00e9e sur votre consentement, sans que le retrait du consentement ne soit en aucun cas une condition pour l'ex\u00e9cution du contrat de service.<\/p>\n<h4><strong>\u00c0 quels destinataires vos donn\u00e9es seront-elles communiqu\u00e9es ?<\/strong><\/h4>\n<p>Elles ne seront jamais transmises \u00e0 des tiers.<\/p>\n<h4><strong>Quels sont vos droits lorsque vous nous fournissez vos donn\u00e9es personnelles ?<\/strong><\/h4>\n<p>Toute personne a le droit d'obtenir la confirmation que nous traitons ou non des donn\u00e9es \u00e0 caract\u00e8re personnel la concernant. Les personnes concern\u00e9es ont le droit d'acc\u00e9der \u00e0 leurs donn\u00e9es personnelles, ainsi que le droit de demander la rectification des donn\u00e9es inexactes ou, le cas \u00e9ch\u00e9ant, de demander leur suppression lorsque, entre autres raisons, les donn\u00e9es ne sont plus n\u00e9cessaires aux fins pour lesquelles elles ont \u00e9t\u00e9 collect\u00e9es. Dans certaines circonstances, les personnes concern\u00e9es peuvent demander la limitation du traitement de leurs donn\u00e9es, auquel cas nous ne les conserverons que pour l'exercice ou la d\u00e9fense de droits. Dans certaines circonstances et pour des raisons tenant \u00e0 leur situation particuli\u00e8re, les personnes concern\u00e9es peuvent s'opposer au traitement de leurs donn\u00e9es. En outre, elles peuvent introduire une r\u00e9clamation concernant leurs droits aupr\u00e8s de l'autorit\u00e9 de contr\u00f4le (www.aepd.es).<\/p>\n<h3>Politique de liaison<\/h3>\n<p>Le site web peut contenir des liens vers d'autres sites web dont la politique en mati\u00e8re de protection de la vie priv\u00e9e diff\u00e8re de celle-ci. La SOCIEDAD DE PROMOCION Y DESARROLLO ECONOMICO DE LA ISLA DE LA PALMA SAU n'est pas responsable du contenu ou des pratiques des sites li\u00e9s et il est recommand\u00e9 \u00e0 l'utilisateur de lire en d\u00e9tail la politique de confidentialit\u00e9 de tout site Web auquel il acc\u00e8de \u00e0 partir de celui-ci.<\/p>\n<h4>Propri\u00e9t\u00e9 intellectuelle et industrielle<\/h4>\n<p>Les droits de propri\u00e9t\u00e9 intellectuelle et industrielle, les droits d'exploitation et de reproduction de ce site web (pages, \u00e9crans, informations, apparence, structure et conception, code source, fichiers audio et logiciels, ainsi que les liens) sont d\u00e9tenus, conc\u00e9d\u00e9s sous licence ou c\u00e9d\u00e9s \u00e0 <strong>SOCIEDAD DE PROMOCION Y DESARROLLO ECONOMICO DE LA ISLA DE LA PALMA SAU<\/strong> sauf indication contraire.<\/p>\n<p>Le nom, le design et les logos qui composent ce site web sont des marques d\u00fbment d\u00e9pos\u00e9es. Leur utilisation abusive peut faire l'objet de poursuites conform\u00e9ment \u00e0 la l\u00e9gislation en vigueur.<\/p>\n<p>Les droits de propri\u00e9t\u00e9 intellectuelle et les marques de tiers sont mis en \u00e9vidence et doivent \u00eatre respect\u00e9s par l'utilisateur dans tous les cas.<\/p>\n\n\t\t<\/div> \n\t<\/div> \t<div class=\"vc_empty_space\"  style=\"height: 100px\" ><span\r\n\t\t\tclass=\"vc_empty_space_inner\">\r\n\t\t\t<span class=\"empty_space_image\"  ><\/span>\r\n\t\t<\/span><\/div>\r\n\n\n\t<div class=\"wpb_text_column wpb_content_element\">\n\t\t<div class=\"wpb_wrapper\">\n\t\t\t\n\t\t<\/div> \n\t<\/div> <\/div><\/div><\/div><\/div><\/div><\/div><\/div><\/div><\/div><\/div><\/div><\/div>","protected":false},"excerpt":{"rendered":"Politique de confidentialit\u00e9 et mentions l\u00e9gales Informations g\u00e9n\u00e9rales Conform\u00e9ment \u00e0 l'obligation d'information pr\u00e9vue par la loi 34\/2002, du 11 juillet, sur les services de la soci\u00e9t\u00e9 de l'information et le commerce \u00e9lectronique, les informations g\u00e9n\u00e9rales du site Web sont d\u00e9taill\u00e9es ci-dessous : SOCIEDAD DE PROMOCION...","protected":false},"author":4,"featured_media":0,"parent":0,"menu_order":0,"comment_status":"closed","ping_status":"closed","template":"full_width.php","meta":{"footnotes":""},"class_list":["post-466","page","type-page","status-publish","hentry"],"yoast_head":"<!-- This site is optimized with the Yoast SEO plugin v27.0 - https:\/\/yoast.com\/product\/yoast-seo-wordpress\/ -->\n<title>Pol\u00edtica de Privacidad - Saborea La Palma<\/title>\n<meta name=\"robots\" content=\"index, follow, max-snippet:-1, max-image-preview:large, max-video-preview:-1\" \/>\n<link rel=\"canonical\" href=\"https:\/\/saborealapalma.es\/fr\/politica-privacidad-aviso-legal\/\" \/>\n<meta property=\"og:locale\" content=\"fr_FR\" \/>\n<meta property=\"og:type\" content=\"article\" \/>\n<meta property=\"og:title\" content=\"Pol\u00edtica de Privacidad - Saborea La Palma\" \/>\n<meta property=\"og:url\" content=\"https:\/\/saborealapalma.es\/fr\/politica-privacidad-aviso-legal\/\" \/>\n<meta property=\"og:site_name\" content=\"Saborea La Palma\" \/>\n<meta property=\"article:modified_time\" content=\"2024-04-16T14:43:59+00:00\" \/>\n<meta name=\"twitter:card\" content=\"summary_large_image\" \/>\n<meta name=\"twitter:label1\" content=\"Dur\u00e9e de lecture estim\u00e9e\" \/>\n\t<meta name=\"twitter:data1\" content=\"5 minutes\" \/>\n<script type=\"application\/ld+json\" class=\"yoast-schema-graph\">{\"@context\":\"https:\/\/schema.org\",\"@graph\":[{\"@type\":\"WebPage\",\"@id\":\"https:\/\/saborealapalma.es\/politica-privacidad-aviso-legal\/\",\"url\":\"https:\/\/saborealapalma.es\/politica-privacidad-aviso-legal\/\",\"name\":\"Pol\u00edtica de Privacidad - Saborea La Palma\",\"isPartOf\":{\"@id\":\"https:\/\/saborealapalma.es\/#website\"},\"datePublished\":\"2020-11-06T17:15:23+00:00\",\"dateModified\":\"2024-04-16T14:43:59+00:00\",\"breadcrumb\":{\"@id\":\"https:\/\/saborealapalma.es\/politica-privacidad-aviso-legal\/#breadcrumb\"},\"inLanguage\":\"fr-FR\",\"potentialAction\":[{\"@type\":\"ReadAction\",\"target\":[\"https:\/\/saborealapalma.es\/politica-privacidad-aviso-legal\/\"]}]},{\"@type\":\"BreadcrumbList\",\"@id\":\"https:\/\/saborealapalma.es\/politica-privacidad-aviso-legal\/#breadcrumb\",\"itemListElement\":[{\"@type\":\"ListItem\",\"position\":1,\"name\":\"Portada\",\"item\":\"https:\/\/saborealapalma.es\/\"},{\"@type\":\"ListItem\",\"position\":2,\"name\":\"Pol\u00edtica de Privacidad\"}]},{\"@type\":\"WebSite\",\"@id\":\"https:\/\/saborealapalma.es\/#website\",\"url\":\"https:\/\/saborealapalma.es\/\",\"name\":\"Saborea La Palma\",\"description\":\"Saborea La Palma es el proyecto que lidera la Sociedad de Promoci\u00f3n Econ\u00f3mica de La Palma (SODEPAL S.A.U.M.P), empresa p\u00fablica dependiente de Cabildo Insular de La Palma, para la revalorizaci\u00f3n y el posicionamiento de la gastronom\u00eda palmera en los mercados regionales, nacionales e internacionales.\",\"potentialAction\":[{\"@type\":\"SearchAction\",\"target\":{\"@type\":\"EntryPoint\",\"urlTemplate\":\"https:\/\/saborealapalma.es\/?s={search_term_string}\"},\"query-input\":{\"@type\":\"PropertyValueSpecification\",\"valueRequired\":true,\"valueName\":\"search_term_string\"}}],\"inLanguage\":\"fr-FR\"}]}<\/script>\n<!-- \/ Yoast SEO plugin. -->","yoast_head_json":{"title":"Pol\u00edtica de Privacidad - Saborea La Palma","robots":{"index":"index","follow":"follow","max-snippet":"max-snippet:-1","max-image-preview":"max-image-preview:large","max-video-preview":"max-video-preview:-1"},"canonical":"https:\/\/saborealapalma.es\/fr\/politica-privacidad-aviso-legal\/","og_locale":"fr_FR","og_type":"article","og_title":"Pol\u00edtica de Privacidad - Saborea La Palma","og_url":"https:\/\/saborealapalma.es\/fr\/politica-privacidad-aviso-legal\/","og_site_name":"Saborea La Palma","article_modified_time":"2024-04-16T14:43:59+00:00","twitter_card":"summary_large_image","twitter_misc":{"Dur\u00e9e de lecture estim\u00e9e":"5 minutes"},"schema":{"@context":"https:\/\/schema.org","@graph":[{"@type":"WebPage","@id":"https:\/\/saborealapalma.es\/politica-privacidad-aviso-legal\/","url":"https:\/\/saborealapalma.es\/politica-privacidad-aviso-legal\/","name":"Pol\u00edtica de Privacidad - Saborea La Palma","isPartOf":{"@id":"https:\/\/saborealapalma.es\/#website"},"datePublished":"2020-11-06T17:15:23+00:00","dateModified":"2024-04-16T14:43:59+00:00","breadcrumb":{"@id":"https:\/\/saborealapalma.es\/politica-privacidad-aviso-legal\/#breadcrumb"},"inLanguage":"fr-FR","potentialAction":[{"@type":"ReadAction","target":["https:\/\/saborealapalma.es\/politica-privacidad-aviso-legal\/"]}]},{"@type":"BreadcrumbList","@id":"https:\/\/saborealapalma.es\/politica-privacidad-aviso-legal\/#breadcrumb","itemListElement":[{"@type":"ListItem","position":1,"name":"Portada","item":"https:\/\/saborealapalma.es\/"},{"@type":"ListItem","position":2,"name":"Pol\u00edtica de Privacidad"}]},{"@type":"WebSite","@id":"https:\/\/saborealapalma.es\/#website","url":"https:\/\/saborealapalma.es\/","name":"Go\u00fbter \u00e0 La Palma","description":"Saborea La Palma est le projet men\u00e9 par la Sociedad de Promoci\u00f3n Econ\u00f3mica de La Palma (SODEPAL S.A.U.M.P), une entreprise publique d\u00e9pendant du Cabildo Insular de La Palma, pour la revalorisation et le positionnement de la gastronomie de La Palma sur les march\u00e9s r\u00e9gionaux, nationaux et internationaux.","potentialAction":[{"@type":"SearchAction","target":{"@type":"EntryPoint","urlTemplate":"https:\/\/saborealapalma.es\/?s={search_term_string}"},"query-input":{"@type":"PropertyValueSpecification","valueRequired":true,"valueName":"search_term_string"}}],"inLanguage":"fr-FR"}]}},"_links":{"self":[{"href":"https:\/\/saborealapalma.es\/fr\/wp-json\/wp\/v2\/pages\/466","targetHints":{"allow":["GET"]}}],"collection":[{"href":"https:\/\/saborealapalma.es\/fr\/wp-json\/wp\/v2\/pages"}],"about":[{"href":"https:\/\/saborealapalma.es\/fr\/wp-json\/wp\/v2\/types\/page"}],"author":[{"embeddable":true,"href":"https:\/\/saborealapalma.es\/fr\/wp-json\/wp\/v2\/users\/4"}],"replies":[{"embeddable":true,"href":"https:\/\/saborealapalma.es\/fr\/wp-json\/wp\/v2\/comments?post=466"}],"version-history":[{"count":2,"href":"https:\/\/saborealapalma.es\/fr\/wp-json\/wp\/v2\/pages\/466\/revisions"}],"predecessor-version":[{"id":6665,"href":"https:\/\/saborealapalma.es\/fr\/wp-json\/wp\/v2\/pages\/466\/revisions\/6665"}],"wp:attachment":[{"href":"https:\/\/saborealapalma.es\/fr\/wp-json\/wp\/v2\/media?parent=466"}],"curies":[{"name":"wp","href":"https:\/\/api.w.org\/{rel}","templated":true}]}}