{"id":627,"date":"2021-02-01T17:08:03","date_gmt":"2021-02-01T17:08:03","guid":{"rendered":"http:\/\/saborealapalma.es\/?page_id=627"},"modified":"2022-12-27T17:24:46","modified_gmt":"2022-12-27T17:24:46","slug":"gourmet","status":"publish","type":"page","link":"https:\/\/saborealapalma.es\/fr\/nuestros-asociados\/gourmet\/","title":{"rendered":"Gourmet"},"content":{"rendered":"<div      class=\"vc_row wpb_row section vc_row-fluid  grid_section\" style=' text-align:left;'><div class=\" section_inner clearfix\"><div class='section_inner_margin clearfix'><div class=\"wpb_column vc_column_container vc_col-sm-12\"><div class=\"vc_column-inner\"><div class=\"wpb_wrapper\"><div      class=\"vc_row wpb_row section vc_row-fluid vc_inner \" style=' text-align:left;'><div class=\" full_section_inner clearfix\"><div class=\"wpb_column vc_column_container vc_col-sm-12\"><div class=\"vc_column-inner\"><div class=\"wpb_wrapper\">\t<div class=\"vc_empty_space\"  style=\"height: 50px\" ><span\r\n\t\t\tclass=\"vc_empty_space_inner\">\r\n\t\t\t<span class=\"empty_space_image\"  ><\/span>\r\n\t\t<\/span><\/div>\r\n\n<\/div><\/div><\/div><\/div><\/div><div      class=\"vc_row wpb_row section vc_row-fluid vc_inner \" style=' text-align:left;'><div class=\" full_section_inner clearfix\"><div class=\"wpb_column vc_column_container vc_col-sm-3\"><div class=\"vc_column-inner\"><div class=\"wpb_wrapper\">\n\t<div class=\"wpb_text_column wpb_content_element \">\n\t\t<div class=\"wpb_wrapper\">\n\t\t\t<p style=\"text-align: center;\"><a href=\"http:\/\/saborealapalma.es\/nuestros-asociados\/restauracion\/\">Restauraci\u00f3n<\/a><\/p>\n\n\t\t<\/div> \n\t<\/div> <\/div><\/div><\/div><div class=\"wpb_column vc_column_container vc_col-sm-3\"><div class=\"vc_column-inner\"><div class=\"wpb_wrapper\">\n\t<div class=\"wpb_text_column wpb_content_element \">\n\t\t<div class=\"wpb_wrapper\">\n\t\t\t<p style=\"text-align: center;\"><a href=\"http:\/\/saborealapalma.es\/nuestros-asociados\/productores\/\">Productores<\/a><\/p>\n\n\t\t<\/div> \n\t<\/div> <\/div><\/div><\/div><div class=\"wpb_column vc_column_container vc_col-sm-3\"><div class=\"vc_column-inner\"><div class=\"wpb_wrapper\">\n\t<div class=\"wpb_text_column wpb_content_element \">\n\t\t<div class=\"wpb_wrapper\">\n\t\t\t<p style=\"text-align: center;\"><a href=\"http:\/\/saborealapalma.es\/nuestros-asociados\/bares-y-cafeterias\/\">Bares y cafeter\u00edas<\/a><\/p>\n\n\t\t<\/div> \n\t<\/div> <\/div><\/div><\/div><div class=\"wpb_column vc_column_container vc_col-sm-3\"><div class=\"vc_column-inner\"><div class=\"wpb_wrapper\">\n\t<div class=\"wpb_text_column wpb_content_element \">\n\t\t<div class=\"wpb_wrapper\">\n\t\t\t<p style=\"text-align: center;\"><a href=\"https:\/\/saborealapalma.es\/nuestros-asociados\/asociaciones-adheridas\/\">Asociaciones adheridas<\/a><\/p>\n\n\t\t<\/div> \n\t<\/div> <\/div><\/div><\/div><\/div><\/div><\/div><\/div><\/div><\/div><\/div><\/div><div      class=\"vc_row wpb_row section vc_row-fluid \" style=' text-align:left;'><div class=\" full_section_inner clearfix\"><div class=\"wpb_column vc_column_container vc_col-sm-12\"><div class=\"vc_column-inner\"><div class=\"wpb_wrapper\">\t<div class=\"vc_empty_space\"  style=\"height: 100px\" ><span\r\n\t\t\tclass=\"vc_empty_space_inner\">\r\n\t\t\t<span class=\"empty_space_image\"  ><\/span>\r\n\t\t<\/span><\/div>\r\n\n\n\t<div class=\"wpb_text_column wpb_content_element \">\n\t\t<div class=\"wpb_wrapper\">\n\t\t\t<h1 style=\"text-align: center;\">Gourmet<\/h1>\n\n\t\t<\/div> \n\t<\/div> \t<div class=\"vc_empty_space\"  style=\"height: 50px\" ><span\r\n\t\t\tclass=\"vc_empty_space_inner\">\r\n\t\t\t<span class=\"empty_space_image\"  ><\/span>\r\n\t\t<\/span><\/div>\r\n\n<\/div><\/div><\/div><\/div><\/div><div      class=\"vc_row wpb_row section vc_row-fluid  grid_section\" style=' text-align:left;'><div class=\" section_inner clearfix\"><div class='section_inner_margin clearfix'><div class=\"wpb_column vc_column_container vc_col-sm-12\"><div class=\"vc_column-inner\"><div class=\"wpb_wrapper\"><div      class=\"vc_row wpb_row section vc_row-fluid vc_inner  grid_section\" style=' text-align:left;'><div class=\" section_inner clearfix\"><div class='section_inner_margin clearfix'><div class=\"wpb_column vc_column_container vc_col-sm-12\"><div class=\"vc_column-inner\"><div class=\"wpb_wrapper\">\t<div class=\"vc_empty_space\"  style=\"height: 50px\" ><span\r\n\t\t\tclass=\"vc_empty_space_inner\">\r\n\t\t\t<span class=\"empty_space_image\"  ><\/span>\r\n\t\t<\/span><\/div>\r\n\n<div class='projects_holder_outer v5 portfolio_with_space portfolio_standard'>\r\n        <div class='projects_holder portfolio_main_holder clearfix v5 standard portfolio_landscape_image '>\r\n        \r\n        <article class='mix portfolio_category_30 portfolio_category_26 default' style=''>\r\n    \r\n    \r\n    \r\n                <div class='image_holder'>\r\n                <a itemprop='url' class='portfolio_link_for_touch' href='https:\/\/saborealapalma.es\/fr\/blog\/portfolio_page\/palmerita-cafe\/' target=''>\r\n                    \r\n<span class='image'><img fetchpriority=\"high\" decoding=\"async\" width=\"800\" height=\"600\" src=\"https:\/\/saborealapalma.es\/wp-content\/uploads\/2020\/11\/SABOREA-LA-PALMA_JONATANFOTOGRAFO80-1-800x600.jpg\" class=\"attachment-portfolio-landscape size-portfolio-landscape wp-post-image\" alt=\"\" \/><\/span>                <\/a>\r\n\r\n                <span class='text_holder'>\r\n    <span class='text_outer'>\r\n        <span class='text_inner'>\r\n            <span class='feature_holder'>\r\n                            <span class=\"feature_holder_icons\">';\r\n                            <a itemprop='image' class='lightbox qbutton small white' title='Palmerita Caf\u00e9' href='https:\/\/saborealapalma.es\/wp-content\/uploads\/2020\/11\/SABOREA-LA-PALMA_JONATANFOTOGRAFO80-1.jpg' data-rel='prettyPhoto[pretty_photo_gallery]'>zoom<\/a>\r\n    \r\n                            <a itemprop='url' class='preview qbutton small white' href='https:\/\/saborealapalma.es\/fr\/blog\/portfolio_page\/palmerita-cafe\/' target='_self'>view<\/i><\/a>\r\n    \r\n                                            <\/span>\r\n        <\/span>\r\n    <\/span>\r\n<\/span>            <\/div>\r\n                <div class='portfolio_description ' >\r\n\r\n        \r\n    <h5 itemprop=\"name\" class=\"portfolio_title entry_title\"><a itemprop=\"url\" href=\"https:\/\/saborealapalma.es\/fr\/blog\/portfolio_page\/palmerita-cafe\/\"  target=\"_self\"> Palmerita Caf\u00e9<\/a><\/h5>\r\n\r\n\r\n        \r\n            <span class=\"project_category\"  >\r\n    Gourmet, Restauraci\u00f3n    <\/span>\r\n\r\n    <\/div>\r\n        \r\n<\/article>\r\n<article class='mix portfolio_category_38 portfolio_category_30 portfolio_category_28 default' style=''>\r\n    \r\n    \r\n    \r\n                <div class='image_holder'>\r\n                <a itemprop='url' class='portfolio_link_for_touch' href='https:\/\/saborealapalma.es\/fr\/blog\/portfolio_page\/dulceria-bar-parada\/' target=''>\r\n                    \r\n<span class='image'><img decoding=\"async\" width=\"800\" height=\"600\" src=\"https:\/\/saborealapalma.es\/wp-content\/uploads\/2020\/11\/SABOREA-LA-PALMA_JONATANFOTOGRAFO141-800x600.jpg\" class=\"attachment-portfolio-landscape size-portfolio-landscape wp-post-image\" alt=\"\" \/><\/span>                <\/a>\r\n\r\n                <span class='text_holder'>\r\n    <span class='text_outer'>\r\n        <span class='text_inner'>\r\n            <span class='feature_holder'>\r\n                            <span class=\"feature_holder_icons\">';\r\n                            <a itemprop='image' class='lightbox qbutton small white' title='Dulcer\u00eda Bar Parada' href='https:\/\/saborealapalma.es\/wp-content\/uploads\/2020\/11\/SABOREA-LA-PALMA_JONATANFOTOGRAFO141.jpg' data-rel='prettyPhoto[pretty_photo_gallery]'>zoom<\/a>\r\n    \r\n                            <a itemprop='url' class='preview qbutton small white' href='https:\/\/saborealapalma.es\/fr\/blog\/portfolio_page\/dulceria-bar-parada\/' target='_self'>view<\/i><\/a>\r\n    \r\n                                            <\/span>\r\n        <\/span>\r\n    <\/span>\r\n<\/span>            <\/div>\r\n                <div class='portfolio_description ' >\r\n\r\n        \r\n    <h5 itemprop=\"name\" class=\"portfolio_title entry_title\"><a itemprop=\"url\" href=\"https:\/\/saborealapalma.es\/fr\/blog\/portfolio_page\/dulceria-bar-parada\/\"  target=\"_self\"> Dulcer\u00eda Bar Parada<\/a><\/h5>\r\n\r\n\r\n        \r\n            <span class=\"project_category\"  >\r\n    Bares y cafeter\u00edas, Gourmet, Productores    <\/span>\r\n\r\n    <\/div>\r\n        \r\n<\/article>\r\n<article class='mix portfolio_category_38 portfolio_category_30 portfolio_category_28 default' style=''>\r\n    \r\n    \r\n    \r\n                <div class='image_holder'>\r\n                <a itemprop='url' class='portfolio_link_for_touch' href='https:\/\/saborealapalma.es\/fr\/blog\/portfolio_page\/reposteria-matilde-arroyo\/' target=''>\r\n                    \r\n<span class='image'><img decoding=\"async\" width=\"800\" height=\"600\" src=\"https:\/\/saborealapalma.es\/wp-content\/uploads\/2021\/01\/SABOREA-LA-PALMA_JONATANFOTOGRAFO120-800x600.jpg\" class=\"attachment-portfolio-landscape size-portfolio-landscape wp-post-image\" alt=\"\" \/><\/span>                <\/a>\r\n\r\n                <span class='text_holder'>\r\n    <span class='text_outer'>\r\n        <span class='text_inner'>\r\n            <span class='feature_holder'>\r\n                            <span class=\"feature_holder_icons\">';\r\n                            <a itemprop='image' class='lightbox qbutton small white' title='Reposter\u00eda Matilde Arroyo' href='https:\/\/saborealapalma.es\/wp-content\/uploads\/2021\/01\/SABOREA-LA-PALMA_JONATANFOTOGRAFO120.jpg' data-rel='prettyPhoto[pretty_photo_gallery]'>zoom<\/a>\r\n    \r\n                            <a itemprop='url' class='preview qbutton small white' href='https:\/\/saborealapalma.es\/fr\/blog\/portfolio_page\/reposteria-matilde-arroyo\/' target='_self'>view<\/i><\/a>\r\n    \r\n                                            <\/span>\r\n        <\/span>\r\n    <\/span>\r\n<\/span>            <\/div>\r\n                <div class='portfolio_description ' >\r\n\r\n        \r\n    <h5 itemprop=\"name\" class=\"portfolio_title entry_title\"><a itemprop=\"url\" href=\"https:\/\/saborealapalma.es\/fr\/blog\/portfolio_page\/reposteria-matilde-arroyo\/\"  target=\"_self\"> Reposter\u00eda Matilde Arroyo<\/a><\/h5>\r\n\r\n\r\n        \r\n            <span class=\"project_category\"  >\r\n    Bares y cafeter\u00edas, Gourmet, Productores    <\/span>\r\n\r\n    <\/div>\r\n        \r\n<\/article>\r\n<article class='mix portfolio_category_30 portfolio_category_28 portfolio_category_26 default' style=''>\r\n    \r\n    \r\n    \r\n                <div class='image_holder'>\r\n                <a itemprop='url' class='portfolio_link_for_touch' href='https:\/\/saborealapalma.es\/fr\/blog\/portfolio_page\/la-ferreteria-deco-art-tea-shop\/' target=''>\r\n                    \r\n<span class='image'><img loading=\"lazy\" decoding=\"async\" width=\"800\" height=\"600\" src=\"https:\/\/saborealapalma.es\/wp-content\/uploads\/2021\/01\/SABOREA-LA-PALMA_JONATANFOTOGRAFO112-800x600.jpg\" class=\"attachment-portfolio-landscape size-portfolio-landscape wp-post-image\" alt=\"\" \/><\/span>                <\/a>\r\n\r\n                <span class='text_holder'>\r\n    <span class='text_outer'>\r\n        <span class='text_inner'>\r\n            <span class='feature_holder'>\r\n                            <span class=\"feature_holder_icons\">';\r\n                            <a itemprop='image' class='lightbox qbutton small white' title='La Ferreter\u00eda Deco &#038; Art Tea Shop' href='https:\/\/saborealapalma.es\/wp-content\/uploads\/2021\/01\/SABOREA-LA-PALMA_JONATANFOTOGRAFO112.jpg' data-rel='prettyPhoto[pretty_photo_gallery]'>zoom<\/a>\r\n    \r\n                            <a itemprop='url' class='preview qbutton small white' href='https:\/\/saborealapalma.es\/fr\/blog\/portfolio_page\/la-ferreteria-deco-art-tea-shop\/' target='_self'>view<\/i><\/a>\r\n    \r\n                                            <\/span>\r\n        <\/span>\r\n    <\/span>\r\n<\/span>            <\/div>\r\n                <div class='portfolio_description ' >\r\n\r\n        \r\n    <h5 itemprop=\"name\" class=\"portfolio_title entry_title\"><a itemprop=\"url\" href=\"https:\/\/saborealapalma.es\/fr\/blog\/portfolio_page\/la-ferreteria-deco-art-tea-shop\/\"  target=\"_self\"> La Ferreter\u00eda Deco &#038; Art Tea Shop<\/a><\/h5>\r\n\r\n\r\n        \r\n            <span class=\"project_category\"  >\r\n    Gourmet, Productores, Restauraci\u00f3n    <\/span>\r\n\r\n    <\/div>\r\n        \r\n<\/article>\r\n<article class='mix portfolio_category_30 default' style=''>\r\n    \r\n    \r\n    \r\n                <div class='image_holder'>\r\n                <a itemprop='url' class='portfolio_link_for_touch' href='https:\/\/saborealapalma.es\/fr\/blog\/portfolio_page\/la-palma-cookery\/' target=''>\r\n                    \r\n<span class='image'><img loading=\"lazy\" decoding=\"async\" width=\"800\" height=\"600\" src=\"https:\/\/saborealapalma.es\/wp-content\/uploads\/2021\/02\/Ensalada.-La-Palma-Cookery-800x600.jpg\" class=\"attachment-portfolio-landscape size-portfolio-landscape wp-post-image\" alt=\"\" \/><\/span>                <\/a>\r\n\r\n                <span class='text_holder'>\r\n    <span class='text_outer'>\r\n        <span class='text_inner'>\r\n            <span class='feature_holder'>\r\n                            <span class=\"feature_holder_icons\">';\r\n                            <a itemprop='image' class='lightbox qbutton small white' title='La Palma Cookery' href='https:\/\/saborealapalma.es\/wp-content\/uploads\/2021\/02\/Ensalada.-La-Palma-Cookery.jpg' data-rel='prettyPhoto[pretty_photo_gallery]'>zoom<\/a>\r\n    \r\n                            <a itemprop='url' class='preview qbutton small white' href='https:\/\/saborealapalma.es\/fr\/blog\/portfolio_page\/la-palma-cookery\/' target='_self'>view<\/i><\/a>\r\n    \r\n                                            <\/span>\r\n        <\/span>\r\n    <\/span>\r\n<\/span>            <\/div>\r\n                <div class='portfolio_description ' >\r\n\r\n        \r\n    <h5 itemprop=\"name\" class=\"portfolio_title entry_title\"><a itemprop=\"url\" href=\"https:\/\/saborealapalma.es\/fr\/blog\/portfolio_page\/la-palma-cookery\/\"  target=\"_self\"> La Palma Cookery<\/a><\/h5>\r\n\r\n\r\n        \r\n            <span class=\"project_category\"  >\r\n    Gourmet    <\/span>\r\n\r\n    <\/div>\r\n        \r\n<\/article>\r\n<article class='mix portfolio_category_30 portfolio_category_28 default' style=''>\r\n    \r\n    \r\n    \r\n                <div class='image_holder'>\r\n                <a itemprop='url' class='portfolio_link_for_touch' href='https:\/\/saborealapalma.es\/fr\/blog\/portfolio_page\/sal-oceano\/' target=''>\r\n                    \r\n<span class='image'><img loading=\"lazy\" decoding=\"async\" width=\"800\" height=\"600\" src=\"https:\/\/saborealapalma.es\/wp-content\/uploads\/2021\/10\/1-800x600.jpg\" class=\"attachment-portfolio-landscape size-portfolio-landscape wp-post-image\" alt=\"\" \/><\/span>                <\/a>\r\n\r\n                <span class='text_holder'>\r\n    <span class='text_outer'>\r\n        <span class='text_inner'>\r\n            <span class='feature_holder'>\r\n                            <span class=\"feature_holder_icons\">';\r\n                            <a itemprop='image' class='lightbox qbutton small white' title='Sal Oc\u00e9ano' href='https:\/\/saborealapalma.es\/wp-content\/uploads\/2021\/10\/1.jpg' data-rel='prettyPhoto[pretty_photo_gallery]'>zoom<\/a>\r\n    \r\n                            <a itemprop='url' class='preview qbutton small white' href='https:\/\/saborealapalma.es\/fr\/blog\/portfolio_page\/sal-oceano\/' target='_self'>view<\/i><\/a>\r\n    \r\n                                            <\/span>\r\n        <\/span>\r\n    <\/span>\r\n<\/span>            <\/div>\r\n                <div class='portfolio_description ' >\r\n\r\n        \r\n    <h5 itemprop=\"name\" class=\"portfolio_title entry_title\"><a itemprop=\"url\" href=\"https:\/\/saborealapalma.es\/fr\/blog\/portfolio_page\/sal-oceano\/\"  target=\"_self\"> Sal Oc\u00e9ano<\/a><\/h5>\r\n\r\n\r\n        \r\n            <span class=\"project_category\"  >\r\n    Gourmet, Productores    <\/span>\r\n\r\n    <\/div>\r\n        \r\n<\/article>\r\n<article class='mix portfolio_category_30 portfolio_category_28 default' style=''>\r\n    \r\n    \r\n    \r\n                <div class='image_holder'>\r\n                <a itemprop='url' class='portfolio_link_for_touch' href='https:\/\/saborealapalma.es\/fr\/blog\/portfolio_page\/chicharrones-la-montana\/' target=''>\r\n                    \r\n<span class='image'><img loading=\"lazy\" decoding=\"async\" width=\"800\" height=\"600\" src=\"https:\/\/saborealapalma.es\/wp-content\/uploads\/2023\/05\/chicarrones1-800x600.jpg\" class=\"attachment-portfolio-landscape size-portfolio-landscape wp-post-image\" alt=\"\" \/><\/span>                <\/a>\r\n\r\n                <span class='text_holder'>\r\n    <span class='text_outer'>\r\n        <span class='text_inner'>\r\n            <span class='feature_holder'>\r\n                            <span class=\"feature_holder_icons\">';\r\n                            <a itemprop='image' class='lightbox qbutton small white' title='Chicharrones La Monta\u00f1a' href='https:\/\/saborealapalma.es\/wp-content\/uploads\/2023\/05\/chicarrones1.jpg' data-rel='prettyPhoto[pretty_photo_gallery]'>zoom<\/a>\r\n    \r\n                            <a itemprop='url' class='preview qbutton small white' href='https:\/\/saborealapalma.es\/fr\/blog\/portfolio_page\/chicharrones-la-montana\/' target='_self'>view<\/i><\/a>\r\n    \r\n                                            <\/span>\r\n        <\/span>\r\n    <\/span>\r\n<\/span>            <\/div>\r\n                <div class='portfolio_description ' >\r\n\r\n        \r\n    <h5 itemprop=\"name\" class=\"portfolio_title entry_title\"><a itemprop=\"url\" href=\"https:\/\/saborealapalma.es\/fr\/blog\/portfolio_page\/chicharrones-la-montana\/\"  target=\"_self\"> Chicharrones La Monta\u00f1a<\/a><\/h5>\r\n\r\n\r\n        \r\n            <span class=\"project_category\"  >\r\n    Gourmet, Productores    <\/span>\r\n\r\n    <\/div>\r\n        \r\n<\/article>\r\n        <div class='filler'><\/div>\r\n            <div class='filler'><\/div>\r\n            <div class='filler'><\/div>\r\n            <div class='filler'><\/div>\r\n            <div class='filler'><\/div>\r\n        <\/div>\r\n\r\n    \r\n    <\/div>\t<div class=\"vc_empty_space\"  style=\"height: 100px\" ><span\r\n\t\t\tclass=\"vc_empty_space_inner\">\r\n\t\t\t<span class=\"empty_space_image\"  ><\/span>\r\n\t\t<\/span><\/div>\r\n\n<\/div><\/div><\/div><\/div><\/div><\/div><\/div><\/div><\/div><\/div><\/div><\/div>\n","protected":false},"excerpt":{"rendered":"Adresse : C\/ La Monta\u00f1a 29 | 38712 Bre\u00f1a Baja T\u00e9l\u00e9phone : 669 715 837 Description:Les chicharrones sont un plat succulent qui peut \u00eatre servi en accompagnement ou enyesque (Picoteo), et qui est facile \u00e0 pr\u00e9parer. Ce plat est n\u00e9 de l'id\u00e9e d'utiliser tous les restes de porc de Matanzas. Sur l'\u00eele de...","protected":false},"author":4,"featured_media":0,"parent":21,"menu_order":0,"comment_status":"closed","ping_status":"closed","template":"full_width.php","meta":{"footnotes":""},"class_list":["post-627","page","type-page","status-publish","hentry"],"yoast_head":"<!-- This site is optimized with the Yoast SEO plugin v27.0 - https:\/\/yoast.com\/product\/yoast-seo-wordpress\/ -->\n<title>Gourmet - Saborea La Palma<\/title>\n<meta name=\"robots\" content=\"index, follow, max-snippet:-1, max-image-preview:large, max-video-preview:-1\" \/>\n<link rel=\"canonical\" href=\"https:\/\/saborealapalma.es\/fr\/nuestros-asociados\/gourmet\/\" \/>\n<meta property=\"og:locale\" content=\"fr_FR\" \/>\n<meta property=\"og:type\" content=\"article\" \/>\n<meta property=\"og:title\" content=\"Gourmet - Saborea La Palma\" \/>\n<meta property=\"og:url\" content=\"https:\/\/saborealapalma.es\/fr\/nuestros-asociados\/gourmet\/\" \/>\n<meta property=\"og:site_name\" content=\"Saborea La Palma\" \/>\n<meta property=\"article:modified_time\" content=\"2022-12-27T17:24:46+00:00\" \/>\n<meta name=\"twitter:card\" content=\"summary_large_image\" \/>\n<meta name=\"twitter:label1\" content=\"Dur\u00e9e de lecture estim\u00e9e\" \/>\n\t<meta name=\"twitter:data1\" content=\"1 minute\" \/>\n<script type=\"application\/ld+json\" class=\"yoast-schema-graph\">{\"@context\":\"https:\/\/schema.org\",\"@graph\":[{\"@type\":\"WebPage\",\"@id\":\"https:\/\/saborealapalma.es\/nuestros-asociados\/gourmet\/\",\"url\":\"https:\/\/saborealapalma.es\/nuestros-asociados\/gourmet\/\",\"name\":\"Gourmet - Saborea La Palma\",\"isPartOf\":{\"@id\":\"https:\/\/saborealapalma.es\/#website\"},\"datePublished\":\"2021-02-01T17:08:03+00:00\",\"dateModified\":\"2022-12-27T17:24:46+00:00\",\"breadcrumb\":{\"@id\":\"https:\/\/saborealapalma.es\/nuestros-asociados\/gourmet\/#breadcrumb\"},\"inLanguage\":\"fr-FR\",\"potentialAction\":[{\"@type\":\"ReadAction\",\"target\":[\"https:\/\/saborealapalma.es\/nuestros-asociados\/gourmet\/\"]}]},{\"@type\":\"BreadcrumbList\",\"@id\":\"https:\/\/saborealapalma.es\/nuestros-asociados\/gourmet\/#breadcrumb\",\"itemListElement\":[{\"@type\":\"ListItem\",\"position\":1,\"name\":\"Portada\",\"item\":\"https:\/\/saborealapalma.es\/\"},{\"@type\":\"ListItem\",\"position\":2,\"name\":\"Nuestros asociados\",\"item\":\"https:\/\/saborealapalma.es\/nuestros-asociados\/\"},{\"@type\":\"ListItem\",\"position\":3,\"name\":\"Gourmet\"}]},{\"@type\":\"WebSite\",\"@id\":\"https:\/\/saborealapalma.es\/#website\",\"url\":\"https:\/\/saborealapalma.es\/\",\"name\":\"Saborea La Palma\",\"description\":\"Saborea La Palma es el proyecto que lidera la Sociedad de Promoci\u00f3n Econ\u00f3mica de La Palma (SODEPAL S.A.U.M.P), empresa p\u00fablica dependiente de Cabildo Insular de La Palma, para la revalorizaci\u00f3n y el posicionamiento de la gastronom\u00eda palmera en los mercados regionales, nacionales e internacionales.\",\"potentialAction\":[{\"@type\":\"SearchAction\",\"target\":{\"@type\":\"EntryPoint\",\"urlTemplate\":\"https:\/\/saborealapalma.es\/?s={search_term_string}\"},\"query-input\":{\"@type\":\"PropertyValueSpecification\",\"valueRequired\":true,\"valueName\":\"search_term_string\"}}],\"inLanguage\":\"fr-FR\"}]}<\/script>\n<!-- \/ Yoast SEO plugin. -->","yoast_head_json":{"title":"Gourmet - Saborea La Palma","robots":{"index":"index","follow":"follow","max-snippet":"max-snippet:-1","max-image-preview":"max-image-preview:large","max-video-preview":"max-video-preview:-1"},"canonical":"https:\/\/saborealapalma.es\/fr\/nuestros-asociados\/gourmet\/","og_locale":"fr_FR","og_type":"article","og_title":"Gourmet - Saborea La Palma","og_url":"https:\/\/saborealapalma.es\/fr\/nuestros-asociados\/gourmet\/","og_site_name":"Saborea La Palma","article_modified_time":"2022-12-27T17:24:46+00:00","twitter_card":"summary_large_image","twitter_misc":{"Dur\u00e9e de lecture estim\u00e9e":"1 minute"},"schema":{"@context":"https:\/\/schema.org","@graph":[{"@type":"WebPage","@id":"https:\/\/saborealapalma.es\/nuestros-asociados\/gourmet\/","url":"https:\/\/saborealapalma.es\/nuestros-asociados\/gourmet\/","name":"Gourmet - Saborea La Palma","isPartOf":{"@id":"https:\/\/saborealapalma.es\/#website"},"datePublished":"2021-02-01T17:08:03+00:00","dateModified":"2022-12-27T17:24:46+00:00","breadcrumb":{"@id":"https:\/\/saborealapalma.es\/nuestros-asociados\/gourmet\/#breadcrumb"},"inLanguage":"fr-FR","potentialAction":[{"@type":"ReadAction","target":["https:\/\/saborealapalma.es\/nuestros-asociados\/gourmet\/"]}]},{"@type":"BreadcrumbList","@id":"https:\/\/saborealapalma.es\/nuestros-asociados\/gourmet\/#breadcrumb","itemListElement":[{"@type":"ListItem","position":1,"name":"Portada","item":"https:\/\/saborealapalma.es\/"},{"@type":"ListItem","position":2,"name":"Nuestros asociados","item":"https:\/\/saborealapalma.es\/nuestros-asociados\/"},{"@type":"ListItem","position":3,"name":"Gourmet"}]},{"@type":"WebSite","@id":"https:\/\/saborealapalma.es\/#website","url":"https:\/\/saborealapalma.es\/","name":"Go\u00fbter \u00e0 La Palma","description":"Saborea La Palma est le projet men\u00e9 par la Sociedad de Promoci\u00f3n Econ\u00f3mica de La Palma (SODEPAL S.A.U.M.P), une entreprise publique d\u00e9pendant du Cabildo Insular de La Palma, pour la revalorisation et le positionnement de la gastronomie de La Palma sur les march\u00e9s r\u00e9gionaux, nationaux et internationaux.","potentialAction":[{"@type":"SearchAction","target":{"@type":"EntryPoint","urlTemplate":"https:\/\/saborealapalma.es\/?s={search_term_string}"},"query-input":{"@type":"PropertyValueSpecification","valueRequired":true,"valueName":"search_term_string"}}],"inLanguage":"fr-FR"}]}},"_links":{"self":[{"href":"https:\/\/saborealapalma.es\/fr\/wp-json\/wp\/v2\/pages\/627","targetHints":{"allow":["GET"]}}],"collection":[{"href":"https:\/\/saborealapalma.es\/fr\/wp-json\/wp\/v2\/pages"}],"about":[{"href":"https:\/\/saborealapalma.es\/fr\/wp-json\/wp\/v2\/types\/page"}],"author":[{"embeddable":true,"href":"https:\/\/saborealapalma.es\/fr\/wp-json\/wp\/v2\/users\/4"}],"replies":[{"embeddable":true,"href":"https:\/\/saborealapalma.es\/fr\/wp-json\/wp\/v2\/comments?post=627"}],"version-history":[{"count":0,"href":"https:\/\/saborealapalma.es\/fr\/wp-json\/wp\/v2\/pages\/627\/revisions"}],"up":[{"embeddable":true,"href":"https:\/\/saborealapalma.es\/fr\/wp-json\/wp\/v2\/pages\/21"}],"wp:attachment":[{"href":"https:\/\/saborealapalma.es\/fr\/wp-json\/wp\/v2\/media?parent=627"}],"curies":[{"name":"wp","href":"https:\/\/api.w.org\/{rel}","templated":true}]}}