{"id":2040,"date":"2021-12-28T12:32:58","date_gmt":"2021-12-28T12:32:58","guid":{"rendered":"http:\/\/saborealapalma.es\/?page_id=2040"},"modified":"2022-05-09T21:10:46","modified_gmt":"2022-05-09T20:10:46","slug":"restauracion","status":"publish","type":"page","link":"https:\/\/saborealapalma.es\/it\/restauracion\/","title":{"rendered":"Restauro"},"content":{"rendered":"<div      class=\"vc_row wpb_row section vc_row-fluid  grid_section\" style='background-image:url(https:\/\/saborealapalma.es\/wp-content\/uploads\/2020\/10\/contactosaborea.jpg); text-align:left;'><div class=\"section_inner clearfix\"><div class='section_inner_margin clearfix'><div class=\"wpb_column vc_column_container vc_col-sm-12\"><div class=\"vc_column-inner\"><div class=\"wpb_wrapper\"><div      class=\"vc_row wpb_row section vc_row-fluid vc_inner\" style=' text-align:left;'><div class=\"full_section_inner clearfix\"><div class=\"wpb_column vc_column_container vc_col-sm-12\"><div class=\"vc_column-inner\"><div class=\"wpb_wrapper\">\t<div class=\"vc_empty_space\"  style=\"height: 50px\" ><span\r\n\t\t\tclass=\"vc_empty_space_inner\">\r\n\t\t\t<span class=\"empty_space_image\"  ><\/span>\r\n\t\t<\/span><\/div>\r\n\n\r\n\t<div class=\"wpb_raw_code wpb_content_element wpb_raw_html\" >\r\n\t\t<div class=\"wpb_wrapper\">\r\n\t\t\t<h1 align=\"center\">RESTAURO<\/h1>\r\n\t\t<\/div>\r\n\t<\/div>\r\n\t<div class=\"vc_empty_space\"  style=\"height: 30px\" ><span\r\n\t\t\tclass=\"vc_empty_space_inner\">\r\n\t\t\t<span class=\"empty_space_image\"  ><\/span>\r\n\t\t<\/span><\/div>\r\n\n<\/div><\/div><\/div><\/div><\/div><div      class=\"vc_row wpb_row section vc_row-fluid vc_inner  grid_section\" style=' text-align:left;'><div class=\"section_inner clearfix\"><div class='section_inner_margin clearfix'><div class=\"wpb_column vc_column_container vc_col-sm-12\"><div class=\"vc_column-inner\"><div class=\"wpb_wrapper\">\r\n\t<div class=\"wpb_single_image wpb_content_element vc_align_center\">\r\n\t\t<div class=\"wpb_wrapper\">\r\n\t\t\t\r\n\t\t\t<div class=\"vc_single_image-wrapper   vc_box_border_grey\"><img fetchpriority=\"high\" decoding=\"async\" class=\"vc_single_image-img\" src=\"https:\/\/saborealapalma.es\/wp-content\/uploads\/2022\/01\/cocinero_restauracion-800x513.png\" width=\"800\" height=\"513\" alt=\"cocinero_restauracion\" title=\"cuoco_ristorazione\" \/><\/div>\r\n\t\t<\/div>\r\n\t<\/div>\r\n\t<div class=\"vc_empty_space\"  style=\"height: 50px\" ><span\r\n\t\t\tclass=\"vc_empty_space_inner\">\r\n\t\t\t<span class=\"empty_space_image\"  ><\/span>\r\n\t\t<\/span><\/div>\r\n\n\r\n\t<div class=\"wpb_video_widget wpb_content_element vc_clearfix   vc_video-aspect-ratio-169 vc_video-el-width-100 vc_video-align-center\" >\r\n\t\t<div class=\"wpb_wrapper\">\r\n\t\t\t\r\n\t\t\t<div class=\"wpb_video_wrapper\"><iframe title=\"Un assaggio di Monte Carlo\" width=\"1060\" height=\"596\" src=\"https:\/\/www.youtube.com\/embed\/HAqDQ_Xvspo?feature=oembed\" frameborder=\"0\" allow=\"accelerometer; autoplay; clipboard-write; encrypted-media; gyroscope; picture-in-picture\" allowfullscreen><\/iframe><\/div>\r\n\t\t<\/div>\r\n\t<\/div>\r\n\t<div class=\"vc_empty_space\"  style=\"height: 30px\" ><span\r\n\t\t\tclass=\"vc_empty_space_inner\">\r\n\t\t\t<span class=\"empty_space_image\"  ><\/span>\r\n\t\t<\/span><\/div>\r\n\n\n\t<div class=\"wpb_text_column wpb_content_element\">\n\t\t<div class=\"wpb_wrapper\">\n\t\t\t<p>La cucina di La Palma \u00e8 caratterizzata dalla fusione di elementi e da un grande contrasto di sapori. L'alta qualit\u00e0 degli esercizi di ristorazione dell'isola \u00e8 dovuta sia agli chef che alla ricchezza e alla qualit\u00e0 dei prodotti locali utilizzati in ogni piatto, come carne, pesce, verdure, frutta e tutti i tipi di alimenti.<\/p>\n\n\t\t<\/div> \n\t<\/div> \t<div class=\"vc_empty_space\"  style=\"height: 20px\" ><span\r\n\t\t\tclass=\"vc_empty_space_inner\">\r\n\t\t\t<span class=\"empty_space_image\"  ><\/span>\r\n\t\t<\/span><\/div>\r\n\n<\/div><\/div><\/div><\/div><\/div><\/div><div      class=\"vc_row wpb_row section vc_row-fluid vc_inner\" style=' text-align:left;'><div class=\"full_section_inner clearfix\"><div class=\"wpb_column vc_column_container vc_col-sm-4\"><div class=\"vc_column-inner\"><div class=\"wpb_wrapper\">\r\n\t<div class=\"wpb_single_image wpb_content_element vc_align_center\">\r\n\t\t<div class=\"wpb_wrapper\">\r\n\t\t\t\r\n\t\t\t<div class=\"vc_single_image-wrapper   vc_box_border_grey\"><img decoding=\"async\" width=\"200\" height=\"300\" src=\"https:\/\/saborealapalma.es\/wp-content\/uploads\/2021\/12\/SABOREA-LA-PALMA_JONATANFOTOGRAFO8-200x300.jpg\" class=\"vc_single_image-img attachment-medium\" alt=\"\" srcset=\"https:\/\/saborealapalma.es\/wp-content\/uploads\/2021\/12\/SABOREA-LA-PALMA_JONATANFOTOGRAFO8-200x300.jpg 200w, https:\/\/saborealapalma.es\/wp-content\/uploads\/2021\/12\/SABOREA-LA-PALMA_JONATANFOTOGRAFO8-683x1024.jpg 683w, https:\/\/saborealapalma.es\/wp-content\/uploads\/2021\/12\/SABOREA-LA-PALMA_JONATANFOTOGRAFO8-768x1152.jpg 768w, https:\/\/saborealapalma.es\/wp-content\/uploads\/2021\/12\/SABOREA-LA-PALMA_JONATANFOTOGRAFO8-700x1050.jpg 700w, https:\/\/saborealapalma.es\/wp-content\/uploads\/2021\/12\/SABOREA-LA-PALMA_JONATANFOTOGRAFO8-600x900.jpg 600w, https:\/\/saborealapalma.es\/wp-content\/uploads\/2021\/12\/SABOREA-LA-PALMA_JONATANFOTOGRAFO8.jpg 1000w\" sizes=\"(max-width: 200px) 100vw, 200px\" \/><\/div>\r\n\t\t<\/div>\r\n\t<\/div>\r\n<\/div><\/div><\/div><div class=\"wpb_column vc_column_container vc_col-sm-4\"><div class=\"vc_column-inner\"><div class=\"wpb_wrapper\">\r\n\t<div class=\"wpb_single_image wpb_content_element vc_align_center\">\r\n\t\t<div class=\"wpb_wrapper\">\r\n\t\t\t\r\n\t\t\t<div class=\"vc_single_image-wrapper   vc_box_border_grey\"><img decoding=\"async\" width=\"200\" height=\"300\" src=\"https:\/\/saborealapalma.es\/wp-content\/uploads\/2021\/12\/SABOREA-LA-PALMA_JONATANFOTOGRAFO7-200x300.jpg\" class=\"vc_single_image-img attachment-medium\" alt=\"\" srcset=\"https:\/\/saborealapalma.es\/wp-content\/uploads\/2021\/12\/SABOREA-LA-PALMA_JONATANFOTOGRAFO7-200x300.jpg 200w, https:\/\/saborealapalma.es\/wp-content\/uploads\/2021\/12\/SABOREA-LA-PALMA_JONATANFOTOGRAFO7-683x1024.jpg 683w, https:\/\/saborealapalma.es\/wp-content\/uploads\/2021\/12\/SABOREA-LA-PALMA_JONATANFOTOGRAFO7-768x1152.jpg 768w, https:\/\/saborealapalma.es\/wp-content\/uploads\/2021\/12\/SABOREA-LA-PALMA_JONATANFOTOGRAFO7-700x1050.jpg 700w, https:\/\/saborealapalma.es\/wp-content\/uploads\/2021\/12\/SABOREA-LA-PALMA_JONATANFOTOGRAFO7-600x900.jpg 600w, https:\/\/saborealapalma.es\/wp-content\/uploads\/2021\/12\/SABOREA-LA-PALMA_JONATANFOTOGRAFO7.jpg 1000w\" sizes=\"(max-width: 200px) 100vw, 200px\" \/><\/div>\r\n\t\t<\/div>\r\n\t<\/div>\r\n<\/div><\/div><\/div><div class=\"wpb_column vc_column_container vc_col-sm-4\"><div class=\"vc_column-inner\"><div class=\"wpb_wrapper\">\r\n\t<div class=\"wpb_single_image wpb_content_element vc_align_center\">\r\n\t\t<div class=\"wpb_wrapper\">\r\n\t\t\t\r\n\t\t\t<div class=\"vc_single_image-wrapper   vc_box_border_grey\"><img loading=\"lazy\" decoding=\"async\" width=\"200\" height=\"300\" src=\"https:\/\/saborealapalma.es\/wp-content\/uploads\/2021\/12\/SABOREA-LA-PALMA_JONATANFOTOGRAFO6-200x300.jpg\" class=\"vc_single_image-img attachment-medium\" alt=\"\" srcset=\"https:\/\/saborealapalma.es\/wp-content\/uploads\/2021\/12\/SABOREA-LA-PALMA_JONATANFOTOGRAFO6-200x300.jpg 200w, https:\/\/saborealapalma.es\/wp-content\/uploads\/2021\/12\/SABOREA-LA-PALMA_JONATANFOTOGRAFO6-683x1024.jpg 683w, https:\/\/saborealapalma.es\/wp-content\/uploads\/2021\/12\/SABOREA-LA-PALMA_JONATANFOTOGRAFO6-768x1152.jpg 768w, https:\/\/saborealapalma.es\/wp-content\/uploads\/2021\/12\/SABOREA-LA-PALMA_JONATANFOTOGRAFO6-700x1050.jpg 700w, https:\/\/saborealapalma.es\/wp-content\/uploads\/2021\/12\/SABOREA-LA-PALMA_JONATANFOTOGRAFO6-600x900.jpg 600w, https:\/\/saborealapalma.es\/wp-content\/uploads\/2021\/12\/SABOREA-LA-PALMA_JONATANFOTOGRAFO6.jpg 1000w\" sizes=\"(max-width: 200px) 100vw, 200px\" \/><\/div>\r\n\t\t<\/div>\r\n\t<\/div>\r\n<\/div><\/div><\/div><\/div><\/div><div      class=\"vc_row wpb_row section vc_row-fluid vc_inner  grid_section\" style=' text-align:left;'><div class=\"section_inner clearfix\"><div class='section_inner_margin clearfix'><div class=\"wpb_column vc_column_container vc_col-sm-12\"><div class=\"vc_column-inner\"><div class=\"wpb_wrapper\">\t<div class=\"vc_empty_space\"  style=\"height: 20px\" ><span\r\n\t\t\tclass=\"vc_empty_space_inner\">\r\n\t\t\t<span class=\"empty_space_image\"  ><\/span>\r\n\t\t<\/span><\/div>\r\n\n\n\t<div class=\"wpb_text_column wpb_content_element\">\n\t\t<div class=\"wpb_wrapper\">\n\t\t\t<p>Le eccellenti condizioni climatiche delle Isole Canarie sono ideali per la coltivazione di frutta e verdura, ingredienti principali della maggior parte dei piatti locali, protetti da denominazioni di origine. Inoltre, il buon clima ci permette di coltivare tutti i tipi di frutta, come papaya, mango, ananas, avocado e banana. L'unico tipo di banana che ha ottenuto il riconoscimento europeo come Indicazione Geografica Protetta (IGP).<\/p>\n\n\t\t<\/div> \n\t<\/div> \t<div class=\"vc_empty_space\"  style=\"height: 40px\" ><span\r\n\t\t\tclass=\"vc_empty_space_inner\">\r\n\t\t\t<span class=\"empty_space_image\"  ><\/span>\r\n\t\t<\/span><\/div>\r\n\n<\/div><\/div><\/div><\/div><\/div><\/div><div      class=\"vc_row wpb_row section vc_row-fluid vc_inner\" style=' text-align:left;'><div class=\"full_section_inner clearfix\"><div class=\"wpb_column vc_column_container vc_col-sm-4\"><div class=\"vc_column-inner\"><div class=\"wpb_wrapper\">\r\n\t<div class=\"wpb_single_image wpb_content_element vc_align_center\">\r\n\t\t<div class=\"wpb_wrapper\">\r\n\t\t\t\r\n\t\t\t<div class=\"vc_single_image-wrapper   vc_box_border_grey\"><img loading=\"lazy\" decoding=\"async\" width=\"200\" height=\"300\" src=\"https:\/\/saborealapalma.es\/wp-content\/uploads\/2021\/12\/SABOREA-LA-PALMA_JONATANFOTOGRAFO5-200x300.jpg\" class=\"vc_single_image-img attachment-medium\" alt=\"\" srcset=\"https:\/\/saborealapalma.es\/wp-content\/uploads\/2021\/12\/SABOREA-LA-PALMA_JONATANFOTOGRAFO5-200x300.jpg 200w, https:\/\/saborealapalma.es\/wp-content\/uploads\/2021\/12\/SABOREA-LA-PALMA_JONATANFOTOGRAFO5-683x1024.jpg 683w, https:\/\/saborealapalma.es\/wp-content\/uploads\/2021\/12\/SABOREA-LA-PALMA_JONATANFOTOGRAFO5-768x1152.jpg 768w, https:\/\/saborealapalma.es\/wp-content\/uploads\/2021\/12\/SABOREA-LA-PALMA_JONATANFOTOGRAFO5-700x1050.jpg 700w, https:\/\/saborealapalma.es\/wp-content\/uploads\/2021\/12\/SABOREA-LA-PALMA_JONATANFOTOGRAFO5-600x900.jpg 600w, https:\/\/saborealapalma.es\/wp-content\/uploads\/2021\/12\/SABOREA-LA-PALMA_JONATANFOTOGRAFO5.jpg 1000w\" sizes=\"(max-width: 200px) 100vw, 200px\" \/><\/div>\r\n\t\t<\/div>\r\n\t<\/div>\r\n<\/div><\/div><\/div><div class=\"wpb_column vc_column_container vc_col-sm-4\"><div class=\"vc_column-inner\"><div class=\"wpb_wrapper\">\r\n\t<div class=\"wpb_single_image wpb_content_element vc_align_center\">\r\n\t\t<div class=\"wpb_wrapper\">\r\n\t\t\t\r\n\t\t\t<div class=\"vc_single_image-wrapper   vc_box_border_grey\"><img loading=\"lazy\" decoding=\"async\" width=\"200\" height=\"300\" src=\"https:\/\/saborealapalma.es\/wp-content\/uploads\/2021\/12\/SABOREA-LA-PALMA_JONATANFOTOGRAFO13-200x300.jpg\" class=\"vc_single_image-img attachment-medium\" alt=\"\" srcset=\"https:\/\/saborealapalma.es\/wp-content\/uploads\/2021\/12\/SABOREA-LA-PALMA_JONATANFOTOGRAFO13-200x300.jpg 200w, https:\/\/saborealapalma.es\/wp-content\/uploads\/2021\/12\/SABOREA-LA-PALMA_JONATANFOTOGRAFO13-683x1024.jpg 683w, https:\/\/saborealapalma.es\/wp-content\/uploads\/2021\/12\/SABOREA-LA-PALMA_JONATANFOTOGRAFO13-768x1152.jpg 768w, https:\/\/saborealapalma.es\/wp-content\/uploads\/2021\/12\/SABOREA-LA-PALMA_JONATANFOTOGRAFO13-700x1050.jpg 700w, https:\/\/saborealapalma.es\/wp-content\/uploads\/2021\/12\/SABOREA-LA-PALMA_JONATANFOTOGRAFO13-600x900.jpg 600w, https:\/\/saborealapalma.es\/wp-content\/uploads\/2021\/12\/SABOREA-LA-PALMA_JONATANFOTOGRAFO13.jpg 1000w\" sizes=\"(max-width: 200px) 100vw, 200px\" \/><\/div>\r\n\t\t<\/div>\r\n\t<\/div>\r\n<\/div><\/div><\/div><div class=\"wpb_column vc_column_container vc_col-sm-4\"><div class=\"vc_column-inner\"><div class=\"wpb_wrapper\">\r\n\t<div class=\"wpb_single_image wpb_content_element vc_align_center\">\r\n\t\t<div class=\"wpb_wrapper\">\r\n\t\t\t\r\n\t\t\t<div class=\"vc_single_image-wrapper   vc_box_border_grey\"><img loading=\"lazy\" decoding=\"async\" width=\"200\" height=\"300\" src=\"https:\/\/saborealapalma.es\/wp-content\/uploads\/2021\/12\/SABOREA-LA-PALMA_JONATANFOTOGRAFO12-200x300.jpg\" class=\"vc_single_image-img attachment-medium\" alt=\"\" srcset=\"https:\/\/saborealapalma.es\/wp-content\/uploads\/2021\/12\/SABOREA-LA-PALMA_JONATANFOTOGRAFO12-200x300.jpg 200w, https:\/\/saborealapalma.es\/wp-content\/uploads\/2021\/12\/SABOREA-LA-PALMA_JONATANFOTOGRAFO12-683x1024.jpg 683w, https:\/\/saborealapalma.es\/wp-content\/uploads\/2021\/12\/SABOREA-LA-PALMA_JONATANFOTOGRAFO12-768x1152.jpg 768w, https:\/\/saborealapalma.es\/wp-content\/uploads\/2021\/12\/SABOREA-LA-PALMA_JONATANFOTOGRAFO12-700x1050.jpg 700w, https:\/\/saborealapalma.es\/wp-content\/uploads\/2021\/12\/SABOREA-LA-PALMA_JONATANFOTOGRAFO12-600x900.jpg 600w, https:\/\/saborealapalma.es\/wp-content\/uploads\/2021\/12\/SABOREA-LA-PALMA_JONATANFOTOGRAFO12.jpg 1000w\" sizes=\"(max-width: 200px) 100vw, 200px\" \/><\/div>\r\n\t\t<\/div>\r\n\t<\/div>\r\n<\/div><\/div><\/div><\/div><\/div><div      class=\"vc_row wpb_row section vc_row-fluid vc_inner  grid_section\" style=' text-align:left;'><div class=\"section_inner clearfix\"><div class='section_inner_margin clearfix'><div class=\"wpb_column vc_column_container vc_col-sm-12\"><div class=\"vc_column-inner\"><div class=\"wpb_wrapper\">\t<div class=\"vc_empty_space\"  style=\"height: 40px\" ><span\r\n\t\t\tclass=\"vc_empty_space_inner\">\r\n\t\t\t<span class=\"empty_space_image\"  ><\/span>\r\n\t\t<\/span><\/div>\r\n\n\n\t<div class=\"wpb_text_column wpb_content_element\">\n\t\t<div class=\"wpb_wrapper\">\n\t\t\t<p>Per questo motivo, il settore agricolo \u00e8 uno dei pi\u00f9 importanti dell'isola di La Palma, insieme ai settori dell'allevamento e della pesca. Grazie alla ricchezza delle acque delle Isole Canarie, esistono molte variet\u00e0 di pesce locale. Tra i pi\u00f9 consumati c'\u00e8 la vieja. Tra le carni, il maiale, il pollo, il coniglio e la capra sono i pi\u00f9 consumati.<\/p>\n\n\t\t<\/div> \n\t<\/div> \t<div class=\"vc_empty_space\"  style=\"height: 40px\" ><span\r\n\t\t\tclass=\"vc_empty_space_inner\">\r\n\t\t\t<span class=\"empty_space_image\"  ><\/span>\r\n\t\t<\/span><\/div>\r\n\n<\/div><\/div><\/div><\/div><\/div><\/div><div      class=\"vc_row wpb_row section vc_row-fluid vc_inner\" style=' text-align:left;'><div class=\"full_section_inner clearfix\"><div class=\"wpb_column vc_column_container vc_col-sm-4\"><div class=\"vc_column-inner\"><div class=\"wpb_wrapper\">\r\n\t<div class=\"wpb_single_image wpb_content_element vc_align_center\">\r\n\t\t<div class=\"wpb_wrapper\">\r\n\t\t\t\r\n\t\t\t<div class=\"vc_single_image-wrapper   vc_box_border_grey\"><img loading=\"lazy\" decoding=\"async\" width=\"200\" height=\"300\" src=\"https:\/\/saborealapalma.es\/wp-content\/uploads\/2021\/12\/SABOREA-LA-PALMA_JONATANFOTOGRAFO11-200x300.jpg\" class=\"vc_single_image-img attachment-medium\" alt=\"\" srcset=\"https:\/\/saborealapalma.es\/wp-content\/uploads\/2021\/12\/SABOREA-LA-PALMA_JONATANFOTOGRAFO11-200x300.jpg 200w, https:\/\/saborealapalma.es\/wp-content\/uploads\/2021\/12\/SABOREA-LA-PALMA_JONATANFOTOGRAFO11-683x1024.jpg 683w, https:\/\/saborealapalma.es\/wp-content\/uploads\/2021\/12\/SABOREA-LA-PALMA_JONATANFOTOGRAFO11-768x1152.jpg 768w, https:\/\/saborealapalma.es\/wp-content\/uploads\/2021\/12\/SABOREA-LA-PALMA_JONATANFOTOGRAFO11-700x1050.jpg 700w, https:\/\/saborealapalma.es\/wp-content\/uploads\/2021\/12\/SABOREA-LA-PALMA_JONATANFOTOGRAFO11-600x900.jpg 600w, https:\/\/saborealapalma.es\/wp-content\/uploads\/2021\/12\/SABOREA-LA-PALMA_JONATANFOTOGRAFO11.jpg 1000w\" sizes=\"(max-width: 200px) 100vw, 200px\" \/><\/div>\r\n\t\t<\/div>\r\n\t<\/div>\r\n<\/div><\/div><\/div><div class=\"wpb_column vc_column_container vc_col-sm-4\"><div class=\"vc_column-inner\"><div class=\"wpb_wrapper\">\r\n\t<div class=\"wpb_single_image wpb_content_element vc_align_center\">\r\n\t\t<div class=\"wpb_wrapper\">\r\n\t\t\t\r\n\t\t\t<div class=\"vc_single_image-wrapper   vc_box_border_grey\"><img loading=\"lazy\" decoding=\"async\" width=\"200\" height=\"300\" src=\"https:\/\/saborealapalma.es\/wp-content\/uploads\/2021\/12\/SABOREA-LA-PALMA_JONATANFOTOGRAFO9-200x300.jpg\" class=\"vc_single_image-img attachment-medium\" alt=\"\" srcset=\"https:\/\/saborealapalma.es\/wp-content\/uploads\/2021\/12\/SABOREA-LA-PALMA_JONATANFOTOGRAFO9-200x300.jpg 200w, https:\/\/saborealapalma.es\/wp-content\/uploads\/2021\/12\/SABOREA-LA-PALMA_JONATANFOTOGRAFO9-683x1024.jpg 683w, https:\/\/saborealapalma.es\/wp-content\/uploads\/2021\/12\/SABOREA-LA-PALMA_JONATANFOTOGRAFO9-768x1152.jpg 768w, https:\/\/saborealapalma.es\/wp-content\/uploads\/2021\/12\/SABOREA-LA-PALMA_JONATANFOTOGRAFO9-700x1050.jpg 700w, https:\/\/saborealapalma.es\/wp-content\/uploads\/2021\/12\/SABOREA-LA-PALMA_JONATANFOTOGRAFO9-600x900.jpg 600w, https:\/\/saborealapalma.es\/wp-content\/uploads\/2021\/12\/SABOREA-LA-PALMA_JONATANFOTOGRAFO9.jpg 1000w\" sizes=\"(max-width: 200px) 100vw, 200px\" \/><\/div>\r\n\t\t<\/div>\r\n\t<\/div>\r\n<\/div><\/div><\/div><div class=\"wpb_column vc_column_container vc_col-sm-4\"><div class=\"vc_column-inner\"><div class=\"wpb_wrapper\">\r\n\t<div class=\"wpb_single_image wpb_content_element vc_align_center\">\r\n\t\t<div class=\"wpb_wrapper\">\r\n\t\t\t\r\n\t\t\t<div class=\"vc_single_image-wrapper   vc_box_border_grey\"><img loading=\"lazy\" decoding=\"async\" width=\"200\" height=\"300\" src=\"https:\/\/saborealapalma.es\/wp-content\/uploads\/2021\/12\/SABOREA-LA-PALMA_JONATANFOTOGRAFO10-200x300.jpg\" class=\"vc_single_image-img attachment-medium\" alt=\"\" srcset=\"https:\/\/saborealapalma.es\/wp-content\/uploads\/2021\/12\/SABOREA-LA-PALMA_JONATANFOTOGRAFO10-200x300.jpg 200w, https:\/\/saborealapalma.es\/wp-content\/uploads\/2021\/12\/SABOREA-LA-PALMA_JONATANFOTOGRAFO10-683x1024.jpg 683w, https:\/\/saborealapalma.es\/wp-content\/uploads\/2021\/12\/SABOREA-LA-PALMA_JONATANFOTOGRAFO10-768x1152.jpg 768w, https:\/\/saborealapalma.es\/wp-content\/uploads\/2021\/12\/SABOREA-LA-PALMA_JONATANFOTOGRAFO10-700x1050.jpg 700w, https:\/\/saborealapalma.es\/wp-content\/uploads\/2021\/12\/SABOREA-LA-PALMA_JONATANFOTOGRAFO10-600x900.jpg 600w, https:\/\/saborealapalma.es\/wp-content\/uploads\/2021\/12\/SABOREA-LA-PALMA_JONATANFOTOGRAFO10.jpg 1000w\" sizes=\"(max-width: 200px) 100vw, 200px\" \/><\/div>\r\n\t\t<\/div>\r\n\t<\/div>\r\n<\/div><\/div><\/div><\/div><\/div>\t<div class=\"vc_empty_space\"  style=\"height: 100px\" ><span\r\n\t\t\tclass=\"vc_empty_space_inner\">\r\n\t\t\t<span class=\"empty_space_image\"  ><\/span>\r\n\t\t<\/span><\/div>\r\n\n<\/div><\/div><\/div><\/div><\/div><\/div>","protected":false},"excerpt":{"rendered":"RISTORAZIONE La cucina di La Palma \u00e8 caratterizzata dalla fusione di elementi e da un grande contrasto di sapori. L'alta qualit\u00e0 degli esercizi di ristorazione dell'isola \u00e8 dovuta sia agli chef che alla ricchezza e alla qualit\u00e0 dei prodotti locali utilizzati in ognuno di essi...","protected":false},"author":4,"featured_media":0,"parent":0,"menu_order":0,"comment_status":"closed","ping_status":"closed","template":"full_width.php","meta":{"footnotes":""},"class_list":["post-2040","page","type-page","status-publish","hentry"],"yoast_head":"<!-- This site is optimized with the Yoast SEO plugin v27.0 - https:\/\/yoast.com\/product\/yoast-seo-wordpress\/ -->\n<title>Restauraci\u00f3n - Saborea La Palma<\/title>\n<meta name=\"robots\" content=\"index, follow, max-snippet:-1, max-image-preview:large, max-video-preview:-1\" \/>\n<link rel=\"canonical\" href=\"https:\/\/saborealapalma.es\/it\/restauracion\/\" \/>\n<meta property=\"og:locale\" content=\"it_IT\" \/>\n<meta property=\"og:type\" content=\"article\" \/>\n<meta property=\"og:title\" content=\"Restauraci\u00f3n - Saborea La Palma\" \/>\n<meta property=\"og:url\" content=\"https:\/\/saborealapalma.es\/it\/restauracion\/\" \/>\n<meta property=\"og:site_name\" content=\"Saborea La Palma\" \/>\n<meta property=\"article:modified_time\" content=\"2022-05-09T20:10:46+00:00\" \/>\n<meta name=\"twitter:card\" content=\"summary_large_image\" \/>\n<meta name=\"twitter:label1\" content=\"Tempo di lettura stimato\" \/>\n\t<meta name=\"twitter:data1\" content=\"2 minuti\" \/>\n<script type=\"application\/ld+json\" class=\"yoast-schema-graph\">{\"@context\":\"https:\/\/schema.org\",\"@graph\":[{\"@type\":\"WebPage\",\"@id\":\"https:\/\/saborealapalma.es\/restauracion\/\",\"url\":\"https:\/\/saborealapalma.es\/restauracion\/\",\"name\":\"Restauraci\u00f3n - Saborea La Palma\",\"isPartOf\":{\"@id\":\"https:\/\/saborealapalma.es\/#website\"},\"datePublished\":\"2021-12-28T12:32:58+00:00\",\"dateModified\":\"2022-05-09T20:10:46+00:00\",\"breadcrumb\":{\"@id\":\"https:\/\/saborealapalma.es\/restauracion\/#breadcrumb\"},\"inLanguage\":\"it-IT\",\"potentialAction\":[{\"@type\":\"ReadAction\",\"target\":[\"https:\/\/saborealapalma.es\/restauracion\/\"]}]},{\"@type\":\"BreadcrumbList\",\"@id\":\"https:\/\/saborealapalma.es\/restauracion\/#breadcrumb\",\"itemListElement\":[{\"@type\":\"ListItem\",\"position\":1,\"name\":\"Portada\",\"item\":\"https:\/\/saborealapalma.es\/\"},{\"@type\":\"ListItem\",\"position\":2,\"name\":\"Restauraci\u00f3n\"}]},{\"@type\":\"WebSite\",\"@id\":\"https:\/\/saborealapalma.es\/#website\",\"url\":\"https:\/\/saborealapalma.es\/\",\"name\":\"Saborea La Palma\",\"description\":\"Saborea La Palma es el proyecto que lidera la Sociedad de Promoci\u00f3n Econ\u00f3mica de La Palma (SODEPAL S.A.U.M.P), empresa p\u00fablica dependiente de Cabildo Insular de La Palma, para la revalorizaci\u00f3n y el posicionamiento de la gastronom\u00eda palmera en los mercados regionales, nacionales e internacionales.\",\"potentialAction\":[{\"@type\":\"SearchAction\",\"target\":{\"@type\":\"EntryPoint\",\"urlTemplate\":\"https:\/\/saborealapalma.es\/?s={search_term_string}\"},\"query-input\":{\"@type\":\"PropertyValueSpecification\",\"valueRequired\":true,\"valueName\":\"search_term_string\"}}],\"inLanguage\":\"it-IT\"}]}<\/script>\n<!-- \/ Yoast SEO plugin. -->","yoast_head_json":{"title":"Restauraci\u00f3n - Saborea La Palma","robots":{"index":"index","follow":"follow","max-snippet":"max-snippet:-1","max-image-preview":"max-image-preview:large","max-video-preview":"max-video-preview:-1"},"canonical":"https:\/\/saborealapalma.es\/it\/restauracion\/","og_locale":"it_IT","og_type":"article","og_title":"Restauraci\u00f3n - Saborea La Palma","og_url":"https:\/\/saborealapalma.es\/it\/restauracion\/","og_site_name":"Saborea La Palma","article_modified_time":"2022-05-09T20:10:46+00:00","twitter_card":"summary_large_image","twitter_misc":{"Tempo di lettura stimato":"2 minuti"},"schema":{"@context":"https:\/\/schema.org","@graph":[{"@type":"WebPage","@id":"https:\/\/saborealapalma.es\/restauracion\/","url":"https:\/\/saborealapalma.es\/restauracion\/","name":"Restauraci\u00f3n - Saborea La Palma","isPartOf":{"@id":"https:\/\/saborealapalma.es\/#website"},"datePublished":"2021-12-28T12:32:58+00:00","dateModified":"2022-05-09T20:10:46+00:00","breadcrumb":{"@id":"https:\/\/saborealapalma.es\/restauracion\/#breadcrumb"},"inLanguage":"it-IT","potentialAction":[{"@type":"ReadAction","target":["https:\/\/saborealapalma.es\/restauracion\/"]}]},{"@type":"BreadcrumbList","@id":"https:\/\/saborealapalma.es\/restauracion\/#breadcrumb","itemListElement":[{"@type":"ListItem","position":1,"name":"Portada","item":"https:\/\/saborealapalma.es\/"},{"@type":"ListItem","position":2,"name":"Restauraci\u00f3n"}]},{"@type":"WebSite","@id":"https:\/\/saborealapalma.es\/#website","url":"https:\/\/saborealapalma.es\/","name":"Assaggia La Palma","description":"Saborea La Palma \u00e8 il progetto guidato dalla Sociedad de Promoci\u00f3n Econ\u00f3mica de La Palma (SODEPAL S.A.U.M.P), una societ\u00e0 pubblica dipendente dal Cabildo Insular de La Palma, per la rivalutazione e il posizionamento della gastronomia di La Palma nei mercati regionali, nazionali e internazionali.","potentialAction":[{"@type":"SearchAction","target":{"@type":"EntryPoint","urlTemplate":"https:\/\/saborealapalma.es\/?s={search_term_string}"},"query-input":{"@type":"PropertyValueSpecification","valueRequired":true,"valueName":"search_term_string"}}],"inLanguage":"it-IT"}]}},"_links":{"self":[{"href":"https:\/\/saborealapalma.es\/it\/wp-json\/wp\/v2\/pages\/2040","targetHints":{"allow":["GET"]}}],"collection":[{"href":"https:\/\/saborealapalma.es\/it\/wp-json\/wp\/v2\/pages"}],"about":[{"href":"https:\/\/saborealapalma.es\/it\/wp-json\/wp\/v2\/types\/page"}],"author":[{"embeddable":true,"href":"https:\/\/saborealapalma.es\/it\/wp-json\/wp\/v2\/users\/4"}],"replies":[{"embeddable":true,"href":"https:\/\/saborealapalma.es\/it\/wp-json\/wp\/v2\/comments?post=2040"}],"version-history":[{"count":0,"href":"https:\/\/saborealapalma.es\/it\/wp-json\/wp\/v2\/pages\/2040\/revisions"}],"wp:attachment":[{"href":"https:\/\/saborealapalma.es\/it\/wp-json\/wp\/v2\/media?parent=2040"}],"curies":[{"name":"wp","href":"https:\/\/api.w.org\/{rel}","templated":true}]}}