{"id":460,"date":"2020-11-06T16:33:58","date_gmt":"2020-11-06T16:33:58","guid":{"rendered":"http:\/\/saborealapalma.es\/?page_id=460"},"modified":"2024-02-20T14:16:00","modified_gmt":"2024-02-20T14:16:00","slug":"politica-cookies","status":"publish","type":"page","link":"https:\/\/saborealapalma.es\/it\/politica-cookies\/","title":{"rendered":"Politica sui cookie"},"content":{"rendered":"<div      class=\"vc_row wpb_row section vc_row-fluid  grid_section\" style=' text-align:left;'><div class=\"section_inner clearfix\"><div class='section_inner_margin clearfix'><div class=\"wpb_column vc_column_container vc_col-sm-12\"><div class=\"vc_column-inner\"><div class=\"wpb_wrapper\"><div      class=\"vc_row wpb_row section vc_row-fluid vc_inner  grid_section\" style=' text-align:left;'><div class=\"section_inner clearfix\"><div class='section_inner_margin clearfix'><div class=\"wpb_column vc_column_container vc_col-sm-12\"><div class=\"vc_column-inner\"><div class=\"wpb_wrapper\">\t<div class=\"vc_empty_space\"  style=\"height: 50px\" ><span\r\n\t\t\tclass=\"vc_empty_space_inner\">\r\n\t\t\t<span class=\"empty_space_image\"  ><\/span>\r\n\t\t<\/span><\/div>\r\n\n\n\t<div class=\"wpb_text_column wpb_content_element\">\n\t\t<div class=\"wpb_wrapper\">\n\t\t\t<h1 style=\"text-align: center;\">Politica sui cookie<\/h1>\n\n\t\t<\/div> \n\t<\/div> \t<div class=\"vc_empty_space\"  style=\"height: 50px\" ><span\r\n\t\t\tclass=\"vc_empty_space_inner\">\r\n\t\t\t<span class=\"empty_space_image\"  ><\/span>\r\n\t\t<\/span><\/div>\r\n\n<\/div><\/div><\/div><\/div><\/div><\/div><\/div><\/div><\/div><\/div><\/div><\/div><div      class=\"vc_row wpb_row section vc_row-fluid  grid_section\" style=' text-align:left;'><div class=\"section_inner clearfix\"><div class='section_inner_margin clearfix'><div class=\"wpb_column vc_column_container vc_col-sm-12\"><div class=\"vc_column-inner\"><div class=\"wpb_wrapper\"><div      class=\"vc_row wpb_row section vc_row-fluid vc_inner  grid_section\" style=' text-align:left;'><div class=\"section_inner clearfix\"><div class='section_inner_margin clearfix'><div class=\"wpb_column vc_column_container vc_col-sm-12\"><div class=\"vc_column-inner\"><div class=\"wpb_wrapper\">\t<div class=\"vc_empty_space\"  style=\"height: 50px\" ><span\r\n\t\t\tclass=\"vc_empty_space_inner\">\r\n\t\t\t<span class=\"empty_space_image\"  ><\/span>\r\n\t\t<\/span><\/div>\r\n\n\n\t<div class=\"wpb_text_column wpb_content_element\">\n\t\t<div class=\"wpb_wrapper\">\n\t\t\t<h4><strong>Cosa sono i biscotti?<\/strong><\/h4>\n<p>Un cookie \u00e8 un file che viene scaricato sul suo computer quando accede a determinati siti web. I cookie consentono a un sito web, tra le altre cose, di memorizzare e recuperare informazioni sulle abitudini di navigazione di un utente o del suo computer e, a seconda delle informazioni che contengono e del modo in cui si utilizza il computer, possono essere utilizzati per riconoscere l'utente.<\/p>\n<p>Questo sito web utilizza cookie e\/o tecnologie simili che memorizzano e recuperano informazioni durante la navigazione. In generale, queste tecnologie possono essere utilizzate per diversi scopi, come, ad esempio, riconoscerla come utente, ottenere informazioni sulle sue abitudini di navigazione o personalizzare il modo in cui vengono visualizzati i contenuti. Gli usi specifici che facciamo di queste tecnologie sono descritti di seguito.<\/p>\n<p><strong>Quali sono i tipi di cookie? <\/strong><\/p>\n<p>A seconda di chi li gestisce:<\/p>\n<ul>\n<li>Cookie propri: sono quelli che vengono inviati al computer dell'utente dal dominio gestito dal sito web visitato e dal quale viene fornito il servizio richiesto dall'utente.<\/li>\n<li>Cookie di terze parti: si tratta di cookie che vengono inviati al computer dell'utente da un dominio non gestito dal sito web visitato, ma da un'altra entit\u00e0 che li elabora.<\/li>\n<\/ul>\n<p>A seconda dello scopo:<\/p>\n<ul>\n<li>Cookie tecnici: sono quelli che consentono all'utente di navigare in un sito web e di utilizzare le diverse opzioni o servizi che vi sono presenti, compresi quelli che ci permettono di gestire e operare il sito web e di abilitarne le funzioni e i servizi, come, ad esempio, controllare il traffico e la comunicazione dei dati, identificare la sessione, accedere alle aree ad accesso limitato, ricordare gli elementi che compongono un ordine, portare a termine il processo di acquisto di un ordine, gestire il pagamento, controllare le frodi, richiedere la registrazione o la partecipazione a un evento, contare le visite, ecc.<\/li>\n<li>Cookie di preferenza o di personalizzazione: si tratta di cookie che consentono di ricordare le informazioni in modo che l'utente possa accedere al servizio con determinate caratteristiche che possono differenziare la sua esperienza da quella di altri utenti, come, ad esempio, la lingua, il numero di risultati da mostrare quando l'utente effettua una ricerca, l'aspetto o il contenuto del servizio a seconda del tipo di browser attraverso il quale l'utente accede al servizio o la regione da cui accede al servizio, ecc.<\/li>\n<li>Cookie di analisi: questi cookie ci permettono di quantificare il numero di utenti e quindi di effettuare la misurazione e l'analisi statistica dell'uso che gli utenti fanno del servizio offerto. A tal fine, la sua navigazione sul nostro sito web viene analizzata al fine di migliorare la gamma di prodotti o servizi che offriamo.<\/li>\n<li>Cookie pubblicitari: sono quelli che ci permettono di gestire nel modo pi\u00f9 efficace possibile l'offerta di spazi pubblicitari sul sito web, adattando il contenuto della pubblicit\u00e0 al contenuto del servizio richiesto o all'uso che lei fa del nostro sito web. A tal fine, possiamo analizzare le sue abitudini di navigazione su Internet e possiamo mostrarle pubblicit\u00e0 correlate al suo profilo di navigazione.<\/li>\n<\/ul>\n<p>A seconda della durata del soggiorno:<\/p>\n<ul>\n<li>Cookie di sessione: sono progettati per raccogliere e memorizzare i dati mentre l'utente accede a un sito web. Di solito vengono utilizzati per memorizzare informazioni che devono essere conservate solo per la fornitura del servizio richiesto dall'utente in una singola occasione (ad esempio, un elenco di prodotti acquistati) e scompaiono al termine della sessione.<\/li>\n<li>Cookie persistenti: si tratta di cookie in cui i dati rimangono memorizzati nel terminale e possono essere consultati ed elaborati per un periodo definito dalla parte responsabile del cookie, che pu\u00f2 variare da pochi minuti a diversi anni.<\/li>\n<\/ul>\n<h4><strong>Informazioni sul tipo di cookie e sul loro scopo <\/strong><\/h4>\n<p><strong>Quali cookie utilizziamo?<\/strong><\/p>\n<p><a href=\"http:\/\/saborealapalma.es\/it\/\" target=\"_blank\" rel=\"noopener\">saborealapalma.es<\/a> utilizza i seguenti tipi di cookie sul sito web:<\/p>\n<ul>\n<li><strong>Cookie tecnici<\/strong><br \/>\nPermettono all'utente di navigare sul Web.<\/li>\n<li><strong>Cookie di personalizzazione<\/strong><br \/>\nCi permettono di conoscere le preferenze dell'utente: lingua, prodotti visitati...<\/li>\n<li><strong>Cookie analitici<\/strong><br \/>\nUtilizziamo i cookie di Google Analytics per quantificare il numero di utenti che visitano il sito web. Questi cookie ci permettono di misurare e analizzare il modo in cui gli utenti navigano sul sito web. Queste informazioni consentono a SOCIEDAD DE PROMOCION Y DESARROLLO ECONOMICO DE LA ISLA DE LA PALMA SAU di migliorare continuamente i suoi servizi e l'esperienza degli utenti del sito web. Per maggiori informazioni, pu\u00f2 consultare la pagina sulla privacy di Google Analytics:\u00a0<a href=\"https:\/\/developers.google.com\/analytics\/devguides\/collection\/analyticsjs\/cookie-usage\" target=\"_blank\" rel=\"noopener\">https:\/\/developers.google.com\/analytics\/devguides\/collection\/analyticsjs\/cookie-usage<\/a>.<\/li>\n<\/ul>\n<p><strong>Cookie installati nel nostro dominio web:<\/strong><\/p>\n<table border=\"1\" width=\"80%\" cellpadding=\"0\">\n<tbody>\n<tr>\n<td height=\"29\">Nome del cookie<\/td>\n<td>\n<p align=\"left\">Scopo<\/p>\n<\/td>\n<td>\n<p align=\"left\">Proprio\/di terzi<\/p>\n<\/td>\n<td>\n<p align=\"left\">Durata<\/p>\n<\/td>\n<td>\n<p align=\"left\">Quando viene installato?<\/p>\n<\/td>\n<\/tr>\n<tr>\n<td width=\"157\">\n<p align=\"left\">Cookie di sessione<\/p>\n<\/td>\n<td width=\"178\">\n<p align=\"left\">Tecnica<\/p>\n<\/td>\n<td width=\"74\">\n<p align=\"left\">Proprietario<\/p>\n<\/td>\n<td width=\"83\">\n<p align=\"left\">In sessione<\/p>\n<\/td>\n<td width=\"148\">\n<p align=\"left\">Quando accede al sito web<\/p>\n<\/td>\n<\/tr>\n<tr>\n<td width=\"157\">\n<p align=\"left\">statistiche<\/p>\n<\/td>\n<td width=\"178\">\n<p align=\"left\">Tecnica<\/p>\n<\/td>\n<td width=\"74\">\n<p align=\"left\">Proprietario<\/p>\n<\/td>\n<td width=\"83\">\n<p align=\"left\">Un mese<\/p>\n<\/td>\n<td width=\"148\">\n<p align=\"left\">Quando accede al sito web<\/p>\n<\/td>\n<\/tr>\n<tr>\n<td width=\"157\">\n<p align=\"left\">_utma<\/p>\n<\/td>\n<td width=\"178\">\n<p align=\"left\">Cookie analitico di GOOGLE Analytics, utilizzato per distinguere gli utenti e le sessioni.<\/p>\n<\/td>\n<td width=\"74\">\n<p align=\"left\">Terze parti<\/p>\n<\/td>\n<td width=\"83\">\n<p align=\"left\">2 anni<\/p>\n<\/td>\n<td width=\"148\">\n<p align=\"left\">Quando i cookie sono accettati<\/p>\n<\/td>\n<\/tr>\n<tr>\n<td width=\"157\">\n<p align=\"left\">_utmb<br \/>\n_utmbta<\/p>\n<\/td>\n<td width=\"178\">\n<p align=\"left\">Cookie analitico di GOOGLE Analytics, utilizzato per determinare nuove sessioni o visite.<\/p>\n<\/td>\n<td width=\"74\">\n<p align=\"left\">Terze parti<\/p>\n<\/td>\n<td width=\"83\">\n<p align=\"left\">30 minuti<\/p>\n<\/td>\n<td width=\"148\">\n<p align=\"left\">Quando i cookie sono accettati<\/p>\n<\/td>\n<\/tr>\n<tr>\n<td width=\"157\">\n<p align=\"left\">_utmc<\/p>\n<\/td>\n<td width=\"178\">\n<p align=\"left\">Cookie analitico di GOOGLE Analytics, non utilizzato in ga.js. \u00c8 impostato per interagire con urchin.js. In precedenza, questo cookie agiva insieme al cookie __utmb per determinare se l'utente era in una nuova sessione o visita.<\/p>\n<\/td>\n<td width=\"74\">\n<p align=\"left\">Terze parti<\/p>\n<\/td>\n<td width=\"83\">\n<p align=\"left\">In sessione<\/p>\n<\/td>\n<td width=\"148\">\n<p align=\"left\">Quando i cookie sono accettati<\/p>\n<\/td>\n<\/tr>\n<tr>\n<td width=\"157\">\n<p align=\"left\">_utmv<\/p>\n<\/td>\n<td width=\"178\">\n<p align=\"left\">Cookie analitico di GOOGLE Analytics, utilizzato per memorizzare i dati ottenuti dai record, al fine di poterli segmentare demograficamente.<\/p>\n<\/td>\n<td width=\"74\">\n<p align=\"left\">Terze parti<\/p>\n<\/td>\n<td width=\"83\">\n<p align=\"left\">2 anni<\/p>\n<\/td>\n<td width=\"148\">\n<p align=\"left\">Quando i cookie sono accettati<\/p>\n<\/td>\n<\/tr>\n<tr>\n<td width=\"157\">\n<p align=\"left\">_utmz<\/p>\n<\/td>\n<td width=\"178\">\n<p align=\"left\">Cookie analitico di GOOGLE Analytics, utilizzato per calcolare il traffico proveniente dai motori di ricerca (organici e PPC), dalle campagne pubblicitarie display e dalla navigazione all'interno dello stesso sito web (link interni).<\/p>\n<\/td>\n<td width=\"74\">\n<p align=\"left\">Terze parti<\/p>\n<\/td>\n<td width=\"83\">\n<p align=\"left\">6 mesi<\/p>\n<\/td>\n<td width=\"148\">\n<p align=\"left\">Quando i cookie sono accettati<\/p>\n<\/td>\n<\/tr>\n<\/tbody>\n<\/table>\n<p>Questo sito web, come la maggior parte dei siti web, include funzionalit\u00e0 fornite da terzi.<br \/>\nIl nostro sito web \u00e8 un sito vivo e pu\u00f2 includere nuovi design o servizi di terze parti. Ci\u00f2 pu\u00f2 occasionalmente modificare le impostazioni dei cookie e pu\u00f2 comportare la comparsa di cookie non dettagliati in questa politica.<\/p>\n<p><strong>I cookie di terze parti utilizzati sul nostro sito web, installati da domini di terze parti, sono i seguenti:<\/strong><\/p>\n<table border=\"1\" width=\"80%\" cellpadding=\"0\" align=\"left\">\n<tbody>\n<tr>\n<td>Titolare<\/td>\n<td>\n<p align=\"left\">Nome<\/p>\n<\/td>\n<td>\n<p align=\"left\">Quando viene installato?<\/p>\n<\/td>\n<td>\n<p align=\"left\">Descrizione<\/p>\n<\/td>\n<td>\n<p align=\"left\">Durata<\/p>\n<\/td>\n<\/tr>\n<tr>\n<td width=\"139\">\n<p align=\"left\">Google<\/p>\n<\/td>\n<td width=\"159\">\n<p align=\"left\">\n<\/td>\n<td width=\"64\">\n<p align=\"left\">Quando naviga sul web e utilizza il plug-in sociale<\/p>\n<\/td>\n<td width=\"111\">\n<p align=\"left\">Plug-in per social network che consente all'utente di condividere i video.<\/p>\n<\/td>\n<td width=\"84\">\n<p align=\"left\">Dipende dal social network<\/p>\n<\/td>\n<\/tr>\n<\/tbody>\n<\/table>\n<p>Il nostro sito non controlla i cookie utilizzati da queste terze parti. Per maggiori informazioni sui cookie dei social network o di altri siti web esterni, le consigliamo di controllare le loro politiche sui cookie.<\/p>\n<h3><strong>Impostazioni dei cookie per i browser pi\u00f9 diffusi\u00a0<\/strong><\/h3>\n<p>(Nota: questi passaggi possono variare a seconda della versione del suo browser)<\/p>\n<p><u>Cromo<\/u>:<br \/>\nVada alle Impostazioni cliccando sull'icona di personalizzazione in alto a destra con tre punti verticali.<br \/>\nVada a Privacy e sicurezza.<br \/>\nSelezionare Cookie e altri dati del sito web. Qui pu\u00f2 scegliere come controllare i cookie.<\/p>\n<p><u>Bordo<\/u>:<br \/>\nVada alle Impostazioni cliccando sulle tre barre orizzontali in alto a destra del browser.<br \/>\nClicchi su Impostazioni e poi su Cookie e autorizzazioni del sito.<br \/>\nL\u00ec pu\u00f2 scegliere come controllare i cookie.<\/p>\n<p><u>Firefox<\/u>:<br \/>\nVada alle Impostazioni cliccando sulle tre barre orizzontali in alto a destra del browser.<br \/>\nClicchi su Privacy e sicurezza.<br \/>\nIn Cookie e dati del sito pu\u00f2 gestire tutto ci\u00f2 che riguarda i cookie.<\/p>\n<p><u>Opera<\/u>:<br \/>\nVada alle Impostazioni facili cliccando sulle tre barre orizzontali in alto a destra del browser.<br \/>\nClicchi su Privacy e sicurezza.<br \/>\nIn Cookie e altri dati del sito pu\u00f2 gestire tutto ci\u00f2 che riguarda i cookie.<\/p>\n<p><u>Safari per OSX:<br \/>\n<\/u>Vada su Preferenze, poi su Privacy.<br \/>\nQui vedr\u00e0 l'opzione Blocca i cookie per impostare il tipo di blocco che desidera.<\/p>\n<p><u>Safari per iOS:<br \/>\n<\/u>Vada su Impostazioni, poi su Safari.<br \/>\nVada su Privacy e Sicurezza, vedr\u00e0 l'opzione Blocca i cookie per regolare il tipo di blocco che desidera effettuare.<\/p>\n<p><u>Android<\/u>:<br \/>\nAvvii il navigatore e prema il tasto Menu, quindi Impostazioni.<br \/>\nVada su Sicurezza e Privacy, vedr\u00e0 l'opzione Accetta i cookie per selezionare o deselezionare la casella.<\/p>\n<h4><strong>Altre informazioni sui cookie <\/strong><\/h4>\n<p>Non vengono trasferiti dati a terzi e non viene effettuata alcuna profilazione automatizzata con le informazioni ottenute dai cookie.<\/p>\n<p>Pu\u00f2 accedere a ulteriori informazioni sulla sua privacy nell'Avviso legale del sito web.<\/p>\n<p>Inoltre, pu\u00f2 sempre presentare reclami sui suoi diritti all'Autorit\u00e0 di vigilanza (<a href=\"http:\/\/www.aepd.es\" target=\"_blank\" rel=\"noopener\">www.aepd.es<\/a>) che contiene anche diverse guide sui cookie e sulla privacy sul web.<\/p>\n\n\t\t<\/div> \n\t<\/div> <\/div><\/div><\/div><\/div><\/div><\/div>\t<div class=\"vc_empty_space\"  style=\"height: 100px\" ><span\r\n\t\t\tclass=\"vc_empty_space_inner\">\r\n\t\t\t<span class=\"empty_space_image\"  ><\/span>\r\n\t\t<\/span><\/div>\r\n\n<\/div><\/div><\/div><\/div><\/div><\/div>","protected":false},"excerpt":{"rendered":"Politica sui cookie Cosa sono i cookie? Un cookie \u00e8 un file che viene scaricato sul suo computer quando accede a determinati siti web. I cookie consentono a un sito web, tra le altre cose, di memorizzare e recuperare informazioni sulle abitudini di navigazione di un utente o del suo computer...","protected":false},"author":4,"featured_media":0,"parent":0,"menu_order":0,"comment_status":"closed","ping_status":"closed","template":"full_width.php","meta":{"footnotes":""},"class_list":["post-460","page","type-page","status-publish","hentry"],"yoast_head":"<!-- This site is optimized with the Yoast SEO plugin v27.0 - https:\/\/yoast.com\/product\/yoast-seo-wordpress\/ -->\n<title>Pol\u00edtica de Cookies - Saborea La Palma<\/title>\n<meta name=\"robots\" content=\"index, follow, max-snippet:-1, max-image-preview:large, max-video-preview:-1\" \/>\n<link rel=\"canonical\" href=\"https:\/\/saborealapalma.es\/it\/politica-cookies\/\" \/>\n<meta property=\"og:locale\" content=\"it_IT\" \/>\n<meta property=\"og:type\" content=\"article\" \/>\n<meta property=\"og:title\" content=\"Pol\u00edtica de Cookies - Saborea La Palma\" \/>\n<meta property=\"og:url\" content=\"https:\/\/saborealapalma.es\/it\/politica-cookies\/\" \/>\n<meta property=\"og:site_name\" content=\"Saborea La Palma\" \/>\n<meta property=\"article:modified_time\" content=\"2024-02-20T14:16:00+00:00\" \/>\n<meta name=\"twitter:card\" content=\"summary_large_image\" \/>\n<meta name=\"twitter:label1\" content=\"Tempo di lettura stimato\" \/>\n\t<meta name=\"twitter:data1\" content=\"7 minuti\" \/>\n<script type=\"application\/ld+json\" class=\"yoast-schema-graph\">{\"@context\":\"https:\/\/schema.org\",\"@graph\":[{\"@type\":\"WebPage\",\"@id\":\"https:\/\/saborealapalma.es\/politica-cookies\/\",\"url\":\"https:\/\/saborealapalma.es\/politica-cookies\/\",\"name\":\"Pol\u00edtica de Cookies - Saborea La Palma\",\"isPartOf\":{\"@id\":\"https:\/\/saborealapalma.es\/#website\"},\"datePublished\":\"2020-11-06T16:33:58+00:00\",\"dateModified\":\"2024-02-20T14:16:00+00:00\",\"breadcrumb\":{\"@id\":\"https:\/\/saborealapalma.es\/politica-cookies\/#breadcrumb\"},\"inLanguage\":\"it-IT\",\"potentialAction\":[{\"@type\":\"ReadAction\",\"target\":[\"https:\/\/saborealapalma.es\/politica-cookies\/\"]}]},{\"@type\":\"BreadcrumbList\",\"@id\":\"https:\/\/saborealapalma.es\/politica-cookies\/#breadcrumb\",\"itemListElement\":[{\"@type\":\"ListItem\",\"position\":1,\"name\":\"Portada\",\"item\":\"https:\/\/saborealapalma.es\/\"},{\"@type\":\"ListItem\",\"position\":2,\"name\":\"Pol\u00edtica de Cookies\"}]},{\"@type\":\"WebSite\",\"@id\":\"https:\/\/saborealapalma.es\/#website\",\"url\":\"https:\/\/saborealapalma.es\/\",\"name\":\"Saborea La Palma\",\"description\":\"Saborea La Palma es el proyecto que lidera la Sociedad de Promoci\u00f3n Econ\u00f3mica de La Palma (SODEPAL S.A.U.M.P), empresa p\u00fablica dependiente de Cabildo Insular de La Palma, para la revalorizaci\u00f3n y el posicionamiento de la gastronom\u00eda palmera en los mercados regionales, nacionales e internacionales.\",\"potentialAction\":[{\"@type\":\"SearchAction\",\"target\":{\"@type\":\"EntryPoint\",\"urlTemplate\":\"https:\/\/saborealapalma.es\/?s={search_term_string}\"},\"query-input\":{\"@type\":\"PropertyValueSpecification\",\"valueRequired\":true,\"valueName\":\"search_term_string\"}}],\"inLanguage\":\"it-IT\"}]}<\/script>\n<!-- \/ Yoast SEO plugin. -->","yoast_head_json":{"title":"Pol\u00edtica de Cookies - Saborea La Palma","robots":{"index":"index","follow":"follow","max-snippet":"max-snippet:-1","max-image-preview":"max-image-preview:large","max-video-preview":"max-video-preview:-1"},"canonical":"https:\/\/saborealapalma.es\/it\/politica-cookies\/","og_locale":"it_IT","og_type":"article","og_title":"Pol\u00edtica de Cookies - Saborea La Palma","og_url":"https:\/\/saborealapalma.es\/it\/politica-cookies\/","og_site_name":"Saborea La Palma","article_modified_time":"2024-02-20T14:16:00+00:00","twitter_card":"summary_large_image","twitter_misc":{"Tempo di lettura stimato":"7 minuti"},"schema":{"@context":"https:\/\/schema.org","@graph":[{"@type":"WebPage","@id":"https:\/\/saborealapalma.es\/politica-cookies\/","url":"https:\/\/saborealapalma.es\/politica-cookies\/","name":"Pol\u00edtica de Cookies - Saborea La Palma","isPartOf":{"@id":"https:\/\/saborealapalma.es\/#website"},"datePublished":"2020-11-06T16:33:58+00:00","dateModified":"2024-02-20T14:16:00+00:00","breadcrumb":{"@id":"https:\/\/saborealapalma.es\/politica-cookies\/#breadcrumb"},"inLanguage":"it-IT","potentialAction":[{"@type":"ReadAction","target":["https:\/\/saborealapalma.es\/politica-cookies\/"]}]},{"@type":"BreadcrumbList","@id":"https:\/\/saborealapalma.es\/politica-cookies\/#breadcrumb","itemListElement":[{"@type":"ListItem","position":1,"name":"Portada","item":"https:\/\/saborealapalma.es\/"},{"@type":"ListItem","position":2,"name":"Pol\u00edtica de Cookies"}]},{"@type":"WebSite","@id":"https:\/\/saborealapalma.es\/#website","url":"https:\/\/saborealapalma.es\/","name":"Assaggia La Palma","description":"Saborea La Palma \u00e8 il progetto guidato dalla Sociedad de Promoci\u00f3n Econ\u00f3mica de La Palma (SODEPAL S.A.U.M.P), una societ\u00e0 pubblica dipendente dal Cabildo Insular de La Palma, per la rivalutazione e il posizionamento della gastronomia di La Palma nei mercati regionali, nazionali e internazionali.","potentialAction":[{"@type":"SearchAction","target":{"@type":"EntryPoint","urlTemplate":"https:\/\/saborealapalma.es\/?s={search_term_string}"},"query-input":{"@type":"PropertyValueSpecification","valueRequired":true,"valueName":"search_term_string"}}],"inLanguage":"it-IT"}]}},"_links":{"self":[{"href":"https:\/\/saborealapalma.es\/it\/wp-json\/wp\/v2\/pages\/460","targetHints":{"allow":["GET"]}}],"collection":[{"href":"https:\/\/saborealapalma.es\/it\/wp-json\/wp\/v2\/pages"}],"about":[{"href":"https:\/\/saborealapalma.es\/it\/wp-json\/wp\/v2\/types\/page"}],"author":[{"embeddable":true,"href":"https:\/\/saborealapalma.es\/it\/wp-json\/wp\/v2\/users\/4"}],"replies":[{"embeddable":true,"href":"https:\/\/saborealapalma.es\/it\/wp-json\/wp\/v2\/comments?post=460"}],"version-history":[{"count":0,"href":"https:\/\/saborealapalma.es\/it\/wp-json\/wp\/v2\/pages\/460\/revisions"}],"wp:attachment":[{"href":"https:\/\/saborealapalma.es\/it\/wp-json\/wp\/v2\/media?parent=460"}],"curies":[{"name":"wp","href":"https:\/\/api.w.org\/{rel}","templated":true}]}}