{"id":466,"date":"2020-11-06T17:15:23","date_gmt":"2020-11-06T17:15:23","guid":{"rendered":"http:\/\/saborealapalma.es\/?page_id=466"},"modified":"2024-04-16T15:43:59","modified_gmt":"2024-04-16T14:43:59","slug":"politica-privacidad-aviso-legal","status":"publish","type":"page","link":"https:\/\/saborealapalma.es\/it\/politica-privacidad-aviso-legal\/","title":{"rendered":"Informativa sulla privacy"},"content":{"rendered":"<div      class=\"vc_row wpb_row section vc_row-fluid  grid_section\" style=' text-align:left;'><div class=\"section_inner clearfix\"><div class='section_inner_margin clearfix'><div class=\"wpb_column vc_column_container vc_col-sm-12\"><div class=\"vc_column-inner\"><div class=\"wpb_wrapper\"><div      class=\"vc_row wpb_row section vc_row-fluid vc_inner  grid_section\" style=' text-align:left;'><div class=\"section_inner clearfix\"><div class='section_inner_margin clearfix'><div class=\"wpb_column vc_column_container vc_col-sm-12\"><div class=\"vc_column-inner\"><div class=\"wpb_wrapper\">\t<div class=\"vc_empty_space\"  style=\"height: 50px\" ><span\r\n\t\t\tclass=\"vc_empty_space_inner\">\r\n\t\t\t<span class=\"empty_space_image\"  ><\/span>\r\n\t\t<\/span><\/div>\r\n\n\n\t<div class=\"wpb_text_column wpb_content_element\">\n\t\t<div class=\"wpb_wrapper\">\n\t\t\t<h1 style=\"text-align: center;\">Informativa sulla privacy e Avviso legale<\/h1>\n\n\t\t<\/div> \n\t<\/div> \t<div class=\"vc_empty_space\"  style=\"height: 50px\" ><span\r\n\t\t\tclass=\"vc_empty_space_inner\">\r\n\t\t\t<span class=\"empty_space_image\"  ><\/span>\r\n\t\t<\/span><\/div>\r\n\n<\/div><\/div><\/div><\/div><\/div><\/div><\/div><\/div><\/div><\/div><\/div><\/div><div      class=\"vc_row wpb_row section vc_row-fluid  grid_section\" style=' text-align:left;'><div class=\"section_inner clearfix\"><div class='section_inner_margin clearfix'><div class=\"wpb_column vc_column_container vc_col-sm-12\"><div class=\"vc_column-inner\"><div class=\"wpb_wrapper\"><div      class=\"vc_row wpb_row section vc_row-fluid vc_inner  grid_section\" style=' text-align:left;'><div class=\"section_inner clearfix\"><div class='section_inner_margin clearfix'><div class=\"wpb_column vc_column_container vc_col-sm-12\"><div class=\"vc_column-inner\"><div class=\"wpb_wrapper\">\t<div class=\"vc_empty_space\"  style=\"height: 50px\" ><span\r\n\t\t\tclass=\"vc_empty_space_inner\">\r\n\t\t\t<span class=\"empty_space_image\"  ><\/span>\r\n\t\t<\/span><\/div>\r\n\n\n\t<div class=\"wpb_text_column wpb_content_element\">\n\t\t<div class=\"wpb_wrapper\">\n\t\t\t<h3>Informazioni generali<\/h3>\n<p>In conformit\u00e0 con l'obbligo di fornire informazioni richiesto dalla Legge 34\/2002, dell'11 luglio, sui Servizi della Societ\u00e0 dell'Informazione e del Commercio Elettronico, le informazioni generali sul sito web sono dettagliate di seguito:<\/p>\n<ul>\n<li>SOCIET\u00c0 DI PROMOZIONE E SVILUPPO ECONOMICO DELL'ISOLA DI PALMA SAU- A38732566<\/li>\n<li>AVENIDA DE LOS INDIANOS 14 2\u00baB- 38700 - SANTA CRUZ DE LA PALMA<\/li>\n<li>Registro Commerciale di Santa Cruz de La Palma, volume 46, foglio 211, pagina IP-2049, voce 1.<\/li>\n<li>Telefono: 922417323<\/li>\n<li>Email: gerencia@sodepal.es<\/li>\n<\/ul>\n<h3>Termini e condizioni d'uso<\/h3>\n<p>L'accesso e l'utilizzo di questo sito web conferisce al visitatore la condizione di utente. Ci\u00f2 implica che l'utente accetta le condizioni di utilizzo in vigore in ogni momento e si impegna a fare un uso appropriato dei contenuti del sito web e a osservare e rispettare rigorosamente le disposizioni del presente avviso e di qualsiasi normativa applicabile.<\/p>\n<p>Allo stesso modo, l'utente si impegna a:<br \/>\nFornire informazioni accurate sui dati di registrazione e mantenerli aggiornati;<br \/>\nNon diffondere contenuti contrari alla legge o alla dignit\u00e0 della persona; discriminatori per nascita, razza, sesso, religione, opinione o qualsiasi altra condizione o circostanza personale o sociale; o che, in qualsiasi modo, siano contrari alla legge e all'ordine pubblico;<br \/>\n<strong>SOCIET\u00c0 DI PROMOZIONE E SVILUPPO ECONOMICO DELL'ISOLA DI PALMA SAU<\/strong> si riserva il diritto di apportare le modifiche che ritiene opportune, aggiungendo, cambiando o eliminando i contenuti o i servizi forniti attraverso il sito web, nonch\u00e9 di rimuovere qualsiasi contributo o commento che contravvenga alle regole sopra descritte.<br \/>\n<strong>SOCIET\u00c0 DI PROMOZIONE E SVILUPPO ECONOMICO DELL'ISOLA DI PALMA SAU<\/strong> non sar\u00e0 in alcun caso responsabile delle opinioni espresse dall'utente attraverso gli strumenti di partecipazione offerti dal sito web.<br \/>\n<strong>L'accesso al sito web \u00e8 gratuito per l'utente in tutte le sue parti, contenuti, ecc.<\/strong><br \/>\nL'utente dichiara, sotto la sua responsabilit\u00e0, di essere maggiorenne e di avere la capacit\u00e0 sufficiente per essere vincolato da queste condizioni.<\/p>\n<h3><strong>Politica sulla privacy e sulla protezione dei dati<\/strong><\/h3>\n<p>I dati personali forniti elettronicamente attraverso i moduli presenti sul sito web saranno trattati al fine di rispondere alla sua richiesta, inviarle pubblicit\u00e0 dei nostri prodotti\/servizi con qualsiasi mezzo (fisico o elettronico) e invitarla agli eventi organizzati dall'azienda. I dati del trattamento sono:<\/p>\n<h4><strong>Chi \u00e8 responsabile?<\/strong><\/h4>\n<ul>\n<li>Parti responsabili: SOCIEDAD DE PROMOCION Y DESARROLLO ECONOMICO DE LA ISLA DE LA PALMA SAU<\/li>\n<li>Indirizzo: AVENIDA DE LOS INDIANOS 14 2\u00baB - 38700 - SANTA CRUZ DE LA PALMA<\/li>\n<li>Telefono: 922417323<\/li>\n<li>Posta:\u00a0\u00a0\u00a0\u00a0\u00a0\u00a0\u00a0\u00a0\u00a0\u00a0 <a href=\"mailto:gerencia@sodepal.es\">gerencia@sodepal.es<\/a><\/li>\n<\/ul>\n<h4><strong>Chi \u00e8 il responsabile della protezione dei dati?<\/strong><\/h4>\n<ul>\n<li>Delegato: MIGUEL ANGEL ALVAREZ DIAZ<\/li>\n<li>Posta:\u00a0\u00a0\u00a0\u00a0\u00a0\u00a0\u00a0\u00a0\u00a0\u00a0 <a href=\"mailto:dpo@gextiona.com\">dpo@gextiona.com<\/a><\/li>\n<\/ul>\n<h4><strong>Per quali scopi trattiamo i suoi dati personali?<\/strong><\/h4>\n<p>Invio di informazioni e prospezione commerciale.<br \/>\nPer poterle offrire prodotti e servizi in base ai suoi interessi e per migliorare la sua esperienza di utente, creeremo un profilo di marketing basato sulle informazioni fornite. Non verranno prese decisioni automatizzate sulla base di questo profilo.<\/p>\n<h4><strong>Per quanto tempo conserveremo i suoi dati?<\/strong><\/h4>\n<p>Per la durata del rapporto contrattuale, se lei \u00e8 un cliente.<br \/>\nPer un periodo di un anno dall'ultima conferma di interesse, se non \u00e8 un cliente.<\/p>\n<h4><strong>Qual \u00e8 la legittimit\u00e0 del trattamento dei suoi dati personali?<\/strong><\/h4>\n<p>L'offerta prospettica di prodotti e servizi si basa sul suo consenso, senza che in nessun caso il ritiro del consenso costituisca una condizione per l'esecuzione del contratto di servizio.<\/p>\n<h4><strong>A quali destinatari saranno comunicati i suoi dati?<\/strong><\/h4>\n<p>Non saranno mai trasferiti a terzi.<\/p>\n<h4><strong>Quali sono i suoi diritti quando ci fornisce i suoi dati personali?<\/strong><\/h4>\n<p>Qualsiasi persona ha il diritto di ottenere la conferma che stiamo elaborando o meno i dati personali che la riguardano. Gli interessati hanno il diritto di accedere ai propri dati personali, nonch\u00e9 il diritto di richiedere la rettifica dei dati inesatti o, se del caso, di richiederne la cancellazione quando, tra le altre ragioni, i dati non sono pi\u00f9 necessari per le finalit\u00e0 per cui sono stati raccolti. In determinate circostanze, gli interessati possono richiedere la limitazione del trattamento dei loro dati, nel qual caso li conserveremo solo per l'esercizio o la difesa dei diritti. In determinate circostanze e per motivi legati alla loro situazione particolare, gli interessati possono opporsi al trattamento dei loro dati. Inoltre, possono presentare reclami sui loro diritti all'autorit\u00e0 di vigilanza (www.aepd.es).<\/p>\n<h3>Politica di collegamento<\/h3>\n<p>Il sito web pu\u00f2 contenere link ad altri siti web con politiche sulla privacy diverse da questa. SOCIEDAD DE PROMOCION Y DESARROLLO ECONOMICO DE LA ISLA DE LA PALMA SAU non \u00e8 responsabile del contenuto o delle pratiche dei siti collegati e si raccomanda all'utente di leggere in dettaglio la politica sulla privacy di qualsiasi sito web a cui si accede da questo.<\/p>\n<h4>Propriet\u00e0 intellettuale e industriale<\/h4>\n<p>I diritti di propriet\u00e0 intellettuale e industriale, i diritti di sfruttamento e di riproduzione di questo sito web (pagine, schermate, informazioni, aspetto, struttura e design, codice sorgente, file audio e software, nonch\u00e9 link) sono di propriet\u00e0, concessi in licenza o assegnati a <strong>SOCIET\u00c0 DI PROMOZIONE E SVILUPPO ECONOMICO DELL'ISOLA DI PALMA SAU<\/strong> se non diversamente specificato.<\/p>\n<p>Il nome, il design e i loghi che compongono questo sito web sono marchi registrati. Il loro uso improprio pu\u00f2 essere perseguito in conformit\u00e0 alla legislazione vigente.<\/p>\n<p>I diritti di propriet\u00e0 intellettuale e i marchi di terzi sono evidenziati e devono essere rispettati dall'utente in ogni caso.<\/p>\n\n\t\t<\/div> \n\t<\/div> \t<div class=\"vc_empty_space\"  style=\"height: 100px\" ><span\r\n\t\t\tclass=\"vc_empty_space_inner\">\r\n\t\t\t<span class=\"empty_space_image\"  ><\/span>\r\n\t\t<\/span><\/div>\r\n\n\n\t<div class=\"wpb_text_column wpb_content_element\">\n\t\t<div class=\"wpb_wrapper\">\n\t\t\t\n\t\t<\/div> \n\t<\/div> <\/div><\/div><\/div><\/div><\/div><\/div><\/div><\/div><\/div><\/div><\/div><\/div>","protected":false},"excerpt":{"rendered":"Informativa sulla privacy e avviso legale Informazioni generali In conformit\u00e0 con l'obbligo di informazione richiesto dalla Legge 34\/2002, dell'11 luglio, sui Servizi della Societ\u00e0 dell'Informazione e del Commercio Elettronico, le informazioni generali del sito web sono dettagliate di seguito: SOCIEDAD DE PROMOCION...","protected":false},"author":4,"featured_media":0,"parent":0,"menu_order":0,"comment_status":"closed","ping_status":"closed","template":"full_width.php","meta":{"footnotes":""},"class_list":["post-466","page","type-page","status-publish","hentry"],"yoast_head":"<!-- This site is optimized with the Yoast SEO plugin v27.0 - https:\/\/yoast.com\/product\/yoast-seo-wordpress\/ -->\n<title>Pol\u00edtica de Privacidad - Saborea La Palma<\/title>\n<meta name=\"robots\" content=\"index, follow, max-snippet:-1, max-image-preview:large, max-video-preview:-1\" \/>\n<link rel=\"canonical\" href=\"https:\/\/saborealapalma.es\/it\/politica-privacidad-aviso-legal\/\" \/>\n<meta property=\"og:locale\" content=\"it_IT\" \/>\n<meta property=\"og:type\" content=\"article\" \/>\n<meta property=\"og:title\" content=\"Pol\u00edtica de Privacidad - Saborea La Palma\" \/>\n<meta property=\"og:url\" content=\"https:\/\/saborealapalma.es\/it\/politica-privacidad-aviso-legal\/\" \/>\n<meta property=\"og:site_name\" content=\"Saborea La Palma\" \/>\n<meta property=\"article:modified_time\" content=\"2024-04-16T14:43:59+00:00\" \/>\n<meta name=\"twitter:card\" content=\"summary_large_image\" \/>\n<meta name=\"twitter:label1\" content=\"Tempo di lettura stimato\" \/>\n\t<meta name=\"twitter:data1\" content=\"5 minuti\" \/>\n<script type=\"application\/ld+json\" class=\"yoast-schema-graph\">{\"@context\":\"https:\/\/schema.org\",\"@graph\":[{\"@type\":\"WebPage\",\"@id\":\"https:\/\/saborealapalma.es\/politica-privacidad-aviso-legal\/\",\"url\":\"https:\/\/saborealapalma.es\/politica-privacidad-aviso-legal\/\",\"name\":\"Pol\u00edtica de Privacidad - Saborea La Palma\",\"isPartOf\":{\"@id\":\"https:\/\/saborealapalma.es\/#website\"},\"datePublished\":\"2020-11-06T17:15:23+00:00\",\"dateModified\":\"2024-04-16T14:43:59+00:00\",\"breadcrumb\":{\"@id\":\"https:\/\/saborealapalma.es\/politica-privacidad-aviso-legal\/#breadcrumb\"},\"inLanguage\":\"it-IT\",\"potentialAction\":[{\"@type\":\"ReadAction\",\"target\":[\"https:\/\/saborealapalma.es\/politica-privacidad-aviso-legal\/\"]}]},{\"@type\":\"BreadcrumbList\",\"@id\":\"https:\/\/saborealapalma.es\/politica-privacidad-aviso-legal\/#breadcrumb\",\"itemListElement\":[{\"@type\":\"ListItem\",\"position\":1,\"name\":\"Portada\",\"item\":\"https:\/\/saborealapalma.es\/\"},{\"@type\":\"ListItem\",\"position\":2,\"name\":\"Pol\u00edtica de Privacidad\"}]},{\"@type\":\"WebSite\",\"@id\":\"https:\/\/saborealapalma.es\/#website\",\"url\":\"https:\/\/saborealapalma.es\/\",\"name\":\"Saborea La Palma\",\"description\":\"Saborea La Palma es el proyecto que lidera la Sociedad de Promoci\u00f3n Econ\u00f3mica de La Palma (SODEPAL S.A.U.M.P), empresa p\u00fablica dependiente de Cabildo Insular de La Palma, para la revalorizaci\u00f3n y el posicionamiento de la gastronom\u00eda palmera en los mercados regionales, nacionales e internacionales.\",\"potentialAction\":[{\"@type\":\"SearchAction\",\"target\":{\"@type\":\"EntryPoint\",\"urlTemplate\":\"https:\/\/saborealapalma.es\/?s={search_term_string}\"},\"query-input\":{\"@type\":\"PropertyValueSpecification\",\"valueRequired\":true,\"valueName\":\"search_term_string\"}}],\"inLanguage\":\"it-IT\"}]}<\/script>\n<!-- \/ Yoast SEO plugin. -->","yoast_head_json":{"title":"Pol\u00edtica de Privacidad - Saborea La Palma","robots":{"index":"index","follow":"follow","max-snippet":"max-snippet:-1","max-image-preview":"max-image-preview:large","max-video-preview":"max-video-preview:-1"},"canonical":"https:\/\/saborealapalma.es\/it\/politica-privacidad-aviso-legal\/","og_locale":"it_IT","og_type":"article","og_title":"Pol\u00edtica de Privacidad - Saborea La Palma","og_url":"https:\/\/saborealapalma.es\/it\/politica-privacidad-aviso-legal\/","og_site_name":"Saborea La Palma","article_modified_time":"2024-04-16T14:43:59+00:00","twitter_card":"summary_large_image","twitter_misc":{"Tempo di lettura stimato":"5 minuti"},"schema":{"@context":"https:\/\/schema.org","@graph":[{"@type":"WebPage","@id":"https:\/\/saborealapalma.es\/politica-privacidad-aviso-legal\/","url":"https:\/\/saborealapalma.es\/politica-privacidad-aviso-legal\/","name":"Pol\u00edtica de Privacidad - Saborea La Palma","isPartOf":{"@id":"https:\/\/saborealapalma.es\/#website"},"datePublished":"2020-11-06T17:15:23+00:00","dateModified":"2024-04-16T14:43:59+00:00","breadcrumb":{"@id":"https:\/\/saborealapalma.es\/politica-privacidad-aviso-legal\/#breadcrumb"},"inLanguage":"it-IT","potentialAction":[{"@type":"ReadAction","target":["https:\/\/saborealapalma.es\/politica-privacidad-aviso-legal\/"]}]},{"@type":"BreadcrumbList","@id":"https:\/\/saborealapalma.es\/politica-privacidad-aviso-legal\/#breadcrumb","itemListElement":[{"@type":"ListItem","position":1,"name":"Portada","item":"https:\/\/saborealapalma.es\/"},{"@type":"ListItem","position":2,"name":"Pol\u00edtica de Privacidad"}]},{"@type":"WebSite","@id":"https:\/\/saborealapalma.es\/#website","url":"https:\/\/saborealapalma.es\/","name":"Assaggia La Palma","description":"Saborea La Palma \u00e8 il progetto guidato dalla Sociedad de Promoci\u00f3n Econ\u00f3mica de La Palma (SODEPAL S.A.U.M.P), una societ\u00e0 pubblica dipendente dal Cabildo Insular de La Palma, per la rivalutazione e il posizionamento della gastronomia di La Palma nei mercati regionali, nazionali e internazionali.","potentialAction":[{"@type":"SearchAction","target":{"@type":"EntryPoint","urlTemplate":"https:\/\/saborealapalma.es\/?s={search_term_string}"},"query-input":{"@type":"PropertyValueSpecification","valueRequired":true,"valueName":"search_term_string"}}],"inLanguage":"it-IT"}]}},"_links":{"self":[{"href":"https:\/\/saborealapalma.es\/it\/wp-json\/wp\/v2\/pages\/466","targetHints":{"allow":["GET"]}}],"collection":[{"href":"https:\/\/saborealapalma.es\/it\/wp-json\/wp\/v2\/pages"}],"about":[{"href":"https:\/\/saborealapalma.es\/it\/wp-json\/wp\/v2\/types\/page"}],"author":[{"embeddable":true,"href":"https:\/\/saborealapalma.es\/it\/wp-json\/wp\/v2\/users\/4"}],"replies":[{"embeddable":true,"href":"https:\/\/saborealapalma.es\/it\/wp-json\/wp\/v2\/comments?post=466"}],"version-history":[{"count":2,"href":"https:\/\/saborealapalma.es\/it\/wp-json\/wp\/v2\/pages\/466\/revisions"}],"predecessor-version":[{"id":6665,"href":"https:\/\/saborealapalma.es\/it\/wp-json\/wp\/v2\/pages\/466\/revisions\/6665"}],"wp:attachment":[{"href":"https:\/\/saborealapalma.es\/it\/wp-json\/wp\/v2\/media?parent=466"}],"curies":[{"name":"wp","href":"https:\/\/api.w.org\/{rel}","templated":true}]}}