{"id":6402,"date":"2024-03-13T12:23:50","date_gmt":"2024-03-13T12:23:50","guid":{"rendered":"https:\/\/saborealapalma.es\/?page_id=6402"},"modified":"2024-03-13T13:31:07","modified_gmt":"2024-03-13T13:31:07","slug":"patrimonio-gastronomico","status":"publish","type":"page","link":"https:\/\/saborealapalma.es\/it\/patrimonio-gastronomico\/","title":{"rendered":"Patrimonio gastronomico"},"content":{"rendered":"<div data-elementor-type=\"wp-page\" data-elementor-id=\"6402\" class=\"elementor elementor-6402\" data-elementor-post-type=\"page\">\n\t\t\t\t\t\t<section data-particle_enable=\"false\" data-particle-mobile-disabled=\"false\" class=\"elementor-section elementor-top-section elementor-element elementor-element-89a0cbd elementor-section-boxed elementor-section-height-default elementor-section-height-default parallax_section_no qode_elementor_container_no\" data-id=\"89a0cbd\" data-element_type=\"section\" data-e-type=\"section\">\n\t\t\t\t\t\t<div class=\"elementor-container elementor-column-gap-default\">\n\t\t\t\t\t<div class=\"elementor-column elementor-col-100 elementor-top-column elementor-element elementor-element-a62bee3\" data-id=\"a62bee3\" data-element_type=\"column\" data-e-type=\"column\">\n\t\t\t<div class=\"elementor-widget-wrap elementor-element-populated\">\n\t\t\t\t\t\t<div class=\"elementor-element elementor-element-0af8cc4 elementor-widget elementor-widget-heading\" data-id=\"0af8cc4\" data-element_type=\"widget\" data-e-type=\"widget\" data-widget_type=\"heading.default\">\n\t\t\t\t<div class=\"elementor-widget-container\">\n\t\t\t\t\t<h2 class=\"elementor-heading-title elementor-size-default\">Patrimonio gastronomico<\/h2>\t\t\t\t<\/div>\n\t\t\t\t<\/div>\n\t\t\t\t\t<\/div>\n\t\t<\/div>\n\t\t\t\t\t<\/div>\n\t\t<\/section>\n\t\t\t\t<section data-particle_enable=\"false\" data-particle-mobile-disabled=\"false\" class=\"elementor-section elementor-top-section elementor-element elementor-element-7f22ff4 elementor-section-boxed elementor-section-height-default elementor-section-height-default parallax_section_no qode_elementor_container_no\" data-id=\"7f22ff4\" data-element_type=\"section\" data-e-type=\"section\">\n\t\t\t\t\t\t<div class=\"elementor-container elementor-column-gap-default\">\n\t\t\t\t\t<div class=\"elementor-column elementor-col-33 elementor-top-column elementor-element elementor-element-8caa802\" data-id=\"8caa802\" data-element_type=\"column\" data-e-type=\"column\">\n\t\t\t<div class=\"elementor-widget-wrap elementor-element-populated\">\n\t\t\t\t\t\t<div class=\"elementor-element elementor-element-4b05c01 dce_masking-none elementor-widget elementor-widget-image\" data-id=\"4b05c01\" data-element_type=\"widget\" data-e-type=\"widget\" data-widget_type=\"image.default\">\n\t\t\t\t<div class=\"elementor-widget-container\">\n\t\t\t\t\t\t\t\t\t\t\t\t\t\t\t\t<a href=\"https:\/\/saborealapalma.es\/it\/patrimonio-gastronomico\/vaca-palmera\/\">\n\t\t\t\t\t\t\t<img fetchpriority=\"high\" decoding=\"async\" width=\"1024\" height=\"683\" src=\"https:\/\/saborealapalma.es\/wp-content\/uploads\/2024\/03\/vaca_palmera2-1024x683.jpg\" class=\"elementor-animation-shrink attachment-large size-large wp-image-6408\" alt=\"\" srcset=\"https:\/\/saborealapalma.es\/wp-content\/uploads\/2024\/03\/vaca_palmera2-1024x683.jpg 1024w, https:\/\/saborealapalma.es\/wp-content\/uploads\/2024\/03\/vaca_palmera2-300x200.jpg 300w, https:\/\/saborealapalma.es\/wp-content\/uploads\/2024\/03\/vaca_palmera2-768x512.jpg 768w, https:\/\/saborealapalma.es\/wp-content\/uploads\/2024\/03\/vaca_palmera2-18x12.jpg 18w, https:\/\/saborealapalma.es\/wp-content\/uploads\/2024\/03\/vaca_palmera2-700x467.jpg 700w, https:\/\/saborealapalma.es\/wp-content\/uploads\/2024\/03\/vaca_palmera2.jpg 1440w\" sizes=\"(max-width: 1024px) 100vw, 1024px\" \/>\t\t\t\t\t\t\t\t<\/a>\n\t\t\t\t\t\t\t\t\t\t\t\t\t\t\t<\/div>\n\t\t\t\t<\/div>\n\t\t\t\t<div class=\"elementor-element elementor-element-ea9dc53 elementor-widget elementor-widget-heading\" data-id=\"ea9dc53\" data-element_type=\"widget\" data-e-type=\"widget\" data-widget_type=\"heading.default\">\n\t\t\t\t<div class=\"elementor-widget-container\">\n\t\t\t\t\t<h2 class=\"elementor-heading-title elementor-size-default\"><a href=\"https:\/\/saborealapalma.es\/it\/patrimonio-gastronomico\/vaca-palmera\/\">MUCCA DI PALMA<\/a><\/h2>\t\t\t\t<\/div>\n\t\t\t\t<\/div>\n\t\t\t\t\t<\/div>\n\t\t<\/div>\n\t\t\t\t<div class=\"elementor-column elementor-col-33 elementor-top-column elementor-element elementor-element-3b78d42 elementor-hidden-mobile\" data-id=\"3b78d42\" data-element_type=\"column\" data-e-type=\"column\">\n\t\t\t<div class=\"elementor-widget-wrap\">\n\t\t\t\t\t\t\t<\/div>\n\t\t<\/div>\n\t\t\t\t<div class=\"elementor-column elementor-col-33 elementor-top-column elementor-element elementor-element-1adc6ae elementor-hidden-mobile\" data-id=\"1adc6ae\" data-element_type=\"column\" data-e-type=\"column\">\n\t\t\t<div class=\"elementor-widget-wrap\">\n\t\t\t\t\t\t\t<\/div>\n\t\t<\/div>\n\t\t\t\t\t<\/div>\n\t\t<\/section>\n\t\t\t\t<\/div>","protected":false},"excerpt":{"rendered":"<p>Patrimonio gastronomico VACA PALMERA<\/p>","protected":false},"author":4,"featured_media":0,"parent":0,"menu_order":0,"comment_status":"closed","ping_status":"closed","template":"","meta":{"footnotes":""},"class_list":["post-6402","page","type-page","status-publish","hentry"],"yoast_head":"<!-- This site is optimized with the Yoast SEO plugin v27.0 - https:\/\/yoast.com\/product\/yoast-seo-wordpress\/ -->\n<title>Patrimonio gastron\u00f3mico - Saborea La Palma<\/title>\n<meta name=\"robots\" content=\"index, follow, max-snippet:-1, max-image-preview:large, max-video-preview:-1\" \/>\n<link rel=\"canonical\" href=\"https:\/\/saborealapalma.es\/it\/patrimonio-gastronomico\/\" \/>\n<meta property=\"og:locale\" content=\"it_IT\" \/>\n<meta property=\"og:type\" content=\"article\" \/>\n<meta property=\"og:title\" content=\"Patrimonio gastron\u00f3mico - Saborea La Palma\" \/>\n<meta property=\"og:description\" content=\"Patrimonio gastron\u00f3mico VACA PALMERA\" \/>\n<meta property=\"og:url\" content=\"https:\/\/saborealapalma.es\/it\/patrimonio-gastronomico\/\" \/>\n<meta property=\"og:site_name\" content=\"Saborea La Palma\" \/>\n<meta property=\"article:modified_time\" content=\"2024-03-13T13:31:07+00:00\" \/>\n<meta property=\"og:image\" content=\"https:\/\/saborealapalma.es\/wp-content\/uploads\/2024\/03\/vaca_palmera2-1024x683.jpg\" \/>\n<meta name=\"twitter:card\" content=\"summary_large_image\" \/>\n<meta name=\"twitter:label1\" content=\"Tempo di lettura stimato\" \/>\n\t<meta name=\"twitter:data1\" content=\"1 minuto\" \/>\n<script type=\"application\/ld+json\" class=\"yoast-schema-graph\">{\"@context\":\"https:\/\/schema.org\",\"@graph\":[{\"@type\":\"WebPage\",\"@id\":\"https:\/\/saborealapalma.es\/patrimonio-gastronomico\/\",\"url\":\"https:\/\/saborealapalma.es\/patrimonio-gastronomico\/\",\"name\":\"Patrimonio gastron\u00f3mico - Saborea La Palma\",\"isPartOf\":{\"@id\":\"https:\/\/saborealapalma.es\/#website\"},\"primaryImageOfPage\":{\"@id\":\"https:\/\/saborealapalma.es\/patrimonio-gastronomico\/#primaryimage\"},\"image\":{\"@id\":\"https:\/\/saborealapalma.es\/patrimonio-gastronomico\/#primaryimage\"},\"thumbnailUrl\":\"https:\/\/saborealapalma.es\/wp-content\/uploads\/2024\/03\/vaca_palmera2-1024x683.jpg\",\"datePublished\":\"2024-03-13T12:23:50+00:00\",\"dateModified\":\"2024-03-13T13:31:07+00:00\",\"breadcrumb\":{\"@id\":\"https:\/\/saborealapalma.es\/patrimonio-gastronomico\/#breadcrumb\"},\"inLanguage\":\"it-IT\",\"potentialAction\":[{\"@type\":\"ReadAction\",\"target\":[\"https:\/\/saborealapalma.es\/patrimonio-gastronomico\/\"]}]},{\"@type\":\"ImageObject\",\"inLanguage\":\"it-IT\",\"@id\":\"https:\/\/saborealapalma.es\/patrimonio-gastronomico\/#primaryimage\",\"url\":\"https:\/\/saborealapalma.es\/wp-content\/uploads\/2024\/03\/vaca_palmera2-1024x683.jpg\",\"contentUrl\":\"https:\/\/saborealapalma.es\/wp-content\/uploads\/2024\/03\/vaca_palmera2-1024x683.jpg\"},{\"@type\":\"BreadcrumbList\",\"@id\":\"https:\/\/saborealapalma.es\/patrimonio-gastronomico\/#breadcrumb\",\"itemListElement\":[{\"@type\":\"ListItem\",\"position\":1,\"name\":\"Portada\",\"item\":\"https:\/\/saborealapalma.es\/\"},{\"@type\":\"ListItem\",\"position\":2,\"name\":\"Patrimonio gastron\u00f3mico\"}]},{\"@type\":\"WebSite\",\"@id\":\"https:\/\/saborealapalma.es\/#website\",\"url\":\"https:\/\/saborealapalma.es\/\",\"name\":\"Saborea La Palma\",\"description\":\"Saborea La Palma es el proyecto que lidera la Sociedad de Promoci\u00f3n Econ\u00f3mica de La Palma (SODEPAL S.A.U.M.P), empresa p\u00fablica dependiente de Cabildo Insular de La Palma, para la revalorizaci\u00f3n y el posicionamiento de la gastronom\u00eda palmera en los mercados regionales, nacionales e internacionales.\",\"potentialAction\":[{\"@type\":\"SearchAction\",\"target\":{\"@type\":\"EntryPoint\",\"urlTemplate\":\"https:\/\/saborealapalma.es\/?s={search_term_string}\"},\"query-input\":{\"@type\":\"PropertyValueSpecification\",\"valueRequired\":true,\"valueName\":\"search_term_string\"}}],\"inLanguage\":\"it-IT\"}]}<\/script>\n<!-- \/ Yoast SEO plugin. -->","yoast_head_json":{"title":"Patrimonio gastron\u00f3mico - Saborea La Palma","robots":{"index":"index","follow":"follow","max-snippet":"max-snippet:-1","max-image-preview":"max-image-preview:large","max-video-preview":"max-video-preview:-1"},"canonical":"https:\/\/saborealapalma.es\/it\/patrimonio-gastronomico\/","og_locale":"it_IT","og_type":"article","og_title":"Patrimonio gastron\u00f3mico - Saborea La Palma","og_description":"Patrimonio gastron\u00f3mico VACA PALMERA","og_url":"https:\/\/saborealapalma.es\/it\/patrimonio-gastronomico\/","og_site_name":"Saborea La Palma","article_modified_time":"2024-03-13T13:31:07+00:00","og_image":[{"url":"https:\/\/saborealapalma.es\/wp-content\/uploads\/2024\/03\/vaca_palmera2-1024x683.jpg","type":"","width":"","height":""}],"twitter_card":"summary_large_image","twitter_misc":{"Tempo di lettura stimato":"1 minuto"},"schema":{"@context":"https:\/\/schema.org","@graph":[{"@type":"WebPage","@id":"https:\/\/saborealapalma.es\/patrimonio-gastronomico\/","url":"https:\/\/saborealapalma.es\/patrimonio-gastronomico\/","name":"Patrimonio gastron\u00f3mico - Saborea La Palma","isPartOf":{"@id":"https:\/\/saborealapalma.es\/#website"},"primaryImageOfPage":{"@id":"https:\/\/saborealapalma.es\/patrimonio-gastronomico\/#primaryimage"},"image":{"@id":"https:\/\/saborealapalma.es\/patrimonio-gastronomico\/#primaryimage"},"thumbnailUrl":"https:\/\/saborealapalma.es\/wp-content\/uploads\/2024\/03\/vaca_palmera2-1024x683.jpg","datePublished":"2024-03-13T12:23:50+00:00","dateModified":"2024-03-13T13:31:07+00:00","breadcrumb":{"@id":"https:\/\/saborealapalma.es\/patrimonio-gastronomico\/#breadcrumb"},"inLanguage":"it-IT","potentialAction":[{"@type":"ReadAction","target":["https:\/\/saborealapalma.es\/patrimonio-gastronomico\/"]}]},{"@type":"ImageObject","inLanguage":"it-IT","@id":"https:\/\/saborealapalma.es\/patrimonio-gastronomico\/#primaryimage","url":"https:\/\/saborealapalma.es\/wp-content\/uploads\/2024\/03\/vaca_palmera2-1024x683.jpg","contentUrl":"https:\/\/saborealapalma.es\/wp-content\/uploads\/2024\/03\/vaca_palmera2-1024x683.jpg"},{"@type":"BreadcrumbList","@id":"https:\/\/saborealapalma.es\/patrimonio-gastronomico\/#breadcrumb","itemListElement":[{"@type":"ListItem","position":1,"name":"Portada","item":"https:\/\/saborealapalma.es\/"},{"@type":"ListItem","position":2,"name":"Patrimonio gastron\u00f3mico"}]},{"@type":"WebSite","@id":"https:\/\/saborealapalma.es\/#website","url":"https:\/\/saborealapalma.es\/","name":"Assaggia La Palma","description":"Saborea La Palma \u00e8 il progetto guidato dalla Sociedad de Promoci\u00f3n Econ\u00f3mica de La Palma (SODEPAL S.A.U.M.P), una societ\u00e0 pubblica dipendente dal Cabildo Insular de La Palma, per la rivalutazione e il posizionamento della gastronomia di La Palma nei mercati regionali, nazionali e internazionali.","potentialAction":[{"@type":"SearchAction","target":{"@type":"EntryPoint","urlTemplate":"https:\/\/saborealapalma.es\/?s={search_term_string}"},"query-input":{"@type":"PropertyValueSpecification","valueRequired":true,"valueName":"search_term_string"}}],"inLanguage":"it-IT"}]}},"_links":{"self":[{"href":"https:\/\/saborealapalma.es\/it\/wp-json\/wp\/v2\/pages\/6402","targetHints":{"allow":["GET"]}}],"collection":[{"href":"https:\/\/saborealapalma.es\/it\/wp-json\/wp\/v2\/pages"}],"about":[{"href":"https:\/\/saborealapalma.es\/it\/wp-json\/wp\/v2\/types\/page"}],"author":[{"embeddable":true,"href":"https:\/\/saborealapalma.es\/it\/wp-json\/wp\/v2\/users\/4"}],"replies":[{"embeddable":true,"href":"https:\/\/saborealapalma.es\/it\/wp-json\/wp\/v2\/comments?post=6402"}],"version-history":[{"count":0,"href":"https:\/\/saborealapalma.es\/it\/wp-json\/wp\/v2\/pages\/6402\/revisions"}],"wp:attachment":[{"href":"https:\/\/saborealapalma.es\/it\/wp-json\/wp\/v2\/media?parent=6402"}],"curies":[{"name":"wp","href":"https:\/\/api.w.org\/{rel}","templated":true}]}}