{"id":644,"date":"2021-02-02T16:36:59","date_gmt":"2021-02-02T16:36:59","guid":{"rendered":"http:\/\/saborealapalma.es\/?page_id=644"},"modified":"2025-08-26T12:50:17","modified_gmt":"2025-08-26T11:50:17","slug":"unete-a-saborea","status":"publish","type":"page","link":"https:\/\/saborealapalma.es\/it\/unete-a-saborea\/","title":{"rendered":"Unisciti a Saborea"},"content":{"rendered":"\t\t<div data-elementor-type=\"wp-page\" data-elementor-id=\"644\" class=\"elementor elementor-644\" data-elementor-post-type=\"page\">\n\t\t\t\t\t\t<section data-particle_enable=\"false\" data-particle-mobile-disabled=\"false\" class=\"elementor-section elementor-top-section elementor-element elementor-element-4baf2d50 elementor-section-boxed elementor-section-height-default elementor-section-height-default parallax_section_no qode_elementor_container_no\" data-id=\"4baf2d50\" data-element_type=\"section\" data-e-type=\"section\">\n\t\t\t\t\t\t<div class=\"elementor-container elementor-column-gap-default\">\n\t\t\t\t\t<div class=\"elementor-column elementor-col-100 elementor-top-column elementor-element elementor-element-12807697\" data-id=\"12807697\" data-element_type=\"column\" data-e-type=\"column\">\n\t\t\t<div class=\"elementor-widget-wrap elementor-element-populated\">\n\t\t\t\t\t\t<div class=\"elementor-element elementor-element-bd56f4e elementor-widget elementor-widget-heading\" data-id=\"bd56f4e\" data-element_type=\"widget\" data-e-type=\"widget\" data-widget_type=\"heading.default\">\n\t\t\t\t<div class=\"elementor-widget-container\">\n\t\t\t\t\t<h2 class=\"elementor-heading-title elementor-size-default\">\u00danete a Saborea<\/h2>\t\t\t\t<\/div>\n\t\t\t\t<\/div>\n\t\t\t\t<div class=\"elementor-element elementor-element-15f8012 elementor-widget elementor-widget-text-editor\" data-id=\"15f8012\" data-element_type=\"widget\" data-e-type=\"widget\" data-widget_type=\"text-editor.default\">\n\t\t\t\t<div class=\"elementor-widget-container\">\n\t\t\t\t\t\t\t\t\t<p>\u00danete a Saborea La Palma cumplimentando el formulario de adhesi\u00f3n.<\/p>\t\t\t\t\t\t\t\t<\/div>\n\t\t\t\t<\/div>\n\t\t\t\t<div class=\"elementor-element elementor-element-62d571b elementor-widget-divider--view-line_text elementor-widget-divider--element-align-center elementor-widget elementor-widget-divider\" data-id=\"62d571b\" data-element_type=\"widget\" data-e-type=\"widget\" data-widget_type=\"divider.default\">\n\t\t\t\t<div class=\"elementor-widget-container\">\n\t\t\t\t\t\t\t<div class=\"elementor-divider\">\n\t\t\t<span class=\"elementor-divider-separator\">\n\t\t\t\t\t\t\t<span class=\"elementor-divider__text elementor-divider__element\">\n\t\t\t\tFormulario de adhesi\u00f3n\t\t\t\t<\/span>\n\t\t\t\t\t\t<\/span>\n\t\t<\/div>\n\t\t\t\t\t\t<\/div>\n\t\t\t\t<\/div>\n\t\t\t\t<div class=\"elementor-element elementor-element-f2dfd52 elementor-widget elementor-widget-text-editor\" data-id=\"f2dfd52\" data-element_type=\"widget\" data-e-type=\"widget\" data-widget_type=\"text-editor.default\">\n\t\t\t\t<div class=\"elementor-widget-container\">\n\t\t\t\t\t\t\t\t\t<p>Aparte del formulario de adhesi\u00f3n y con el objetivo de conocer m\u00e1s tu negocio, cumplimenta el cuestionario que te corresponda seg\u00fan el tipo de actividad que desarrollas.<br \/>Una vez cumplimentado el correspondiente cuestionario,\u00a0 nos lo puedes enviar por correo electr\u00f3nico a la direcci\u00f3n \u201c<a href=\"mailto:info@saborealapalma.es\">info@saborealapalma.es<\/a>\u201c<\/p>\t\t\t\t\t\t\t\t<\/div>\n\t\t\t\t<\/div>\n\t\t\t\t<div class=\"elementor-element elementor-element-e0b6aad elementor-widget elementor-widget-wpforms\" data-id=\"e0b6aad\" data-element_type=\"widget\" data-e-type=\"widget\" data-widget_type=\"wpforms.default\">\n\t\t\t\t<div class=\"elementor-widget-container\">\n\t\t\t\t\t<div class=\"wpforms-container wpforms-container-full\" id=\"wpforms-7700\"><form id=\"wpforms-form-7700\" class=\"wpforms-validate wpforms-form\" data-formid=\"7700\" method=\"post\" enctype=\"multipart\/form-data\" action=\"\/it\/wp-json\/wp\/v2\/pages\/644\" data-token=\"ab9696062af09346ceef2e3a6299c0f0\" data-token-time=\"1775654686\"><noscript class=\"wpforms-error-noscript\">Abilita JavaScript nel browser per completare questo modulo.<\/noscript><div class=\"wpforms-field-container\"><div id=\"wpforms-7700-field_27-container\" class=\"wpforms-field wpforms-field-text\" data-field-id=\"27\"><label class=\"wpforms-field-label\" for=\"wpforms-7700-field_27\">Nombre comercial <span class=\"wpforms-required-label\">*<\/span><\/label><input type=\"text\" id=\"wpforms-7700-field_27\" class=\"wpforms-field-medium wpforms-field-required\" name=\"wpforms[fields][27]\" required><\/div><div id=\"wpforms-7700-field_13-container\" class=\"wpforms-field wpforms-field-text\" data-field-id=\"13\"><label class=\"wpforms-field-label\" for=\"wpforms-7700-field_13\">Denominaci\u00f3n social <span class=\"wpforms-required-label\">*<\/span><\/label><input type=\"text\" id=\"wpforms-7700-field_13\" class=\"wpforms-field-medium wpforms-field-required\" name=\"wpforms[fields][13]\" required><\/div><div id=\"wpforms-7700-field_4-container\" class=\"wpforms-field wpforms-field-text\" data-field-id=\"4\"><label class=\"wpforms-field-label\" for=\"wpforms-7700-field_4\">CIF <span class=\"wpforms-required-label\">*<\/span><\/label><input type=\"text\" id=\"wpforms-7700-field_4\" class=\"wpforms-field-medium wpforms-field-required\" name=\"wpforms[fields][4]\" required><\/div><div id=\"wpforms-7700-field_11-container\" class=\"wpforms-field wpforms-field-text\" data-field-id=\"11\"><label class=\"wpforms-field-label\" for=\"wpforms-7700-field_11\">Direcci\u00f3n <span class=\"wpforms-required-label\">*<\/span><\/label><input type=\"text\" id=\"wpforms-7700-field_11\" class=\"wpforms-field-medium wpforms-field-required\" name=\"wpforms[fields][11]\" required><\/div><div id=\"wpforms-7700-field_1-container\" class=\"wpforms-field wpforms-field-email\" data-field-id=\"1\"><label class=\"wpforms-field-label\" for=\"wpforms-7700-field_1\">Email <span class=\"wpforms-required-label\">*<\/span><\/label><input type=\"email\" id=\"wpforms-7700-field_1\" class=\"wpforms-field-medium wpforms-field-required\" name=\"wpforms[fields][1]\" spellcheck=\"false\" required><\/div><div id=\"wpforms-7700-field_6-container\" class=\"wpforms-field wpforms-field-phone\" data-field-id=\"6\"><label class=\"wpforms-field-label\" for=\"wpforms-7700-field_6\">Tel\u00e9fono <span class=\"wpforms-required-label\">*<\/span><\/label><input type=\"tel\" id=\"wpforms-7700-field_6\" class=\"wpforms-field-medium wpforms-field-required wpforms-smart-phone-field\" data-rule-smart-phone-field=\"true\" name=\"wpforms[fields][6]\" placeholder=\"--- --- ---\" aria-label=\"Tel\u00e9fono\" required><\/div><div id=\"wpforms-7700-field_3-container\" class=\"wpforms-field wpforms-field-text\" data-field-id=\"3\"><label class=\"wpforms-field-label\" for=\"wpforms-7700-field_3\">Nombre de contacto \/ Persona responable <span class=\"wpforms-required-label\">*<\/span><\/label><input type=\"text\" id=\"wpforms-7700-field_3\" class=\"wpforms-field-medium wpforms-field-required\" name=\"wpforms[fields][3]\" required><\/div><div id=\"wpforms-7700-field_28-container\" class=\"wpforms-field wpforms-field-phone\" data-field-id=\"28\"><label class=\"wpforms-field-label\" for=\"wpforms-7700-field_28\">Tel\u00e9fono de la persona responsable <span class=\"wpforms-required-label\">*<\/span><\/label><input type=\"tel\" id=\"wpforms-7700-field_28\" class=\"wpforms-field-medium wpforms-field-required wpforms-smart-phone-field\" data-rule-smart-phone-field=\"true\" name=\"wpforms[fields][28]\" placeholder=\"--- --- ---\" aria-label=\"Tel\u00e9fono de la persona responsable\" required><div class=\"wpforms-field-description\">(Para comunicaci\u00f3n directa de acciones SABOREA)<\/div><\/div><div id=\"wpforms-7700-field_5-container\" class=\"wpforms-field wpforms-field-text\" data-field-id=\"5\"><label class=\"wpforms-field-label\" for=\"wpforms-7700-field_5\">Web<\/label><input type=\"text\" id=\"wpforms-7700-field_5\" class=\"wpforms-field-medium\" name=\"wpforms[fields][5]\" ><\/div><div id=\"wpforms-7700-field_19-container\" class=\"wpforms-field wpforms-field-checkbox wpforms-list-inline wpforms-conditional-trigger\" data-field-id=\"19\"><label class=\"wpforms-field-label\" for=\"wpforms-7700-field_19\">Redes sociales<\/label><ul id=\"wpforms-7700-field_19\"><li class=\"choice-1 depth-1\"><input type=\"checkbox\" id=\"wpforms-7700-field_19_1\" name=\"wpforms[fields][19][]\" value=\"Facebook\"  ><label class=\"wpforms-field-label-inline\" for=\"wpforms-7700-field_19_1\">Facebook<\/label><\/li><li class=\"choice-2 depth-1\"><input type=\"checkbox\" id=\"wpforms-7700-field_19_2\" name=\"wpforms[fields][19][]\" value=\"Instagram\"  ><label class=\"wpforms-field-label-inline\" for=\"wpforms-7700-field_19_2\">Instagram<\/label><\/li><li class=\"choice-3 depth-1\"><input type=\"checkbox\" id=\"wpforms-7700-field_19_3\" name=\"wpforms[fields][19][]\" value=\"X\"  ><label class=\"wpforms-field-label-inline\" for=\"wpforms-7700-field_19_3\">X<\/label><\/li><li class=\"choice-4 depth-1\"><input type=\"checkbox\" id=\"wpforms-7700-field_19_4\" name=\"wpforms[fields][19][]\" value=\"Youtube\"  ><label class=\"wpforms-field-label-inline\" for=\"wpforms-7700-field_19_4\">Youtube<\/label><\/li><li class=\"choice-5 depth-1\"><input type=\"checkbox\" id=\"wpforms-7700-field_19_5\" name=\"wpforms[fields][19][]\" value=\"Linkedin\"  ><label class=\"wpforms-field-label-inline\" for=\"wpforms-7700-field_19_5\">Linkedin<\/label><\/li><li class=\"choice-6 depth-1\"><input type=\"checkbox\" id=\"wpforms-7700-field_19_6\" name=\"wpforms[fields][19][]\" value=\"Tik Tok\"  ><label class=\"wpforms-field-label-inline\" for=\"wpforms-7700-field_19_6\">Tik Tok<\/label><\/li><\/ul><\/div><div id=\"wpforms-7700-field_29-container\" class=\"wpforms-field wpforms-field-text wpforms-conditional-field wpforms-conditional-show\" data-field-id=\"29\" style=\"display:none;\"><label class=\"wpforms-field-label\" for=\"wpforms-7700-field_29\">Facebook<\/label><input type=\"text\" id=\"wpforms-7700-field_29\" class=\"wpforms-field-medium\" name=\"wpforms[fields][29]\" ><\/div><div id=\"wpforms-7700-field_30-container\" class=\"wpforms-field wpforms-field-text wpforms-conditional-field wpforms-conditional-show\" data-field-id=\"30\" style=\"display:none;\"><label class=\"wpforms-field-label\" for=\"wpforms-7700-field_30\">Instagram<\/label><input type=\"text\" id=\"wpforms-7700-field_30\" class=\"wpforms-field-medium\" name=\"wpforms[fields][30]\" ><\/div><div id=\"wpforms-7700-field_34-container\" class=\"wpforms-field wpforms-field-text wpforms-conditional-field wpforms-conditional-show\" data-field-id=\"34\" style=\"display:none;\"><label class=\"wpforms-field-label\" for=\"wpforms-7700-field_34\">X<\/label><input type=\"text\" id=\"wpforms-7700-field_34\" class=\"wpforms-field-medium\" name=\"wpforms[fields][34]\" ><\/div><div id=\"wpforms-7700-field_31-container\" class=\"wpforms-field wpforms-field-text wpforms-conditional-field wpforms-conditional-show\" data-field-id=\"31\" style=\"display:none;\"><label class=\"wpforms-field-label\" for=\"wpforms-7700-field_31\">Youtube<\/label><input type=\"text\" id=\"wpforms-7700-field_31\" class=\"wpforms-field-medium\" name=\"wpforms[fields][31]\" ><\/div><div id=\"wpforms-7700-field_32-container\" class=\"wpforms-field wpforms-field-text wpforms-conditional-field wpforms-conditional-show\" data-field-id=\"32\" style=\"display:none;\"><label class=\"wpforms-field-label\" for=\"wpforms-7700-field_32\">Linkedin<\/label><input type=\"text\" id=\"wpforms-7700-field_32\" class=\"wpforms-field-medium\" name=\"wpforms[fields][32]\" ><\/div><div id=\"wpforms-7700-field_33-container\" class=\"wpforms-field wpforms-field-text wpforms-conditional-field wpforms-conditional-show\" data-field-id=\"33\" style=\"display:none;\"><label class=\"wpforms-field-label\" for=\"wpforms-7700-field_33\">Tik Tok<\/label><input type=\"text\" id=\"wpforms-7700-field_33\" class=\"wpforms-field-medium\" name=\"wpforms[fields][33]\" ><\/div><div id=\"wpforms-7700-field_35-container\" class=\"wpforms-field wpforms-field-checkbox wpforms-list-inline\" data-field-id=\"35\"><label class=\"wpforms-field-label\" for=\"wpforms-7700-field_35\">Tipolog\u00eda del establecimiento <span class=\"wpforms-required-label\">*<\/span><\/label><ul id=\"wpforms-7700-field_35\" class=\"wpforms-field-required\"><li class=\"choice-1 depth-1\"><input type=\"checkbox\" id=\"wpforms-7700-field_35_1\" name=\"wpforms[fields][35][]\" value=\"Bar - Cafeter\u00eda\" required ><label class=\"wpforms-field-label-inline\" for=\"wpforms-7700-field_35_1\">Bar - Cafeter\u00eda<\/label><\/li><li class=\"choice-2 depth-1\"><input type=\"checkbox\" id=\"wpforms-7700-field_35_2\" name=\"wpforms[fields][35][]\" value=\"Restaurante\" required ><label class=\"wpforms-field-label-inline\" for=\"wpforms-7700-field_35_2\">Restaurante<\/label><\/li><li class=\"choice-3 depth-1\"><input type=\"checkbox\" id=\"wpforms-7700-field_35_3\" name=\"wpforms[fields][35][]\" value=\"Catering\" required ><label class=\"wpforms-field-label-inline\" for=\"wpforms-7700-field_35_3\">Catering<\/label><\/li><li class=\"choice-4 depth-1\"><input type=\"checkbox\" id=\"wpforms-7700-field_35_4\" name=\"wpforms[fields][35][]\" value=\"Pasteler\u00eda \/ Reposter\u00eda \/ Panader\u00eda\" required ><label class=\"wpforms-field-label-inline\" for=\"wpforms-7700-field_35_4\">Pasteler\u00eda \/ Reposter\u00eda \/ Panader\u00eda<\/label><\/li><li class=\"choice-5 depth-1\"><input type=\"checkbox\" id=\"wpforms-7700-field_35_5\" name=\"wpforms[fields][35][]\" value=\"Productor local\" required ><label class=\"wpforms-field-label-inline\" for=\"wpforms-7700-field_35_5\">Productor local<\/label><\/li><li class=\"choice-6 depth-1\"><input type=\"checkbox\" id=\"wpforms-7700-field_35_6\" name=\"wpforms[fields][35][]\" value=\"F\u00e1brica de productos comerciales\" required ><label class=\"wpforms-field-label-inline\" for=\"wpforms-7700-field_35_6\">F\u00e1brica de productos comerciales<\/label><\/li><li class=\"choice-7 depth-1\"><input type=\"checkbox\" id=\"wpforms-7700-field_35_7\" name=\"wpforms[fields][35][]\" value=\"Entidad colaboradora\" required ><label class=\"wpforms-field-label-inline\" for=\"wpforms-7700-field_35_7\">Entidad colaboradora<\/label><\/li><\/ul><\/div><div id=\"wpforms-7700-field_36-container\" class=\"wpforms-field wpforms-field-checkbox wpforms-list-inline wpforms-conditional-trigger\" data-field-id=\"36\"><label class=\"wpforms-field-label\" for=\"wpforms-7700-field_36\">Tipo de cocina <span class=\"wpforms-required-label\">*<\/span><\/label><ul id=\"wpforms-7700-field_36\" class=\"wpforms-field-required\"><li class=\"choice-1 depth-1\"><input type=\"checkbox\" id=\"wpforms-7700-field_36_1\" name=\"wpforms[fields][36][]\" value=\"Cocina tradicional\" required ><label class=\"wpforms-field-label-inline\" for=\"wpforms-7700-field_36_1\">Cocina tradicional<\/label><\/li><li class=\"choice-2 depth-1\"><input type=\"checkbox\" id=\"wpforms-7700-field_36_2\" name=\"wpforms[fields][36][]\" value=\"Cocina de autor\" required ><label class=\"wpforms-field-label-inline\" for=\"wpforms-7700-field_36_2\">Cocina de autor<\/label><\/li><li class=\"choice-3 depth-1\"><input type=\"checkbox\" id=\"wpforms-7700-field_36_3\" name=\"wpforms[fields][36][]\" value=\"Cocina creativa\" required ><label class=\"wpforms-field-label-inline\" for=\"wpforms-7700-field_36_3\">Cocina creativa<\/label><\/li><li class=\"choice-4 depth-1\"><input type=\"checkbox\" id=\"wpforms-7700-field_36_4\" name=\"wpforms[fields][36][]\" value=\"Cocina internacional\" required ><label class=\"wpforms-field-label-inline\" for=\"wpforms-7700-field_36_4\">Cocina internacional<\/label><\/li><li class=\"choice-5 depth-1\"><input type=\"checkbox\" id=\"wpforms-7700-field_36_5\" name=\"wpforms[fields][36][]\" value=\"Cocina mediterr\u00e1nea\" required ><label class=\"wpforms-field-label-inline\" for=\"wpforms-7700-field_36_5\">Cocina mediterr\u00e1nea<\/label><\/li><li class=\"choice-6 depth-1\"><input type=\"checkbox\" id=\"wpforms-7700-field_36_6\" name=\"wpforms[fields][36][]\" value=\"Cocina fusi\u00f3n\" required ><label class=\"wpforms-field-label-inline\" for=\"wpforms-7700-field_36_6\">Cocina fusi\u00f3n<\/label><\/li><li class=\"choice-7 depth-1\"><input type=\"checkbox\" id=\"wpforms-7700-field_36_7\" name=\"wpforms[fields][36][]\" value=\"Productos ecol\u00f3gicos\" required ><label class=\"wpforms-field-label-inline\" for=\"wpforms-7700-field_36_7\">Productos ecol\u00f3gicos<\/label><\/li><li class=\"choice-10 depth-1\"><input type=\"checkbox\" id=\"wpforms-7700-field_36_10\" name=\"wpforms[fields][36][]\" value=\"Productos &quot;Km 0&quot;\" required ><label class=\"wpforms-field-label-inline\" for=\"wpforms-7700-field_36_10\">Productos \"Km 0\"<\/label><\/li><li class=\"choice-11 depth-1\"><input type=\"checkbox\" id=\"wpforms-7700-field_36_11\" name=\"wpforms[fields][36][]\" value=\"Otros\" required ><label class=\"wpforms-field-label-inline\" for=\"wpforms-7700-field_36_11\">Otros<\/label><\/li><\/ul><\/div><div id=\"wpforms-7700-field_37-container\" class=\"wpforms-field wpforms-field-text wpforms-conditional-field wpforms-conditional-show\" data-field-id=\"37\" style=\"display:none;\"><label class=\"wpforms-field-label\" for=\"wpforms-7700-field_37\">Otros tipos de cocina<\/label><input type=\"text\" id=\"wpforms-7700-field_37\" class=\"wpforms-field-medium\" name=\"wpforms[fields][37]\" ><\/div><div id=\"wpforms-7700-field_17-container\" class=\"wpforms-field wpforms-field-textarea\" data-field-id=\"17\"><label class=\"wpforms-field-label\" for=\"wpforms-7700-field_17\">Descripci\u00f3n de la empresa <span class=\"wpforms-required-label\">*<\/span><\/label><textarea id=\"wpforms-7700-field_17\" class=\"wpforms-field-medium wpforms-field-required\" name=\"wpforms[fields][17]\" required><\/textarea><\/div><div id=\"wpforms-7700-field_8-container\" class=\"wpforms-field wpforms-field-checkbox\" data-field-id=\"8\"><label class=\"wpforms-field-label\" for=\"wpforms-7700-field_8\">Privacidad <span class=\"wpforms-required-label\">*<\/span><\/label><ul id=\"wpforms-7700-field_8\" class=\"wpforms-field-required\"><li class=\"choice-1 depth-1\"><input type=\"checkbox\" id=\"wpforms-7700-field_8_1\" name=\"wpforms[fields][8][]\" value=\"Acepto la &lt;a href=&quot;\/politica-privacidad-aviso-legal&quot; target=&quot;_blank&quot;&gt;pol\u00edtica de privacidad&lt;\/a&gt;\" required ><label class=\"wpforms-field-label-inline\" for=\"wpforms-7700-field_8_1\">Acepto la <a href=\"\/politica-privacidad-aviso-legal\" target=\"_blank\">pol\u00edtica de privacidad<\/a><\/label><\/li><\/ul><\/div><\/div><!-- .wpforms-field-container --><div class=\"wpforms-submit-container\" ><input type=\"hidden\" name=\"wpforms[id]\" value=\"7700\"><input type=\"hidden\" name=\"page_title\" value=\"\"><input type=\"hidden\" name=\"page_url\" value=\"https:\/\/saborealapalma.es\/it\/wp-json\/wp\/v2\/pages\/644\"><button type=\"submit\" name=\"wpforms[submit]\" id=\"wpforms-submit-7700\" class=\"wpforms-submit\" data-alt-text=\"Enviando...\" data-submit-text=\"Enviar\" aria-live=\"assertive\" value=\"wpforms-submit\">Enviar<\/button><\/div><\/form><\/div>  <!-- .wpforms-container -->\t\t\t\t<\/div>\n\t\t\t\t<\/div>\n\t\t\t\t\t<\/div>\n\t\t<\/div>\n\t\t\t\t\t<\/div>\n\t\t<\/section>\n\t\t\t\t<\/div>\n\t\t","protected":false},"excerpt":{"rendered":"<p>\u00danete a Saborea \u00danete a Saborea La Palma cumplimentando el formulario de adhesi\u00f3n. Formulario de adhesi\u00f3n Aparte del formulario de adhesi\u00f3n y con el objetivo de conocer m\u00e1s tu negocio, cumplimenta el cuestionario que te corresponda seg\u00fan el tipo de actividad que desarrollas.Una vez cumplimentado el correspondiente cuestionario,\u00a0 nos lo&#8230;<\/p>","protected":false},"author":4,"featured_media":0,"parent":0,"menu_order":0,"comment_status":"closed","ping_status":"closed","template":"full_width.php","meta":{"footnotes":""},"class_list":["post-644","page","type-page","status-publish","hentry"],"yoast_head":"<!-- This site is optimized with the Yoast SEO plugin v27.0 - https:\/\/yoast.com\/product\/yoast-seo-wordpress\/ -->\n<title>\u00danete a Saborea - Saborea La Palma<\/title>\n<meta name=\"robots\" content=\"index, follow, max-snippet:-1, max-image-preview:large, max-video-preview:-1\" \/>\n<link rel=\"canonical\" href=\"https:\/\/saborealapalma.es\/it\/unete-a-saborea\/\" \/>\n<meta property=\"og:locale\" content=\"it_IT\" \/>\n<meta property=\"og:type\" content=\"article\" \/>\n<meta property=\"og:title\" content=\"\u00danete a Saborea - Saborea La Palma\" \/>\n<meta property=\"og:description\" content=\"\u00danete a Saborea \u00danete a Saborea La Palma cumplimentando el formulario de adhesi\u00f3n. Formulario de adhesi\u00f3n Aparte del formulario de adhesi\u00f3n y con el objetivo de conocer m\u00e1s tu negocio, cumplimenta el cuestionario que te corresponda seg\u00fan el tipo de actividad que desarrollas.Una vez cumplimentado el correspondiente cuestionario,\u00a0 nos lo...\" \/>\n<meta property=\"og:url\" content=\"https:\/\/saborealapalma.es\/it\/unete-a-saborea\/\" \/>\n<meta property=\"og:site_name\" content=\"Saborea La Palma\" \/>\n<meta property=\"article:modified_time\" content=\"2025-08-26T11:50:17+00:00\" \/>\n<meta name=\"twitter:card\" content=\"summary_large_image\" \/>\n<meta name=\"twitter:label1\" content=\"Tempo di lettura stimato\" \/>\n\t<meta name=\"twitter:data1\" content=\"1 minuto\" \/>\n<script type=\"application\/ld+json\" class=\"yoast-schema-graph\">{\"@context\":\"https:\/\/schema.org\",\"@graph\":[{\"@type\":\"WebPage\",\"@id\":\"https:\/\/saborealapalma.es\/unete-a-saborea\/\",\"url\":\"https:\/\/saborealapalma.es\/unete-a-saborea\/\",\"name\":\"\u00danete a Saborea - Saborea La Palma\",\"isPartOf\":{\"@id\":\"https:\/\/saborealapalma.es\/#website\"},\"datePublished\":\"2021-02-02T16:36:59+00:00\",\"dateModified\":\"2025-08-26T11:50:17+00:00\",\"breadcrumb\":{\"@id\":\"https:\/\/saborealapalma.es\/unete-a-saborea\/#breadcrumb\"},\"inLanguage\":\"it-IT\",\"potentialAction\":[{\"@type\":\"ReadAction\",\"target\":[\"https:\/\/saborealapalma.es\/unete-a-saborea\/\"]}]},{\"@type\":\"BreadcrumbList\",\"@id\":\"https:\/\/saborealapalma.es\/unete-a-saborea\/#breadcrumb\",\"itemListElement\":[{\"@type\":\"ListItem\",\"position\":1,\"name\":\"Portada\",\"item\":\"https:\/\/saborealapalma.es\/\"},{\"@type\":\"ListItem\",\"position\":2,\"name\":\"\u00danete a Saborea\"}]},{\"@type\":\"WebSite\",\"@id\":\"https:\/\/saborealapalma.es\/#website\",\"url\":\"https:\/\/saborealapalma.es\/\",\"name\":\"Saborea La Palma\",\"description\":\"Saborea La Palma es el proyecto que lidera la Sociedad de Promoci\u00f3n Econ\u00f3mica de La Palma (SODEPAL S.A.U.M.P), empresa p\u00fablica dependiente de Cabildo Insular de La Palma, para la revalorizaci\u00f3n y el posicionamiento de la gastronom\u00eda palmera en los mercados regionales, nacionales e internacionales.\",\"potentialAction\":[{\"@type\":\"SearchAction\",\"target\":{\"@type\":\"EntryPoint\",\"urlTemplate\":\"https:\/\/saborealapalma.es\/?s={search_term_string}\"},\"query-input\":{\"@type\":\"PropertyValueSpecification\",\"valueRequired\":true,\"valueName\":\"search_term_string\"}}],\"inLanguage\":\"it-IT\"}]}<\/script>\n<!-- \/ Yoast SEO plugin. -->","yoast_head_json":{"title":"\u00danete a Saborea - Saborea La Palma","robots":{"index":"index","follow":"follow","max-snippet":"max-snippet:-1","max-image-preview":"max-image-preview:large","max-video-preview":"max-video-preview:-1"},"canonical":"https:\/\/saborealapalma.es\/it\/unete-a-saborea\/","og_locale":"it_IT","og_type":"article","og_title":"\u00danete a Saborea - Saborea La Palma","og_description":"\u00danete a Saborea \u00danete a Saborea La Palma cumplimentando el formulario de adhesi\u00f3n. Formulario de adhesi\u00f3n Aparte del formulario de adhesi\u00f3n y con el objetivo de conocer m\u00e1s tu negocio, cumplimenta el cuestionario que te corresponda seg\u00fan el tipo de actividad que desarrollas.Una vez cumplimentado el correspondiente cuestionario,\u00a0 nos lo...","og_url":"https:\/\/saborealapalma.es\/it\/unete-a-saborea\/","og_site_name":"Saborea La Palma","article_modified_time":"2025-08-26T11:50:17+00:00","twitter_card":"summary_large_image","twitter_misc":{"Tempo di lettura stimato":"1 minuto"},"schema":{"@context":"https:\/\/schema.org","@graph":[{"@type":"WebPage","@id":"https:\/\/saborealapalma.es\/unete-a-saborea\/","url":"https:\/\/saborealapalma.es\/unete-a-saborea\/","name":"\u00danete a Saborea - Saborea La Palma","isPartOf":{"@id":"https:\/\/saborealapalma.es\/#website"},"datePublished":"2021-02-02T16:36:59+00:00","dateModified":"2025-08-26T11:50:17+00:00","breadcrumb":{"@id":"https:\/\/saborealapalma.es\/unete-a-saborea\/#breadcrumb"},"inLanguage":"it-IT","potentialAction":[{"@type":"ReadAction","target":["https:\/\/saborealapalma.es\/unete-a-saborea\/"]}]},{"@type":"BreadcrumbList","@id":"https:\/\/saborealapalma.es\/unete-a-saborea\/#breadcrumb","itemListElement":[{"@type":"ListItem","position":1,"name":"Portada","item":"https:\/\/saborealapalma.es\/"},{"@type":"ListItem","position":2,"name":"\u00danete a Saborea"}]},{"@type":"WebSite","@id":"https:\/\/saborealapalma.es\/#website","url":"https:\/\/saborealapalma.es\/","name":"Assaggia La Palma","description":"Saborea La Palma \u00e8 il progetto guidato dalla Sociedad de Promoci\u00f3n Econ\u00f3mica de La Palma (SODEPAL S.A.U.M.P), una societ\u00e0 pubblica dipendente dal Cabildo Insular de La Palma, per la rivalutazione e il posizionamento della gastronomia di La Palma nei mercati regionali, nazionali e internazionali.","potentialAction":[{"@type":"SearchAction","target":{"@type":"EntryPoint","urlTemplate":"https:\/\/saborealapalma.es\/?s={search_term_string}"},"query-input":{"@type":"PropertyValueSpecification","valueRequired":true,"valueName":"search_term_string"}}],"inLanguage":"it-IT"}]}},"_links":{"self":[{"href":"https:\/\/saborealapalma.es\/it\/wp-json\/wp\/v2\/pages\/644","targetHints":{"allow":["GET"]}}],"collection":[{"href":"https:\/\/saborealapalma.es\/it\/wp-json\/wp\/v2\/pages"}],"about":[{"href":"https:\/\/saborealapalma.es\/it\/wp-json\/wp\/v2\/types\/page"}],"author":[{"embeddable":true,"href":"https:\/\/saborealapalma.es\/it\/wp-json\/wp\/v2\/users\/4"}],"replies":[{"embeddable":true,"href":"https:\/\/saborealapalma.es\/it\/wp-json\/wp\/v2\/comments?post=644"}],"version-history":[{"count":18,"href":"https:\/\/saborealapalma.es\/it\/wp-json\/wp\/v2\/pages\/644\/revisions"}],"predecessor-version":[{"id":8877,"href":"https:\/\/saborealapalma.es\/it\/wp-json\/wp\/v2\/pages\/644\/revisions\/8877"}],"wp:attachment":[{"href":"https:\/\/saborealapalma.es\/it\/wp-json\/wp\/v2\/media?parent=644"}],"curies":[{"name":"wp","href":"https:\/\/api.w.org\/{rel}","templated":true}]}}