{"id":8516,"date":"2025-02-11T10:14:05","date_gmt":"2025-02-11T10:14:05","guid":{"rendered":"https:\/\/saborealapalma.es\/?page_id=8516"},"modified":"2025-02-19T14:13:51","modified_gmt":"2025-02-19T14:13:51","slug":"inscripcion-a-salon-gourmets-2025","status":"publish","type":"page","link":"https:\/\/saborealapalma.es\/it\/inscripcion-a-ferias\/inscripcion-a-salon-gourmets-2025\/","title":{"rendered":"Registrazione per il Sal\u00f3n Gourmets 2025"},"content":{"rendered":"<div data-elementor-type=\"wp-page\" data-elementor-id=\"8516\" class=\"elementor elementor-8516\" data-elementor-post-type=\"page\">\n\t\t\t\t\t\t<section data-particle_enable=\"false\" data-particle-mobile-disabled=\"false\" class=\"elementor-section elementor-top-section elementor-element elementor-element-34ba374 elementor-section-boxed elementor-section-height-default elementor-section-height-default parallax_section_no qode_elementor_container_no\" data-id=\"34ba374\" data-element_type=\"section\" data-e-type=\"section\">\n\t\t\t\t\t\t<div class=\"elementor-container elementor-column-gap-default\">\n\t\t\t\t\t<div class=\"elementor-column elementor-col-100 elementor-top-column elementor-element elementor-element-76f8a27\" data-id=\"76f8a27\" data-element_type=\"column\" data-e-type=\"column\">\n\t\t\t<div class=\"elementor-widget-wrap elementor-element-populated\">\n\t\t\t\t\t\t<div class=\"elementor-element elementor-element-924841a elementor-widget elementor-widget-heading\" data-id=\"924841a\" data-element_type=\"widget\" data-e-type=\"widget\" data-widget_type=\"heading.default\">\n\t\t\t\t<div class=\"elementor-widget-container\">\n\t\t\t\t\t<h2 class=\"elementor-heading-title elementor-size-default\">Modulo di preselezione per il Sal\u00f3n Gourmets 2025<\/h2>\t\t\t\t<\/div>\n\t\t\t\t<\/div>\n\t\t\t\t\t<\/div>\n\t\t<\/div>\n\t\t\t\t\t<\/div>\n\t\t<\/section>\n\t\t\t\t<section data-particle_enable=\"false\" data-particle-mobile-disabled=\"false\" class=\"elementor-section elementor-top-section elementor-element elementor-element-54d079f elementor-section-boxed elementor-section-height-default elementor-section-height-default parallax_section_no qode_elementor_container_no\" data-id=\"54d079f\" data-element_type=\"section\" data-e-type=\"section\" data-settings=\"{&quot;background_background&quot;:&quot;classic&quot;}\">\n\t\t\t\t\t\t<div class=\"elementor-container elementor-column-gap-default\">\n\t\t\t\t\t<div class=\"elementor-column elementor-col-100 elementor-top-column elementor-element elementor-element-16d2c9d\" data-id=\"16d2c9d\" data-element_type=\"column\" data-e-type=\"column\">\n\t\t\t<div class=\"elementor-widget-wrap elementor-element-populated\">\n\t\t\t\t\t\t<div class=\"elementor-element elementor-element-4b2949b dce_masking-none elementor-widget elementor-widget-image\" data-id=\"4b2949b\" data-element_type=\"widget\" data-e-type=\"widget\" data-widget_type=\"image.default\">\n\t\t\t\t<div class=\"elementor-widget-container\">\n\t\t\t\t\t\t\t\t\t\t\t\t\t\t\t\t<a href=\"https:\/\/saborealapalma.es\/wp-content\/uploads\/2025\/02\/salon_gourmets_2025c.jpeg\" data-src=\"https:\/\/saborealapalma.es\/wp-content\/uploads\/2025\/02\/salon_gourmets_2025c.jpeg\" data-thumb=\"https:\/\/saborealapalma.es\/wp-content\/uploads\/2025\/02\/salon_gourmets_2025c.jpeg\" class=\"ml-lightbox-enabled\">\n\t\t\t\t\t\t\t<img decoding=\"async\" src=\"https:\/\/saborealapalma.es\/wp-content\/uploads\/2025\/02\/salon_gourmets_2025c.jpeg\" title=\"Design senza titolo - 2\" alt=\"Dise\u00f1o sin t\u00edtulo - 2\" loading=\"lazy\" \/>\t\t\t\t\t\t\t\t<\/a>\n\t\t\t\t\t\t\t\t\t\t\t\t\t\t\t<\/div>\n\t\t\t\t<\/div>\n\t\t\t\t<div class=\"elementor-element elementor-element-eac2aad elementor-widget elementor-widget-text-editor\" data-id=\"eac2aad\" data-element_type=\"widget\" data-e-type=\"widget\" data-widget_type=\"text-editor.default\">\n\t\t\t\t<div class=\"elementor-widget-container\">\n\t\t\t\t\t\t\t\t\t<p>Sal\u00f3n Gourmets \u00e8 la fiera del cibo e delle bevande di qualit\u00e0\u00a0<strong>No. 1 in Europa<\/strong> e uno dei punti di riferimento pi\u00f9 prestigiosi al mondo, presenta la migliore vetrina per le tendenze di alta gamma. Con un curriculum di 37 edizioni, numeri in crescita e uno spirito puramente commerciale, \u00e8 la piattaforma pi\u00f9 visitata e un punto di incontro per i professionisti nazionali e internazionali del settore gastronomico: ristoranti, hotel, distribuzione, catering e commercio specializzato.<\/p>\t\t\t\t\t\t\t\t<\/div>\n\t\t\t\t<\/div>\n\t\t<!-- dce invisible element cdc2712 -->\t\t<div class=\"elementor-element elementor-element-e640def eael-wpforms-labels-yes eael-wpforms-form-button-custom elementor-widget elementor-widget-eael-wpforms\" data-id=\"e640def\" data-element_type=\"widget\" data-e-type=\"widget\" data-widget_type=\"eael-wpforms.default\">\n\t\t\t\t<div class=\"elementor-widget-container\">\n\t\t\t\t\t            <div class=\"eael-contact-form eael-wpforms eael-wpforms-align-default\">\n                                <div class=\"wpforms-container wpforms-container-full\" id=\"wpforms-8526\"><div class=\"wpforms-schedule-locked\" id=\"wpforms-locked-8526\"><div class=\"form-locked-message\"><p>&nbsp;<\/p>\n<h4 style=\"text-align: center\">Il Modulo di preselezione non \u00e8 pi\u00f9 disponibile.<\/h4>\n<\/div><\/div><\/div>  <!-- .wpforms-container -->            <\/div>\n\t\t\t\t<\/div>\n\t\t\t\t<\/div>\n\t\t\t\t\t<\/div>\n\t\t<\/div>\n\t\t\t\t\t<\/div>\n\t\t<\/section>\n\t\t\t\t<\/div>","protected":false},"excerpt":{"rendered":"<p>Modulo di preselezione per il Sal\u00f3n Gourmets 2025 Il Sal\u00f3n Gourmets \u00e8 la fiera del cibo e delle bevande di qualit\u00e0 numero 1 in Europa e uno dei punti di riferimento pi\u00f9 prestigiosi al mondo, che presenta la migliore vetrina per le tendenze di fascia alta. Con un curriculum di 37 edizioni, numeri in crescita e uno spirito di...<\/p>","protected":false},"author":4,"featured_media":0,"parent":6348,"menu_order":0,"comment_status":"closed","ping_status":"closed","template":"","meta":{"footnotes":""},"class_list":["post-8516","page","type-page","status-publish","hentry"],"yoast_head":"<!-- This site is optimized with the Yoast SEO plugin v27.4 - https:\/\/yoast.com\/product\/yoast-seo-wordpress\/ -->\n<title>Inscripci\u00f3n a Sal\u00f3n Gourmets 2025 - Saborea La Palma<\/title>\n<meta name=\"robots\" content=\"index, follow, max-snippet:-1, max-image-preview:large, max-video-preview:-1\" \/>\n<link rel=\"canonical\" href=\"https:\/\/saborealapalma.es\/it\/inscripcion-a-ferias\/inscripcion-a-salon-gourmets-2025\/\" \/>\n<meta property=\"og:locale\" content=\"it_IT\" \/>\n<meta property=\"og:type\" content=\"article\" \/>\n<meta property=\"og:title\" content=\"Inscripci\u00f3n a Sal\u00f3n Gourmets 2025 - Saborea La Palma\" \/>\n<meta property=\"og:description\" content=\"Formulario de preselecci\u00f3n a Sal\u00f3n Gourmets 2025 Sal\u00f3n Gourmets es la Feria de Alimentaci\u00f3n y Bebidas de calidad\u00a0n\u00ba 1 de Europa y uno de los referentes m\u00e1s prestigiosos del mundo, presenta el mejor escaparate de tendencias de alta gama. Con una trayectoria de 37 ediciones, cifras crecientes y un esp\u00edritu...\" \/>\n<meta property=\"og:url\" content=\"https:\/\/saborealapalma.es\/it\/inscripcion-a-ferias\/inscripcion-a-salon-gourmets-2025\/\" \/>\n<meta property=\"og:site_name\" content=\"Saborea La Palma\" \/>\n<meta property=\"article:modified_time\" content=\"2025-02-19T14:13:51+00:00\" \/>\n<meta property=\"og:image\" content=\"https:\/\/saborealapalma.es\/wp-content\/uploads\/2025\/02\/salon_gourmets_2025c.jpeg\" \/>\n<meta name=\"twitter:card\" content=\"summary_large_image\" \/>\n<meta name=\"twitter:label1\" content=\"Tempo di lettura stimato\" \/>\n\t<meta name=\"twitter:data1\" content=\"3 minuti\" \/>\n<script type=\"application\/ld+json\" class=\"yoast-schema-graph\">{\"@context\":\"https:\\\/\\\/schema.org\",\"@graph\":[{\"@type\":\"WebPage\",\"@id\":\"https:\\\/\\\/saborealapalma.es\\\/inscripcion-a-ferias\\\/inscripcion-a-salon-gourmets-2025\\\/\",\"url\":\"https:\\\/\\\/saborealapalma.es\\\/inscripcion-a-ferias\\\/inscripcion-a-salon-gourmets-2025\\\/\",\"name\":\"Inscripci\u00f3n a Sal\u00f3n Gourmets 2025 - Saborea La Palma\",\"isPartOf\":{\"@id\":\"https:\\\/\\\/saborealapalma.es\\\/#website\"},\"primaryImageOfPage\":{\"@id\":\"https:\\\/\\\/saborealapalma.es\\\/inscripcion-a-ferias\\\/inscripcion-a-salon-gourmets-2025\\\/#primaryimage\"},\"image\":{\"@id\":\"https:\\\/\\\/saborealapalma.es\\\/inscripcion-a-ferias\\\/inscripcion-a-salon-gourmets-2025\\\/#primaryimage\"},\"thumbnailUrl\":\"https:\\\/\\\/saborealapalma.es\\\/wp-content\\\/uploads\\\/2025\\\/02\\\/salon_gourmets_2025c.jpeg\",\"datePublished\":\"2025-02-11T10:14:05+00:00\",\"dateModified\":\"2025-02-19T14:13:51+00:00\",\"breadcrumb\":{\"@id\":\"https:\\\/\\\/saborealapalma.es\\\/inscripcion-a-ferias\\\/inscripcion-a-salon-gourmets-2025\\\/#breadcrumb\"},\"inLanguage\":\"it-IT\",\"potentialAction\":[{\"@type\":\"ReadAction\",\"target\":[\"https:\\\/\\\/saborealapalma.es\\\/inscripcion-a-ferias\\\/inscripcion-a-salon-gourmets-2025\\\/\"]}]},{\"@type\":\"ImageObject\",\"inLanguage\":\"it-IT\",\"@id\":\"https:\\\/\\\/saborealapalma.es\\\/inscripcion-a-ferias\\\/inscripcion-a-salon-gourmets-2025\\\/#primaryimage\",\"url\":\"https:\\\/\\\/saborealapalma.es\\\/wp-content\\\/uploads\\\/2025\\\/02\\\/salon_gourmets_2025c.jpeg\",\"contentUrl\":\"https:\\\/\\\/saborealapalma.es\\\/wp-content\\\/uploads\\\/2025\\\/02\\\/salon_gourmets_2025c.jpeg\"},{\"@type\":\"BreadcrumbList\",\"@id\":\"https:\\\/\\\/saborealapalma.es\\\/inscripcion-a-ferias\\\/inscripcion-a-salon-gourmets-2025\\\/#breadcrumb\",\"itemListElement\":[{\"@type\":\"ListItem\",\"position\":1,\"name\":\"Portada\",\"item\":\"https:\\\/\\\/saborealapalma.es\\\/\"},{\"@type\":\"ListItem\",\"position\":2,\"name\":\"Inscripci\u00f3n a ferias\",\"item\":\"https:\\\/\\\/saborealapalma.es\\\/inscripcion-a-ferias\\\/\"},{\"@type\":\"ListItem\",\"position\":3,\"name\":\"Inscripci\u00f3n a Sal\u00f3n Gourmets 2025\"}]},{\"@type\":\"WebSite\",\"@id\":\"https:\\\/\\\/saborealapalma.es\\\/#website\",\"url\":\"https:\\\/\\\/saborealapalma.es\\\/\",\"name\":\"Saborea La Palma\",\"description\":\"Saborea La Palma es el proyecto que lidera la Sociedad de Promoci\u00f3n Econ\u00f3mica de La Palma (SODEPAL S.A.U.M.P), empresa p\u00fablica dependiente de Cabildo Insular de La Palma, para la revalorizaci\u00f3n y el posicionamiento de la gastronom\u00eda palmera en los mercados regionales, nacionales e internacionales.\",\"potentialAction\":[{\"@type\":\"SearchAction\",\"target\":{\"@type\":\"EntryPoint\",\"urlTemplate\":\"https:\\\/\\\/saborealapalma.es\\\/?s={search_term_string}\"},\"query-input\":{\"@type\":\"PropertyValueSpecification\",\"valueRequired\":true,\"valueName\":\"search_term_string\"}}],\"inLanguage\":\"it-IT\"}]}<\/script>\n<!-- \/ Yoast SEO plugin. -->","yoast_head_json":{"title":"Inscripci\u00f3n a Sal\u00f3n Gourmets 2025 - Saborea La Palma","robots":{"index":"index","follow":"follow","max-snippet":"max-snippet:-1","max-image-preview":"max-image-preview:large","max-video-preview":"max-video-preview:-1"},"canonical":"https:\/\/saborealapalma.es\/it\/inscripcion-a-ferias\/inscripcion-a-salon-gourmets-2025\/","og_locale":"it_IT","og_type":"article","og_title":"Inscripci\u00f3n a Sal\u00f3n Gourmets 2025 - Saborea La Palma","og_description":"Formulario de preselecci\u00f3n a Sal\u00f3n Gourmets 2025 Sal\u00f3n Gourmets es la Feria de Alimentaci\u00f3n y Bebidas de calidad\u00a0n\u00ba 1 de Europa y uno de los referentes m\u00e1s prestigiosos del mundo, presenta el mejor escaparate de tendencias de alta gama. Con una trayectoria de 37 ediciones, cifras crecientes y un esp\u00edritu...","og_url":"https:\/\/saborealapalma.es\/it\/inscripcion-a-ferias\/inscripcion-a-salon-gourmets-2025\/","og_site_name":"Saborea La Palma","article_modified_time":"2025-02-19T14:13:51+00:00","og_image":[{"url":"https:\/\/saborealapalma.es\/wp-content\/uploads\/2025\/02\/salon_gourmets_2025c.jpeg","type":"","width":"","height":""}],"twitter_card":"summary_large_image","twitter_misc":{"Tempo di lettura stimato":"3 minuti"},"schema":{"@context":"https:\/\/schema.org","@graph":[{"@type":"WebPage","@id":"https:\/\/saborealapalma.es\/inscripcion-a-ferias\/inscripcion-a-salon-gourmets-2025\/","url":"https:\/\/saborealapalma.es\/inscripcion-a-ferias\/inscripcion-a-salon-gourmets-2025\/","name":"Inscripci\u00f3n a Sal\u00f3n Gourmets 2025 - Saborea La Palma","isPartOf":{"@id":"https:\/\/saborealapalma.es\/#website"},"primaryImageOfPage":{"@id":"https:\/\/saborealapalma.es\/inscripcion-a-ferias\/inscripcion-a-salon-gourmets-2025\/#primaryimage"},"image":{"@id":"https:\/\/saborealapalma.es\/inscripcion-a-ferias\/inscripcion-a-salon-gourmets-2025\/#primaryimage"},"thumbnailUrl":"https:\/\/saborealapalma.es\/wp-content\/uploads\/2025\/02\/salon_gourmets_2025c.jpeg","datePublished":"2025-02-11T10:14:05+00:00","dateModified":"2025-02-19T14:13:51+00:00","breadcrumb":{"@id":"https:\/\/saborealapalma.es\/inscripcion-a-ferias\/inscripcion-a-salon-gourmets-2025\/#breadcrumb"},"inLanguage":"it-IT","potentialAction":[{"@type":"ReadAction","target":["https:\/\/saborealapalma.es\/inscripcion-a-ferias\/inscripcion-a-salon-gourmets-2025\/"]}]},{"@type":"ImageObject","inLanguage":"it-IT","@id":"https:\/\/saborealapalma.es\/inscripcion-a-ferias\/inscripcion-a-salon-gourmets-2025\/#primaryimage","url":"https:\/\/saborealapalma.es\/wp-content\/uploads\/2025\/02\/salon_gourmets_2025c.jpeg","contentUrl":"https:\/\/saborealapalma.es\/wp-content\/uploads\/2025\/02\/salon_gourmets_2025c.jpeg"},{"@type":"BreadcrumbList","@id":"https:\/\/saborealapalma.es\/inscripcion-a-ferias\/inscripcion-a-salon-gourmets-2025\/#breadcrumb","itemListElement":[{"@type":"ListItem","position":1,"name":"Portada","item":"https:\/\/saborealapalma.es\/"},{"@type":"ListItem","position":2,"name":"Inscripci\u00f3n a ferias","item":"https:\/\/saborealapalma.es\/inscripcion-a-ferias\/"},{"@type":"ListItem","position":3,"name":"Inscripci\u00f3n a Sal\u00f3n Gourmets 2025"}]},{"@type":"WebSite","@id":"https:\/\/saborealapalma.es\/#website","url":"https:\/\/saborealapalma.es\/","name":"Assaggia La Palma","description":"Saborea La Palma \u00e8 il progetto guidato dalla Sociedad de Promoci\u00f3n Econ\u00f3mica de La Palma (SODEPAL S.A.U.M.P), una societ\u00e0 pubblica dipendente dal Cabildo Insular de La Palma, per la rivalutazione e il posizionamento della gastronomia di La Palma nei mercati regionali, nazionali e internazionali.","potentialAction":[{"@type":"SearchAction","target":{"@type":"EntryPoint","urlTemplate":"https:\/\/saborealapalma.es\/?s={search_term_string}"},"query-input":{"@type":"PropertyValueSpecification","valueRequired":true,"valueName":"search_term_string"}}],"inLanguage":"it-IT"}]}},"_links":{"self":[{"href":"https:\/\/saborealapalma.es\/it\/wp-json\/wp\/v2\/pages\/8516","targetHints":{"allow":["GET"]}}],"collection":[{"href":"https:\/\/saborealapalma.es\/it\/wp-json\/wp\/v2\/pages"}],"about":[{"href":"https:\/\/saborealapalma.es\/it\/wp-json\/wp\/v2\/types\/page"}],"author":[{"embeddable":true,"href":"https:\/\/saborealapalma.es\/it\/wp-json\/wp\/v2\/users\/4"}],"replies":[{"embeddable":true,"href":"https:\/\/saborealapalma.es\/it\/wp-json\/wp\/v2\/comments?post=8516"}],"version-history":[{"count":19,"href":"https:\/\/saborealapalma.es\/it\/wp-json\/wp\/v2\/pages\/8516\/revisions"}],"predecessor-version":[{"id":8600,"href":"https:\/\/saborealapalma.es\/it\/wp-json\/wp\/v2\/pages\/8516\/revisions\/8600"}],"up":[{"embeddable":true,"href":"https:\/\/saborealapalma.es\/it\/wp-json\/wp\/v2\/pages\/6348"}],"wp:attachment":[{"href":"https:\/\/saborealapalma.es\/it\/wp-json\/wp\/v2\/media?parent=8516"}],"curies":[{"name":"wp","href":"https:\/\/api.w.org\/{rel}","templated":true}]}}